{"id":22040,"date":"2025-05-28T18:35:44","date_gmt":"2025-05-28T21:35:44","guid":{"rendered":"https:\/\/hificlub.com.br\/loja\/?post_type=product&#038;p=22040"},"modified":"2026-03-03T22:17:58","modified_gmt":"2026-03-04T01:17:58","slug":"pre-de-phono-project-tube-box-ds2-silver","status":"publish","type":"product","link":"https:\/\/hificlub.com.br\/loja\/produto\/pre-de-phono-project-tube-box-ds2-silver\/","title":{"rendered":"PROJECT PHONO BOX DS2  Pre de Phono MM MC"},"content":{"rendered":"<p>Pr\u00e9-amplificador phono de classe premium com capacidade MM &amp; MC<\/p>\n<p>O Phono Box DS2 \u00e9 um pr\u00e9-amplificador de phono altamente ajust\u00e1vel, adequado para todos os cartuchos MM e MC comuns. Com a capacidade de alternar facilmente entre imped\u00e2ncia de entrada e capacit\u00e2ncia, al\u00e9m de ganho na parte frontal, torna-se um dos est\u00e1gios fonogr\u00e1ficos mais amig\u00e1veis a esse pre\u00e7o. Possui um par de entradas RCA para sua mesa girat\u00f3ria e um par de sa\u00eddas RCA que ser\u00e3o conectadas ao seu pr\u00e9-amplificador ou amplificador integrado. O inv\u00f3lucro \u00e9 feito de uma constru\u00e7\u00e3o dur\u00e1vel em sandu\u00edche de metal e alum\u00ednio, que n\u00e3o apenas o proteger\u00e1 efetivamente contra interfer\u00eancias e vibra\u00e7\u00f5es eletromagn\u00e9ticas, mas tamb\u00e9m agradar\u00e1 aos olhos com sua est\u00e9tica simples e elegante. O Phono Box DS2 possui um design de circuito muito linear para oferecer o melhor som poss\u00edvel a partir de uma PCB minimalista. Com seus sons de alto valor e baixo custo, torna-se uma pechincha audi\u00f3fila!<\/p>\n<p>Recursos<br \/>\nAdequado para cartuchos MM e MC<br \/>\nEqualiza\u00e7\u00e3o precisa do RIAA<br \/>\nCircuito mono duplo para separa\u00e7\u00e3o de canal otimizada<br \/>\nEntrada de entrada selecion\u00e1vel na frente<br \/>\nCapacit\u00e2ncia de entrada selecion\u00e1vel na frente<br \/>\nCIs de baixo ru\u00eddo<br \/>\nRCA banhado a ouro em entradas e sa\u00eddas<br \/>\nAlu sandu\u00edche \/ caixa de metal protege contra vibra\u00e7\u00f5es e interfer\u00eancia eletromagn\u00e9tica<br \/>\nDispon\u00edvel em prata ou preto com ou sem pain\u00e9is laterais em eucalipto, rosenut ou nogueira<\/p>\n<p>Imped\u00e2ncia de entrada 10-47 kOhm<br \/>\nCapacit\u00e2ncia 100\/220 e 320pF<br \/>\nGanho 40\/45\/50\/60\/65 dB<br \/>\nVoltagem de sa\u00edda 500mV a 1kHz (na tens\u00e3o de entrada de 5mV a 1kHz)<br \/>\nPiso de ru\u00eddo &#8211; 80 dB V<br \/>\nTHD + N &lt;0,02%<br \/>\nTHD 0,0008%<br \/>\nPrecis\u00e3o da curva de equaliza\u00e7\u00e3o RIAA Dentro de 0,5dB \/ 20Hz &#8211; 20kHz<br \/>\nEntradas 1 par RCA<br \/>\nSa\u00eddas 1 par RCA<br \/>\nFonte de energia 18V \/ 500mA DC; 110 &#8211; 240V, 50 \/ 60Hz<br \/>\nConsumo de energia 100 mA CC, &lt;1 Watt em espera<br \/>\nDimens\u00f5es L x A x P 206 x 71 x 194 mm (Alu)<\/p>\n<p>240 x 72 x 194 mm (Madeira)<br \/>\nPeso 1320 g (Alu) sem fonte de alimenta\u00e7\u00e3o<\/p>\n","protected":false},"excerpt":{"rendered":"<p>Pr\u00e9-amplificador phono de classe premium com capacidade MM &amp; MC O Phono Box DS2 \u00e9 um pr\u00e9-amplificador de phono altamente ajust\u00e1vel, adequado para todos os cartuchos MM e MC comuns. Com a capacidade de alternar facilmente entre imped\u00e2ncia de entrada e capacit\u00e2ncia, al\u00e9m de ganho na parte frontal, torna-se um dos est\u00e1gios fonogr\u00e1ficos mais amig\u00e1veis [&hellip;]<\/p>\n","protected":false},"featured_media":22041,"template":"","meta":{"_acf_changed":false},"product_brand":[],"product_cat":[78,168,79,241],"product_tag":[],"class_list":{"0":"post-22040","1":"product","2":"type-product","3":"status-publish","4":"has-post-thumbnail","6":"product_cat-analogico-audio","7":"product_cat-marcas","8":"product_cat-pre-de-phono","9":"product_cat-project","11":"first","12":"instock","13":"sold-individually","14":"shipping-taxable","15":"purchasable","16":"product-type-simple"},"acf":[],"aioseo_notices":[],"_links":{"self":[{"href":"https:\/\/hificlub.com.br\/loja\/wp-json\/wp\/v2\/product\/22040","targetHints":{"allow":["GET"]}}],"collection":[{"href":"https:\/\/hificlub.com.br\/loja\/wp-json\/wp\/v2\/product"}],"about":[{"href":"https:\/\/hificlub.com.br\/loja\/wp-json\/wp\/v2\/types\/product"}],"wp:featuredmedia":[{"embeddable":true,"href":"https:\/\/hificlub.com.br\/loja\/wp-json\/wp\/v2\/media\/22041"}],"wp:attachment":[{"href":"https:\/\/hificlub.com.br\/loja\/wp-json\/wp\/v2\/media?parent=22040"}],"wp:term":[{"taxonomy":"product_brand","embeddable":true,"href":"https:\/\/hificlub.com.br\/loja\/wp-json\/wp\/v2\/product_brand?post=22040"},{"taxonomy":"product_cat","embeddable":true,"href":"https:\/\/hificlub.com.br\/loja\/wp-json\/wp\/v2\/product_cat?post=22040"},{"taxonomy":"product_tag","embeddable":true,"href":"https:\/\/hificlub.com.br\/loja\/wp-json\/wp\/v2\/product_tag?post=22040"}],"curies":[{"name":"wp","href":"https:\/\/api.w.org\/{rel}","templated":true}]}}