{"id":22016,"date":"2025-05-28T11:08:21","date_gmt":"2025-05-28T14:08:21","guid":{"rendered":"https:\/\/hificlub.com.br\/loja\/?post_type=product&#038;p=22016"},"modified":"2026-04-17T11:31:30","modified_gmt":"2026-04-17T14:31:30","slug":"sonos-arc-ultra-premium-smart-soundbar-com-dolby-atmos","status":"publish","type":"product","link":"https:\/\/hificlub.com.br\/loja\/produto\/sonos-arc-ultra-premium-smart-soundbar-com-dolby-atmos\/","title":{"rendered":"SONOS ARC ULTRA PREMIUM SMART SOUNDBAR COM DOLBY ATMOS"},"content":{"rendered":"<p>Com a inovadora tecnologia Sound Motion\u2122 para um ambiente sonoro mais amplo, a Arc Ultra d\u00e1 vida ao seu entretenimento como nenhuma outra soundbar. Experimente di\u00e1logos mais n\u00edtidos, graves mais profundos e um som mais detalhado que o envolve com precis\u00e3o em todas as dire\u00e7\u00f5es \u2014 tudo em um design incrivelmente elegante. O Dolby Atmos leva a imers\u00e3o a uma dimens\u00e3o totalmente nova, criando uma experi\u00eancia de \u00e1udio espacial 9.1.4.1 Uma vers\u00e3o avan\u00e7ada do Speech Enhancement oferece maior controle sobre a clareza dos di\u00e1logos para que voc\u00ea nunca perca uma palavra. Configure em minutos com o cabo HDMI inclu\u00eddo e desfrute de um controle simplificado com o controle remoto da sua TV. Voc\u00ea tamb\u00e9m pode usar o aplicativo Sonos, os controles de toque na parte superior da Arc Ultra, o Sonos Voice Control e a Amazon Alexa.2 Quando a TV estiver desligada, transmita m\u00fasicas e muito mais de todos os seus servi\u00e7os favoritos usando Wi-Fi e Bluetooth. Adicione um Sonos Sub e alto-falantes traseiros Era 300 para a melhor experi\u00eancia de som surround Dolby Atmos. Ou\u00e7a em toda a casa ao adicionar alto-falantes Sonos a outros c\u00f4modos.<\/p>\n<p><strong>SPECS<\/strong><\/p>\n<p><strong>Amplificadores<\/strong><\/p>\n<p>Quinze amplificadores digitais Classe D perfeitamente ajustados \u00e0 arquitetura ac\u00fastica \u00fanica.<\/p>\n<p>Tweeters: Sete tweeters com c\u00fapula de seda, precisamente angulados, criam frequ\u00eancias altas n\u00edtidas e di\u00e1logos claros. Dois deles disparam para cima, criando canais de altura dedicados para \u00e1udio espacial.<\/p>\n<p>Mid-woofers: Seis midwoofers garantem a reprodu\u00e7\u00e3o fiel das frequ\u00eancias m\u00e9dias.<\/p>\n<p>Woofers: O Sound Motion\u2122, um woofer de membrana dupla com quatro motores, oferece graves excepcionais em um design compacto e plano revolucion\u00e1rio.<\/p>\n<p>Microfones: O conjunto de microfones de campo distante utiliza forma\u00e7\u00e3o de feixe avan\u00e7ada e cancelamento de eco multicanal para controle de voz r\u00e1pido e preciso e ajuste TruePlay. Desconecte-se desligando o interruptor do microfone.<\/p>\n<p>Equalizador Ajust\u00e1vel: Use o aplicativo Sonos para ajustar graves, agudos e volume.<\/p>\n<p><strong>Wi-Fi<\/strong><\/p>\n<p>Compat\u00edvel com Wi-Fi 6. Conecte-se ao Wi-Fi com qualquer roteador com capacidade de transmiss\u00e3o 802.11a\/b\/g\/n\/ac\/ax de 2,4 GHz\/5 GHz.<\/p>\n<p><strong>HDMI eARC<\/strong><\/p>\n<p>Conecte-se \u00e0 porta HDMI eARC\/ARC da sua TV com o cabo HDMI incluso.<\/p>\n<p><strong>\u00d3ptico<\/strong><\/p>\n<p>Adaptador de \u00e1udio \u00f3ptico vendido separadamente.<\/p>\n<p><strong>Bluetooth<\/strong><\/p>\n<p>O Bluetooth 5.3 suporta streaming de \u00e1udio de qualquer dispositivo com Bluetooth.<\/p>\n<p>Voltagem: Fonte de alimenta\u00e7\u00e3o interna de 100-240 V 50\/60 Hz<\/p>\n<p>CPU: Quad Core 4xA55 1,9 GHz<\/p>\n<p><strong>Mem\u00f3ria<\/strong><\/p>\n<p>2 GB de SDRAM<br \/>\n8 GB de NV<\/p>\n<p><strong>Voz<\/strong><\/p>\n<p>Funciona com o Controle de Voz Sonos e a Amazon Alexa. A disponibilidade dos servi\u00e7os varia de acordo com o idioma e o pa\u00eds.<\/p>\n<p><strong>Apple AirPlay 2<\/strong><\/p>\n<p>Funciona com AirPlay 2 em dispositivos Apple com iOS 11.4 e superior em Wi-Fi<\/p>\n<p><strong>Dimens\u00f5es<\/strong><\/p>\n<p>Altura: 75 mm<br \/>\nLargura: 1.178 mm<br \/>\nProfundidade: 110,6 mm<\/p>\n<p>Peso: 5,9 kg<\/p>\n<p>Cores: Preto, Branco<\/p>\n<p>Acabamento: Fosco<\/p>\n<p>&nbsp;<\/p>\n","protected":false},"excerpt":{"rendered":"<p>Com a inovadora tecnologia Sound Motion\u2122 para um ambiente sonoro mais amplo, a Arc Ultra d\u00e1 vida ao seu entretenimento como nenhuma outra soundbar. Experimente di\u00e1logos mais n\u00edtidos, graves mais profundos e um som mais detalhado que o envolve com precis\u00e3o em todas as dire\u00e7\u00f5es \u2014 tudo em um design incrivelmente elegante. O Dolby Atmos [&hellip;]<\/p>\n","protected":false},"featured_media":22017,"template":"","meta":{"_acf_changed":false},"product_brand":[],"product_cat":[279,17,253,384],"product_tag":[],"class_list":{"0":"post-22016","1":"product","2":"type-product","3":"status-publish","4":"has-post-thumbnail","6":"product_cat-caixa-soundbar","7":"product_cat-caixas","8":"product_cat-sonos","9":"product_cat-soundbar","11":"first","12":"instock","13":"sold-individually","14":"shipping-taxable","15":"purchasable","16":"product-type-simple"},"acf":[],"aioseo_notices":[],"_links":{"self":[{"href":"https:\/\/hificlub.com.br\/loja\/wp-json\/wp\/v2\/product\/22016","targetHints":{"allow":["GET"]}}],"collection":[{"href":"https:\/\/hificlub.com.br\/loja\/wp-json\/wp\/v2\/product"}],"about":[{"href":"https:\/\/hificlub.com.br\/loja\/wp-json\/wp\/v2\/types\/product"}],"wp:featuredmedia":[{"embeddable":true,"href":"https:\/\/hificlub.com.br\/loja\/wp-json\/wp\/v2\/media\/22017"}],"wp:attachment":[{"href":"https:\/\/hificlub.com.br\/loja\/wp-json\/wp\/v2\/media?parent=22016"}],"wp:term":[{"taxonomy":"product_brand","embeddable":true,"href":"https:\/\/hificlub.com.br\/loja\/wp-json\/wp\/v2\/product_brand?post=22016"},{"taxonomy":"product_cat","embeddable":true,"href":"https:\/\/hificlub.com.br\/loja\/wp-json\/wp\/v2\/product_cat?post=22016"},{"taxonomy":"product_tag","embeddable":true,"href":"https:\/\/hificlub.com.br\/loja\/wp-json\/wp\/v2\/product_tag?post=22016"}],"curies":[{"name":"wp","href":"https:\/\/api.w.org\/{rel}","templated":true}]}}