{"id":22009,"date":"2025-05-28T10:46:58","date_gmt":"2025-05-28T13:46:58","guid":{"rendered":"https:\/\/hificlub.com.br\/loja\/?post_type=product&#038;p=22009"},"modified":"2026-03-03T22:17:58","modified_gmt":"2026-03-04T01:17:58","slug":"sonos-sub-4-premium-wireless-subwoofer","status":"publish","type":"product","link":"https:\/\/hificlub.com.br\/loja\/produto\/sonos-sub-4-premium-wireless-subwoofer\/","title":{"rendered":"SONOS SUB 4 PREMIUM WIRELESS SUBWOOFER"},"content":{"rendered":"<p>O Sub 4 libera todo o poder do som Sonos para uma imers\u00e3o mais profunda em cada cena e m\u00fasica. Emparelhe o Sub 4 com sua barra de som ou caixa de som Sonos para uma diferen\u00e7a que voc\u00ea pode ouvir e sentir.\u00b9 Woofers duplos com cancelamento de for\u00e7a proporcionam graves potentes e praticamente eliminam a distor\u00e7\u00e3o. Atualizado com um acabamento fosco, o design ic\u00f4nico fica \u00f3timo em sua casa. Configure em minutos \u2014 basta conectar o cabo de alimenta\u00e7\u00e3o e abrir o aplicativo Sonos. O Sub 4 se conecta ao seu sistema via Wi-Fi, para que voc\u00ea possa coloc\u00e1-lo onde ele se encaixa melhor no ambiente. Coloque-o em p\u00e9 ou deite-o de lado e esconda-o embaixo do sof\u00e1. Emparelhe dois com Arc Ultra ou Arc para graves t\u00e3o profundos e um som t\u00e3o cinematogr\u00e1fico que voc\u00ea vai esquecer que n\u00e3o est\u00e1 em um cinema de verdade.<\/p>\n<p><strong>SPECS<\/strong><\/p>\n<p><strong>Amplificadores<\/strong><\/p>\n<p>Dois amplificadores digitais Classe D perfeitamente ajustados \u00e0 arquitetura ac\u00fastica exclusiva do subwoofer.<\/p>\n<p><strong>Woofers<\/strong><\/p>\n<p>Dois woofers el\u00edpticos de 12,7 cm x 20,3 cm voltados para dentro para um efeito de cancelamento de for\u00e7a que praticamente elimina a distor\u00e7\u00e3o.<\/p>\n<p><strong>Arquitetura<\/strong><\/p>\n<p>O gabinete com portas aprimora a resposta de graves.<\/p>\n<p>Resposta de Frequ\u00eancia: At\u00e9 25 Hz<\/p>\n<p>EQ: As configura\u00e7\u00f5es de \u00e1udio s\u00e3o equalizadas automaticamente para equilibrar o Sub 4 e a(s) caixa(s) de som Sonos emparelhada(s). Use o aplicativo Sonos para ajustar os graves, os agudos e o volume.<\/p>\n<p><strong>Trueplay<\/strong><\/p>\n<p>Este software mede a ac\u00fastica do ambiente e, em seguida, ajusta o seu sistema Sonos.<\/p>\n<div class=\"TechSpecs_techSpecsGrid__14w0wdg4\">\n<p><strong>Wi-Fi<\/strong><\/p>\n<p>Conecta-se a qualquer roteador com capacidade de transmiss\u00e3o 802.11a\/b\/g\/n\/ac\/ax de 2,4\/5 GHz.<\/p>\n<p><strong>Ethernet<\/strong><\/p>\n<p>Porta 10\/100 para conex\u00e3o direta ao seu roteador<\/p>\n<p>Voltagem: Fonte de alimenta\u00e7\u00e3o interna de 100-240 V 50\/60 Hz<\/p>\n<p>CPU: Quad Core 4xA55 1,9 GHz<\/p>\n<p><strong>Mem\u00f3ria<\/strong><\/p>\n<p>512 MB DDR4<br \/>\n4 GB eMMC<\/p>\n<p>Temperatura de opera\u00e7\u00e3o: 0 \u00b0C a 40 \u00b0C<\/p>\n<\/div>\n<div class=\"TechSpecs_techSpecsGrid__14w0wdg4\">\n<p><strong>Dimens\u00f5es<\/strong><\/p>\n<p>Altura: 389 mm<br \/>\nLargura: 402 mm<br \/>\nProfundidade: 158 mm<\/p>\n<p>Peso<\/p>\n<p>11,79 kg<\/p>\n<p>Cores: Preto, Branco<\/p>\n<p>Acabamento: Fosco<\/p>\n<p>Bot\u00e3o de Conex\u00e3o: Pressione uma vez para adicionar o Sub 4 ao seu sistema durante a configura\u00e7\u00e3o.<\/p>\n<\/div>\n","protected":false},"excerpt":{"rendered":"<p>O Sub 4 libera todo o poder do som Sonos para uma imers\u00e3o mais profunda em cada cena e m\u00fasica. Emparelhe o Sub 4 com sua barra de som ou caixa de som Sonos para uma diferen\u00e7a que voc\u00ea pode ouvir e sentir.\u00b9 Woofers duplos com cancelamento de for\u00e7a proporcionam graves potentes e praticamente eliminam [&hellip;]<\/p>\n","protected":false},"featured_media":22010,"template":"","meta":{"_acf_changed":false},"product_brand":[],"product_cat":[17,168,253,36],"product_tag":[],"class_list":{"0":"post-22009","1":"product","2":"type-product","3":"status-publish","4":"has-post-thumbnail","6":"product_cat-caixas","7":"product_cat-marcas","8":"product_cat-sonos","9":"product_cat-subwoofer","11":"first","12":"instock","13":"sold-individually","14":"shipping-taxable","15":"purchasable","16":"product-type-simple"},"acf":[],"aioseo_notices":[],"_links":{"self":[{"href":"https:\/\/hificlub.com.br\/loja\/wp-json\/wp\/v2\/product\/22009","targetHints":{"allow":["GET"]}}],"collection":[{"href":"https:\/\/hificlub.com.br\/loja\/wp-json\/wp\/v2\/product"}],"about":[{"href":"https:\/\/hificlub.com.br\/loja\/wp-json\/wp\/v2\/types\/product"}],"wp:featuredmedia":[{"embeddable":true,"href":"https:\/\/hificlub.com.br\/loja\/wp-json\/wp\/v2\/media\/22010"}],"wp:attachment":[{"href":"https:\/\/hificlub.com.br\/loja\/wp-json\/wp\/v2\/media?parent=22009"}],"wp:term":[{"taxonomy":"product_brand","embeddable":true,"href":"https:\/\/hificlub.com.br\/loja\/wp-json\/wp\/v2\/product_brand?post=22009"},{"taxonomy":"product_cat","embeddable":true,"href":"https:\/\/hificlub.com.br\/loja\/wp-json\/wp\/v2\/product_cat?post=22009"},{"taxonomy":"product_tag","embeddable":true,"href":"https:\/\/hificlub.com.br\/loja\/wp-json\/wp\/v2\/product_tag?post=22009"}],"curies":[{"name":"wp","href":"https:\/\/api.w.org\/{rel}","templated":true}]}}