{"id":22002,"date":"2025-05-28T10:27:54","date_gmt":"2025-05-28T13:27:54","guid":{"rendered":"https:\/\/hificlub.com.br\/loja\/?post_type=product&#038;p=22002"},"modified":"2026-03-03T22:17:58","modified_gmt":"2026-03-04T01:17:58","slug":"sonos-amp-amplificador","status":"publish","type":"product","link":"https:\/\/hificlub.com.br\/loja\/produto\/sonos-amp-amplificador\/","title":{"rendered":"SONOS AMP AMPLIFICADOR"},"content":{"rendered":"<p>Potencialize suas caixas de som passivas, crie a casa inteligente dos seus sonhos e desfrute de infinitas possibilidades de audi\u00e7\u00e3o em v\u00e1rios ambientes. Traga a experi\u00eancia Sonos para suas caixas de som de ch\u00e3o, arquitet\u00f4nicas, externas ou de estante e conecte sua TV ou toca-discos. Ou\u00e7a m\u00fasicas, r\u00e1dio, audiolivros e muito mais de todos os seus servi\u00e7os favoritos e desfrute de um controle f\u00e1cil com o app Sonos, o Apple AirPlay 2, um controle remoto universal ou teclado e sua voz com um dispositivo compat\u00edvel. Adicione caixas de som Sonos \u00e0 sua casa para uma experi\u00eancia mais imersiva. Tudo funciona em conjunto via Wi-Fi.<\/p>\n<p><strong>SPECS<\/strong><\/p>\n<div class=\"TechSpecs_techSpecsGrid__14w0wdg4\"><\/div>\n<div class=\"TechSpecs_techSpecsGrid__14w0wdg4\">\n<p><strong>Pot\u00eancia<\/strong><\/p>\n<p>125 watts por canal a 8 ohms<\/p>\n<p>Sa\u00edda: Som est\u00e9reo ou mono duplo<\/p>\n<p>Equalizador: Use o aplicativo Sonos para ajustar graves, agudos e volume para otimizar o desempenho sonoro.<\/p>\n<p><strong>Trueplay<\/strong><\/p>\n<p>Este software mede a ac\u00fastica do ambiente e, em seguida, ajusta as caixas de som. Caixas de som Sonos Architectural by Sonance compat\u00edveis e um dispositivo iOS s\u00e3o necess\u00e1rios.<\/p>\n<p><strong>Formatos de \u00c1udio para Home Theater<\/strong><\/p>\n<p>PCM Est\u00e9reo, Dolby Digital, DTS Digital Surround* (*Isso n\u00e3o indica um decodificador licenciado.) A tela &#8220;Reproduzindo Agora&#8221; do aplicativo Sonos exibir\u00e1 o tipo de \u00e1udio que est\u00e1 sendo decodificado.<\/p>\n<p><strong>Controles<\/strong><\/p>\n<p>Use os controles de toque capacitivos do produto para reproduzir, pausar, pular, repetir, ajustar o volume e muito mais.<\/p>\n<p><strong>Led<\/strong><\/p>\n<p>A luz no produto indica conex\u00e3o, status de mudo e erros.<\/p>\n<p><strong>Pot\u00eancia + Conectividade<\/strong><\/p>\n<p>Wi-Fi<\/p>\n<p>Conecte-se ao Wi-Fi com qualquer roteador com capacidade de transmiss\u00e3o 802.11\/b\/g\/n de 2,4 GHz. Para roteadores de 5 GHz, voc\u00ea pode habilitar 802.11b\/g\/n de 2,4 GHz nas configura\u00e7\u00f5es do roteador ou conectar um produto Sonos.<\/p>\n<p><strong>Conex\u00f5es de Sa\u00edda de Caixas de Som<\/strong><\/p>\n<p>Plugues banana personalizados (2) que podem ser trocados por plugues banana de di\u00e2metro padr\u00e3o.<\/p>\n<p>Entrada de Linha<\/p>\n<p>Sa\u00edda de Subwoofer<\/p>\n<p>Crossover de 50-110 Hz com detec\u00e7\u00e3o autom\u00e1tica do tipo RCA e ajust\u00e1vel pelo usu\u00e1rio<\/p>\n<p>HDMI ARC: Conecte \u00e0 porta HDMI eARC\/ARC da sua TV com um cabo HDMI. Se a sua TV tiver apenas sa\u00edda \u00f3ptica, use o Adaptador de \u00c1udio \u00d3ptico Sonos.1<\/p>\n<p><strong>Ethernet<\/strong><\/p>\n<p>Duas portas 10\/100 para conex\u00e3o direta ao seu roteador<\/p>\n<p><strong>Voltagem<\/strong><\/p>\n<p>Fonte de alimenta\u00e7\u00e3o interna de 100-240 V 50\/60 Hz<\/p>\n<p><strong>CPU<\/strong><\/p>\n<p>Quad Core<br \/>\n1,3 GHz A7<\/p>\n<p><strong>Apple AirPlay 2<\/strong><\/p>\n<p>Funciona com AirPlay 2 em dispositivos Apple com iOS 11.4 ou superior.<\/p>\n<p><strong>Dimens\u00f5es<\/strong><\/p>\n<p>Altura: 64 mm<br \/>\nLargura: 217 mm<br \/>\nProfundidade: 217 mm<\/p>\n<p>Peso: 2,1 kg<\/p>\n<p>Cores: Preto<\/p>\n<p>Acabamento: Fosco<\/p>\n<p>&nbsp;<\/p>\n<\/div>\n","protected":false},"excerpt":{"rendered":"<p>Potencialize suas caixas de som passivas, crie a casa inteligente dos seus sonhos e desfrute de infinitas possibilidades de audi\u00e7\u00e3o em v\u00e1rios ambientes. Traga a experi\u00eancia Sonos para suas caixas de som de ch\u00e3o, arquitet\u00f4nicas, externas ou de estante e conecte sua TV ou toca-discos. Ou\u00e7a m\u00fasicas, r\u00e1dio, audiolivros e muito mais de todos os [&hellip;]<\/p>\n","protected":false},"featured_media":22003,"template":"","meta":{"_acf_changed":false},"product_brand":[],"product_cat":[27,28,168,253],"product_tag":[],"class_list":{"0":"post-22002","1":"product","2":"type-product","3":"status-publish","4":"has-post-thumbnail","6":"product_cat-amplificador","7":"product_cat-estereo","8":"product_cat-marcas","9":"product_cat-sonos","11":"first","12":"instock","13":"sold-individually","14":"shipping-taxable","15":"purchasable","16":"product-type-simple"},"acf":[],"aioseo_notices":[],"_links":{"self":[{"href":"https:\/\/hificlub.com.br\/loja\/wp-json\/wp\/v2\/product\/22002","targetHints":{"allow":["GET"]}}],"collection":[{"href":"https:\/\/hificlub.com.br\/loja\/wp-json\/wp\/v2\/product"}],"about":[{"href":"https:\/\/hificlub.com.br\/loja\/wp-json\/wp\/v2\/types\/product"}],"wp:featuredmedia":[{"embeddable":true,"href":"https:\/\/hificlub.com.br\/loja\/wp-json\/wp\/v2\/media\/22003"}],"wp:attachment":[{"href":"https:\/\/hificlub.com.br\/loja\/wp-json\/wp\/v2\/media?parent=22002"}],"wp:term":[{"taxonomy":"product_brand","embeddable":true,"href":"https:\/\/hificlub.com.br\/loja\/wp-json\/wp\/v2\/product_brand?post=22002"},{"taxonomy":"product_cat","embeddable":true,"href":"https:\/\/hificlub.com.br\/loja\/wp-json\/wp\/v2\/product_cat?post=22002"},{"taxonomy":"product_tag","embeddable":true,"href":"https:\/\/hificlub.com.br\/loja\/wp-json\/wp\/v2\/product_tag?post=22002"}],"curies":[{"name":"wp","href":"https:\/\/api.w.org\/{rel}","templated":true}]}}