{"id":21995,"date":"2025-05-28T10:11:31","date_gmt":"2025-05-28T13:11:31","guid":{"rendered":"https:\/\/hificlub.com.br\/loja\/?post_type=product&#038;p=21995"},"modified":"2026-03-03T22:17:58","modified_gmt":"2026-03-04T01:17:58","slug":"sonos-five-premium-bookshelf","status":"publish","type":"product","link":"https:\/\/hificlub.com.br\/loja\/produto\/sonos-five-premium-bookshelf\/","title":{"rendered":"SONOS FIVE PREMIUM BOOKSHELF"},"content":{"rendered":"<p>Projetado para alta fidelidade, o Five eleva sua experi\u00eancia auditiva com separa\u00e7\u00e3o est\u00e9reo v\u00edvida, graves limpos e vocais espetacularmente detalhados. Ou\u00e7a cada microtom e sinta cada batida ao transmitir os formatos de alt\u00edssima resolu\u00e7\u00e3o dos seus servi\u00e7os favoritos. Conecte facilmente um toca-discos, CD player ou outra fonte com a entrada de \u00e1udio de 3,5 mm integrada do Five. Misture e combine caixas de som Sonos pela sua casa para ouvir em v\u00e1rios ambientes. Tudo funciona em conjunto via Wi-Fi.<\/p>\n<p><strong>SPECS<\/strong><\/p>\n<p><strong>Amplificadores<\/strong><\/p>\n<p>Todos os seis amplificadores digitais Classe D foram perfeitamente ajustados \u00e0 arquitetura ac\u00fastica exclusiva da caixa de som.<\/p>\n<p><strong>Tweeters<\/strong><\/p>\n<p>Tr\u00eas tweeters criam uma resposta n\u00edtida de alta frequ\u00eancia, com um tweeter central otimizando a reprodu\u00e7\u00e3o vocal e dois tweeters angulares criando extens\u00e3o espacial.<\/p>\n<p><strong>Midwoofers<\/strong><\/p>\n<p>Tr\u00eas midwoofers garantem a reprodu\u00e7\u00e3o fiel das frequ\u00eancias m\u00e9dias e maximizam a sa\u00edda de graves, enquanto a arquitetura selada elimina a distor\u00e7\u00e3o.<\/p>\n<p><strong>Arquitetura Selada<\/strong><\/p>\n<p>O gabinete selado elimina reverbera\u00e7\u00e3o, eco e distor\u00e7\u00e3o.<\/p>\n<p><strong>Equalizador Ajust\u00e1vel<\/strong><\/p>\n<p>Use o aplicativo Sonos para ajustar graves, agudos e volume.<\/p>\n<p><strong>Trueplay<\/strong><\/p>\n<p>Este software mede a ac\u00fastica do ambiente e, em seguida, ajusta a caixa de som. \u00c9 necess\u00e1rio um dispositivo iOS compat\u00edvel.<\/p>\n<p><strong>Led<\/strong><\/p>\n<p>A luz no produto indica conex\u00e3o, status de mudo e erros.<\/p>\n<p><strong>Dimens\u00f5es<\/strong><\/p>\n<p>Altura: 203 mm<br \/>\nLargura: 364 mm<br \/>\nProfundidade: 154 mm<\/p>\n<p>Peso: 6,3 kg<\/p>\n<p>Cores: Preto, Branco<\/p>\n<p>Acabamento: Fosco<\/p>\n<p>Controles: Use os controles de toque capacitivos do produto para reproduzir, pausar, pular, repetir, ajustar o volume e muito mais.<\/p>\n","protected":false},"excerpt":{"rendered":"<p>Projetado para alta fidelidade, o Five eleva sua experi\u00eancia auditiva com separa\u00e7\u00e3o est\u00e9reo v\u00edvida, graves limpos e vocais espetacularmente detalhados. Ou\u00e7a cada microtom e sinta cada batida ao transmitir os formatos de alt\u00edssima resolu\u00e7\u00e3o dos seus servi\u00e7os favoritos. Conecte facilmente um toca-discos, CD player ou outra fonte com a entrada de \u00e1udio de 3,5 mm [&hellip;]<\/p>\n","protected":false},"featured_media":21996,"template":"","meta":{"_acf_changed":false},"product_brand":[],"product_cat":[25,17,168,253],"product_tag":[],"class_list":{"0":"post-21995","1":"product","2":"type-product","3":"status-publish","4":"has-post-thumbnail","6":"product_cat-bookshelf","7":"product_cat-caixas","8":"product_cat-marcas","9":"product_cat-sonos","11":"first","12":"instock","13":"sold-individually","14":"shipping-taxable","15":"purchasable","16":"product-type-simple"},"acf":[],"aioseo_notices":[],"_links":{"self":[{"href":"https:\/\/hificlub.com.br\/loja\/wp-json\/wp\/v2\/product\/21995","targetHints":{"allow":["GET"]}}],"collection":[{"href":"https:\/\/hificlub.com.br\/loja\/wp-json\/wp\/v2\/product"}],"about":[{"href":"https:\/\/hificlub.com.br\/loja\/wp-json\/wp\/v2\/types\/product"}],"wp:featuredmedia":[{"embeddable":true,"href":"https:\/\/hificlub.com.br\/loja\/wp-json\/wp\/v2\/media\/21996"}],"wp:attachment":[{"href":"https:\/\/hificlub.com.br\/loja\/wp-json\/wp\/v2\/media?parent=21995"}],"wp:term":[{"taxonomy":"product_brand","embeddable":true,"href":"https:\/\/hificlub.com.br\/loja\/wp-json\/wp\/v2\/product_brand?post=21995"},{"taxonomy":"product_cat","embeddable":true,"href":"https:\/\/hificlub.com.br\/loja\/wp-json\/wp\/v2\/product_cat?post=21995"},{"taxonomy":"product_tag","embeddable":true,"href":"https:\/\/hificlub.com.br\/loja\/wp-json\/wp\/v2\/product_tag?post=21995"}],"curies":[{"name":"wp","href":"https:\/\/api.w.org\/{rel}","templated":true}]}}