{"id":21988,"date":"2025-05-28T09:58:29","date_gmt":"2025-05-28T12:58:29","guid":{"rendered":"https:\/\/hificlub.com.br\/loja\/?post_type=product&#038;p=21988"},"modified":"2026-03-03T22:17:59","modified_gmt":"2026-03-04T01:17:59","slug":"sonos-sub-mini-black-wireless-subwoofer","status":"publish","type":"product","link":"https:\/\/hificlub.com.br\/loja\/produto\/sonos-sub-mini-black-wireless-subwoofer\/","title":{"rendered":"SONOS SUB MINI BLACK WIRELESS SUBWOOFER"},"content":{"rendered":"<p>Aprofunde sua experi\u00eancia com TV, filmes e muito mais com graves potentes ao combinar o Sub Mini com Beam, Ray, Era 100, One ou One SL. Coloque-o em qualquer lugar do ambiente, configure-o facilmente com a ajuda do aplicativo Sonos e desfrute de um som mais rico e envolvente, sem ru\u00eddos.<\/p>\n<p><strong>SPECS<\/strong><\/p>\n<p><strong>Amplificadores<\/strong><\/p>\n<p>Ambos os amplificadores digitais Classe D foram perfeitamente ajustados \u00e0 arquitetura ac\u00fastica exclusiva.<\/p>\n<p><strong>Woofers<\/strong><\/p>\n<p>Dois woofers de 6&#8243; voltados para dentro para um efeito de cancelamento de for\u00e7a.<\/p>\n<p><strong>Arquitetura<\/strong><\/p>\n<p>O gabinete selado neutraliza a distor\u00e7\u00e3o e aprimora a resposta de graves.<\/p>\n<p>Resposta de Frequ\u00eancia: At\u00e9 25 Hz<\/p>\n<p><strong>EQ<\/strong><\/p>\n<p>As configura\u00e7\u00f5es de \u00e1udio s\u00e3o equalizadas automaticamente para equilibrar o Sub Mini e o(s) produto(s) Sonos pareado(s). Use o aplicativo Sonos para ajustar os graves, os agudos e o volume.<\/p>\n<p><strong>Trueplay<\/strong><\/p>\n<p>Este software mede a ac\u00fastica do ambiente e, em seguida, ajusta o seu sistema Sonos. \u00c9 necess\u00e1rio um dispositivo iOS compat\u00edvel.<\/p>\n<p><strong>Wi-Fi<\/strong><\/p>\n<p>Conecte-se ao Wi-Fi com qualquer roteador com capacidade de transmiss\u00e3o 802.11a\/b\/g\/n de 2,4 ou 5 GHz.<\/p>\n<p><strong>Ethernet<\/strong><\/p>\n<p>Porta 10\/100 para conex\u00e3o direta ao seu roteador<\/p>\n<p>Voltagem: Fonte de alimenta\u00e7\u00e3o interna de 100-240 V 50\/60 Hz<\/p>\n<p>Temperatura de opera\u00e7\u00e3o: 0 \u00b0C a 40 \u00b0C<\/p>\n<p><strong>Dimens\u00f5es<\/strong><\/p>\n<p>Altura: 305 mm<br \/>\nLargura: 230 mm<br \/>\nProfundidade: 230 mm<\/p>\n<p>Peso: 6,35 kg<\/p>\n<p>Cores: Preto, Branco<\/p>\n<p>Acabamento: Fosco<\/p>\n<p>Bot\u00e3o de Conex\u00e3o: Pressione uma vez para adicionar o Sub Mini ao seu sistema durante a configura\u00e7\u00e3o.<\/p>\n","protected":false},"excerpt":{"rendered":"<p>Aprofunde sua experi\u00eancia com TV, filmes e muito mais com graves potentes ao combinar o Sub Mini com Beam, Ray, Era 100, One ou One SL. Coloque-o em qualquer lugar do ambiente, configure-o facilmente com a ajuda do aplicativo Sonos e desfrute de um som mais rico e envolvente, sem ru\u00eddos. SPECS Amplificadores Ambos os [&hellip;]<\/p>\n","protected":false},"featured_media":21989,"template":"","meta":{"_acf_changed":false},"product_brand":[],"product_cat":[17,168,253,36],"product_tag":[],"class_list":{"0":"post-21988","1":"product","2":"type-product","3":"status-publish","4":"has-post-thumbnail","6":"product_cat-caixas","7":"product_cat-marcas","8":"product_cat-sonos","9":"product_cat-subwoofer","11":"first","12":"instock","13":"sold-individually","14":"shipping-taxable","15":"purchasable","16":"product-type-simple"},"acf":[],"aioseo_notices":[],"_links":{"self":[{"href":"https:\/\/hificlub.com.br\/loja\/wp-json\/wp\/v2\/product\/21988","targetHints":{"allow":["GET"]}}],"collection":[{"href":"https:\/\/hificlub.com.br\/loja\/wp-json\/wp\/v2\/product"}],"about":[{"href":"https:\/\/hificlub.com.br\/loja\/wp-json\/wp\/v2\/types\/product"}],"wp:featuredmedia":[{"embeddable":true,"href":"https:\/\/hificlub.com.br\/loja\/wp-json\/wp\/v2\/media\/21989"}],"wp:attachment":[{"href":"https:\/\/hificlub.com.br\/loja\/wp-json\/wp\/v2\/media?parent=21988"}],"wp:term":[{"taxonomy":"product_brand","embeddable":true,"href":"https:\/\/hificlub.com.br\/loja\/wp-json\/wp\/v2\/product_brand?post=21988"},{"taxonomy":"product_cat","embeddable":true,"href":"https:\/\/hificlub.com.br\/loja\/wp-json\/wp\/v2\/product_cat?post=21988"},{"taxonomy":"product_tag","embeddable":true,"href":"https:\/\/hificlub.com.br\/loja\/wp-json\/wp\/v2\/product_tag?post=21988"}],"curies":[{"name":"wp","href":"https:\/\/api.w.org\/{rel}","templated":true}]}}