{"id":2195,"date":"2023-10-17T19:59:26","date_gmt":"2023-10-17T22:59:26","guid":{"rendered":"https:\/\/hificlub.com.br\/loja2\/produto\/panamax-mr4000\/"},"modified":"2026-04-22T04:58:26","modified_gmt":"2026-04-22T07:58:26","slug":"panamax-mr4000","status":"publish","type":"product","link":"https:\/\/hificlub.com.br\/loja\/produto\/panamax-mr4000\/","title":{"rendered":"PANAMAX MR4000 Condicionador de Energia"},"content":{"rendered":"<p>ESTADO 9\/10<\/p>\n<p>Fam\u00edlia Panamax do MR de produtos oferece v\u00e1rias camadas de prote\u00e7\u00e3o contra surtos. Patenteado Automatic Panamax de tens\u00e3o Monitoramento tecnologia (AVM) monitora continuamente o poder de entrada. Em caso de queda de energia ou subtens\u00e3o (eletricidade muito pouco) ou uma sobretens\u00e3o (electricidade muito) um raio vermelho piscante ser\u00e1 exibido e energia para o equipamento \u00e9 desligado automaticamente. Quando tens\u00e3o volta a um cofre n\u00edvel de pot\u00eancia, para o equipamento \u00e9 automaticamente reconectado.<\/p>\n<p>A outra camada de prote\u00e7\u00e3o contra surtos Panamax oferece \u00e9 o nosso exclusivo Proteger ou Desconecte \u00bf. Este circuito de prote\u00e7\u00e3o ultra-r\u00e1pido protege completamente o seu equipamento de surtos, como um raio. Quando sobrecarregado com extremos eventos catastr\u00f3ficos, Panamax permanentemente desconecta de alimenta\u00e7\u00e3o CA ao equipamento. Todos os produtos Panamax oferecer esta tecnologia de prote\u00e7\u00e3o do n\u00facleo.<\/p>\n<p>Proteger um sistema completo pode, por vezes, exigem que os fios de sinal que sai da parede ser protegidos. Panamax voc\u00ea tem coberto l\u00e1 tamb\u00e9m. Universal prote\u00e7\u00e3o de baixa perda de ultra coaxial (assim como a LAN \/ Ethernet) prote\u00e7\u00e3o impede linhas de sinal de carregar sobretens\u00f5es prejudiciais mantendo total sinais de Internet de alta defini\u00e7\u00e3o e alta velocidade para o seu equipamento para a sua vida conectado.<\/p>\n<ul>\n<li>Avalia\u00e7\u00e3o da prote\u00e7\u00e3o de tens\u00e3o (UL 1449 3 \u00aa Edi\u00e7\u00e3o, 3000 A) 400V<br \/>\nSub-tens\u00e3o de fecho 95V \u00b1 2V<br \/>\nA fus\u00e3o t\u00e9rmica Sim<br \/>\nDissipa\u00e7\u00e3o de Energia \u00fanico pulso 1350 Joules<br \/>\nTempo de Resposta &lt;1ns Modos de prote\u00e7\u00e3o LN, LG, NG Proteger ou Desconecte Circuito Sim Atual Impulse pico 52 mil amp\u00e8res Sobre-tens\u00e3o de desligamento 140V \u00b1 4V Classifica\u00e7\u00e3o da corrente m\u00e1xima 15A (1800W) Tens\u00e3o de linha 120V, 50\/60Hz N\u00edvel de aperto inicial 200V Peak, 141VRMS Circuito de monitoriza\u00e7\u00e3o autom\u00e1tica de tens\u00e3o Sim N\u00edvel Premium Filtragem de ru\u00eddos 2 Min-30dB. @ 100kHz min-55dB. @ 250kHz min-45dB. @ 500kHz filtra\u00e7\u00e3o Max:-60dB @ 300kHz Geral Peso \u00a3 6,5. Orelhas de rack N\u00e3o Inclu\u00eddo Dimens\u00f5es 6 lx 17 wx 1.75 h, 2,19 h com p\u00e9s LAN Prote\u00e7\u00e3o Wires Protegido 8-Wires Jacks RJ-45 Compatibilidade 10\/100BT N\u00edvel de aperto 50V Universal Coax Prote\u00e7\u00e3o Blindado Sim Perda de Inser\u00e7\u00e3o &lt;0,5 dB HD 1080 i \/ p Pronto Sim Faixa de freq\u00fc\u00eancia 0 MHz &#8211; 2,2 GHz Conex\u00f5es F f\u00eamea, banhado a ouro N\u00edvel de aperto 75V Bidirecional Sim<\/li>\n<li>1800 Watts\u00a0 15A<\/li>\n<li>8 PROTECTED &amp; FILTERED POWER OUTLETS<\/li>\n<li>EXCLUSIVE AUTOMATIC VOLTAGE MONITORING (AVM)<\/li>\n<li>PROTECT OR DISCONNECT\u2122 TECHNOLOGY<\/li>\n<li>PANAMAX LEVEL 2 NOISE FILTRATION<\/li>\n<li>ANTENNA, CABLE, OR SATELLITE AND LAN SIGNAL PROTECTION<\/li>\n<li>8 FT. POWER CABLE WITH LOW PROFILE PLUG<\/li>\n<li>RACK EARS INCLUDED<\/li>\n<\/ul>\n<p><a href=\"http:\/\/www.panamax.com\/PDF\/Manuals\/MR4000_Manual.pdf\" target=\"_blank\" rel=\"noopener\">\u00a0<\/a><\/p>\n","protected":false},"excerpt":{"rendered":"<p>ESTADO 9\/10 Fam\u00edlia Panamax do MR de produtos oferece v\u00e1rias camadas de prote\u00e7\u00e3o contra surtos. Patenteado Automatic Panamax de tens\u00e3o Monitoramento tecnologia (AVM) monitora continuamente o poder de entrada. Em caso de queda de energia ou subtens\u00e3o (eletricidade muito pouco) ou uma sobretens\u00e3o (electricidade muito) um raio vermelho piscante ser\u00e1 exibido e energia para o [&hellip;]<\/p>\n","protected":false},"featured_media":2193,"template":"","meta":{"_acf_changed":false},"product_brand":[],"product_cat":[89,106,250],"product_tag":[],"class_list":{"0":"post-2195","1":"product","2":"type-product","3":"status-publish","4":"has-post-thumbnail","6":"product_cat-acessorios","7":"product_cat-energia","8":"product_cat-panamax","10":"first","11":"instock","12":"sold-individually","13":"shipping-taxable","14":"purchasable","15":"product-type-simple"},"acf":[],"aioseo_notices":[],"_links":{"self":[{"href":"https:\/\/hificlub.com.br\/loja\/wp-json\/wp\/v2\/product\/2195","targetHints":{"allow":["GET"]}}],"collection":[{"href":"https:\/\/hificlub.com.br\/loja\/wp-json\/wp\/v2\/product"}],"about":[{"href":"https:\/\/hificlub.com.br\/loja\/wp-json\/wp\/v2\/types\/product"}],"wp:featuredmedia":[{"embeddable":true,"href":"https:\/\/hificlub.com.br\/loja\/wp-json\/wp\/v2\/media\/2193"}],"wp:attachment":[{"href":"https:\/\/hificlub.com.br\/loja\/wp-json\/wp\/v2\/media?parent=2195"}],"wp:term":[{"taxonomy":"product_brand","embeddable":true,"href":"https:\/\/hificlub.com.br\/loja\/wp-json\/wp\/v2\/product_brand?post=2195"},{"taxonomy":"product_cat","embeddable":true,"href":"https:\/\/hificlub.com.br\/loja\/wp-json\/wp\/v2\/product_cat?post=2195"},{"taxonomy":"product_tag","embeddable":true,"href":"https:\/\/hificlub.com.br\/loja\/wp-json\/wp\/v2\/product_tag?post=2195"}],"curies":[{"name":"wp","href":"https:\/\/api.w.org\/{rel}","templated":true}]}}