{"id":21947,"date":"2025-05-28T05:17:24","date_gmt":"2025-05-28T08:17:24","guid":{"rendered":"https:\/\/hificlub.com.br\/loja\/?post_type=product&#038;p=21947"},"modified":"2025-05-28T05:17:24","modified_gmt":"2025-05-28T08:17:24","slug":"cary-cinema-12-preamplificador-e-processador-av-7-1","status":"publish","type":"product","link":"https:\/\/hificlub.com.br\/loja\/produto\/cary-cinema-12-preamplificador-e-processador-av-7-1\/","title":{"rendered":"CARY CINEMA 12 Preamplificador e Processador AV 7.1"},"content":{"rendered":"<p>ESTADO 9\/10<\/p>\n<p>O Cinema 12 adiciona novos avan\u00e7os tecnol\u00f3gicos em \u00e1udio de cinema para levar seu home theater para o pr\u00f3ximo n\u00edvel. Quatro entradas HDMI v1.4a est\u00e3o inclu\u00eddas para aproveitar os recursos avan\u00e7ados dos novos monitores e players. O Cinema 12 suporta a maioria dos formatos 3D, deep color de 48 bits, canal de retorno de \u00e1udio, canal Ethernet e recursos de ligar\/desligar CEC. Utilizando o chipset Cirrus Logic s\u00e9rie CS49700 e HDMI v1.4a, o Cinema 12 tem a capacidade de decodificar e reproduzir adequadamente tanto o fluxo de bits bruto quanto os sinais PCM lineares sem perdas dos formatos de alta resolu\u00e7\u00e3o mais recentes, incluindo Dolby True HD, Dolby Digital Plus, DTS-HD High Resolution Audio e DTS-HD Master Audio. Para aumentar o desempenho de \u00e1udio al\u00e9m do Cinema 11a, o Cinema 12 oferece os mais recentes chips DAC surround Burr Brown de 32 bits\/192 kHz para a separa\u00e7\u00e3o e dire\u00e7\u00e3o de som surround mais impressionantes e a decodifica\u00e7\u00e3o de \u00e1udio mais precisa. O Cinema 12 possui a capacidade de definir configura\u00e7\u00f5es separadas de alto-falantes do Perfil do Ouvinte para reprodu\u00e7\u00e3o de m\u00fasicas e filmes. O Cinema 12 utiliza os melhores componentes dispon\u00edveis no circuito de \u00e1udio, resultando em uma qualidade de som extraordin\u00e1ria, marca registrada dos produtos Cary Audio Design. O Cinema 12 tamb\u00e9m possui um sintonizador de r\u00e1dio HD para os sinais de mais alta resolu\u00e7\u00e3o de transmiss\u00f5es FM.<\/p>\n<p>Especifica\u00e7\u00f5es b\u00e1sicas do Cinema 12<\/p>\n<p>Capacidade de decodifica\u00e7\u00e3o\tDolby True HD<br \/>\nDolby Digital Plus<br \/>\nDTS-HD Master Audio<br \/>\nDTS-HD High Resolution Audio<br \/>\nDolby Digital<br \/>\nDolby Pro Logic IIx para filmes e m\u00fasica<br \/>\nDolby Digital EX<br \/>\nDTS ES 6.1 Discrete<br \/>\nDTS NEO 96\/24 para filmes e m\u00fasica<br \/>\nMatrix Surround para 5.1, 6.1 ou 7.1<br \/>\nEntradas\t7 pares de entradas est\u00e9reo anal\u00f3gicas RCA<br \/>\n1 par de entradas est\u00e9reo anal\u00f3gicas XLR<br \/>\n1 entrada digital XLR<br \/>\n7 entradas digitais coaxiais RCA<br \/>\n7 entradas digitais TOSLINK<br \/>\n4 entradas HDMI v1.4a<br \/>\nEntrada anal\u00f3gica multicanal\tConjunto de entrada bypass anal\u00f3gico 7.1 para reprodu\u00e7\u00e3o multicanal<br \/>\nSa\u00eddas\tPar frontal principal, frontal central, par traseiro surround ou surround central, par surround, subwoofer, pode ter 5, 6 ou 7 alto-falantes e subwoofer, conex\u00f5es RCA e XLR. 1 sa\u00edda HDMI v1.4a. Sa\u00edda de 2\u00aa zona: 1 sa\u00edda digital, 1 par est\u00e9reo anal\u00f3gico RCA<br \/>\nResposta de frequ\u00eancia\t10 Hz \u2013 20 kHz, 1 Hz \u2013 129 Hz (-3 dB)<br \/>\nLinearidade de amplitude\t+\/- 0,2 dB (20 Hz \u2013 20 kHz)<br \/>\nLinearidade de fase\t3 graus (20 Hz \u2013 20 kHz)<br \/>\nFaixa din\u00e2mica\t115 dB (1 kHz)<br \/>\nRela\u00e7\u00e3o sinal-ru\u00eddo\t108 dB (1 kHz)<br \/>\nSepara\u00e7\u00e3o de canais\t&gt;89 dB (1 kHz)<br \/>\nDistor\u00e7\u00e3o Harm\u00f4nica Total\t0,008% (1 kHz)<br \/>\nN\u00edvel de sa\u00edda nominal\t1,0 V RMS (m\u00e1ximo de 8,0 volts)<br \/>\nEntrada de energia\t120 ou 240 Volts CA, 50-60 Hz<br \/>\nConsumo de energia\t25 watts<br \/>\nPeso\t25 libras<br \/>\nDimens\u00f5es\t17,7\u2033 L x 4,5\u2033 A x 16,5\u2033 P<br \/>\nCaracter\u00edsticas detalhadas\tConfigura\u00e7\u00e3o autom\u00e1tica com um microfone, porta RS-232 no painel traseiro para controle personalizado do sistema de instala\u00e7\u00e3o, entrada e sa\u00edda de repetidor IR, 3 gatilhos DC remotos, controles de graves e agudos com circuito de gerenciamento de graves, crossover vari\u00e1vel de 40-140 Hz, em etapas de 10 Hz, controle remoto dedicado, sa\u00eddas anal\u00f3gicas e digitais de \u00e1udio de segunda zona.<\/p>\n","protected":false},"excerpt":{"rendered":"<p>ESTADO 9\/10 O Cinema 12 adiciona novos avan\u00e7os tecnol\u00f3gicos em \u00e1udio de cinema para levar seu home theater para o pr\u00f3ximo n\u00edvel. Quatro entradas HDMI v1.4a est\u00e3o inclu\u00eddas para aproveitar os recursos avan\u00e7ados dos novos monitores e players. O Cinema 12 suporta a maioria dos formatos 3D, deep color de 48 bits, canal de retorno [&hellip;]<\/p>\n","protected":false},"featured_media":21948,"template":"","meta":{"_acf_changed":false},"product_brand":[],"product_cat":[81,21,23],"product_tag":[],"class_list":{"0":"post-21947","1":"product","2":"type-product","3":"status-publish","4":"has-post-thumbnail","6":"product_cat-cary","7":"product_cat-home-theater","8":"product_cat-processador","10":"first","11":"instock","12":"sold-individually","13":"shipping-taxable","14":"purchasable","15":"product-type-simple"},"acf":[],"aioseo_notices":[],"_links":{"self":[{"href":"https:\/\/hificlub.com.br\/loja\/wp-json\/wp\/v2\/product\/21947","targetHints":{"allow":["GET"]}}],"collection":[{"href":"https:\/\/hificlub.com.br\/loja\/wp-json\/wp\/v2\/product"}],"about":[{"href":"https:\/\/hificlub.com.br\/loja\/wp-json\/wp\/v2\/types\/product"}],"wp:featuredmedia":[{"embeddable":true,"href":"https:\/\/hificlub.com.br\/loja\/wp-json\/wp\/v2\/media\/21948"}],"wp:attachment":[{"href":"https:\/\/hificlub.com.br\/loja\/wp-json\/wp\/v2\/media?parent=21947"}],"wp:term":[{"taxonomy":"product_brand","embeddable":true,"href":"https:\/\/hificlub.com.br\/loja\/wp-json\/wp\/v2\/product_brand?post=21947"},{"taxonomy":"product_cat","embeddable":true,"href":"https:\/\/hificlub.com.br\/loja\/wp-json\/wp\/v2\/product_cat?post=21947"},{"taxonomy":"product_tag","embeddable":true,"href":"https:\/\/hificlub.com.br\/loja\/wp-json\/wp\/v2\/product_tag?post=21947"}],"curies":[{"name":"wp","href":"https:\/\/api.w.org\/{rel}","templated":true}]}}