{"id":21939,"date":"2025-05-28T08:10:05","date_gmt":"2025-05-28T11:10:05","guid":{"rendered":"https:\/\/hificlub.com.br\/loja\/?post_type=product&#038;p=21939"},"modified":"2026-01-11T23:30:35","modified_gmt":"2026-01-12T02:30:35","slug":"monitor-audio-platinum-pl-c250-iii-caixa-central-black-piano","status":"publish","type":"product","link":"https:\/\/hificlub.com.br\/loja\/produto\/monitor-audio-platinum-pl-c250-iii-caixa-central-black-piano\/","title":{"rendered":"MONITOR AUDIO PLATINUM PL-C250 III CAIXA CENTRAL BLACK PIANO"},"content":{"rendered":"<div class=\"col-md-12 headingBlock\">\n<p>A Monitor Audio Platinum PLC250 III \u00e9 uma caixa ac\u00fastica de canal central de refer\u00eancia, meticulosamente projetada para proporcionar clareza, detalhes e din\u00e2mica de di\u00e1logos incompar\u00e1veis \u200b\u200bem sistemas de home theater de alta qualidade. Como parte da S\u00e9rie Platinum 3G da Monitor Audio, a PLC250 III incorpora tecnologia de driver de ponta e acabamento sofisticado, tornando-a a companhia perfeita para as caixas ac\u00fasticas Platinum 300 3G e Platinum 200 3G.<\/p>\n<p>No cora\u00e7\u00e3o da PLC250 III est\u00e1 um poderoso conjunto de drivers com dois drivers de graves RDT III de 6\u00bd\u201d, um driver de m\u00e9dios RDT III de 3\u201d e o revolucion\u00e1rio transdutor de alta frequ\u00eancia MPD III (Micro Diafragma Plissado) da Monitor Audio. Essa configura\u00e7\u00e3o garante uma reprodu\u00e7\u00e3o de di\u00e1logos cristalina, ampla dispers\u00e3o sonora e uma transi\u00e7\u00e3o perfeita entre as frequ\u00eancias para uma experi\u00eancia cinematogr\u00e1fica verdadeiramente imersiva.<\/p>\n<p>Envolto em um impressionante acabamento em preto piano, o gabinete artesanal e antirressonante melhora tanto o apelo est\u00e9tico quanto o desempenho ac\u00fastico, minimizando vibra\u00e7\u00f5es indesejadas para a reprodu\u00e7\u00e3o de som mais pura poss\u00edvel.<\/p>\n<p class=\"pageBlockHeading\"><strong>Caracter\u00edsticas principais<\/strong><\/p>\n<\/div>\n<div class=\"col-md-6 leftPageBlock\">\n<ul>\n<li>1 x transdutor de alta frequ\u00eancia MPD III para um som maior, mais claro e mais realista<\/li>\n<li>1 driver de m\u00e9dio alcance RDT III de 3\u201d para n\u00edveis incr\u00edveis de clareza<\/li>\n<li>2 drivers de graves RDT III de 6\u201d para escala e profundidade excepcionais<\/li>\n<li>O melhor canal central para o melhor sistema de cinema 3G da S\u00e9rie Platinum<\/li>\n<li>Configura\u00e7\u00e3o de gabinete selado para coloca\u00e7\u00e3o no gabinete ou pr\u00f3ximo \u00e0 parede<\/li>\n<li>Perfeito para sistemas hi-fi de alto desempenho ou home theater<\/li>\n<li>Os arm\u00e1rios s\u00e3o embelezados com incrusta\u00e7\u00f5es gravadas para destacar o artesanato<\/li>\n<li>Escolha entre tr\u00eas acabamentos elegantes e de alta qualidade: Piano Black, Piano Ebony e Pure Satin White<\/li>\n<\/ul>\n<\/div>\n<p><strong>SPECS<\/strong><\/p>\n<div class=\"col-md-4 col-sm-6 specBlock matchHeight marBot10\">\n<ul>\n<li>Formato do sistema: 3 vias<\/li>\n<li>Resposta de frequ\u00eancia, campo livre (-6dB): 48 Hz \u2013 60 kHz<\/li>\n<li>Resposta de frequ\u00eancia, na sala (-6dB): 30 Hz \u2013 60 kHz<\/li>\n<li>Sensibilidade (2,83 Vrms a 1m, campo livre): 88 dB<\/li>\n<li>Imped\u00e2ncia nominal: 4 Ohms<\/li>\n<li>Imped\u00e2ncia m\u00ednima (20 Hz a 20 kHz): 4,0 Ohms a 150 Hz<\/li>\n<li>Manuseio cont\u00ednuo de pot\u00eancia (RMS em 4 Ohms, ru\u00eddo rosa com fator de crista de 6dB): 300 W<\/li>\n<li>Pot\u00eancia recomendada do amplificador (RMS em 4 Ohm, sinal musical): 150 \u2013 600 W<\/li>\n<li>Alinhamento de graves: selado<\/li>\n<li>Frequ\u00eancia de ajuste de porta: N\/A<\/li>\n<li>Frequ\u00eancia de cruzamento: LF\/MF: 850 Hz, MF\/HF: 3,5 kHz<\/li>\n<li>Complemento de unidade de acionamento, driver de graves RDT III de 2 x 6&#8243;, 1 driver de m\u00e9dio alcance RDT III de 2,5&#8243;, 1 tweeter MPD III<\/li>\n<li>Dimens\u00f5es externas, incluindo guarni\u00e7\u00f5es, terminais e p\u00e9s e pontas dos estabilizadores (A x L x P): 225 x 630 x 325,7 mm (8,8 x 24,8 x 12,8&#8243;)<\/li>\n<li>Dimens\u00f5es externas incluindo guarni\u00e7\u00f5es, terminais e p\u00e9s estabilizadores sem pontas (A x L x P): N\/A<\/li>\n<li>Peso (cada): 25,4 kg (55 lb 15 on\u00e7as)<\/li>\n<\/ul>\n<\/div>\n","protected":false},"excerpt":{"rendered":"<p>A Monitor Audio Platinum PLC250 III \u00e9 uma caixa ac\u00fastica de canal central de refer\u00eancia, meticulosamente projetada para proporcionar clareza, detalhes e din\u00e2mica de di\u00e1logos incompar\u00e1veis \u200b\u200bem sistemas de home theater de alta qualidade. Como parte da S\u00e9rie Platinum 3G da Monitor Audio, a PLC250 III incorpora tecnologia de driver de ponta e acabamento sofisticado, [&hellip;]<\/p>\n","protected":false},"featured_media":21940,"template":"","meta":{"_acf_changed":false},"product_brand":[],"product_cat":[35,17,109],"product_tag":[],"class_list":{"0":"post-21939","1":"product","2":"type-product","3":"status-publish","4":"has-post-thumbnail","6":"product_cat-caixas-centrais","7":"product_cat-caixas","8":"product_cat-monitor-audio","10":"first","11":"instock","12":"sold-individually","13":"shipping-taxable","14":"purchasable","15":"product-type-simple"},"acf":[],"aioseo_notices":[],"_links":{"self":[{"href":"https:\/\/hificlub.com.br\/loja\/wp-json\/wp\/v2\/product\/21939","targetHints":{"allow":["GET"]}}],"collection":[{"href":"https:\/\/hificlub.com.br\/loja\/wp-json\/wp\/v2\/product"}],"about":[{"href":"https:\/\/hificlub.com.br\/loja\/wp-json\/wp\/v2\/types\/product"}],"wp:featuredmedia":[{"embeddable":true,"href":"https:\/\/hificlub.com.br\/loja\/wp-json\/wp\/v2\/media\/21940"}],"wp:attachment":[{"href":"https:\/\/hificlub.com.br\/loja\/wp-json\/wp\/v2\/media?parent=21939"}],"wp:term":[{"taxonomy":"product_brand","embeddable":true,"href":"https:\/\/hificlub.com.br\/loja\/wp-json\/wp\/v2\/product_brand?post=21939"},{"taxonomy":"product_cat","embeddable":true,"href":"https:\/\/hificlub.com.br\/loja\/wp-json\/wp\/v2\/product_cat?post=21939"},{"taxonomy":"product_tag","embeddable":true,"href":"https:\/\/hificlub.com.br\/loja\/wp-json\/wp\/v2\/product_tag?post=21939"}],"curies":[{"name":"wp","href":"https:\/\/api.w.org\/{rel}","templated":true}]}}