{"id":21882,"date":"2025-05-27T11:16:42","date_gmt":"2025-05-27T14:16:42","guid":{"rendered":"https:\/\/hificlub.com.br\/loja\/?post_type=product&#038;p=21882"},"modified":"2026-03-03T22:18:00","modified_gmt":"2026-03-04T01:18:00","slug":"marten-oscar-series-trio-caixa-torre","status":"publish","type":"product","link":"https:\/\/hificlub.com.br\/loja\/produto\/marten-oscar-series-trio-caixa-torre\/","title":{"rendered":"MARTEN Oscar Series Trio &#8211; Caixa Torre, 250 Watts"},"content":{"rendered":"<p>Oscar Trio, modelo de lan\u00e7amento da nossa nova s\u00e9rie, \u00e9 um momento decisivo &#8211; o mesmo som de Marten em nova constru\u00e7\u00e3o. Nosso designer-chefe, Leif Olofsson, criou uma nova tecnologia para alcan\u00e7ar o mesmo desempenho no qual constru\u00edmos nosso nome. A inova\u00e7\u00e3o impulsionou a cria\u00e7\u00e3o da s\u00e9rie Oscar; compreender desafios, assumir riscos e repensar o design s\u00e3o as cinzas das quais Oscar nasceu. Oscar Trio atende \u00e0 demanda por um alto-falante Marten de pre\u00e7o razo\u00e1vel, sem sacrificar nosso renomado som e qualidade. Para conseguir isso, redesenhamos a constru\u00e7\u00e3o e criamos um driver personalizado. A constru\u00e7\u00e3o oferece um som excepcionalmente controlado e natural; verdadeira musicalidade que \u00e9 a marca de um alto-falante Marten. Com drivers personalizados e baixa distor\u00e7\u00e3o, o Oscar Trio oferece uma grande faixa din\u00e2mica, maior excurs\u00e3o e desempenho de graves profundos. Para manter o mesmo som do Marten, projetamos drivers totalmente novos, permitindo maior controle dos detalhes. A cer\u00e2mica dura \u00e9 leve, mas extremamente r\u00edgida, o que a torna um dos melhores materiais para membranas de alto-falantes \u2013 tamb\u00e9m \u00e9 conhecida como Safira. Nossas c\u00fapulas cer\u00e2micas possuem um alto fator de amortecimento interno, devido a um processo eletroqu\u00edmico refinado. A membrana tamb\u00e9m possui uma alta frequ\u00eancia de resson\u00e2ncia do material, o que significa que a distor\u00e7\u00e3o \u00e9 m\u00ednima; oferecendo um n\u00edvel de clareza que \u00e9 o Santo Graal para domos de alto-falantes de \u00faltima gera\u00e7\u00e3o. O exterior \u00e9 um exerc\u00edcio de design minimalista \u2013 sem detalhes desnecess\u00e1rios; sem enfeite. O design do gabinete Marten \u00e9 um equil\u00edbrio entre for\u00e7a e eleg\u00e2ncia: o complemento perfeito para o som. A tampa magn\u00e9tica opcional encaixa-se com um clique satisfat\u00f3rio, simplificando instantaneamente a forma sem alterar o som. Utilizamos fia\u00e7\u00e3o interna Jorma Design , por sua qualidade e desempenho exemplares. Feitos \u00e0 m\u00e3o na Su\u00e9cia, os cabos utilizam + e \u2013 separados para maior blindagem e cobre da mais alta qualidade. Isto oferece um som natural e transparente; a escolha perfeita para nossos alto-falantes. Os cabos s\u00e3o componentes integrais, portanto devem funcionar harmoniosamente com nosso projeto e constru\u00e7\u00e3o de precis\u00e3o. Jorma Design oferece exatamente o que um alto-falante Marten exige. referimos usar cruzamentos de ordem inferior, pois os cruzamentos de ordem superior tendem a limitar a din\u00e2mica e os detalhes. Nosso crossover de segunda ordem foi projetado de forma criativa para aproveitar ao m\u00e1ximo a faixa din\u00e2mica. Bobinas de n\u00facleo de ar de folha de cobre Capacitores Prata\/Ouro Resistores supremos Cabeamento interno Jorma<\/p>\n<p><strong>Marten<\/strong>\u00a0\u00e9 uma marca sueca de alto-falantes de alta fidelidade, conhecida por sua busca incans\u00e1vel pela perfei\u00e7\u00e3o sonora e design elegante. Fundada em 1998 por Leif Olofsson, a empresa rapidamente se destacou no mercado de \u00e1udio de luxo, oferecendo produtos que combinam tecnologia de ponta, artesanato de alta qualidade e um profundo conhecimento em ac\u00fastica. Leif Olofsson, com um background em engenharia e uma paix\u00e3o por m\u00fasica, fundou a Marten com a vis\u00e3o de criar alto-falantes que n\u00e3o apenas reproduzissem som, mas que capturassem a ess\u00eancia da m\u00fasica. A sede da empresa foi estabelecida em Gotemburgo, Su\u00e9cia. No ano seguinte \u00e0 sua funda\u00e7\u00e3o, a Marten lan\u00e7ou sua primeira linha de alto-falantes, a s\u00e9rie Mingus. Esses produtos foram bem recebidos pela cr\u00edtica e pelos consumidores, colocando a Marten no mapa das marcas de \u00e1udio high-end. A introdu\u00e7\u00e3o da s\u00e9rie Coltrane marcou um ponto de virada para a Marten. Utilizando materiais ex\u00f3ticos como fibra de carbono e tecnologia avan\u00e7ada de drivers cer\u00e2micos, a s\u00e9rie Coltrane foi aclamada por sua precis\u00e3o sonora e design inovador. Este lan\u00e7amento consolidou a Marten como um jogador s\u00e9rio no mercado de \u00e1udio. A Marten sempre esteve na vanguarda da inova\u00e7\u00e3o tecnol\u00f3gica. Seus alto-falantes frequentemente incorporam drivers de diamante e cer\u00e2mica, conhecidos por sua rigidez e capacidade de minimizar distor\u00e7\u00f5es. A empresa tamb\u00e9m utiliza avan\u00e7adas t\u00e9cnicas de modelagem ac\u00fastica e constru\u00e7\u00e3o de gabinetes para garantir que seus produtos ofere\u00e7am uma experi\u00eancia auditiva incompar\u00e1vel. A filosofia da Marten \u00e9 criar alto-falantes que reproduzam m\u00fasica com a maior fidelidade poss\u00edvel, mantendo a est\u00e9tica elegante e moderna. Cada produto \u00e9 projetado com aten\u00e7\u00e3o meticulosa aos detalhes, desde a escolha dos materiais at\u00e9 o acabamento final. Os designs da Marten s\u00e3o caracterizados por linhas limpas, minimalismo escandinavo e uma combina\u00e7\u00e3o de materiais de alta qualidade. Esta abordagem n\u00e3o s\u00f3 melhora a performance ac\u00fastica, mas tamb\u00e9m assegura que os alto-falantes sejam pe\u00e7as de arte que complementam qualquer ambiente.<\/p>\n<p>&nbsp;<\/p>\n","protected":false},"excerpt":{"rendered":"<p>Oscar Trio, modelo de lan\u00e7amento da nossa nova s\u00e9rie, \u00e9 um momento decisivo &#8211; o mesmo som de Marten em nova constru\u00e7\u00e3o. Nosso designer-chefe, Leif Olofsson, criou uma nova tecnologia para alcan\u00e7ar o mesmo desempenho no qual constru\u00edmos nosso nome. A inova\u00e7\u00e3o impulsionou a cria\u00e7\u00e3o da s\u00e9rie Oscar; compreender desafios, assumir riscos e repensar o [&hellip;]<\/p>\n","protected":false},"featured_media":21883,"template":"","meta":{"_acf_changed":false},"product_brand":[],"product_cat":[17,168,276],"product_tag":[],"class_list":{"0":"post-21882","1":"product","2":"type-product","3":"status-publish","4":"has-post-thumbnail","6":"product_cat-caixas","7":"product_cat-marcas","8":"product_cat-marten","10":"first","11":"instock","12":"sold-individually","13":"shipping-taxable","14":"product-type-simple"},"acf":[],"aioseo_notices":[],"_links":{"self":[{"href":"https:\/\/hificlub.com.br\/loja\/wp-json\/wp\/v2\/product\/21882","targetHints":{"allow":["GET"]}}],"collection":[{"href":"https:\/\/hificlub.com.br\/loja\/wp-json\/wp\/v2\/product"}],"about":[{"href":"https:\/\/hificlub.com.br\/loja\/wp-json\/wp\/v2\/types\/product"}],"wp:featuredmedia":[{"embeddable":true,"href":"https:\/\/hificlub.com.br\/loja\/wp-json\/wp\/v2\/media\/21883"}],"wp:attachment":[{"href":"https:\/\/hificlub.com.br\/loja\/wp-json\/wp\/v2\/media?parent=21882"}],"wp:term":[{"taxonomy":"product_brand","embeddable":true,"href":"https:\/\/hificlub.com.br\/loja\/wp-json\/wp\/v2\/product_brand?post=21882"},{"taxonomy":"product_cat","embeddable":true,"href":"https:\/\/hificlub.com.br\/loja\/wp-json\/wp\/v2\/product_cat?post=21882"},{"taxonomy":"product_tag","embeddable":true,"href":"https:\/\/hificlub.com.br\/loja\/wp-json\/wp\/v2\/product_tag?post=21882"}],"curies":[{"name":"wp","href":"https:\/\/api.w.org\/{rel}","templated":true}]}}