{"id":21875,"date":"2025-05-27T11:05:00","date_gmt":"2025-05-27T14:05:00","guid":{"rendered":"https:\/\/hificlub.com.br\/loja\/?post_type=product&#038;p=21875"},"modified":"2026-03-03T22:18:00","modified_gmt":"2026-03-04T01:18:00","slug":"marten-oscar-series-duo-caixa-bookshelf","status":"publish","type":"product","link":"https:\/\/hificlub.com.br\/loja\/produto\/marten-oscar-series-duo-caixa-bookshelf\/","title":{"rendered":"MARTEN Oscar Duo &#8211; Caixa Bookshelf, 150 Watts"},"content":{"rendered":"<p><strong>Oscar Duo<\/strong> desencadeou uma reformula\u00e7\u00e3o do design para oferecer o som Marten com nova tecnologia &#8211; drivers personalizados foram criados para tornar isso poss\u00edvel. E n\u00e3o \u00e9 s\u00f3 isso que \u00e9 personalizado: o suporte opcional \u00e9 original da Marten. A inova\u00e7\u00e3o impulsionou a cria\u00e7\u00e3o da s\u00e9rie Oscar; compreender desafios, assumir riscos e repensar o design s\u00e3o as cinzas das quais Oscar nasceu. Oscar Duo atende \u00e0 demanda por um alto-falante Marten de pre\u00e7o razo\u00e1vel, sem sacrificar nosso renomado som e qualidade. Para conseguir isso, redesenhamos a constru\u00e7\u00e3o e criamos um driver personalizado. A constru\u00e7\u00e3o oferece um som excepcionalmente controlado e natural; verdadeira musicalidade que \u00e9 a marca de um alto-falante Marten.<\/p>\n<p>Para manter o mesmo som do Marten, projetamos drivers totalmente novos, permitindo maior controle dos detalhes. A cer\u00e2mica dura \u00e9 leve, mas extremamente r\u00edgida, o que a torna um dos melhores materiais para membranas de alto-falantes \u2013 tamb\u00e9m \u00e9 conhecida como Safira. Nossas c\u00fapulas cer\u00e2micas possuem um alto fator de amortecimento interno, devido a um processo eletroqu\u00edmico refinado. A membrana tamb\u00e9m possui uma alta frequ\u00eancia de resson\u00e2ncia do material, o que significa que a distor\u00e7\u00e3o \u00e9 m\u00ednima; oferecendo um n\u00edvel de clareza que \u00e9 o Santo Graal para domos de alto-falantes de \u00faltima gera\u00e7\u00e3o. O exterior \u00e9 um exerc\u00edcio de design minimalista \u2013 sem detalhes desnecess\u00e1rios; sem enfeite. O design do gabinete Marten \u00e9 um equil\u00edbrio entre for\u00e7a e eleg\u00e2ncia: o complemento perfeito para o som. A tampa magn\u00e9tica opcional encaixa-se com um clique satisfat\u00f3rio, simplificando instantaneamente a forma sem alterar o som. Utilizamos fia\u00e7\u00e3o interna Jorma Design , por sua qualidade e desempenho exemplares. Feitos \u00e0 m\u00e3o na Su\u00e9cia, os cabos utilizam + e \u2013 separados para maior blindagem e cobre da mais alta qualidade. Isto oferece um som natural e transparente; a escolha perfeita para nossos alto-falantes. Os cabos s\u00e3o componentes integrais, portanto devem funcionar harmoniosamente com nosso projeto e constru\u00e7\u00e3o de precis\u00e3o.<\/p>\n<p>Jorma Design oferece exatamente o que um alto-falante Marten exige. Para garantir que o suporte funcionaria perfeitamente com Oscar Duo, n\u00f3s mesmos o projetamos \u2013 levando em considera\u00e7\u00e3o tanto a resson\u00e2ncia quanto a forma. Tinha que ser r\u00edgido o suficiente para lidar com vibra\u00e7\u00f5es, mas tamb\u00e9m ter boa apar\u00eancia. Depois de muitas itera\u00e7\u00f5es, optamos por um design de pilar triplo: tornando a apar\u00eancia geral mais leve, mas mantendo-a est\u00e1vel. Preferimos usar cruzamentos de ordem inferior, pois os cruzamentos de ordem superior tendem a limitar a din\u00e2mica e os detalhes. Nosso crossover de segunda ordem foi projetado de forma criativa para aproveitar ao m\u00e1ximo a faixa din\u00e2mica. Bobinas de n\u00facleo de ar de folha de cobre Capacitores Prata\/Ouro Resistores supremos Cabeamento interno Jorma Oscar Duo est\u00e1 sob o escrut\u00ednio especializado de Terry Ellis da Pursuit Perfect System. Esta an\u00e1lise oferece uma excelente valida\u00e7\u00e3o para nosso modelo pequeno, mas poderoso. Oscar s\u00e3o \u00f3timos alto-falantes vers\u00e1teis; com absoluta facilidade de coloca\u00e7\u00e3o, eles ter\u00e3o um \u00f3timo som em apartamentos menores e tamb\u00e9m em espa\u00e7os maiores. Com um som t\u00e3o s\u00f3lido e compacto, ele preenche uma sala e parece um alto-falante com uma pegada muito maior.<\/p>\n<p><strong>Marten<\/strong>\u00a0\u00e9 uma marca sueca de alto-falantes de alta fidelidade, conhecida por sua busca incans\u00e1vel pela perfei\u00e7\u00e3o sonora e design elegante. Fundada em 1998 por Leif Olofsson, a empresa rapidamente se destacou no mercado de \u00e1udio de luxo, oferecendo produtos que combinam tecnologia de ponta, artesanato de alta qualidade e um profundo conhecimento em ac\u00fastica. Leif Olofsson, com um background em engenharia e uma paix\u00e3o por m\u00fasica, fundou a Marten com a vis\u00e3o de criar alto-falantes que n\u00e3o apenas reproduzissem som, mas que capturassem a ess\u00eancia da m\u00fasica. A sede da empresa foi estabelecida em Gotemburgo, Su\u00e9cia. No ano seguinte \u00e0 sua funda\u00e7\u00e3o, a Marten lan\u00e7ou sua primeira linha de alto-falantes, a s\u00e9rie Mingus. Esses produtos foram bem recebidos pela cr\u00edtica e pelos consumidores, colocando a Marten no mapa das marcas de \u00e1udio high-end. A introdu\u00e7\u00e3o da s\u00e9rie Coltrane marcou um ponto de virada para a Marten. Utilizando materiais ex\u00f3ticos como fibra de carbono e tecnologia avan\u00e7ada de drivers cer\u00e2micos, a s\u00e9rie Coltrane foi aclamada por sua precis\u00e3o sonora e design inovador. Este lan\u00e7amento consolidou a Marten como um jogador s\u00e9rio no mercado de \u00e1udio. A Marten sempre esteve na vanguarda da inova\u00e7\u00e3o tecnol\u00f3gica. Seus alto-falantes frequentemente incorporam drivers de diamante e cer\u00e2mica, conhecidos por sua rigidez e capacidade de minimizar distor\u00e7\u00f5es. A empresa tamb\u00e9m utiliza avan\u00e7adas t\u00e9cnicas de modelagem ac\u00fastica e constru\u00e7\u00e3o de gabinetes para garantir que seus produtos ofere\u00e7am uma experi\u00eancia auditiva incompar\u00e1vel. A filosofia da Marten \u00e9 criar alto-falantes que reproduzam m\u00fasica com a maior fidelidade poss\u00edvel, mantendo a est\u00e9tica elegante e moderna. Cada produto \u00e9 projetado com aten\u00e7\u00e3o meticulosa aos detalhes, desde a escolha dos materiais at\u00e9 o acabamento final. Os designs da Marten s\u00e3o caracterizados por linhas limpas, minimalismo escandinavo e uma combina\u00e7\u00e3o de materiais de alta qualidade. Esta abordagem n\u00e3o s\u00f3 melhora a performance ac\u00fastica, mas tamb\u00e9m assegura que os alto-falantes sejam pe\u00e7as de arte que complementam qualquer ambiente.<\/p>\n<p>&nbsp;<\/p>\n<p><a href=\"https:\/\/www.stereophile.com\/content\/marten-oscar-duo-loudspeaker\" target=\"_blank\" rel=\"noopener\"><img loading=\"lazy\" decoding=\"async\" class=\"alignnone wp-image-22926 size-full\" src=\"https:\/\/hificlub.com.br\/loja\/wp-content\/uploads\/2025\/06\/Stereophile-award.jpg\" alt=\"\" width=\"439\" height=\"75\" \/>\u00a0\u00a0\u00a0\u00a0 <\/a><a href=\"https:\/\/pt-audio.translate.goog\/2021\/02\/07\/marten-oscar-duo-loudspeakers-review\/?_x_tr_sl=en&amp;_x_tr_tl=pt&amp;_x_tr_hl=pt&amp;_x_tr_pto=tc\" target=\"_blank\" rel=\"noopener\"><img loading=\"lazy\" decoding=\"async\" class=\"alignnone wp-image-23614\" src=\"https:\/\/hificlub.com.br\/loja\/wp-content\/uploads\/2025\/06\/Ptaudio-award.jpg\" alt=\"\" width=\"298\" height=\"73\" \/><\/a><\/p>\n<p>&nbsp;<\/p>\n<p>&nbsp;<\/p>\n","protected":false},"excerpt":{"rendered":"<p>Oscar Duo desencadeou uma reformula\u00e7\u00e3o do design para oferecer o som Marten com nova tecnologia &#8211; drivers personalizados foram criados para tornar isso poss\u00edvel. E n\u00e3o \u00e9 s\u00f3 isso que \u00e9 personalizado: o suporte opcional \u00e9 original da Marten. A inova\u00e7\u00e3o impulsionou a cria\u00e7\u00e3o da s\u00e9rie Oscar; compreender desafios, assumir riscos e repensar o design [&hellip;]<\/p>\n","protected":false},"featured_media":24026,"template":"","meta":{"_acf_changed":false},"product_brand":[],"product_cat":[25,17,168,276],"product_tag":[],"class_list":{"0":"post-21875","1":"product","2":"type-product","3":"status-publish","4":"has-post-thumbnail","6":"product_cat-bookshelf","7":"product_cat-caixas","8":"product_cat-marcas","9":"product_cat-marten","11":"first","12":"instock","13":"sold-individually","14":"shipping-taxable","15":"product-type-simple"},"acf":[],"aioseo_notices":[],"_links":{"self":[{"href":"https:\/\/hificlub.com.br\/loja\/wp-json\/wp\/v2\/product\/21875","targetHints":{"allow":["GET"]}}],"collection":[{"href":"https:\/\/hificlub.com.br\/loja\/wp-json\/wp\/v2\/product"}],"about":[{"href":"https:\/\/hificlub.com.br\/loja\/wp-json\/wp\/v2\/types\/product"}],"wp:featuredmedia":[{"embeddable":true,"href":"https:\/\/hificlub.com.br\/loja\/wp-json\/wp\/v2\/media\/24026"}],"wp:attachment":[{"href":"https:\/\/hificlub.com.br\/loja\/wp-json\/wp\/v2\/media?parent=21875"}],"wp:term":[{"taxonomy":"product_brand","embeddable":true,"href":"https:\/\/hificlub.com.br\/loja\/wp-json\/wp\/v2\/product_brand?post=21875"},{"taxonomy":"product_cat","embeddable":true,"href":"https:\/\/hificlub.com.br\/loja\/wp-json\/wp\/v2\/product_cat?post=21875"},{"taxonomy":"product_tag","embeddable":true,"href":"https:\/\/hificlub.com.br\/loja\/wp-json\/wp\/v2\/product_tag?post=21875"}],"curies":[{"name":"wp","href":"https:\/\/api.w.org\/{rel}","templated":true}]}}