{"id":21857,"date":"2025-05-27T10:22:43","date_gmt":"2025-05-27T13:22:43","guid":{"rendered":"https:\/\/hificlub.com.br\/loja\/?post_type=product&#038;p=21857"},"modified":"2026-03-03T22:18:01","modified_gmt":"2026-03-04T01:18:01","slug":"marten-parker-series-quintet-caixa-torre","status":"publish","type":"product","link":"https:\/\/hificlub.com.br\/loja\/produto\/marten-parker-series-quintet-caixa-torre\/","title":{"rendered":"MARTEN Parker Series Quintet &#8211; Caixa Torre, 350 Watts"},"content":{"rendered":"<p>Parker Quintet \u00e9 o alto-falante carro-chefe da s\u00e9rie Parker. Novidade para 2020, a s\u00e9rie situa-se no meio da nossa gama de produtos &#8211; uma posi\u00e7\u00e3o que h\u00e1 muito \u00e9 ocupada pela nossa s\u00e9rie Heritage. A Parker eleva nossos alto-falantes nesta classe a um n\u00edvel totalmente novo. Com tecnologia de design personalizado e t\u00e9cnicas de constru\u00e7\u00e3o perfeitamente equilibradas, o Parker Quintet \u00e9 novo em todos os sentidos, mas permanece fiel \u00e0 maneira Marten de recriar o som como ele \u00e9 na vida. Com extrema redu\u00e7\u00e3o de resson\u00e2ncia, o gabinete fica verdadeiramente livre do palco sonoro, deixando a m\u00fasica e a emo\u00e7\u00e3o no centro do palco. O gabinete apresenta laterais elegantes e afiladas criadas a partir da placa M, um material multicamadas que oferece extrema redu\u00e7\u00e3o de resson\u00e2ncia. Parker Quintet \u00e9 t\u00e3o livre de resson\u00e2ncia que desaparece completamente no palco sonoro. O gabinete rec\u00e9m-projetado equilibra apelo visual com baixo impacto no som. Os drivers de cer\u00e2mica s\u00e3o projetados de forma personalizada por Leif Olofsson para atender \u00e0s necessidades de um alto-falante desta classe. Cada unidade tem uma excurs\u00e3o linear muito longa e utiliza o poderoso sistema magn\u00e9tico de neod\u00ednio para controle. Componentes personalizados permitem uma maneira mais hol\u00edstica de construir um sistema, tornando o Parker Quintet um alto-falante Marten super-refinado. O Parker Quintet pode ser atualizado para Diamond Edition, apresentando um tweeter Diamond puro, cabos internos Jorma Statement, componentes crossover mais avan\u00e7ados e terminais aprimorados. Todos os modelos Parker podem ser elevados ao que h\u00e1 de mais moderno em alto-falantes premium. Projetados para o sistema, quatro drivers cer\u00e2micos de graves\/m\u00e9dios de 7,5\u201d oferecem uma grande \u00e1rea de superf\u00edcie, resultando em um ambiente sonoro aberto e preciso e \u00f3tima din\u00e2mica, enquanto quatro radiadores passivos proporcionam melhor controle das frequ\u00eancias mais baixas. Um alto-falante desta classe exige o m\u00e1ximo em resposta de graves. Uma t\u00e9cnica de cruzamento multidiversificada foi desenvolvida atrav\u00e9s de horas de audi\u00e7\u00e3o e testes, al\u00e9m de simula\u00e7\u00e3o, c\u00e1lculo e medi\u00e7\u00e3o rigorosos. N\u00f3s realmente trabalhamos com este crossover, usando os melhores componentes e ajustando-o com precis\u00e3o para funcionar com o sistema. Utilizamos fia\u00e7\u00e3o interna Jorma Design, por sua qualidade e desempenho exemplares. Feitos \u00e0 m\u00e3o na Su\u00e9cia, os cabos utilizam + e \u2013 separados para maior blindagem e cobre da mais alta qualidade. Isto oferece um som natural e transparente; a escolha perfeita para nossos alto-falantes. Os cabos s\u00e3o componentes integrais, portanto devem funcionar harmoniosamente com nosso projeto e constru\u00e7\u00e3o de precis\u00e3o. Jorma Design oferece exatamente o que um alto-falante Marten exige. A redu\u00e7\u00e3o da resson\u00e2ncia \u00e9 importante para o design dos nossos altifalantes \u2013 pode significar a diferen\u00e7a entre um bom altifalante e um excelente altifalante. Com a IsoAcoustics criamos Isoladores Marten. Este produto de precis\u00e3o permite que o gabinete fique completamente isolado do ch\u00e3o, reduzindo a resson\u00e2ncia e a distor\u00e7\u00e3o \u2013 deixando o palco sonoro livre. Graves din\u00e2micos com maior pot\u00eancia e controle Abertura e clareza naturais Otimizado para o peso do gabinete Resiste a movimentos laterais e oscila\u00e7\u00f5es Reduz reflexos internos Adequado para carpete<\/p>\n<p><strong>Marten<\/strong>\u00a0\u00e9 uma marca sueca de alto-falantes de alta fidelidade, conhecida por sua busca incans\u00e1vel pela perfei\u00e7\u00e3o sonora e design elegante. Fundada em 1998 por Leif Olofsson, a empresa rapidamente se destacou no mercado de \u00e1udio de luxo, oferecendo produtos que combinam tecnologia de ponta, artesanato de alta qualidade e um profundo conhecimento em ac\u00fastica. Leif Olofsson, com um background em engenharia e uma paix\u00e3o por m\u00fasica, fundou a Marten com a vis\u00e3o de criar alto-falantes que n\u00e3o apenas reproduzissem som, mas que capturassem a ess\u00eancia da m\u00fasica. A sede da empresa foi estabelecida em Gotemburgo, Su\u00e9cia. No ano seguinte \u00e0 sua funda\u00e7\u00e3o, a Marten lan\u00e7ou sua primeira linha de alto-falantes, a s\u00e9rie Mingus. Esses produtos foram bem recebidos pela cr\u00edtica e pelos consumidores, colocando a Marten no mapa das marcas de \u00e1udio high-end. A introdu\u00e7\u00e3o da s\u00e9rie Coltrane marcou um ponto de virada para a Marten. Utilizando materiais ex\u00f3ticos como fibra de carbono e tecnologia avan\u00e7ada de drivers cer\u00e2micos, a s\u00e9rie Coltrane foi aclamada por sua precis\u00e3o sonora e design inovador. Este lan\u00e7amento consolidou a Marten como um jogador s\u00e9rio no mercado de \u00e1udio. A Marten sempre esteve na vanguarda da inova\u00e7\u00e3o tecnol\u00f3gica. Seus alto-falantes frequentemente incorporam drivers de diamante e cer\u00e2mica, conhecidos por sua rigidez e capacidade de minimizar distor\u00e7\u00f5es. A empresa tamb\u00e9m utiliza avan\u00e7adas t\u00e9cnicas de modelagem ac\u00fastica e constru\u00e7\u00e3o de gabinetes para garantir que seus produtos ofere\u00e7am uma experi\u00eancia auditiva incompar\u00e1vel. A filosofia da Marten \u00e9 criar alto-falantes que reproduzam m\u00fasica com a maior fidelidade poss\u00edvel, mantendo a est\u00e9tica elegante e moderna. Cada produto \u00e9 projetado com aten\u00e7\u00e3o meticulosa aos detalhes, desde a escolha dos materiais at\u00e9 o acabamento final. Os designs da Marten s\u00e3o caracterizados por linhas limpas, minimalismo escandinavo e uma combina\u00e7\u00e3o de materiais de alta qualidade. Esta abordagem n\u00e3o s\u00f3 melhora a performance ac\u00fastica, mas tamb\u00e9m assegura que os alto-falantes sejam pe\u00e7as de arte que complementam qualquer ambiente<\/p>\n<p><strong>SPECS<\/strong><\/p>\n<p>Faixa de frequ\u00eancia: 24-40000 Hz +-2dB<br \/>\nPot\u00eancia nominal: 350 W<br \/>\nSensibilidade: 93 dB\/2,83 V<br \/>\nImped\u00e2ncia: 4 ohms (2,7 ohms m\u00edn.)<br \/>\nTipo: 2,5 vias<br \/>\nFrequ\u00eancia de crossover: Ordem multidiversa, 2200 Hz<br \/>\nTerminais: WBT de fia\u00e7\u00e3o \u00fanica<br \/>\nFia\u00e7\u00e3o interna de \u00faltima gera\u00e7\u00e3o: Design Jorma<br \/>\nGabinete: Placa M de 35 mm em nogueira piano, nogueira fosca ou preto piano<br \/>\nSuportes e p\u00e9s em a\u00e7o inoxid\u00e1vel polido com isoladores Marten<br \/>\nDimens\u00f5es L x A x P: 24-33 x 117 x 54 cm (9,4-13 x 46 x 21,3&#8243;)<br \/>\nPeso l\u00edquido: 60 kg (133 lbs)<\/p>\n","protected":false},"excerpt":{"rendered":"<p>Parker Quintet \u00e9 o alto-falante carro-chefe da s\u00e9rie Parker. Novidade para 2020, a s\u00e9rie situa-se no meio da nossa gama de produtos &#8211; uma posi\u00e7\u00e3o que h\u00e1 muito \u00e9 ocupada pela nossa s\u00e9rie Heritage. A Parker eleva nossos alto-falantes nesta classe a um n\u00edvel totalmente novo. Com tecnologia de design personalizado e t\u00e9cnicas de constru\u00e7\u00e3o [&hellip;]<\/p>\n","protected":false},"featured_media":21858,"template":"","meta":{"_acf_changed":false},"product_brand":[],"product_cat":[17,168,18],"product_tag":[],"class_list":{"0":"post-21857","1":"product","2":"type-product","3":"status-publish","4":"has-post-thumbnail","6":"product_cat-caixas","7":"product_cat-marcas","8":"product_cat-torres","10":"first","11":"instock","12":"sold-individually","13":"shipping-taxable","14":"product-type-simple"},"acf":[],"aioseo_notices":[],"_links":{"self":[{"href":"https:\/\/hificlub.com.br\/loja\/wp-json\/wp\/v2\/product\/21857","targetHints":{"allow":["GET"]}}],"collection":[{"href":"https:\/\/hificlub.com.br\/loja\/wp-json\/wp\/v2\/product"}],"about":[{"href":"https:\/\/hificlub.com.br\/loja\/wp-json\/wp\/v2\/types\/product"}],"wp:featuredmedia":[{"embeddable":true,"href":"https:\/\/hificlub.com.br\/loja\/wp-json\/wp\/v2\/media\/21858"}],"wp:attachment":[{"href":"https:\/\/hificlub.com.br\/loja\/wp-json\/wp\/v2\/media?parent=21857"}],"wp:term":[{"taxonomy":"product_brand","embeddable":true,"href":"https:\/\/hificlub.com.br\/loja\/wp-json\/wp\/v2\/product_brand?post=21857"},{"taxonomy":"product_cat","embeddable":true,"href":"https:\/\/hificlub.com.br\/loja\/wp-json\/wp\/v2\/product_cat?post=21857"},{"taxonomy":"product_tag","embeddable":true,"href":"https:\/\/hificlub.com.br\/loja\/wp-json\/wp\/v2\/product_tag?post=21857"}],"curies":[{"name":"wp","href":"https:\/\/api.w.org\/{rel}","templated":true}]}}