{"id":21793,"date":"2025-05-26T18:22:06","date_gmt":"2025-05-26T21:22:06","guid":{"rendered":"https:\/\/hificlub.com.br\/loja\/?post_type=product&#038;p=21793"},"modified":"2026-03-03T22:18:01","modified_gmt":"2026-03-04T01:18:01","slug":"the-legion-ofhc-11awg-audiophile-power15-25m","status":"publish","type":"product","link":"https:\/\/hificlub.com.br\/loja\/produto\/the-legion-ofhc-11awg-audiophile-power15-25m\/","title":{"rendered":"ZAVFINO THE LEGION OFHC 11AWG &#8211; Cabo de For\u00e7a 1,5-2,5m"},"content":{"rendered":"<div id=\"ickivkpd\" class=\"HcOXKn SxM0TO QxJLC3 lq2cno YQcXTT ickivkpd wixui-rich-text\" data-testid=\"richTextElement\">\n<p>O design do n\u00facleo do Legion utiliza feixes de fios OFHC de alta pureza em uma constru\u00e7\u00e3o de passo estreito. Escolhemos o OFHC como condutor principal, pois era a escolha premium para muitos amplificadores europeus de alta qualidade e ex\u00f3ticos, de meados dos anos 80 at\u00e9 o final dos anos 90, e possui uma assinatura sonora \u00fanica, dif\u00edcil de ser duplicada.<\/p>\n<p>Os condutores do Legion s\u00e3o criotratados antes da extrus\u00e3o e, em seguida, passam por nosso processo de limpeza t\u00e9rmica para remover qualquer sujeira externa, \u00f3leos ou res\u00edduos de trefila\u00e7\u00e3o da superf\u00edcie do condutor. Essa limpeza de alta tens\u00e3o tamb\u00e9m aplica uma tens\u00e3o cont\u00ednua ao cabo, dando ao Legion o som e o desempenho de um cabo usado h\u00e1 muitos meses.<\/p>\n<p>Nossa t\u00e9cnica de &#8220;cabo em cabo&#8221; com camadas espa\u00e7adas isola este cabo a um di\u00e2metro total de 23 mm, usando um cabo de alimenta\u00e7\u00e3o dentro de um design de cabo de alimenta\u00e7\u00e3o exclusivamente nosso, agregando ao som caracter\u00edstico do Legion. Ao projetar o Legion, tomamos muito cuidado ao projetar uma blindagem que n\u00e3o sufocasse o sistema, nem interferisse ou limitasse o fluxo de energia para os componentes.<\/p>\n<p>A combina\u00e7\u00e3o ideal para o Legion s\u00e3o amplificadores, amplificadores valvulados e componentes de alto fluxo de pot\u00eancia. O Legion n\u00e3o se limita apenas a equipamentos vintage e muitos de nossos clientes elogiam seu som quando se trata de us\u00e1-lo com alguns dos componentes mais sofisticados da atualidade. O Legion exala pot\u00eancia e eleg\u00e2ncia, permitindo que seu sistema se sinta livre e nutrido com a quantidade certa de pot\u00eancia pura e constante que ele exige.<\/p>\n<p><strong>SPECS<\/strong><\/p>\n<p>99,998% Cobre OFHC da Finl\u00e2ndia<\/p>\n<p>11AWG\/N\u00facleo (3X11AWG)<\/p>\n<p>Condutor Criotratado<\/p>\n<p>Interrup\u00e7\u00e3o t\u00e9rmica de alta tens\u00e3o<\/p>\n<p>Isolamento com enchimento de algod\u00e3o de 6 n\u00facleos<\/p>\n<p>PVC a 105\u00b0C<\/p>\n<p>Encordoamento de Passo Estreito<\/p>\n<p>Blindagem de Cobertura Total<\/p>\n<p>Extrus\u00e3o em Camada Espa\u00e7ada de 6 mm<\/p>\n<p>Extrus\u00e3o de PVC de Dupla Camada<\/p>\n<p>Revestimento Tran\u00e7ado Direto Antiest\u00e1tico<\/p>\n<p>Di\u00e2metro: 23,0 mm<\/p>\n<p>Conectores: IEC banhado a ouro 24k, plugue EUA ou Schuko banhado a ouro 24k<\/p>\n<p>Comprimento: 1,5-2,5 metros<\/p>\n<\/div>\n","protected":false},"excerpt":{"rendered":"<p>O design do n\u00facleo do Legion utiliza feixes de fios OFHC de alta pureza em uma constru\u00e7\u00e3o de passo estreito. Escolhemos o OFHC como condutor principal, pois era a escolha premium para muitos amplificadores europeus de alta qualidade e ex\u00f3ticos, de meados dos anos 80 at\u00e9 o final dos anos 90, e possui uma assinatura [&hellip;]<\/p>\n","protected":false},"featured_media":21816,"template":"","meta":{"_acf_changed":false},"product_brand":[],"product_cat":[61,67,168,272],"product_tag":[],"class_list":{"0":"post-21793","1":"product","2":"type-product","3":"status-publish","4":"has-post-thumbnail","6":"product_cat-cabos","7":"product_cat-forca","8":"product_cat-marcas","9":"product_cat-zavfino","11":"first","12":"instock","13":"sold-individually","14":"shipping-taxable","15":"purchasable","16":"product-type-simple"},"acf":[],"aioseo_notices":[],"_links":{"self":[{"href":"https:\/\/hificlub.com.br\/loja\/wp-json\/wp\/v2\/product\/21793","targetHints":{"allow":["GET"]}}],"collection":[{"href":"https:\/\/hificlub.com.br\/loja\/wp-json\/wp\/v2\/product"}],"about":[{"href":"https:\/\/hificlub.com.br\/loja\/wp-json\/wp\/v2\/types\/product"}],"wp:featuredmedia":[{"embeddable":true,"href":"https:\/\/hificlub.com.br\/loja\/wp-json\/wp\/v2\/media\/21816"}],"wp:attachment":[{"href":"https:\/\/hificlub.com.br\/loja\/wp-json\/wp\/v2\/media?parent=21793"}],"wp:term":[{"taxonomy":"product_brand","embeddable":true,"href":"https:\/\/hificlub.com.br\/loja\/wp-json\/wp\/v2\/product_brand?post=21793"},{"taxonomy":"product_cat","embeddable":true,"href":"https:\/\/hificlub.com.br\/loja\/wp-json\/wp\/v2\/product_cat?post=21793"},{"taxonomy":"product_tag","embeddable":true,"href":"https:\/\/hificlub.com.br\/loja\/wp-json\/wp\/v2\/product_tag?post=21793"}],"curies":[{"name":"wp","href":"https:\/\/api.w.org\/{rel}","templated":true}]}}