{"id":21788,"date":"2025-05-26T17:46:02","date_gmt":"2025-05-26T20:46:02","guid":{"rendered":"https:\/\/hificlub.com.br\/loja\/?post_type=product&#038;p=21788"},"modified":"2025-05-26T18:23:14","modified_gmt":"2025-05-26T21:23:14","slug":"grado-statement-gs3000e-headphone","status":"publish","type":"product","link":"https:\/\/hificlub.com.br\/loja\/produto\/grado-statement-gs3000e-headphone\/","title":{"rendered":"GRADO STATEMENT GS3000E Headphone"},"content":{"rendered":"<p>Sendo o primeiro fone de ouvido da s\u00e9rie Statement a usar Cocobolo, ajustamos cuidadosamente nossos drivers exclusivos de 50 mm para n\u00e3o apenas aproveitar o palco sonoro maior, mas tamb\u00e9m para abra\u00e7ar o car\u00e1ter musical profundo e impactante desta madeira \u00fanica. Cocobolo continua a ser uma das madeiras favoritas da fam\u00edlia para trabalhar.<\/p>\n<p><strong>Grado<\/strong>\u00a0foi fundada em 1953, no Brooklyn, Nova York, por Joseph Grado, um vision\u00e1rio apaixonado por m\u00fasica e engenharia de \u00e1udio, a empresa rapidamente se tornou sin\u00f4nimo de qualidade sonora excepcional. A Grado come\u00e7ou sua trajet\u00f3ria fabricando c\u00e1psulas de fon\u00f3grafo e toca-discos de alta qualidade, estabelecendo sua reputa\u00e7\u00e3o como uma marca comprometida com a excel\u00eancia sonora. No entanto, foi na d\u00e9cada de 1990 que a empresa se destacou ainda mais com o lan\u00e7amento de sua linha de fones de ouvido. Os fones de ouvido Grado s\u00e3o conhecidos por sua constru\u00e7\u00e3o artesanal, aten\u00e7\u00e3o aos detalhes e som excepcionalmente natural e equilibrado. Uma das caracter\u00edsticas distintivas das c\u00e1psulas Grado \u00e9 o uso de materiais de alta qualidade e a precis\u00e3o na fabrica\u00e7\u00e3o. As c\u00e1psulas s\u00e3o projetadas para minimizar a distor\u00e7\u00e3o e reproduzir fielmente as nuances musicais presentes nos discos de vinil. Al\u00e9m disso, a Grado utiliza t\u00e9cnicas de bobinagem e montagem meticulosas para garantir a integridade e durabilidade de suas c\u00e1psulas.<\/p>\n<p><strong>SPECS<\/strong><\/p>\n<p>Transducer Type: Dynamic<br \/>\nOperating Principle: Open Air<br \/>\nFrequency Response: 4 &#8211; 51,000 hz -SPL 1mW: 99.8 dB<br \/>\nNominal Impedance: 32 ohms<br \/>\nDriver Matched dB: .05 dB<br \/>\nIn the Box: Headphones, Warranty, Grado story-sheet, 3.5mm mini adapter, extension cable. A 4-pin XLR balance cable option is available.<\/p>\n","protected":false},"excerpt":{"rendered":"<p>Sendo o primeiro fone de ouvido da s\u00e9rie Statement a usar Cocobolo, ajustamos cuidadosamente nossos drivers exclusivos de 50 mm para n\u00e3o apenas aproveitar o palco sonoro maior, mas tamb\u00e9m para abra\u00e7ar o car\u00e1ter musical profundo e impactante desta madeira \u00fanica. Cocobolo continua a ser uma das madeiras favoritas da fam\u00edlia para trabalhar. Grado\u00a0foi fundada [&hellip;]<\/p>\n","protected":false},"featured_media":21789,"template":"","meta":{"_acf_changed":false},"product_brand":[],"product_cat":[268,263,168],"product_tag":[],"class_list":{"0":"post-21788","1":"product","2":"type-product","3":"status-publish","4":"has-post-thumbnail","6":"product_cat-grado","7":"product_cat-headphone","8":"product_cat-marcas","10":"first","11":"instock","12":"sold-individually","13":"shipping-taxable","14":"purchasable","15":"product-type-simple"},"acf":[],"aioseo_notices":[],"_links":{"self":[{"href":"https:\/\/hificlub.com.br\/loja\/wp-json\/wp\/v2\/product\/21788","targetHints":{"allow":["GET"]}}],"collection":[{"href":"https:\/\/hificlub.com.br\/loja\/wp-json\/wp\/v2\/product"}],"about":[{"href":"https:\/\/hificlub.com.br\/loja\/wp-json\/wp\/v2\/types\/product"}],"wp:featuredmedia":[{"embeddable":true,"href":"https:\/\/hificlub.com.br\/loja\/wp-json\/wp\/v2\/media\/21789"}],"wp:attachment":[{"href":"https:\/\/hificlub.com.br\/loja\/wp-json\/wp\/v2\/media?parent=21788"}],"wp:term":[{"taxonomy":"product_brand","embeddable":true,"href":"https:\/\/hificlub.com.br\/loja\/wp-json\/wp\/v2\/product_brand?post=21788"},{"taxonomy":"product_cat","embeddable":true,"href":"https:\/\/hificlub.com.br\/loja\/wp-json\/wp\/v2\/product_cat?post=21788"},{"taxonomy":"product_tag","embeddable":true,"href":"https:\/\/hificlub.com.br\/loja\/wp-json\/wp\/v2\/product_tag?post=21788"}],"curies":[{"name":"wp","href":"https:\/\/api.w.org\/{rel}","templated":true}]}}