{"id":21740,"date":"2025-05-25T21:37:15","date_gmt":"2025-05-26T00:37:15","guid":{"rendered":"https:\/\/hificlub.com.br\/loja\/?post_type=product&#038;p=21740"},"modified":"2026-03-02T10:22:39","modified_gmt":"2026-03-02T13:22:39","slug":"meze-audio-elite-tungstem-headphone","status":"publish","type":"product","link":"https:\/\/hificlub.com.br\/loja\/produto\/meze-audio-elite-tungstem-headphone\/","title":{"rendered":"MEZE AUDIO ELITE TUNGSTEM Headphone"},"content":{"rendered":"<p><strong>ESTADO DE CONSERVA\u00c7\u00c3O &#8211; Novo<\/strong><\/p>\n<p><strong>Descri\u00e7\u00e3o<\/strong><\/p>\n<p>Um dos pilares da Meze Audio \u00e9 criar produtos que resistam a anos e anos de mudan\u00e7as no setor, agregando valor duradouro ao cliente. A Elite n\u00e3o \u00e9 exce\u00e7\u00e3o. Da apar\u00eancia \u00e0 tecnologia, este fone de ouvido foi projetado para superar todas as tend\u00eancias passageiras e se tornar uma verdadeira heran\u00e7a.<\/p>\n<p>A <strong>Meze Audio<\/strong> foi fundada em 2011, na Rom\u00eania, por Antonio Meze, com a vis\u00e3o de criar fones de ouvido que combinassem excel\u00eancia sonora, design ic\u00f4nico e durabilidade. A marca ganhou reconhecimento rapidamente no mundo do \u00e1udio de alta fidelidade, posicionando-se como uma escolha premium entre entusiastas e profissionais do som. Desde o in\u00edcio, a Meze buscou criar produtos que proporcionassem uma experi\u00eancia auditiva rica e envolvente, e ao mesmo tempo um conforto excepcional. Seu foco em materiais de alta qualidade, constru\u00e7\u00e3o artesanal e um estilo est\u00e9tico \u00fanico diferencia seus fones no mercado competitivo de \u00e1udio. Um dos primeiros modelos de destaque da marca foi o Meze 99 Classics, lan\u00e7ado em 2015. Este modelo conquistou a aten\u00e7\u00e3o do mercado global por sua constru\u00e7\u00e3o em madeira, estilo retr\u00f4, e desempenho sonoro equilibrado, conquistando uma s\u00e9rie de pr\u00eamios e elogios da cr\u00edtica especializada. Com o sucesso dos 99 Classics, a Meze Audio expandiu seu portf\u00f3lio, entrando no segmento de fones de ouvido planar magn\u00e9ticos com o lan\u00e7amento do Meze Empyrean em 2018. Este modelo, desenvolvido em colabora\u00e7\u00e3o com a Rinaro Isodynamics, representou um avan\u00e7o significativo em tecnologia e engenharia de \u00e1udio. O Empyrean foi projetado para oferecer uma faixa ampla din\u00e2mica e uma reprodu\u00e7\u00e3o sonora extremamente precisa, consolidando o Meze como uma refer\u00eancia no mercado de fones high end. A filosofia da Meze sempre foi criar equipamentos que resistissem ao teste do tempo, tanto no design quanto na qualidade sonora. A marca continua a evoluir, com lan\u00e7amentos como o Meze Elite, que traz ainda mais refinamento \u00e0 linha planar magn\u00e9tica, oferecendo uma experi\u00eancia auditiva de refer\u00eancia para audi\u00f3filos exigentes.<\/p>\n<p><strong>SPECS<\/strong><\/p>\n<p><strong>Vis\u00e3o geral<\/strong><br \/>\nDRIVER MZ3SE<\/p>\n<p>Tipo de driver: Rinaro Isodynamic Hybrid Array\u00ae<br \/>\nFormato geom\u00e9trico: Ovoide<br \/>\nPrinc\u00edpio de opera\u00e7\u00e3o: Aberto<br \/>\nTamanho: 102 mm x 73 mm<br \/>\nAcoplamento auricular: Circumaural<br \/>\nPeso do driver: 75 g<br \/>\nFaixa de frequ\u00eancia: 3 Hz \u2013 112 kHz<br \/>\nInv\u00f3lucro: Pol\u00edmero refor\u00e7ado com fibra de vidro<br \/>\nImped\u00e2ncia: 32 \u03a9<br \/>\nTipo de diafragma: Rinaro Parus\u00ae [MZ3SE] &#8211; Sensibilidade 101 dB SPL\/mW a 1 kHz<br \/>\n\u00c1rea ativa: 4.650 mm\u00b2<br \/>\nSPL m\u00e1ximo: &gt;130 dB<br \/>\nPeso do diafragma: 0,11 g<br \/>\nDistor\u00e7\u00e3o harm\u00f4nica total (THD): &lt;0,05%<br \/>\nMassa ac\u00fastica:\u00a0 7,5 kg\/m\u00b2<br \/>\nPeso: 433 g (15,27 on\u00e7as)<br \/>\nLimite inferior de frequ\u00eancia: 3 Hz<br \/>\nConector de entrada: mini-XLR duplo de 4 pinos<br \/>\nLimite superior de frequ\u00eancia: 112.000 Hz<\/p>\n","protected":false},"excerpt":{"rendered":"<p>ESTADO DE CONSERVA\u00c7\u00c3O &#8211; Novo Descri\u00e7\u00e3o Um dos pilares da Meze Audio \u00e9 criar produtos que resistam a anos e anos de mudan\u00e7as no setor, agregando valor duradouro ao cliente. A Elite n\u00e3o \u00e9 exce\u00e7\u00e3o. Da apar\u00eancia \u00e0 tecnologia, este fone de ouvido foi projetado para superar todas as tend\u00eancias passageiras e se tornar uma [&hellip;]<\/p>\n","protected":false},"featured_media":21741,"template":"","meta":{"_acf_changed":false},"product_brand":[],"product_cat":[263,168,270],"product_tag":[],"class_list":{"0":"post-21740","1":"product","2":"type-product","3":"status-publish","4":"has-post-thumbnail","6":"product_cat-headphone","7":"product_cat-marcas","8":"product_cat-meze","10":"first","11":"instock","12":"sold-individually","13":"shipping-taxable","14":"purchasable","15":"product-type-simple"},"acf":[],"aioseo_notices":[],"_links":{"self":[{"href":"https:\/\/hificlub.com.br\/loja\/wp-json\/wp\/v2\/product\/21740","targetHints":{"allow":["GET"]}}],"collection":[{"href":"https:\/\/hificlub.com.br\/loja\/wp-json\/wp\/v2\/product"}],"about":[{"href":"https:\/\/hificlub.com.br\/loja\/wp-json\/wp\/v2\/types\/product"}],"wp:featuredmedia":[{"embeddable":true,"href":"https:\/\/hificlub.com.br\/loja\/wp-json\/wp\/v2\/media\/21741"}],"wp:attachment":[{"href":"https:\/\/hificlub.com.br\/loja\/wp-json\/wp\/v2\/media?parent=21740"}],"wp:term":[{"taxonomy":"product_brand","embeddable":true,"href":"https:\/\/hificlub.com.br\/loja\/wp-json\/wp\/v2\/product_brand?post=21740"},{"taxonomy":"product_cat","embeddable":true,"href":"https:\/\/hificlub.com.br\/loja\/wp-json\/wp\/v2\/product_cat?post=21740"},{"taxonomy":"product_tag","embeddable":true,"href":"https:\/\/hificlub.com.br\/loja\/wp-json\/wp\/v2\/product_tag?post=21740"}],"curies":[{"name":"wp","href":"https:\/\/api.w.org\/{rel}","templated":true}]}}