{"id":21734,"date":"2025-05-25T21:37:36","date_gmt":"2025-05-26T00:37:36","guid":{"rendered":"https:\/\/hificlub.com.br\/loja\/?post_type=product&#038;p=21734"},"modified":"2026-03-03T22:18:03","modified_gmt":"2026-03-04T01:18:03","slug":"meze-audio-empyrean-ii-headphone","status":"publish","type":"product","link":"https:\/\/hificlub.com.br\/loja\/produto\/meze-audio-empyrean-ii-headphone\/","title":{"rendered":"MEZE \u00c1UDIO EMPYREAN II Headphone"},"content":{"rendered":"<p><strong>ESTADO DE CONSERVA\u00c7\u00c3O &#8211; Novo<\/strong><\/p>\n<p><strong>Descri\u00e7\u00e3o<\/strong><\/p>\n<p>Seguindo nossa filosofia de design proposital, o Empyrean II surge como uma sinfonia de arte, inova\u00e7\u00e3o sonora e artesanato. O Empyrean II surge como a colabora\u00e7\u00e3o frut\u00edfera de duas empresas apaixonadas que se propuseram a explorar territ\u00f3rios desconhecidos. Nossa equipe de engenharia aproveitou com maestria o poder do driver Isodynamic Hybrid Array da Rinaro para alcan\u00e7ar um novo mundo sonoro. Nossos esfor\u00e7os revelaram novas possibilidades em termos de resolu\u00e7\u00e3o e recupera\u00e7\u00e3o de detalhes, alcan\u00e7ando uma representa\u00e7\u00e3o sonora mais limpa e precisa, em compara\u00e7\u00e3o com o Empyrean original. Eleve sua experi\u00eancia auditiva a novos patamares \u2013 o Empyrean II vem com dois conjuntos de almofadas auriculares, permitindo a m\u00e1xima personaliza\u00e7\u00e3o sonora. Alterne entre nossas almofadas auriculares Duo e Angulares para uma jornada auditiva totalmente sua.<\/p>\n<p><strong>Meze Audio<\/strong> foi fundada em 2011, na Rom\u00eania, por Antonio Meze, com a vis\u00e3o de criar fones de ouvido que combinassem excel\u00eancia sonora, design ic\u00f4nico e durabilidade. A marca ganhou reconhecimento rapidamente no mundo do \u00e1udio de alta fidelidade, posicionando-se como uma escolha premium entre entusiastas e profissionais do som. Desde o in\u00edcio, a Meze buscou criar produtos que proporcionassem uma experi\u00eancia auditiva rica e envolvente, e ao mesmo tempo um conforto excepcional. Seu foco em materiais de alta qualidade, constru\u00e7\u00e3o artesanal e um estilo est\u00e9tico \u00fanico diferencia seus fones no mercado competitivo de \u00e1udio. Um dos primeiros modelos de destaque da marca foi o Meze 99 Classics, lan\u00e7ado em 2015. Este modelo capturou a aten\u00e7\u00e3o do mercado global por sua constru\u00e7\u00e3o em madeira, estilo retr\u00f4, e desempenho sonoro equilibrado, conquistando uma s\u00e9rie de pr\u00eamios e elogios da cr\u00edtica especializada. Com o sucesso dos 99 Classics, a Meze Audio expandiu seu portf\u00f3lio, entrando no segmento de fones de ouvido planar magn\u00e9ticos com o lan\u00e7amento do Meze Empyrean em 2018. Este modelo, desenvolvido em colabora\u00e7\u00e3o com a Rinaro Isodynamics, representou um avan\u00e7o significativo em tecnologia e engenharia de \u00e1udio. O Empyrean foi projetado para oferecer uma ampla faixa din\u00e2mica e uma reprodu\u00e7\u00e3o sonora extremamente precisa, consolidando a Meze como uma refer\u00eancia no mercado de fones high end. A filosofia da Meze sempre foi criar equipamentos que resistam ao teste do tempo, tanto no design quanto na qualidade sonora. A marca continua a evoluir, com lan\u00e7amentos como o Meze Elite, que trazem ainda mais refinamento \u00e0 linha planar magn\u00e9tica, oferecendo uma experi\u00eancia auditiva de refer\u00eancia para audi\u00f3filos exigentes.<\/p>\n<p><strong>SPECS<\/strong><\/p>\n<p><strong>Vis\u00e3o geral<\/strong><\/p>\n<p>DRIVER MZ3<\/p>\n<p>Tipo de Driver Rinaro Isodynamic Hybrid Array\u00ae<br \/>\nFormato Geom\u00e9trico Ovoide<br \/>\nPrinc\u00edpio de Opera\u00e7\u00e3o Aberto<br \/>\nTamanho: 102 mm x 73 mm<br \/>\nAcoplamento Circumaural<br \/>\nPeso do Driver: 82 g<br \/>\nFaixa de Frequ\u00eancia: 8 Hz \u2013 110 kHz<br \/>\nInv\u00f3lucro em ABS com infus\u00e3o de fibra de vidro<br \/>\nImped\u00e2ncia: 32 \u03a9<br \/>\nTipo de Diafragma Rinaro Isoplanar\u00ae: [MZ3]<br \/>\nSensibilidade: 90 dB<br \/>\nSPL\/mW a 1 kHz<br \/>\n\u00c1rea Ativa: 4.650 mm\u00b2<br \/>\nSPL M\u00e1ximo: &gt;130 dB<br \/>\nPeso do Diafragma: 0,16 g<br \/>\nDistor\u00e7\u00e3o Harm\u00f4nica Total (THD): &lt;0,05%<br \/>\nMassa Ac\u00fastica: 10,7 kg\/m\u00b2<br \/>\nPeso: 449 g (15,84 oz)<br \/>\nLimite Inferior de Frequ\u00eancia: 8 Hz<br \/>\nConector de Entrada: Duplo de 4 Pinos mini-XLR<br \/>\nLimite de frequ\u00eancia: superior 110.000 Hz<\/p>\n","protected":false},"excerpt":{"rendered":"<p>ESTADO DE CONSERVA\u00c7\u00c3O &#8211; Novo Descri\u00e7\u00e3o Seguindo nossa filosofia de design proposital, o Empyrean II surge como uma sinfonia de arte, inova\u00e7\u00e3o sonora e artesanato. O Empyrean II surge como a colabora\u00e7\u00e3o frut\u00edfera de duas empresas apaixonadas que se propuseram a explorar territ\u00f3rios desconhecidos. Nossa equipe de engenharia aproveitou com maestria o poder do driver [&hellip;]<\/p>\n","protected":false},"featured_media":21735,"template":"","meta":{"_acf_changed":false},"product_brand":[],"product_cat":[263,168,270],"product_tag":[],"class_list":{"0":"post-21734","1":"product","2":"type-product","3":"status-publish","4":"has-post-thumbnail","6":"product_cat-headphone","7":"product_cat-marcas","8":"product_cat-meze","10":"first","11":"instock","12":"sold-individually","13":"shipping-taxable","14":"purchasable","15":"product-type-simple"},"acf":[],"aioseo_notices":[],"_links":{"self":[{"href":"https:\/\/hificlub.com.br\/loja\/wp-json\/wp\/v2\/product\/21734","targetHints":{"allow":["GET"]}}],"collection":[{"href":"https:\/\/hificlub.com.br\/loja\/wp-json\/wp\/v2\/product"}],"about":[{"href":"https:\/\/hificlub.com.br\/loja\/wp-json\/wp\/v2\/types\/product"}],"wp:featuredmedia":[{"embeddable":true,"href":"https:\/\/hificlub.com.br\/loja\/wp-json\/wp\/v2\/media\/21735"}],"wp:attachment":[{"href":"https:\/\/hificlub.com.br\/loja\/wp-json\/wp\/v2\/media?parent=21734"}],"wp:term":[{"taxonomy":"product_brand","embeddable":true,"href":"https:\/\/hificlub.com.br\/loja\/wp-json\/wp\/v2\/product_brand?post=21734"},{"taxonomy":"product_cat","embeddable":true,"href":"https:\/\/hificlub.com.br\/loja\/wp-json\/wp\/v2\/product_cat?post=21734"},{"taxonomy":"product_tag","embeddable":true,"href":"https:\/\/hificlub.com.br\/loja\/wp-json\/wp\/v2\/product_tag?post=21734"}],"curies":[{"name":"wp","href":"https:\/\/api.w.org\/{rel}","templated":true}]}}