{"id":21722,"date":"2025-05-25T21:37:59","date_gmt":"2025-05-26T00:37:59","guid":{"rendered":"https:\/\/hificlub.com.br\/loja\/?post_type=product&#038;p=21722"},"modified":"2026-03-03T22:18:02","modified_gmt":"2026-03-04T01:18:02","slug":"meze-audio-alba-headphone","status":"publish","type":"product","link":"https:\/\/hificlub.com.br\/loja\/produto\/meze-audio-alba-headphone\/","title":{"rendered":"MEZE AUDIO ALBA Headphone"},"content":{"rendered":"<p>Quente. Esperan\u00e7oso. Universal. A luz, mesmo quando n\u00e3o est\u00e1 fisicamente presente, sempre consegue encontrar seu caminho em nossas vidas. Nunca esquecemos o primeiro amanhecer e a energia que ele traz \u2013 ele nos conecta \u00e0 vida. Deixe a ALBA brilhar e vivencie a magia do som puro e natural. Em qualquer lugar. A qualquer hora.<\/p>\n<p>Experimente o som inconfund\u00edvel do Meze. Com um perfil sonoro neutro e um toque de aconchego, o ALBA real\u00e7a vividamente tanto a chuva quanto o trov\u00e3o em suas m\u00fasicas favoritas. Aproxime-se da luz, feche os olhos e aperte o play.<\/p>\n<p>O adaptador de 3,5 mm para USB-C personalizado da Meze Audio permite conectar seus fones de ouvido a qualquer fonte de m\u00fasica que possua um conector USB-C. Feito com os mesmos materiais de alta qualidade do cabo do fone de ouvido, este adaptador personalizado possui um DAC\/AMP (Conversor Digital para Anal\u00f3gico) integrado para garantir uma experi\u00eancia de \u00e1udio imersiva. O adaptador tamb\u00e9m possui um indicador LED que acende quando conectado corretamente.<\/p>\n<p><strong>Meze Audio<\/strong>\u00a0foi fundada em 2011, na Rom\u00eania, por Antonio Meze, com a vis\u00e3o de criar fones de ouvido que combinassem excel\u00eancia sonora, design ic\u00f4nico e durabilidade. A marca ganhou reconhecimento rapidamente no mundo do \u00e1udio de alta fidelidade, posicionando-se como uma escolha premium entre entusiastas e profissionais do som. Desde o in\u00edcio, a Meze buscou criar produtos que proporcionassem uma experi\u00eancia auditiva rica e envolvente, e ao mesmo tempo um conforto excepcional. Seu foco em materiais de alta qualidade, constru\u00e7\u00e3o artesanal e um estilo est\u00e9tico \u00fanico diferencia seus fones no mercado competitivo de \u00e1udio. Um dos primeiros modelos de destaque da marca foi o Meze 99 Classics, lan\u00e7ado em 2015. Este modelo capturou a aten\u00e7\u00e3o do mercado global por sua constru\u00e7\u00e3o em madeira, estilo retr\u00f4, e desempenho sonoro equilibrado, conquistando uma s\u00e9rie de pr\u00eamios e elogios da cr\u00edtica especializada. Com o sucesso dos 99 Classics, a Meze Audio expandiu seu portf\u00f3lio, entrando no segmento de fones de ouvido planar magn\u00e9ticos com o lan\u00e7amento do Meze Empyrean em 2018. Este modelo, desenvolvido em colabora\u00e7\u00e3o com a Rinaro Isodynamics, representou um avan\u00e7o significativo em tecnologia e engenharia de \u00e1udio. O Empyrean foi projetado para oferecer uma ampla faixa din\u00e2mica e uma reprodu\u00e7\u00e3o sonora extremamente precisa, consolidando a Meze como uma refer\u00eancia no mercado de fones high end. A filosofia da Meze sempre foi criar equipamentos que resistam ao teste do tempo, tanto no design quanto na qualidade sonora. A marca continua a evoluir, com lan\u00e7amentos como o Meze Elite, que trazem ainda mais refinamento \u00e0 linha planar magn\u00e9tica, oferecendo uma experi\u00eancia auditiva de refer\u00eancia para audi\u00f3filos exigentes.<\/p>\n<p><strong>SPECS<\/strong><\/p>\n<p>Transducer Type Dynamic<br \/>\nSensitivity: 109 dB SPL\/mW at 1 kHz<br \/>\nTransducer Size: 10.8 mm<br \/>\nInput Connector: 2-Pin<br \/>\nFrequency Range: 15 Hz &#8211; 25 kHz<br \/>\nTotal Harmonic Distortion: &lt;0.1% at 1 kHz<br \/>\nImpedance: 32 \u03a9<br \/>\nWeight: 14 g (0.5 oz.)<\/p>\n<p>&nbsp;<\/p>\n","protected":false},"excerpt":{"rendered":"<p>Quente. Esperan\u00e7oso. Universal. A luz, mesmo quando n\u00e3o est\u00e1 fisicamente presente, sempre consegue encontrar seu caminho em nossas vidas. Nunca esquecemos o primeiro amanhecer e a energia que ele traz \u2013 ele nos conecta \u00e0 vida. Deixe a ALBA brilhar e vivencie a magia do som puro e natural. Em qualquer lugar. A qualquer hora. [&hellip;]<\/p>\n","protected":false},"featured_media":21723,"template":"","meta":{"_acf_changed":false},"product_brand":[],"product_cat":[263,168,270],"product_tag":[],"class_list":{"0":"post-21722","1":"product","2":"type-product","3":"status-publish","4":"has-post-thumbnail","6":"product_cat-headphone","7":"product_cat-marcas","8":"product_cat-meze","10":"first","11":"outofstock","12":"sold-individually","13":"shipping-taxable","14":"purchasable","15":"product-type-simple"},"acf":[],"aioseo_notices":[],"_links":{"self":[{"href":"https:\/\/hificlub.com.br\/loja\/wp-json\/wp\/v2\/product\/21722","targetHints":{"allow":["GET"]}}],"collection":[{"href":"https:\/\/hificlub.com.br\/loja\/wp-json\/wp\/v2\/product"}],"about":[{"href":"https:\/\/hificlub.com.br\/loja\/wp-json\/wp\/v2\/types\/product"}],"wp:featuredmedia":[{"embeddable":true,"href":"https:\/\/hificlub.com.br\/loja\/wp-json\/wp\/v2\/media\/21723"}],"wp:attachment":[{"href":"https:\/\/hificlub.com.br\/loja\/wp-json\/wp\/v2\/media?parent=21722"}],"wp:term":[{"taxonomy":"product_brand","embeddable":true,"href":"https:\/\/hificlub.com.br\/loja\/wp-json\/wp\/v2\/product_brand?post=21722"},{"taxonomy":"product_cat","embeddable":true,"href":"https:\/\/hificlub.com.br\/loja\/wp-json\/wp\/v2\/product_cat?post=21722"},{"taxonomy":"product_tag","embeddable":true,"href":"https:\/\/hificlub.com.br\/loja\/wp-json\/wp\/v2\/product_tag?post=21722"}],"curies":[{"name":"wp","href":"https:\/\/api.w.org\/{rel}","templated":true}]}}