{"id":21716,"date":"2025-05-25T21:38:12","date_gmt":"2025-05-26T00:38:12","guid":{"rendered":"https:\/\/hificlub.com.br\/loja\/?post_type=product&#038;p=21716"},"modified":"2026-03-03T22:18:02","modified_gmt":"2026-03-04T01:18:02","slug":"ikko-audio-opal-oh2-gray-headphone","status":"publish","type":"product","link":"https:\/\/hificlub.com.br\/loja\/produto\/ikko-audio-opal-oh2-gray-headphone\/","title":{"rendered":"IKKO \u00c1UDIO OPAL OH2 GRAY Headphone"},"content":{"rendered":"<p><strong>ESTADO DE CONSERVA\u00c7\u00c3O &#8211; Novo<\/strong><\/p>\n<p><strong>Descri\u00e7\u00e3o<\/strong><\/p>\n<p>O OH2 apresenta uma cor elegante, dando aos IEMs uma apar\u00eancia vibrante e din\u00e2mica que pode ser combinada com diferentes roupas e humores. Seus fones de ouvido ser\u00e3o uma combina\u00e7\u00e3o perfeita para sua vida di\u00e1ria. Deixe a m\u00fasica mexer com voc\u00ea! Apresentando uma unidade de carbono depositada emblem\u00e1tica e SVAS (Separating Vector Acoustics System) patenteado pela iKKO, o OH2 atinge uma sa\u00edda de volume de som precisa em um espa\u00e7o limitado, fornecendo clareza e detalhes excepcionais. A nova cavidade de metal e o design ergon\u00f4mico n\u00e3o apenas melhoram a qualidade do som, mas tamb\u00e9m melhoram a facilidade de uso, tornando-o uma escolha perfeita para sess\u00f5es de audi\u00e7\u00e3o prolongadas. As unidades din\u00e2micas de carbono depositado de 32\u03a9 melhoram a penetra\u00e7\u00e3o e a resolu\u00e7\u00e3o dos agudos, restaurando altamente toda a gama de som. iKKO sempre enfatiza o conforto de alto n\u00edvel. O design oval do bico \u00e9 melhor para reduzir a press\u00e3o nos ouvidos, o que o liberta da dor mesmo ap\u00f3s o uso prolongado. O cabo possui 2 fios de cobre banhado a prata de alta pureza com conectores MMCX, testados quanto \u00e0 durabilidade sem comprometer a qualidade do som.<\/p>\n<p><strong>O que est\u00e1 na caixa?<\/strong><br \/>\n1 cabo MMCX de 3,5 mm<br \/>\n1 Grades de prote\u00e7\u00e3o sobressalentes<br \/>\n1 Estojo de Armazenamento<br \/>\n1 broche de raposa iKKO<br \/>\n1 Guia de in\u00edcio r\u00e1pido<br \/>\n6 pares de pontas auriculares de silicone<br \/>\n3 pares de pontas auriculares de espuma<\/p>\n<p><strong>SPECS<\/strong><\/p>\n<p>Compatibilidade: MMCX<br \/>\nSensibilidade: 100dB<br \/>\nImped\u00e2ncia: 32 \u03a9<br \/>\nDriver din\u00e2mico: Diafragma de nanocarbono depositado<br \/>\nMaterial: Policarbonato met\u00e1lico de alta transpar\u00eancia<br \/>\nFrequ\u00eancia: 20Hz-20KHz<\/p>\n","protected":false},"excerpt":{"rendered":"<p>ESTADO DE CONSERVA\u00c7\u00c3O &#8211; Novo Descri\u00e7\u00e3o O OH2 apresenta uma cor elegante, dando aos IEMs uma apar\u00eancia vibrante e din\u00e2mica que pode ser combinada com diferentes roupas e humores. Seus fones de ouvido ser\u00e3o uma combina\u00e7\u00e3o perfeita para sua vida di\u00e1ria. Deixe a m\u00fasica mexer com voc\u00ea! Apresentando uma unidade de carbono depositada emblem\u00e1tica e [&hellip;]<\/p>\n","protected":false},"featured_media":21717,"template":"","meta":{"_acf_changed":false},"product_brand":[],"product_cat":[263,271],"product_tag":[],"class_list":{"0":"post-21716","1":"product","2":"type-product","3":"status-publish","4":"has-post-thumbnail","6":"product_cat-headphone","7":"product_cat-ikko","9":"first","10":"instock","11":"sold-individually","12":"shipping-taxable","13":"purchasable","14":"product-type-simple"},"acf":[],"aioseo_notices":[],"_links":{"self":[{"href":"https:\/\/hificlub.com.br\/loja\/wp-json\/wp\/v2\/product\/21716","targetHints":{"allow":["GET"]}}],"collection":[{"href":"https:\/\/hificlub.com.br\/loja\/wp-json\/wp\/v2\/product"}],"about":[{"href":"https:\/\/hificlub.com.br\/loja\/wp-json\/wp\/v2\/types\/product"}],"wp:featuredmedia":[{"embeddable":true,"href":"https:\/\/hificlub.com.br\/loja\/wp-json\/wp\/v2\/media\/21717"}],"wp:attachment":[{"href":"https:\/\/hificlub.com.br\/loja\/wp-json\/wp\/v2\/media?parent=21716"}],"wp:term":[{"taxonomy":"product_brand","embeddable":true,"href":"https:\/\/hificlub.com.br\/loja\/wp-json\/wp\/v2\/product_brand?post=21716"},{"taxonomy":"product_cat","embeddable":true,"href":"https:\/\/hificlub.com.br\/loja\/wp-json\/wp\/v2\/product_cat?post=21716"},{"taxonomy":"product_tag","embeddable":true,"href":"https:\/\/hificlub.com.br\/loja\/wp-json\/wp\/v2\/product_tag?post=21716"}],"curies":[{"name":"wp","href":"https:\/\/api.w.org\/{rel}","templated":true}]}}