{"id":21698,"date":"2025-05-25T21:36:12","date_gmt":"2025-05-26T00:36:12","guid":{"rendered":"https:\/\/hificlub.com.br\/loja\/?post_type=product&#038;p=21698"},"modified":"2026-03-03T22:18:04","modified_gmt":"2026-03-04T01:18:04","slug":"grado-reference-rs1x-headphone","status":"publish","type":"product","link":"https:\/\/hificlub.com.br\/loja\/produto\/grado-reference-rs1x-headphone\/","title":{"rendered":"GRADO REFERENCE Rs1x Headphone"},"content":{"rendered":"<p><strong>ESTADO DE CONSERVA\u00c7\u00c3O &#8211; Novo<\/strong><\/p>\n<p><strong>Descri\u00e7\u00e3o<\/strong><\/p>\n<p>Pela primeira vez, tr\u00eas esp\u00e9cies diferentes de madeira est\u00e3o trabalhando juntas em um fone de ouvido Grado. A carca\u00e7a \u00e9 feita de uma manga de bordo, n\u00facleo de c\u00e2nhamo e anel externo de cocobolo. Constru\u00edmos com madeira por suas habilidades tonais quentes e envolventes, mas encontrar o equil\u00edbrio certo de tr\u00eas madeiras separadas n\u00e3o \u00e9 tarefa simples. A recompensa, por\u00e9m, \u00e9 um RS1x que abre o Grado para um novo n\u00edvel de som. O RS1x \u00e9 o primeiro fone de ouvido a ser constru\u00eddo com os drivers X maiores de 50 mm. Especificamente ajustado para o RS1x tri-wood, este novo design de alto-falante apresenta um circuito magn\u00e9tico mais poderoso, uma bobina de voz com massa efetiva diminu\u00edda e um diafragma reconfigurado. A reengenharia desses componentes para nossos drivers de 50 mm melhora a efici\u00eancia, reduz a distor\u00e7\u00e3o e preserva a integridade harm\u00f4nica de sua m\u00fasica.<\/p>\n<p><strong>Grado<\/strong>\u00a0foi fundada em 1953, no Brooklyn, Nova York, por Joseph Grado, um vision\u00e1rio apaixonado por m\u00fasica e engenharia de \u00e1udio, a empresa rapidamente se tornou sin\u00f4nimo de qualidade sonora excepcional. A Grado come\u00e7ou sua trajet\u00f3ria fabricando c\u00e1psulas de fon\u00f3grafo e toca-discos de alta qualidade, estabelecendo sua reputa\u00e7\u00e3o como uma marca comprometida com a excel\u00eancia sonora. No entanto, foi na d\u00e9cada de 1990 que a empresa se destacou ainda mais com o lan\u00e7amento de sua linha de fones de ouvido. Os fones de ouvido Grado s\u00e3o conhecidos por sua constru\u00e7\u00e3o artesanal, aten\u00e7\u00e3o aos detalhes e som excepcionalmente natural e equilibrado. Uma das caracter\u00edsticas distintivas das c\u00e1psulas Grado \u00e9 o uso de materiais de alta qualidade e a precis\u00e3o na fabrica\u00e7\u00e3o. As c\u00e1psulas s\u00e3o projetadas para minimizar a distor\u00e7\u00e3o e reproduzir fielmente as nuances musicais presentes nos discos de vinil. Al\u00e9m disso, a Grado utiliza t\u00e9cnicas de bobinagem e montagem meticulosas para garantir a integridade e durabilidade de suas c\u00e1psulas.<\/p>\n<p><strong>SPECS<\/strong><br \/>\nTipo de transdutor: din\u00e2mico<br \/>\nPrinc\u00edpio de funcionamento: ao ar livre<br \/>\nResposta de frequ\u00eancia: 12-30.000 Hz<br \/>\nNPS 1mW: 99,8<br \/>\nImped\u00e2ncia normal: 38 ohms<br \/>\nBanco de dados correspondente ao driver: 0,05<br \/>\nAlmofadas: L<\/p>\n","protected":false},"excerpt":{"rendered":"<p>ESTADO DE CONSERVA\u00c7\u00c3O &#8211; Novo Descri\u00e7\u00e3o Pela primeira vez, tr\u00eas esp\u00e9cies diferentes de madeira est\u00e3o trabalhando juntas em um fone de ouvido Grado. A carca\u00e7a \u00e9 feita de uma manga de bordo, n\u00facleo de c\u00e2nhamo e anel externo de cocobolo. Constru\u00edmos com madeira por suas habilidades tonais quentes e envolventes, mas encontrar o equil\u00edbrio certo [&hellip;]<\/p>\n","protected":false},"featured_media":21701,"template":"","meta":{"_acf_changed":false},"product_brand":[],"product_cat":[268,263],"product_tag":[],"class_list":{"0":"post-21698","1":"product","2":"type-product","3":"status-publish","4":"has-post-thumbnail","6":"product_cat-grado","7":"product_cat-headphone","9":"first","10":"instock","11":"sold-individually","12":"shipping-taxable","13":"purchasable","14":"product-type-simple"},"acf":[],"aioseo_notices":[],"_links":{"self":[{"href":"https:\/\/hificlub.com.br\/loja\/wp-json\/wp\/v2\/product\/21698","targetHints":{"allow":["GET"]}}],"collection":[{"href":"https:\/\/hificlub.com.br\/loja\/wp-json\/wp\/v2\/product"}],"about":[{"href":"https:\/\/hificlub.com.br\/loja\/wp-json\/wp\/v2\/types\/product"}],"wp:featuredmedia":[{"embeddable":true,"href":"https:\/\/hificlub.com.br\/loja\/wp-json\/wp\/v2\/media\/21701"}],"wp:attachment":[{"href":"https:\/\/hificlub.com.br\/loja\/wp-json\/wp\/v2\/media?parent=21698"}],"wp:term":[{"taxonomy":"product_brand","embeddable":true,"href":"https:\/\/hificlub.com.br\/loja\/wp-json\/wp\/v2\/product_brand?post=21698"},{"taxonomy":"product_cat","embeddable":true,"href":"https:\/\/hificlub.com.br\/loja\/wp-json\/wp\/v2\/product_cat?post=21698"},{"taxonomy":"product_tag","embeddable":true,"href":"https:\/\/hificlub.com.br\/loja\/wp-json\/wp\/v2\/product_tag?post=21698"}],"curies":[{"name":"wp","href":"https:\/\/api.w.org\/{rel}","templated":true}]}}