{"id":21690,"date":"2025-05-25T21:38:25","date_gmt":"2025-05-26T00:38:25","guid":{"rendered":"https:\/\/hificlub.com.br\/loja\/?post_type=product&#038;p=21690"},"modified":"2026-03-03T22:18:01","modified_gmt":"2026-03-04T01:18:01","slug":"meze-audio-99-neo-black-silver-headphone","status":"publish","type":"product","link":"https:\/\/hificlub.com.br\/loja\/produto\/meze-audio-99-neo-black-silver-headphone\/","title":{"rendered":"MEZE \u00c1UDIO 99 NEO BLACK SILVER Headphone"},"content":{"rendered":"<p><strong>ESTADO DE CONSERVA\u00c7\u00c3O &#8211; Novo<\/strong><\/p>\n<p><strong>Descri\u00e7\u00e3o<\/strong><\/p>\n<p>Com uma est\u00e9tica elegante e contempor\u00e2nea, o 99 NEO incorpora uma sofistica\u00e7\u00e3o sutil. Feitos com cuidado e precis\u00e3o, esses fones de ouvido s\u00e3o a companhia perfeita para audi\u00f3filos exigentes e entusiastas da m\u00fasica. Entregue-se a um momento s\u00f3 seu. Deixe-se cativar pelo fasc\u00ednio dos fones de ouvido texturizados em preto-carv\u00e3o e das almofadas macias como manteiga que se ajustam confortavelmente em volta dos seus ouvidos. Experimente a alegria do som \u2013 natural, equilibrado e sem distor\u00e7\u00e3o. O 99 NEO \u00e9 a mistura perfeita de estilo e \u00e1udio de alta qualidade, projetado para fazer voc\u00ea se apaixonar pela sua m\u00fasica novamente. Com hardware de liga de zinco fundido com revestimento eletrogalvanizado, o 99 Neo \u00e9 um cl\u00e1ssico para o dia a dia. E se voc\u00ea precisar substituir uma pe\u00e7a, ele \u00e9 totalmente repar\u00e1vel. O 99 Neo resistir\u00e1 ao teste do tempo, ent\u00e3o gera\u00e7\u00f5es al\u00e9m de voc\u00ea tamb\u00e9m podem se apaixonar por ele.<\/p>\n<p><strong>Meze Audio<\/strong>\u00a0foi fundada em 2011, na Rom\u00eania, por Antonio Meze, com a vis\u00e3o de criar fones de ouvido que combinassem excel\u00eancia sonora, design ic\u00f4nico e durabilidade. A marca ganhou reconhecimento rapidamente no mundo do \u00e1udio de alta fidelidade, posicionando-se como uma escolha premium entre entusiastas e profissionais do som. Desde o in\u00edcio, a Meze buscou criar produtos que proporcionassem uma experi\u00eancia auditiva rica e envolvente, e ao mesmo tempo um conforto excepcional. Seu foco em materiais de alta qualidade, constru\u00e7\u00e3o artesanal e um estilo est\u00e9tico \u00fanico diferencia seus fones no mercado competitivo de \u00e1udio. Um dos primeiros modelos de destaque da marca foi o Meze 99 Classics, lan\u00e7ado em 2015. Este modelo capturou a aten\u00e7\u00e3o do mercado global por sua constru\u00e7\u00e3o em madeira, estilo retr\u00f4, e desempenho sonoro equilibrado, conquistando uma s\u00e9rie de pr\u00eamios e elogios da cr\u00edtica especializada. Com o sucesso dos 99 Classics, a Meze Audio expandiu seu portf\u00f3lio, entrando no segmento de fones de ouvido planar magn\u00e9ticos com o lan\u00e7amento do Meze Empyrean em 2018. Este modelo, desenvolvido em colabora\u00e7\u00e3o com a Rinaro Isodynamics, representou um avan\u00e7o significativo em tecnologia e engenharia de \u00e1udio. O Empyrean foi projetado para oferecer uma ampla faixa din\u00e2mica e uma reprodu\u00e7\u00e3o sonora extremamente precisa, consolidando a Meze como uma refer\u00eancia no mercado de fones high end. A filosofia da Meze sempre foi criar equipamentos que resistam ao teste do tempo, tanto no design quanto na qualidade sonora. A marca continua a evoluir, com lan\u00e7amentos como o Meze Elite, que trazem ainda mais refinamento \u00e0 linha planar magn\u00e9tica, oferecendo uma experi\u00eancia auditiva de refer\u00eancia para audi\u00f3filos exigentes.<\/p>\n<p>Tipo de transdutor: Din\u00e2mico<br \/>\nPot\u00eancia m\u00e1xima de entrada: 50 mW<br \/>\nTamanho do transdutor: 40 mil\u00edmetros<br \/>\nConector de entrada: Conector TS duplo de 3,5 mm<br \/>\nResposta de frequ\u00eancia: 15 Hz &#8211; 25 kHz<br \/>\nDistor\u00e7\u00e3o harm\u00f4nica total: &lt;0,1% a 1 kHz<br \/>\nImped\u00e2ncia: 26 \u03a9<br \/>\nProtetores auriculares<br \/>\nPl\u00e1stico ABS<br \/>\nSensibilidade 103 dB SPL\/mW a 1 kHz<br \/>\nPeso: 260 g (9,17 oz.)<br \/>\nPot\u00eancia de entrada nominal: 30 mW<\/p>\n","protected":false},"excerpt":{"rendered":"<p>ESTADO DE CONSERVA\u00c7\u00c3O &#8211; Novo Descri\u00e7\u00e3o Com uma est\u00e9tica elegante e contempor\u00e2nea, o 99 NEO incorpora uma sofistica\u00e7\u00e3o sutil. Feitos com cuidado e precis\u00e3o, esses fones de ouvido s\u00e3o a companhia perfeita para audi\u00f3filos exigentes e entusiastas da m\u00fasica. Entregue-se a um momento s\u00f3 seu. Deixe-se cativar pelo fasc\u00ednio dos fones de ouvido texturizados em [&hellip;]<\/p>\n","protected":false},"featured_media":21691,"template":"","meta":{"_acf_changed":false},"product_brand":[],"product_cat":[263,270],"product_tag":[],"class_list":{"0":"post-21690","1":"product","2":"type-product","3":"status-publish","4":"has-post-thumbnail","6":"product_cat-headphone","7":"product_cat-meze","9":"first","10":"instock","11":"sold-individually","12":"shipping-taxable","13":"purchasable","14":"product-type-simple"},"acf":[],"aioseo_notices":[],"_links":{"self":[{"href":"https:\/\/hificlub.com.br\/loja\/wp-json\/wp\/v2\/product\/21690","targetHints":{"allow":["GET"]}}],"collection":[{"href":"https:\/\/hificlub.com.br\/loja\/wp-json\/wp\/v2\/product"}],"about":[{"href":"https:\/\/hificlub.com.br\/loja\/wp-json\/wp\/v2\/types\/product"}],"wp:featuredmedia":[{"embeddable":true,"href":"https:\/\/hificlub.com.br\/loja\/wp-json\/wp\/v2\/media\/21691"}],"wp:attachment":[{"href":"https:\/\/hificlub.com.br\/loja\/wp-json\/wp\/v2\/media?parent=21690"}],"wp:term":[{"taxonomy":"product_brand","embeddable":true,"href":"https:\/\/hificlub.com.br\/loja\/wp-json\/wp\/v2\/product_brand?post=21690"},{"taxonomy":"product_cat","embeddable":true,"href":"https:\/\/hificlub.com.br\/loja\/wp-json\/wp\/v2\/product_cat?post=21690"},{"taxonomy":"product_tag","embeddable":true,"href":"https:\/\/hificlub.com.br\/loja\/wp-json\/wp\/v2\/product_tag?post=21690"}],"curies":[{"name":"wp","href":"https:\/\/api.w.org\/{rel}","templated":true}]}}