{"id":21685,"date":"2025-05-25T21:35:37","date_gmt":"2025-05-26T00:35:37","guid":{"rendered":"https:\/\/hificlub.com.br\/loja\/?post_type=product&#038;p=21685"},"modified":"2026-03-03T22:18:04","modified_gmt":"2026-03-04T01:18:04","slug":"grado-reference-rs2x-headphone","status":"publish","type":"product","link":"https:\/\/hificlub.com.br\/loja\/produto\/grado-reference-rs2x-headphone\/","title":{"rendered":"GRADO REFERENCE Rs2x Headphone"},"content":{"rendered":"<p><strong>ESTADO DE CONSERVA\u00c7\u00c3O &#8211; Novo<\/strong><\/p>\n<p><strong>Descri\u00e7\u00e3o<\/strong><\/p>\n<p>Um favorito da fam\u00edlia, o RS2x foi completamente redesenhado para destacar todo o potencial de sua madeira de bordo e c\u00e2nhamo. A manga e o anel da caixa s\u00e3o feitos de maple, enquanto um n\u00facleo de c\u00e2nhamo mant\u00e9m tudo junto. Constru\u00edmos com madeira por suas habilidades tonais quentes e envolventes, e o RS2x \u00e9 uma evolu\u00e7\u00e3o excepcional para a linha RS2.\u00a0Os drivers de 4\u00aa gera\u00e7\u00e3o X est\u00e3o aqui. Especificamente ajustado para a caixa de madeira RS2x, este novo design de alto-falante apresenta um circuito magn\u00e9tico mais poderoso, uma bobina de voz com massa efetiva diminu\u00edda e um diafragma reconfigurado. A reengenharia desses componentes para nossos drivers de 44 mm melhora a efici\u00eancia, reduz a distor\u00e7\u00e3o e preserva a integridade harm\u00f4nica de sua m\u00fasica.<\/p>\n<p><strong>Grado<\/strong>\u00a0foi fundada em 1953, no Brooklyn, Nova York, por Joseph Grado, um vision\u00e1rio apaixonado por m\u00fasica e engenharia de \u00e1udio, a empresa rapidamente se tornou sin\u00f4nimo de qualidade sonora excepcional. A Grado come\u00e7ou sua trajet\u00f3ria fabricando c\u00e1psulas de fon\u00f3grafo e toca-discos de alta qualidade, estabelecendo sua reputa\u00e7\u00e3o como uma marca comprometida com a excel\u00eancia sonora. No entanto, foi na d\u00e9cada de 1990 que a empresa se destacou ainda mais com o lan\u00e7amento de sua linha de fones de ouvido. Os fones de ouvido Grado s\u00e3o conhecidos por sua constru\u00e7\u00e3o artesanal, aten\u00e7\u00e3o aos detalhes e som excepcionalmente natural e equilibrado. Uma das caracter\u00edsticas distintivas das c\u00e1psulas Grado \u00e9 o uso de materiais de alta qualidade e a precis\u00e3o na fabrica\u00e7\u00e3o. As c\u00e1psulas s\u00e3o projetadas para minimizar a distor\u00e7\u00e3o e reproduzir fielmente as nuances musicais presentes nos discos de vinil. Al\u00e9m disso, a Grado utiliza t\u00e9cnicas de bobinagem e montagem meticulosas para garantir a integridade e durabilidade de suas c\u00e1psulas.<\/p>\n<p><strong>SPECS<\/strong><\/p>\n<p>Tipo de transdutor &#8211; din\u00e2mico<br \/>\nPrinc\u00edpio de funcionamento &#8211; ao ar livre<br \/>\nResposta de frequ\u00eancia -14-28.000 Hz<br \/>\nNPS 1mW &#8211; 99,8dB<br \/>\nImped\u00e2ncia Normal &#8211; 38ohms<br \/>\nBanco de dados correspondente ao driver &#8211; 0,05<br \/>\nAlmofadas L<\/p>\n","protected":false},"excerpt":{"rendered":"<p>ESTADO DE CONSERVA\u00c7\u00c3O &#8211; Novo Descri\u00e7\u00e3o Um favorito da fam\u00edlia, o RS2x foi completamente redesenhado para destacar todo o potencial de sua madeira de bordo e c\u00e2nhamo. A manga e o anel da caixa s\u00e3o feitos de maple, enquanto um n\u00facleo de c\u00e2nhamo mant\u00e9m tudo junto. Constru\u00edmos com madeira por suas habilidades tonais quentes e [&hellip;]<\/p>\n","protected":false},"featured_media":21686,"template":"","meta":{"_acf_changed":false},"product_brand":[],"product_cat":[268,263,168],"product_tag":[],"class_list":{"0":"post-21685","1":"product","2":"type-product","3":"status-publish","4":"has-post-thumbnail","6":"product_cat-grado","7":"product_cat-headphone","8":"product_cat-marcas","10":"first","11":"instock","12":"sold-individually","13":"shipping-taxable","14":"purchasable","15":"product-type-simple"},"acf":[],"aioseo_notices":[],"_links":{"self":[{"href":"https:\/\/hificlub.com.br\/loja\/wp-json\/wp\/v2\/product\/21685","targetHints":{"allow":["GET"]}}],"collection":[{"href":"https:\/\/hificlub.com.br\/loja\/wp-json\/wp\/v2\/product"}],"about":[{"href":"https:\/\/hificlub.com.br\/loja\/wp-json\/wp\/v2\/types\/product"}],"wp:featuredmedia":[{"embeddable":true,"href":"https:\/\/hificlub.com.br\/loja\/wp-json\/wp\/v2\/media\/21686"}],"wp:attachment":[{"href":"https:\/\/hificlub.com.br\/loja\/wp-json\/wp\/v2\/media?parent=21685"}],"wp:term":[{"taxonomy":"product_brand","embeddable":true,"href":"https:\/\/hificlub.com.br\/loja\/wp-json\/wp\/v2\/product_brand?post=21685"},{"taxonomy":"product_cat","embeddable":true,"href":"https:\/\/hificlub.com.br\/loja\/wp-json\/wp\/v2\/product_cat?post=21685"},{"taxonomy":"product_tag","embeddable":true,"href":"https:\/\/hificlub.com.br\/loja\/wp-json\/wp\/v2\/product_tag?post=21685"}],"curies":[{"name":"wp","href":"https:\/\/api.w.org\/{rel}","templated":true}]}}