{"id":2167,"date":"2023-10-17T19:59:21","date_gmt":"2023-10-17T22:59:21","guid":{"rendered":"https:\/\/hificlub.com.br\/loja2\/produto\/denon-pma2000-ivr-80-watts\/"},"modified":"2026-03-02T10:35:45","modified_gmt":"2026-03-02T13:35:45","slug":"denon-pma2000-ivr-80-watts","status":"publish","type":"product","link":"https:\/\/hificlub.com.br\/loja\/produto\/denon-pma2000-ivr-80-watts\/","title":{"rendered":"DENON PMA2000 IVR Amplificador Integrado 80 watts"},"content":{"rendered":"<p>Estado de conserva\u00e7\u00e3o: <strong>9\/10<\/strong><\/p>\n<div>\n<p>Um sonho tornado realidade para os amantes da m\u00fasica em todos os lugares! O Denon PMA-2000IVR combina circuitos de ponta, &#8220;coragem&#8221; maci\u00e7a e constru\u00e7\u00e3o ultra-resistente para resultados espetaculares. Como incorpora um amplificador e um pr\u00e9-amplificador em um chassi, voc\u00ea pode conectar seus componentes de origem diretamente a esta unidade para obter um som est\u00e9reo de tirar o f\u00f4lego. Ou, se preferir, h\u00e1 tamb\u00e9m uma entrada direta de amplificador de pot\u00eancia que permite empregar a amplifica\u00e7\u00e3o do PMA-2000IVR em conjunto com um pr\u00e9-amplificador separado.<br \/>\nPara garantir um som consistentemente estelar, os engenheiros da Denon dedicaram um cuidado meticuloso a todos os aspectos do design e constru\u00e7\u00e3o do PMA-2000IVR. Em primeiro lugar, um circuito \u00fanico push-pull UHC-MOS de corrente ultra-alta amplifica sua m\u00fasica com um equil\u00edbrio perfeito de pot\u00eancia e precis\u00e3o. Ele \u00e9 capaz de transmitir as nuances musicais mais delicadas enquanto fornece 3 a 10 vezes a corrente de pico dos amplificadores MOSFET convencionais. A configura\u00e7\u00e3o monof\u00f4nica dupla do bloco amplificador evita qualquer poss\u00edvel interfer\u00eancia entre os canais esquerdo e direito.<\/p>\n<p>O chassi \u00e9 dividido em 6 blocos fortemente blindados que isolam rigorosamente cada conjunto dedicado de circuitos. Os transformadores g\u00eameos empregam uma montagem de cancelamento de vazamento para eliminar a interfer\u00eancia magn\u00e9tica e o vazamento de fluxo, garantindo baixo ru\u00eddo dentro do amplificador e sa\u00edda de alto-falante transparente. Os radiadores umedecidos com borracha el\u00e1stica est\u00e3o situados perto dos p\u00e9s de absor\u00e7\u00e3o de vibra\u00e7\u00e3o do PMA-2000IVR, para minimizar a resson\u00e2ncia de turva\u00e7\u00e3o da m\u00fasica dos transformadores de energia e outras fontes.<\/p>\n<p>&nbsp;<\/p>\n<p>Este amplificador integrado foi projetado para fornecer um som excelente de uma ampla variedade de fontes, digitais e anal\u00f3gicas. Os f\u00e3s de vinil v\u00e3o adorar o cuidado que Denon esbanjou na se\u00e7\u00e3o phono &#8211; ela acomoda toca-discos de \u00edm\u00e3 m\u00f3vel e bobina m\u00f3vel, e o equalizador phono recebe sua pr\u00f3pria fonte de alimenta\u00e7\u00e3o blindada e dedicada. A ampla resposta de frequ\u00eancia permite que voc\u00ea experimente todos os detalhes em seus LPs, CDs e at\u00e9 mesmo SACDs de alta resolu\u00e7\u00e3o e discos DVD-Audio no modo est\u00e9reo.<\/p>\n<p>Detalhes:<\/p>\n<p>80 watts x 2 canais em 8 ohms (20-20.000 Hz) a 0,07% THD \u2014 ou 160 watts x 2 em 4 ohms<br \/>\ncircuito push-pull \u00fanico MOS de corrente ultra-alta<br \/>\nentrada direta do amplificador de pot\u00eancia<br \/>\ndesign de chassi de 6 blocos fortemente blindado<br \/>\nconstru\u00e7\u00e3o anti-ressonante avan\u00e7ada<br \/>\ntransformadores duplos com montagem de cancelamento de vazamento<br \/>\ncapacitores de bloco eletrol\u00edtico de grande capacidade<br \/>\nresposta de frequ\u00eancia de ampla faixa (10-100.000 Hz)<br \/>\n7 entradas de \u00e1udio (incluindo phono)<br \/>\nsa\u00edda de n\u00edvel de pr\u00e9-amplificador<br \/>\npostes de encaderna\u00e7\u00e3o de alto-falante banhados a ouro<br \/>\n2 conjuntos de sa\u00eddas de alto-falante<br \/>\n17-1\/8&#8243; L x 7-1\/8&#8243; A x 19-5\/8&#8243; D<br \/>\ngarantia: 3 anos<br \/>\nPot\u00eancia de sa\u00edda: 80 watts por canal em 8\u03a9 (est\u00e9reo)<br \/>\nResposta de frequ\u00eancia: 20Hz a 20kHz<br \/>\nDistor\u00e7\u00e3o harm\u00f4nica total: 0,07%<br \/>\nSensibilidade de entrada: 0,2mV (MC), 2,5mV (MM), 150mV (linha)<br \/>\nRela\u00e7\u00e3o sinal\/ru\u00eddo: 76dB (MC), 91dB (MM), 110dB (linha)<\/p>\n<\/div>\n","protected":false},"excerpt":{"rendered":"<p>Estado de conserva\u00e7\u00e3o: 9\/10 Um sonho tornado realidade para os amantes da m\u00fasica em todos os lugares! O Denon PMA-2000IVR combina circuitos de ponta, &#8220;coragem&#8221; maci\u00e7a e constru\u00e7\u00e3o ultra-resistente para resultados espetaculares. Como incorpora um amplificador e um pr\u00e9-amplificador em um chassi, voc\u00ea pode conectar seus componentes de origem diretamente a esta unidade para obter [&hellip;]<\/p>\n","protected":false},"featured_media":2163,"template":"","meta":{"_acf_changed":false},"product_brand":[],"product_cat":[27,150,51],"product_tag":[],"class_list":{"0":"post-2167","1":"product","2":"type-product","3":"status-publish","4":"has-post-thumbnail","6":"product_cat-amplificador","7":"product_cat-denon","8":"product_cat-integrado","10":"first","11":"instock","12":"sold-individually","13":"shipping-taxable","14":"purchasable","15":"product-type-simple"},"acf":[],"aioseo_notices":[],"_links":{"self":[{"href":"https:\/\/hificlub.com.br\/loja\/wp-json\/wp\/v2\/product\/2167","targetHints":{"allow":["GET"]}}],"collection":[{"href":"https:\/\/hificlub.com.br\/loja\/wp-json\/wp\/v2\/product"}],"about":[{"href":"https:\/\/hificlub.com.br\/loja\/wp-json\/wp\/v2\/types\/product"}],"wp:featuredmedia":[{"embeddable":true,"href":"https:\/\/hificlub.com.br\/loja\/wp-json\/wp\/v2\/media\/2163"}],"wp:attachment":[{"href":"https:\/\/hificlub.com.br\/loja\/wp-json\/wp\/v2\/media?parent=2167"}],"wp:term":[{"taxonomy":"product_brand","embeddable":true,"href":"https:\/\/hificlub.com.br\/loja\/wp-json\/wp\/v2\/product_brand?post=2167"},{"taxonomy":"product_cat","embeddable":true,"href":"https:\/\/hificlub.com.br\/loja\/wp-json\/wp\/v2\/product_cat?post=2167"},{"taxonomy":"product_tag","embeddable":true,"href":"https:\/\/hificlub.com.br\/loja\/wp-json\/wp\/v2\/product_tag?post=2167"}],"curies":[{"name":"wp","href":"https:\/\/api.w.org\/{rel}","templated":true}]}}