{"id":21650,"date":"2025-05-23T17:25:33","date_gmt":"2025-05-23T20:25:33","guid":{"rendered":"https:\/\/hificlub.com.br\/loja\/?post_type=product&#038;p=21650"},"modified":"2026-03-03T22:18:04","modified_gmt":"2026-03-04T01:18:04","slug":"grado-prestige-sr60x-headphone","status":"publish","type":"product","link":"https:\/\/hificlub.com.br\/loja\/produto\/grado-prestige-sr60x-headphone\/","title":{"rendered":"GRADO PRESTIGE SR60X Headphone"},"content":{"rendered":"<p><strong>ESTADO DE CONSERVA\u00c7\u00c3O &#8211; Novo<\/strong><\/p>\n<p class=\"product-description-title\"><strong>Descri\u00e7\u00e3o<\/strong><\/p>\n<p>O fone de ouvido b\u00e1sico na linha do Brooklyn, o SR60x produz a melhor qualidade de \u00e1udio em sua faixa de pre\u00e7o e prova que o som Grado nunca est\u00e1 fora de alcance. A clareza e o alcance dos fones de ouvido Grado podem revelar novas notas e detalhes em m\u00fasicas ouvidas centenas de vezes. O driver e a carca\u00e7a trabalhando em conjunto reagem \u00e0s vibra\u00e7\u00f5es sonoras e virtualmente eliminam distor\u00e7\u00f5es transit\u00f3rias. Com cores harm\u00f4nicas, vocais encorpados e uma faixa m\u00e9dia mundialmente conhecida, o SR60x produz um som Grado facilmente obtido. Os drivers Grado de quarta gera\u00e7\u00e3o est\u00e3o aqui. Ajustado especificamente para o SR60x, este novo design de alto-falante apresenta um circuito magn\u00e9tico mais poderoso, uma bobina de voz com massa efetiva reduzida e um diafragma reconfigurado. A reengenharia desses componentes para nossos drivers de 44 mm melhora a efici\u00eancia, reduz a distor\u00e7\u00e3o e preserva a integridade harm\u00f4nica de sua m\u00fasica. Junto com os alto-falantes, os cabos e a faixa de cabe\u00e7a foram redesenhados para o SR60x. Agora alojado em um revestimento tran\u00e7ado mais dur\u00e1vel, o cabo de 4 condutores apresenta um fio de cobre super recozido para maior pureza do sinal de \u00e1udio. A nova faixa de cabe\u00e7a apresenta mais acolchoamento para uma experi\u00eancia mais confort\u00e1vel.<\/p>\n<p><strong>Grado<\/strong>\u00a0foi fundada em 1953, no Brooklyn, Nova York, por Joseph Grado, um vision\u00e1rio apaixonado por m\u00fasica e engenharia de \u00e1udio, a empresa rapidamente se tornou sin\u00f4nimo de qualidade sonora excepcional. A Grado come\u00e7ou sua trajet\u00f3ria fabricando c\u00e1psulas de fon\u00f3grafo e toca-discos de alta qualidade, estabelecendo sua reputa\u00e7\u00e3o como uma marca comprometida com a excel\u00eancia sonora. No entanto, foi na d\u00e9cada de 1990 que a empresa se destacou ainda mais com o lan\u00e7amento de sua linha de fones de ouvido. Os fones de ouvido Grado s\u00e3o conhecidos por sua constru\u00e7\u00e3o artesanal, aten\u00e7\u00e3o aos detalhes e som excepcionalmente natural e equilibrado. Uma das caracter\u00edsticas distintivas das c\u00e1psulas Grado \u00e9 o uso de materiais de alta qualidade e a precis\u00e3o na fabrica\u00e7\u00e3o. As c\u00e1psulas s\u00e3o projetadas para minimizar a distor\u00e7\u00e3o e reproduzir fielmente as nuances musicais presentes nos discos de vinil. Al\u00e9m disso, a Grado utiliza t\u00e9cnicas de bobinagem e montagem meticulosas para garantir a integridade e durabilidade de suas c\u00e1psulas.<\/p>\n<p><strong>SPECS<\/strong><\/p>\n<p>Tipo de transdutor: din\u00e2mico<br \/>\nPrinc\u00edpio de funcionamento: ao ar livre<br \/>\nResposta de frequ\u00eancia: 20-20 kHz SPL 1mW: 98<br \/>\nImped\u00e2ncia normal: 38 ohms<br \/>\nBanco de dados correspondente ao driver: .1<\/p>\n<p>&nbsp;<\/p>\n<p>&nbsp;<\/p>\n","protected":false},"excerpt":{"rendered":"<p>ESTADO DE CONSERVA\u00c7\u00c3O &#8211; Novo Descri\u00e7\u00e3o O fone de ouvido b\u00e1sico na linha do Brooklyn, o SR60x produz a melhor qualidade de \u00e1udio em sua faixa de pre\u00e7o e prova que o som Grado nunca est\u00e1 fora de alcance. A clareza e o alcance dos fones de ouvido Grado podem revelar novas notas e detalhes [&hellip;]<\/p>\n","protected":false},"featured_media":21651,"template":"","meta":{"_acf_changed":false},"product_brand":[],"product_cat":[268,263],"product_tag":[],"class_list":{"0":"post-21650","1":"product","2":"type-product","3":"status-publish","4":"has-post-thumbnail","6":"product_cat-grado","7":"product_cat-headphone","9":"first","10":"instock","11":"sold-individually","12":"shipping-taxable","13":"purchasable","14":"product-type-simple"},"acf":[],"aioseo_notices":[],"_links":{"self":[{"href":"https:\/\/hificlub.com.br\/loja\/wp-json\/wp\/v2\/product\/21650","targetHints":{"allow":["GET"]}}],"collection":[{"href":"https:\/\/hificlub.com.br\/loja\/wp-json\/wp\/v2\/product"}],"about":[{"href":"https:\/\/hificlub.com.br\/loja\/wp-json\/wp\/v2\/types\/product"}],"wp:featuredmedia":[{"embeddable":true,"href":"https:\/\/hificlub.com.br\/loja\/wp-json\/wp\/v2\/media\/21651"}],"wp:attachment":[{"href":"https:\/\/hificlub.com.br\/loja\/wp-json\/wp\/v2\/media?parent=21650"}],"wp:term":[{"taxonomy":"product_brand","embeddable":true,"href":"https:\/\/hificlub.com.br\/loja\/wp-json\/wp\/v2\/product_brand?post=21650"},{"taxonomy":"product_cat","embeddable":true,"href":"https:\/\/hificlub.com.br\/loja\/wp-json\/wp\/v2\/product_cat?post=21650"},{"taxonomy":"product_tag","embeddable":true,"href":"https:\/\/hificlub.com.br\/loja\/wp-json\/wp\/v2\/product_tag?post=21650"}],"curies":[{"name":"wp","href":"https:\/\/api.w.org\/{rel}","templated":true}]}}