{"id":21625,"date":"2025-05-22T17:20:57","date_gmt":"2025-05-22T20:20:57","guid":{"rendered":"https:\/\/hificlub.com.br\/loja\/?post_type=product&#038;p=21625"},"modified":"2026-03-13T14:50:24","modified_gmt":"2026-03-13T17:50:24","slug":"sacd-cd-player-marantz-reference-sa-10","status":"publish","type":"product","link":"https:\/\/hificlub.com.br\/loja\/produto\/sacd-cd-player-marantz-reference-sa-10\/","title":{"rendered":"MARANTZ  REFERENCE SA-10  CD SACD Player com DAC"},"content":{"rendered":"<p>&nbsp;<\/p>\n<p>O novo Marantz SA-10 \u00e9 o modelo mais recente em uma gama de jogadores de ponta que se estendem at\u00e9 o in\u00edcio do CD: no CD-63 original, lan\u00e7ado em 1983, teve o primeiro ajuste de desempenho high-end CD player, e essa experi\u00eancia continuou a ser desenvolvida ao longo de mais de 30 anos<\/p>\n<p id=\"build-3\"><strong>Constru\u00e7\u00e3o<\/strong><\/p>\n<p>D\u00ea uma olhada no interior do produto e \u00e9 dif\u00edcil n\u00e3o se impressionar com a qualidade da constru\u00e7\u00e3o e o cuidado com o layout. Tudo parece t\u00e3o limpo e organizado.<\/p>\n<p>A Marantz \u00e9 mestre em extrair o m\u00e1ximo de seus circuitos h\u00e1 muito tempo, e aqui voc\u00ea encontrar\u00e1 o uso de componentes de alta qualidade e ampla blindagem, combinados com sofisticados arranjos de fonte de alimenta\u00e7\u00e3o. Este pode ser um produto caro, mas \u00e9 \u00f3bvio para onde o dinheiro foi.<\/p>\n<p>Estamos igualmente impressionados com o gabinete. \u00c9 lindamente trabalhado, com uma sensa\u00e7\u00e3o imensamente r\u00edgida, bem amortecido e com acabamento soberbo. Este aparelho pesa pouco mais de 18 kg, o que \u00e9 mais pesado do que alguns amplificadores premium.<\/p>\n<p>Os controles do painel frontal tamb\u00e9m s\u00e3o agrad\u00e1veis \u200b\u200be a gaveta de discos desliza com gra\u00e7a \u2013 muito melhor do que os esfor\u00e7os um tanto agr\u00edcolas usados \u200b\u200bem alguns dos concorrentes.<\/p>\n<p>A Marantz inclui um controle remoto do sistema com o aparelho. Embora o controle remoto esteja repleto de bot\u00f5es, ainda \u00e9 agrad\u00e1vel de segurar e usar. Este aparelho \u00e9 muito mais luxuoso do que a maioria dos que vemos fornecidos com produtos de alta qualidade.<\/p>\n<p id=\"features-3\"><strong>Caracter\u00edticas<\/strong><\/p>\n<p>O SA-10 \u00e9 um reprodutor de SACD\/CD de refer\u00eancia, desenvolvido para reproduzir toda a profundidade e detalhes de qualquer grava\u00e7\u00e3o e proporcionar uma experi\u00eancia auditiva verdadeiramente sofisticada.<\/p>\n<ul>\n<li>Fabricado em Shirakawa, Jap\u00e3o<\/li>\n<li>Suporte a SACD, CD e DVD<\/li>\n<li>HDAM exclusivo<\/li>\n<li>DAC Marantz Musical Mastering<\/li>\n<\/ul>\n<p><strong>SPECS<\/strong><\/p>\n<ul>\n<li>Super Audio CD player com DAC USB e entradas digitais<\/li>\n<li>Todo novo mecanismo de transporte SACD-M3 para CD, Super Audio CD e mais<\/li>\n<li>Reprodu\u00e7\u00e3o de compila\u00e7\u00f5es de \u00e1udio de alta resolu\u00e7\u00e3o em DVD-ROM<\/li>\n<li>Entrada USB para \u00e1udio de alta resolu\u00e7\u00e3o para PCM \/ DXD 384kHz \/ 32bit e DSD11.2MHz<\/li>\n<li>Isolamento de entradas USB e digitais para remover o ru\u00eddo das fontes conectadas<\/li>\n<li>Expans\u00e3o inovadora para o DSD e filtragem usando a tecnologia Marantz Musical Mastering \u2013 Stream exclusiva<\/li>\n<li>Todo novo novo design personalizado de 1 bit Marantz Musical Mastering \u2013 Convers\u00e3o de DSD para anal\u00f3gico<\/li>\n<li>Etapa de sa\u00edda anal\u00f3gica de alta qualidade com HDAMs Marantz<\/li>\n<li>Fonte de alimenta\u00e7\u00e3o generosa usando transformador toroidal<\/li>\n<li>Amplificador de fone de ouvido dedicado com constru\u00e7\u00e3o totalmente discreta<\/li>\n<\/ul>\n<p>O novo Marantz SA-10 \u00e9 o modelo mais recente em uma gama de jogadores de ponta que se estendem at\u00e9 o in\u00edcio do CD: no CD-63 original, lan\u00e7ado em 1983, teve o primeiro ajuste de desempenho high-end CD player, e essa experi\u00eancia continuou a ser desenvolvida ao longo de mais de 30 anos. O SA-10 \u00e9 projetado para estabelecer novos padr\u00f5es, seja com m\u00fasica em disco ou conte\u00fado transmitido a partir de um computador, e se tornar a Nova Refer\u00eancia em \u00e1udio digital.Para conseguir isso, o SA-10 \u00e9 um design completamente novo, aproveitando toda essa experi\u00eancia na cria\u00e7\u00e3o de jogadores de grande som, mas com praticamente todas as partes redesenhadas. Isso envolveu tanto a inova\u00e7\u00e3o quanto um pensamento \u00fanico, tudo na causa de obter o melhor desempenho poss\u00edvel em uma ampla gama de formatos de \u00e1udio digital. O novo modelo \u00e9 um jogador excepcional de discos CD e SACD, mas tamb\u00e9m pode reproduzir m\u00fasica de alta resolu\u00e7\u00e3o armazenada em discos queimados por computador, al\u00e9m de ser um conversor digital-anal\u00f3gico high-end para m\u00fasica armazenada em computador.A partir do \u00fanico transporte exclusivo de disco projetado para este jogador at\u00e9 um completo repensar a forma como os dados de \u00e1udio digital s\u00e3o convertidos em sinais anal\u00f3gicos, o SA-10 \u00e9 um design de \u201cfolha limpa\u201d, resultado de pesquisa e desenvolvimento minucioso e Escuta extensiva nas instala\u00e7\u00f5es de audi\u00e7\u00e3o customizadas de Marantz. Isso \u00e9 sintom\u00e1tico da maneira como Marantz sempre fez coisas: enquanto sempre busca a solu\u00e7\u00e3o de engenharia mais elegante, o teste de escuta \u00e9 sempre o \u00e1rbitro final. Tudo isso tem a ver com essa frase simples que atravessa o cora\u00e7\u00e3o de tudo o que a empresa faz: \u2018Because Music Matters\u2019.Come\u00e7a com o disco<\/p>\n<p>Come\u00e7a com o disco Se joga SA-CD ou CD, ou discos de dados contendo m\u00fasica, \u00e9 vital que qualquer jogador obtenha a informa\u00e7\u00e3o com a maior precis\u00e3o poss\u00edvel: ao contr\u00e1rio de um computador que l\u00ea um disco para rasgar, n\u00e3o h\u00e1 tempo para re-scans repetidos ao reproduzir m\u00fasica \u2013 acontece Em tempo real, de modo que o transporte de disco precisa arrumar as coisas pela primeira vez.<\/p>\n<p>Muitos reprodutores modernos de CD e SACD usam unidades de disco de DVD ou \u201cuniversais\u201d de estilo computador, simplesmente porque \u00e9 cada vez mais dif\u00edcil para os fabricantes originar \u201cunidades de m\u00fasica\u201d dedicadas, projetadas exclusivamente para reprodu\u00e7\u00e3o de SACD \/ CD.<\/p>\n<p>A solu\u00e7\u00e3o Marantz? Se voc\u00ea n\u00e3o pode compr\u00e1-lo na prateleira, projet\u00e1-lo e faz\u00ea-lo: no cora\u00e7\u00e3o do SA-10 \u00e9 um novo mecanismo de transporte SACD-M3, projetado exclusivamente para o melhor desempenho poss\u00edvel ao jogar CDs SA, CDs e m\u00fasica armazenados em discos de dados.Al\u00e9m disso, esse novo mecanismo promete a melhor qualidade de som dos discos convencionais de CD e SA-CD, sua capacidade estendida com a reprodu\u00e7\u00e3o de arquivos de m\u00fasica armazenados em discos de DVD-ROM permite que os usu\u00e1rios criem sua pr\u00f3pria compila\u00e7\u00e3o de \u00e1udio de alta resolu\u00e7\u00e3o Usando um gravador de DVD de computador. O SA-10 pode reproduzir arquivos FLAC de 32kHz a 192kHz em resolu\u00e7\u00e3o de at\u00e9 24 bits e DSD64 e DSD128, bem como arquivos ALAC (Apple Lossless), AIFF e MP3. Isso significa que fazer e jogar compila\u00e7\u00f5es de disco de alta resolu\u00e7\u00e3o agora \u00e9 t\u00e3o simples quanto sempre foi fazer tais discos na qualidade do CD.CDs, SA-CDs e al\u00e9m<br \/>\nCome\u00e7a com o disco<\/p>\n<p>No entanto, o SA-10 vai muito al\u00e9m da reprodu\u00e7\u00e3o de disco: tamb\u00e9m \u00e9 um conversor digital-anal\u00f3gico totalmente funcional para m\u00fasica armazenada em um computador dom\u00e9stico, al\u00e9m de ter entradas digitais convencionais para componentes de origem existentes.<\/p>\n<p>Essas entradas convencionais \u2013 \u00f3pticas e coaxiais \u2013 podem lidar com arquivos de at\u00e9 192kHz \/ 24 bits, mas, al\u00e9m disso, a se\u00e7\u00e3o de entrada digital do jogador inclui uma entrada ass\u00edncrona USB-B para conex\u00e3o direta de um computador e isso \u00e9 compat\u00edvel com m\u00fasica PCM e DXD Arquivos em at\u00e9 384kHz \/ 32 bits, bem como DSD64, DSD128 e DSD256.Isso significa que o SA-10 n\u00e3o est\u00e1 apenas equipado para lidar com todos os formatos de \u00e1udio de alta resolu\u00e7\u00e3o comummente dispon\u00edveis vendidos pelos revendedores on-line, mas tamb\u00e9m os arquivos de alta resolu\u00e7\u00e3o que est\u00e3o dispon\u00edveis a partir de v\u00e1rios r\u00f3tulos e sa\u00eddas de especialistas. Em outras palavras, o novo jogador \u00e9 totalmente \u00e0 prova de futuro.<\/p>\n<p>Al\u00e9m disso, a se\u00e7\u00e3o de entrada digital est\u00e1 completamente isolada, para evitar qualquer ru\u00eddo el\u00e9trico dos componentes conectados \u2013 um problema espec\u00edfico quando os computadores s\u00e3o usados ??como fonte \u2013 de encontrar o caminho para o caminho do sinal.Mais do que apenas um DAC<br \/>\nOs reprodutores de CD (e, de fato, os amplificadores) com DACs incorporados, utiliz\u00e1veis ??para o \u00e1udio do computador, n\u00e3o s\u00e3o nada novos, e tampouco a capacidade DSD em tais dispositivos. Na verdade, a gama Marantz j\u00e1 possui v\u00e1rios modelos CD \/ SA-CD assim equipados.<\/p>\n<p>No entanto, o SA-10 leva as coisas mais longe \u2013 assim como ele possui um mecanismo de transporte de disco totalmente novo, de modo que a convers\u00e3o digital para anal\u00f3gica tamb\u00e9m foi sujeita a uma repensa\u00e7\u00e3o radical, aproveitando ao m\u00e1ximo a tecnologia de convers\u00e3o de 1 bit encontrada no passado Principais jogadores da Marantz e incorporando uma nova filtragem e convers\u00e3o para tirar proveito desta solu\u00e7\u00e3o simples, mas elegante.Marantz Musical Mastering:<\/p>\n<p><strong>MMM-Stream e MMM-Convers\u00e3o<\/strong><br \/>\nMMM O DSD est\u00e1 no centro da forma como o SA-10 lida com o \u00e1udio digital: as entradas PCM e DXD s\u00e3o convertidas em convers\u00e3o para DSD a 11,2MHz usando o conversor MMM-Stream propriet\u00e1rio dentro do player e, em seguida, o sinal de alta freq\u00fc\u00eancia produzido \u00e9 processado por O \u00fanico est\u00e1gio MMM-Convers\u00e3o, usado no lugar de um DAC convencional, para produzir a sa\u00edda anal\u00f3gica.<\/p>\n<p>A se\u00e7\u00e3o MMM-Stream do processo substitui os filtros de sobreamostragem normalmente utilizados na convers\u00e3o digital para anal\u00f3gica e permite a implementa\u00e7\u00e3o da filtragem Marantz Musical Mastering. Esses filtros \u2013 um que oferece uma resposta de impulso lento e muito curto, o outro que oferece a op\u00e7\u00e3o de um roll-off m\u00e9dio com pr\u00e9-toque curto e mais tempo p\u00f3s-toque \u2013 s\u00e3o essencialmente os mesmos encontrados no Marantz SA- 11 jogadores de disco e reprodutor de m\u00fasica de rede NA-11, mas aqui s\u00e3o implementados com uma taxa de superampling muito maior, gra\u00e7as a uma convers\u00e3o ascendente para o DSD11.2.Na verdade, dois rel\u00f3gios do sistema s\u00e3o usados, para garantir a convers\u00e3o precisa mais precisa do sinal de entrada, seja do disco ou das entradas digitais: os 44,1 kHz do CD e seus m\u00faltiplos \u2013 88,2 kHz, 176,4 kHz e assim por diante \u2013 s\u00e3o subestimados Para 11.2896MHz, enquanto 48kHz e seus m\u00faltiplos s\u00e3o levados at\u00e9 12.288MHz. Isso \u00e9 feito para uma precis\u00e3o m\u00e1xima e, para evitar qualquer necessidade de convers\u00e3o da taxa de amostragem, o sistema deve ter que converter, digamos, \u00e1udio de 192kHz para DSD11.2.Al\u00e9m disso, toda essa convers\u00e3o agora \u00e9 feita no processamento de sinal digital com precis\u00e3o de ponto flutuante de 32 bits, em vez do m\u00e9todo inteiro de 24 bits usado em tais sistemas no passado.FiltragemCombinando isso com a redu\u00e7\u00e3o para um sinal de 1 bit logo ap\u00f3s o filtro de sobreamostragem e Sigma Delta Modulation permitir que um sinal padr\u00e3o DSD puro seja passado para a se\u00e7\u00e3o de convers\u00e3o sob a forma de um fluxo de pulsos de alta freq\u00fc\u00eancia, exigindo apenas um Filtro passa-baixa de alta qualidade para remover todas as altas frequ\u00eancias sup\u00e9rfluas e passar o \u00e1udio mais puro poss\u00edvel para o est\u00e1gio de sa\u00edda do jogador.Ent\u00e3o, por que desenvolver tudo isso em casa? A equipe de engenharia da Marantz diz que, como sempre, as extensas sess\u00f5es de escuta deram os seguintes motivos: \u201cEncontramos grandes diferen\u00e7as de qualidade de som quando os sinais PCM foram convertidos para DSD fora de um DAC convencional e depois alimentados na entrada DSD do DAC convencional. A conclus\u00e3o de nossa descoberta foi que, para melhor qualidade de som, temos que fazer a convers\u00e3o n\u00f3s mesmos.\u201dEsta experi\u00eancia nos levou a avaliar todo o tipo de estruturas SDM e otimizar isso para alcan\u00e7ar a melhor qualidade de som\u201d.O mesmo pensamento informou o design do pr\u00f3prio filtro DSD-to-analogue, que alimenta os conhecidos M\u00f3dulos de Amplificador Din\u00e2mico HDAM da Marantz no est\u00e1gio de sa\u00edda, aqui utilizados na configura\u00e7\u00e3o diferencial dupla para uma qualidade de som ideal.HDAMDa mesma forma, at\u00e9 mesmo a sa\u00edda de fone de ouvido no player \u00e9 otimizada: como os HDAMs, \u00e9 constru\u00edda inteiramente a partir de componentes discretos, ao inv\u00e9s de usar uma tecnologia mais simples de \u201cchip em chip\u201d, para obter a melhor qualidade de som.Constru\u00eddo para executar<\/p>\n<p>Como o amplificador integrado PM-10 de parceria, o SA-10 \u00e9 constru\u00eddo de acordo com os padr\u00f5es mais altos poss\u00edveis , com um chassi revestido de cobre de duas camadas para rejei\u00e7\u00e3o excelente de interfer\u00eancias mec\u00e2nicas e el\u00e9tricas e trabalho de caixa constru\u00eddo a partir de pain\u00e9is de alum\u00ednio n\u00e3o magn\u00e9ticos e Tampa superior de 5 mm de espessura. Ambos os produtos tamb\u00e9m se sentam em p\u00e9s de alum\u00ednio fundido.ChassisIsso pode parecer muito complexo, bem como deixar claro o quanto o trabalho tem ido ao design deste jogador, mas, em ess\u00eancia, no cora\u00e7\u00e3o do SA-10, \u00e9 uma solu\u00e7\u00e3o digital-anal\u00f3gica t\u00e3o elegante quanto \u00c9 inovador e desenvolvido pela equipe de engenharia da Marantz por um motivo muito simples:\u201dPorque a m\u00fasica importa\u201d<\/p>\n<p><strong>Geral<\/strong><\/p>\n<ul class=\"specifications-list d-block\" aria-hidden=\"true\">\n<li>Cores dispon\u00edveis Dourado \/ Prata \/ Preto \/ Prata-Dourado: Sim \/ N\u00e3o \/ Sim \/ N\u00e3o<\/li>\n<li>Painel Frontal Met\u00e1lico: Sim<\/li>\n<li>Controle Remoto: RC004PMSA<\/li>\n<li>Consumo de Energia em W: 50<\/li>\n<li>Consumo em Standby em W: 0,3<\/li>\n<li>Desligamento Autom\u00e1tico: Sim<\/li>\n<li>Cabo de Alimenta\u00e7\u00e3o Destac\u00e1vel: Sim<\/li>\n<li>Dimens\u00f5es M\u00e1ximas (L x P x A) em mm: 440 x 419 x 127<\/li>\n<li>Peso em kg: 18,4<\/li>\n<\/ul>\n","protected":false},"excerpt":{"rendered":"<p>&nbsp; O novo Marantz SA-10 \u00e9 o modelo mais recente em uma gama de jogadores de ponta que se estendem at\u00e9 o in\u00edcio do CD: no CD-63 original, lan\u00e7ado em 1983, teve o primeiro ajuste de desempenho high-end CD player, e essa experi\u00eancia continuou a ser desenvolvida ao longo de mais de 30 anos Constru\u00e7\u00e3o [&hellip;]<\/p>\n","protected":false},"featured_media":21626,"template":"","meta":{"_acf_changed":false},"product_brand":[],"product_cat":[42,41,92],"product_tag":[],"class_list":{"0":"post-21625","1":"product","2":"type-product","3":"status-publish","4":"has-post-thumbnail","6":"product_cat-cd-players","7":"product_cat-digital","8":"product_cat-marantz","10":"first","11":"instock","12":"sold-individually","13":"shipping-taxable","14":"purchasable","15":"product-type-simple"},"acf":[],"aioseo_notices":[],"_links":{"self":[{"href":"https:\/\/hificlub.com.br\/loja\/wp-json\/wp\/v2\/product\/21625","targetHints":{"allow":["GET"]}}],"collection":[{"href":"https:\/\/hificlub.com.br\/loja\/wp-json\/wp\/v2\/product"}],"about":[{"href":"https:\/\/hificlub.com.br\/loja\/wp-json\/wp\/v2\/types\/product"}],"wp:featuredmedia":[{"embeddable":true,"href":"https:\/\/hificlub.com.br\/loja\/wp-json\/wp\/v2\/media\/21626"}],"wp:attachment":[{"href":"https:\/\/hificlub.com.br\/loja\/wp-json\/wp\/v2\/media?parent=21625"}],"wp:term":[{"taxonomy":"product_brand","embeddable":true,"href":"https:\/\/hificlub.com.br\/loja\/wp-json\/wp\/v2\/product_brand?post=21625"},{"taxonomy":"product_cat","embeddable":true,"href":"https:\/\/hificlub.com.br\/loja\/wp-json\/wp\/v2\/product_cat?post=21625"},{"taxonomy":"product_tag","embeddable":true,"href":"https:\/\/hificlub.com.br\/loja\/wp-json\/wp\/v2\/product_tag?post=21625"}],"curies":[{"name":"wp","href":"https:\/\/api.w.org\/{rel}","templated":true}]}}