{"id":21592,"date":"2025-05-22T10:14:47","date_gmt":"2025-05-22T13:14:47","guid":{"rendered":"https:\/\/hificlub.com.br\/loja\/?post_type=product&#038;p=21592"},"modified":"2026-03-03T22:18:05","modified_gmt":"2026-03-04T01:18:05","slug":"vinyl-cleaner-pro-x","status":"publish","type":"product","link":"https:\/\/hificlub.com.br\/loja\/produto\/vinyl-cleaner-pro-x\/","title":{"rendered":"AUDIO DESK VINYL CLEANER PRO X  Maquina de Lavar Vinil Ultrassonico"},"content":{"rendered":"<p><strong>ESTADO DE CONSERVA\u00c7\u00c3O &#8211; Novo<\/strong><\/p>\n<p>VINYL CLEANER PRO X \u00e9 um dispositivo de limpeza de discos extremamente f\u00e1cil de usar, com um processo de limpeza \u00famida totalmente automatizado e suave, baseado em um banho ultrass\u00f4nico, cilindros de limpeza em contra-rota\u00e7\u00e3o e um processo de secagem separado. Este m\u00e9todo de limpeza, amplamente testado, garante a qualidade sonora ideal para todos os discos de vinil.<br \/>\nDesde 2018, o VINYL CLEANER PRO X inclui um dispositivo adicional para uso com o Kit \u00danico de 7&#8243; opcional, que permite a limpeza eficaz de discos de vinil de 7&#8243;.<\/p>\n<p><strong>F\u00e1cil manuseio<\/strong><br \/>\nInsira o disco nos cilindros da abertura e pressione o bot\u00e3o START. Ap\u00f3s aproximadamente 5 minutos, um sinal sonoro soa &#8211; ambos os lados do LP est\u00e3o limpos e o disco pode ser removido!<\/p>\n<p><strong>Processo de limpeza totalmente autom\u00e1tico<\/strong><br \/>\nO VINYL CLEANER PRO X opera de forma totalmente autom\u00e1tica e n\u00e3o requer supervis\u00e3o. Voc\u00ea pode realizar outras atividades durante esse tempo.<\/p>\n<p><strong>Princ\u00edpios de opera\u00e7\u00e3o<\/strong><br \/>\nNa limpeza ultrass\u00f4nica, uma membrana faz o l\u00edquido de limpeza oscilar fortemente. Isso cria uma forma\u00e7\u00e3o definida de bolhas no l\u00edquido. Ap\u00f3s um curto per\u00edodo de tempo, as bolhas implodem, liberando uma quantidade extremamente grande de energia &#8211; a sujeira na superf\u00edcie e nas ranhuras \u00e9 literalmente &#8220;expelida&#8221;. Ao mesmo tempo, ambos os lados do disco s\u00e3o limpos por dois cilindros de microfibra em contra-rota\u00e7\u00e3o. Esses cilindros, acionados por rodas em contra-rota\u00e7\u00e3o, removem a sujeira grossa e a movem para o l\u00edquido de limpeza, removendo-a da superf\u00edcie do disco.<\/p>\n<p><strong>Filtragem do l\u00edquido de limpeza<\/strong><br \/>\nNa inicializa\u00e7\u00e3o, o l\u00edquido de limpeza \u00e9 bombeado para a c\u00e2mara de lavagem. Ap\u00f3s cada ciclo de limpeza, o l\u00edquido de limpeza retorna ao tanque de armazenamento atrav\u00e9s de um filtro que coleta a sujeira.<\/p>\n<p><strong>Processo de secagem<\/strong><br \/>\nAo final do programa de limpeza, o processo de secagem ocorre automaticamente. Durante esse processo, o disco \u00e9 suavemente seco ao ar por um ventilador e, em seguida, para remo\u00e7\u00e3o, \u00e9 levemente enxaguado.<\/p>\n<p><strong>SPECS<\/strong><\/p>\n<p>Capacidade de \u00e1gua: 4,5 L<\/p>\n<p>Quantidade de concentrado de limpeza: 20 ml por uso<\/p>\n<p>Ciclo de limpeza: 5 minutos<\/p>\n<p>Peso (vazia): 5,5 kg<\/p>\n<p>Dimens\u00f5es: 33 cm (L) x 20 cm (P) x 27 cm (A)<\/p>\n","protected":false},"excerpt":{"rendered":"<p>ESTADO DE CONSERVA\u00c7\u00c3O &#8211; Novo VINYL CLEANER PRO X \u00e9 um dispositivo de limpeza de discos extremamente f\u00e1cil de usar, com um processo de limpeza \u00famida totalmente automatizado e suave, baseado em um banho ultrass\u00f4nico, cilindros de limpeza em contra-rota\u00e7\u00e3o e um processo de secagem separado. Este m\u00e9todo de limpeza, amplamente testado, garante a qualidade [&hellip;]<\/p>\n","protected":false},"featured_media":21593,"template":"","meta":{"_acf_changed":false},"product_brand":[],"product_cat":[169,78,288],"product_tag":[],"class_list":{"0":"post-21592","1":"product","2":"type-product","3":"status-publish","4":"has-post-thumbnail","6":"product_cat-acessorios-analogico-audio","7":"product_cat-analogico-audio","8":"product_cat-audiodesk","10":"first","11":"instock","12":"sold-individually","13":"shipping-taxable","14":"purchasable","15":"product-type-simple"},"acf":[],"aioseo_notices":[],"_links":{"self":[{"href":"https:\/\/hificlub.com.br\/loja\/wp-json\/wp\/v2\/product\/21592","targetHints":{"allow":["GET"]}}],"collection":[{"href":"https:\/\/hificlub.com.br\/loja\/wp-json\/wp\/v2\/product"}],"about":[{"href":"https:\/\/hificlub.com.br\/loja\/wp-json\/wp\/v2\/types\/product"}],"wp:featuredmedia":[{"embeddable":true,"href":"https:\/\/hificlub.com.br\/loja\/wp-json\/wp\/v2\/media\/21593"}],"wp:attachment":[{"href":"https:\/\/hificlub.com.br\/loja\/wp-json\/wp\/v2\/media?parent=21592"}],"wp:term":[{"taxonomy":"product_brand","embeddable":true,"href":"https:\/\/hificlub.com.br\/loja\/wp-json\/wp\/v2\/product_brand?post=21592"},{"taxonomy":"product_cat","embeddable":true,"href":"https:\/\/hificlub.com.br\/loja\/wp-json\/wp\/v2\/product_cat?post=21592"},{"taxonomy":"product_tag","embeddable":true,"href":"https:\/\/hificlub.com.br\/loja\/wp-json\/wp\/v2\/product_tag?post=21592"}],"curies":[{"name":"wp","href":"https:\/\/api.w.org\/{rel}","templated":true}]}}