{"id":21553,"date":"2025-05-21T18:40:24","date_gmt":"2025-05-21T21:40:24","guid":{"rendered":"https:\/\/hificlub.com.br\/loja\/?post_type=product&#038;p=21553"},"modified":"2026-03-03T22:18:05","modified_gmt":"2026-03-04T01:18:05","slug":"koetsu-rosewood-signature","status":"publish","type":"product","link":"https:\/\/hificlub.com.br\/loja\/produto\/koetsu-rosewood-signature\/","title":{"rendered":"Koetsu Rosewood Signature Capsula MC"},"content":{"rendered":"<p>O Koetsu Rosewood \u00e9 um pilar na hist\u00f3ria da reprodu\u00e7\u00e3o anal\u00f3gica de alto desempenho. Selecionando cuidadosamente materiais de alt\u00edssima pureza e pe\u00e7as envelhecidas para um desempenho ideal, Sugano-san criou um cartucho que recria m\u00fasica real e vibrante, extra\u00edda dos sulcos da sua cole\u00e7\u00e3o de discos.<\/p>\n<p>O Rosewood Signature utiliza os conjuntos de bobinas e n\u00facleos mais bem combinados, oferecendo foco mais preciso e um palco sonoro mais amplo do que o Rosewood Standard.<\/p>\n<p>\u201cOuvir o Rosewood Signature era uma experi\u00eancia viciante. Tornou-se dif\u00edcil interromper uma sess\u00e3o de audi\u00e7\u00e3o, pois sempre havia um \u00e1lbum a mais para eu tocar. \u00c9 o cartucho com o qual eu poderia viver feliz por muitos anos. Esta \u00e9 uma das recomenda\u00e7\u00f5es mais f\u00e1ceis que j\u00e1 fiz; em ess\u00eancia, um presente para o amante da m\u00fasica que gostaria de relaxar no final de um longo dia e simplesmente curtir a m\u00fasica. Acho que era isso que Sugano-san tinha em mente o tempo todo.\u201d<\/p>\n<p>Dick Olsher<br \/>\nO Som Absoluto<br \/>\n#295, Julho\/Agosto de 2019<br \/>\nAssinatura em Rosewood<\/p>\n<p><strong>SPECS<\/strong><\/p>\n<p>Corpo em Rosewood Natural<\/p>\n<p>Fia\u00e7\u00e3o em Cobre<\/p>\n<p>\u00cdm\u00e3 Permendur<\/p>\n<p>Cantilever de Boro<\/p>\n<p>Sa\u00edda de 0,4 mV<\/p>\n<p>Peso L\u00edquido de 9,18 g<\/p>\n<p>For\u00e7a de Rastreamento Recomendada: 1,8-2,0 g<\/p>\n<p>Carga Recomendada: 75-500 ohms<\/p>\n","protected":false},"excerpt":{"rendered":"<p>O Koetsu Rosewood \u00e9 um pilar na hist\u00f3ria da reprodu\u00e7\u00e3o anal\u00f3gica de alto desempenho. Selecionando cuidadosamente materiais de alt\u00edssima pureza e pe\u00e7as envelhecidas para um desempenho ideal, Sugano-san criou um cartucho que recria m\u00fasica real e vibrante, extra\u00edda dos sulcos da sua cole\u00e7\u00e3o de discos. O Rosewood Signature utiliza os conjuntos de bobinas e n\u00facleos [&hellip;]<\/p>\n","protected":false},"featured_media":21554,"template":"","meta":{"_acf_changed":false},"product_brand":[],"product_cat":[78,99,260],"product_tag":[],"class_list":{"0":"post-21553","1":"product","2":"type-product","3":"status-publish","4":"has-post-thumbnail","6":"product_cat-analogico-audio","7":"product_cat-capsulas","8":"product_cat-koetsu","10":"first","11":"instock","12":"sold-individually","13":"shipping-taxable","14":"purchasable","15":"product-type-simple"},"acf":[],"aioseo_notices":[],"_links":{"self":[{"href":"https:\/\/hificlub.com.br\/loja\/wp-json\/wp\/v2\/product\/21553","targetHints":{"allow":["GET"]}}],"collection":[{"href":"https:\/\/hificlub.com.br\/loja\/wp-json\/wp\/v2\/product"}],"about":[{"href":"https:\/\/hificlub.com.br\/loja\/wp-json\/wp\/v2\/types\/product"}],"wp:featuredmedia":[{"embeddable":true,"href":"https:\/\/hificlub.com.br\/loja\/wp-json\/wp\/v2\/media\/21554"}],"wp:attachment":[{"href":"https:\/\/hificlub.com.br\/loja\/wp-json\/wp\/v2\/media?parent=21553"}],"wp:term":[{"taxonomy":"product_brand","embeddable":true,"href":"https:\/\/hificlub.com.br\/loja\/wp-json\/wp\/v2\/product_brand?post=21553"},{"taxonomy":"product_cat","embeddable":true,"href":"https:\/\/hificlub.com.br\/loja\/wp-json\/wp\/v2\/product_cat?post=21553"},{"taxonomy":"product_tag","embeddable":true,"href":"https:\/\/hificlub.com.br\/loja\/wp-json\/wp\/v2\/product_tag?post=21553"}],"curies":[{"name":"wp","href":"https:\/\/api.w.org\/{rel}","templated":true}]}}