{"id":21542,"date":"2025-05-21T17:32:22","date_gmt":"2025-05-21T20:32:22","guid":{"rendered":"https:\/\/hificlub.com.br\/loja\/?post_type=product&#038;p=21542"},"modified":"2026-03-03T22:18:06","modified_gmt":"2026-03-04T01:18:06","slug":"koetsu-urushi-wajima","status":"publish","type":"product","link":"https:\/\/hificlub.com.br\/loja\/produto\/koetsu-urushi-wajima\/","title":{"rendered":"Koetsu Urushi Wajima Capsula MC"},"content":{"rendered":"<p><strong>ESTADO DE CONSERVA\u00c7\u00c3O &#8211; Novo<\/strong><\/p>\n<p>A arte japonesa do Urushi \u00e9 uma tradi\u00e7\u00e3o que remonta a 10.000 anos. Esta laca natural \u00e9 obtida da seiva c\u00e1ustica das \u00e1rvores nativas de Urushi. O Urushi \u00e9 aplicado pelas m\u00e3os de artes\u00e3os japoneses selecionados. Ap\u00f3s a cura, a laca endurece ao redor do corpo de jacarand\u00e1 natural, alterando sua frequ\u00eancia de resson\u00e2ncia.<\/p>\n<p>Todos os modelos Koetsu Urushi utilizam bobinas de cobre de alt\u00edssima pureza revestidas de prata. Esse processo envolve uma bainha de prata que \u00e9 lentamente aplicada sobre o cobre.<\/p>\n<p>Muitos dizem que o corpo Urushi dos Koetsus oferece uma assinatura sonora ainda mais emocionante em compara\u00e7\u00e3o com os modelos de jacarand\u00e1 padr\u00e3o.<\/p>\n<p>&#8220;A m\u00fasica era t\u00e3o cativante e envolvente que o tempo se tornou irrelevante e a m\u00fasica era tudo.&#8221; 10Audio.com<\/p>\n<p><strong>SPECS<\/strong><\/p>\n<p>Corpo em Jacarand\u00e1 Laqueado Urushi<\/p>\n<p>Fia\u00e7\u00e3o em Cobre com Banho de Prata<\/p>\n<p>\u00cdm\u00e3 Permendur<\/p>\n<p>Cantilever de Boro<\/p>\n<p>Sa\u00edda de 0,4 mV<\/p>\n<p>Peso L\u00edquido de 9,37 g<\/p>\n<p>For\u00e7a de Rastreamento Recomendada: 1,8-2,0 g<\/p>\n<p>Carga Recomendada: 75-500 ohms<\/p>\n","protected":false},"excerpt":{"rendered":"<p>ESTADO DE CONSERVA\u00c7\u00c3O &#8211; Novo A arte japonesa do Urushi \u00e9 uma tradi\u00e7\u00e3o que remonta a 10.000 anos. Esta laca natural \u00e9 obtida da seiva c\u00e1ustica das \u00e1rvores nativas de Urushi. O Urushi \u00e9 aplicado pelas m\u00e3os de artes\u00e3os japoneses selecionados. Ap\u00f3s a cura, a laca endurece ao redor do corpo de jacarand\u00e1 natural, alterando [&hellip;]<\/p>\n","protected":false},"featured_media":21543,"template":"","meta":{"_acf_changed":false},"product_brand":[],"product_cat":[78,99,260],"product_tag":[],"class_list":{"0":"post-21542","1":"product","2":"type-product","3":"status-publish","4":"has-post-thumbnail","6":"product_cat-analogico-audio","7":"product_cat-capsulas","8":"product_cat-koetsu","10":"first","11":"instock","12":"sold-individually","13":"shipping-taxable","14":"purchasable","15":"product-type-simple"},"acf":[],"aioseo_notices":[],"_links":{"self":[{"href":"https:\/\/hificlub.com.br\/loja\/wp-json\/wp\/v2\/product\/21542","targetHints":{"allow":["GET"]}}],"collection":[{"href":"https:\/\/hificlub.com.br\/loja\/wp-json\/wp\/v2\/product"}],"about":[{"href":"https:\/\/hificlub.com.br\/loja\/wp-json\/wp\/v2\/types\/product"}],"wp:featuredmedia":[{"embeddable":true,"href":"https:\/\/hificlub.com.br\/loja\/wp-json\/wp\/v2\/media\/21543"}],"wp:attachment":[{"href":"https:\/\/hificlub.com.br\/loja\/wp-json\/wp\/v2\/media?parent=21542"}],"wp:term":[{"taxonomy":"product_brand","embeddable":true,"href":"https:\/\/hificlub.com.br\/loja\/wp-json\/wp\/v2\/product_brand?post=21542"},{"taxonomy":"product_cat","embeddable":true,"href":"https:\/\/hificlub.com.br\/loja\/wp-json\/wp\/v2\/product_cat?post=21542"},{"taxonomy":"product_tag","embeddable":true,"href":"https:\/\/hificlub.com.br\/loja\/wp-json\/wp\/v2\/product_tag?post=21542"}],"curies":[{"name":"wp","href":"https:\/\/api.w.org\/{rel}","templated":true}]}}