{"id":21538,"date":"2025-05-21T17:23:54","date_gmt":"2025-05-21T20:23:54","guid":{"rendered":"https:\/\/hificlub.com.br\/loja\/?post_type=product&#038;p=21538"},"modified":"2026-03-03T22:18:06","modified_gmt":"2026-03-04T01:18:06","slug":"koetsu-black-goldline","status":"publish","type":"product","link":"https:\/\/hificlub.com.br\/loja\/produto\/koetsu-black-goldline\/","title":{"rendered":"Koetsu Black Goldline Capsula MC"},"content":{"rendered":"<p><strong>ESTADO DE CONSERVA\u00c7\u00c3O &#8211; Novo<\/strong><\/p>\n<p>Para muitos, a jornada com a Koetsu come\u00e7a com a Black Goldline. Embora seja a Koetsu mais acess\u00edvel, ela n\u00e3o sacrifica o que a torna especial. A Black Goldline utiliza muitas das mesmas pe\u00e7as dos modelos mais sofisticados, resultando em musicalidade e magia sem esfor\u00e7o.<\/p>\n<p>&#8220;Dos clarinetes na abertura ao acorde final profundamente texturizado do primeiro movimento, a performance da Koetsu foi imposs\u00edvel de ignorar: n\u00e3o se tratava apenas de um som bonito no lugar da m\u00fasica, mas sim de um som como parte da m\u00fasica.&#8221; Art Dudley, Stereophile<a class=\"page-title-action\" href=\"https:\/\/hificlub.com.br\/loja\/wp-admin\/post-new.php?post_type=product\">Adicionar novo produto<\/a><\/p>\n<p>&#8220;O que realmente me cativa ao ouvir esta c\u00e1psula de bobina m\u00f3vel \u00e9 seu realismo abrangente, musicalidade, clareza e som amplo e aberto.&#8221;<\/p>\n<p>Michael Corsentino, Feedback Positivo<\/p>\n<p><strong>SPECS<\/strong><\/p>\n<p>Corpo de Alum\u00ednio Anodizado<\/p>\n<p>Fia\u00e7\u00e3o da Bobina de Cobre<\/p>\n<p>\u00cdm\u00e3 de Sam\u00e1rio e Cobalto<\/p>\n<p>Cantilever de Boro<\/p>\n<p>Sa\u00edda de 0,4 mV<\/p>\n<p>Peso L\u00edquido de 10,2 g<\/p>\n<p>For\u00e7a de Rastreamento Recomendada: 1,8-2,0 g<\/p>\n<p>Carga Recomendada: 75-500 ohms<\/p>\n","protected":false},"excerpt":{"rendered":"<p>ESTADO DE CONSERVA\u00c7\u00c3O &#8211; Novo Para muitos, a jornada com a Koetsu come\u00e7a com a Black Goldline. Embora seja a Koetsu mais acess\u00edvel, ela n\u00e3o sacrifica o que a torna especial. A Black Goldline utiliza muitas das mesmas pe\u00e7as dos modelos mais sofisticados, resultando em musicalidade e magia sem esfor\u00e7o. &#8220;Dos clarinetes na abertura ao [&hellip;]<\/p>\n","protected":false},"featured_media":21539,"template":"","meta":{"_acf_changed":false},"product_brand":[],"product_cat":[78,99,260],"product_tag":[],"class_list":{"0":"post-21538","1":"product","2":"type-product","3":"status-publish","4":"has-post-thumbnail","6":"product_cat-analogico-audio","7":"product_cat-capsulas","8":"product_cat-koetsu","10":"first","11":"instock","12":"sold-individually","13":"shipping-taxable","14":"purchasable","15":"product-type-simple"},"acf":[],"aioseo_notices":[],"_links":{"self":[{"href":"https:\/\/hificlub.com.br\/loja\/wp-json\/wp\/v2\/product\/21538","targetHints":{"allow":["GET"]}}],"collection":[{"href":"https:\/\/hificlub.com.br\/loja\/wp-json\/wp\/v2\/product"}],"about":[{"href":"https:\/\/hificlub.com.br\/loja\/wp-json\/wp\/v2\/types\/product"}],"wp:featuredmedia":[{"embeddable":true,"href":"https:\/\/hificlub.com.br\/loja\/wp-json\/wp\/v2\/media\/21539"}],"wp:attachment":[{"href":"https:\/\/hificlub.com.br\/loja\/wp-json\/wp\/v2\/media?parent=21538"}],"wp:term":[{"taxonomy":"product_brand","embeddable":true,"href":"https:\/\/hificlub.com.br\/loja\/wp-json\/wp\/v2\/product_brand?post=21538"},{"taxonomy":"product_cat","embeddable":true,"href":"https:\/\/hificlub.com.br\/loja\/wp-json\/wp\/v2\/product_cat?post=21538"},{"taxonomy":"product_tag","embeddable":true,"href":"https:\/\/hificlub.com.br\/loja\/wp-json\/wp\/v2\/product_tag?post=21538"}],"curies":[{"name":"wp","href":"https:\/\/api.w.org\/{rel}","templated":true}]}}