{"id":21527,"date":"2025-05-21T12:38:54","date_gmt":"2025-05-21T15:38:54","guid":{"rendered":"https:\/\/hificlub.com.br\/loja\/?post_type=product&#038;p=21527"},"modified":"2026-03-03T22:18:06","modified_gmt":"2026-03-04T01:18:06","slug":"koetsu-urushi-vermilion","status":"publish","type":"product","link":"https:\/\/hificlub.com.br\/loja\/produto\/koetsu-urushi-vermilion\/","title":{"rendered":"Koetsu Urushi Vermilion Capsula MC"},"content":{"rendered":"<p>A arte japonesa do Urushi \u00e9 uma tradi\u00e7\u00e3o que remonta a 10.000 anos. Esta laca natural \u00e9 obtida da seiva c\u00e1ustica das \u00e1rvores ind\u00edgenas Urushi. O Urushi \u00e9 aplicado pelas m\u00e3os de artes\u00e3os japoneses selecionados. Uma vez curada, a laca endurece ao redor do corpo de jacarand\u00e1 natural, alterando sua frequ\u00eancia de resson\u00e2ncia.<\/p>\n<p>Todos os modelos Koetsu Urushi utilizam bobinas de cobre de alt\u00edssima pureza revestidas de prata. Esse processo envolve uma bainha de prata sendo lentamente passada sobre o cobre. No entanto, o Urushi Vermillion utiliza uma combina\u00e7\u00e3o \u00fanica de fios de prata e cobre, com menos voltas do que outros modelos Urushi, resultando em menor massa e sa\u00edda. Sonoramente, o Vermillion \u00e9 o Urushi com som mais r\u00e1pido e detalhado.<\/p>\n<p>Muitos dizem que o corpo Urushi Koetsus oferece uma assinatura sonora ainda mais emocionante em compara\u00e7\u00e3o com os modelos de jacarand\u00e1 padr\u00e3o.<\/p>\n<p>&#8220;A m\u00fasica era t\u00e3o cativante e envolvente que o tempo se tornou irrelevante e a m\u00fasica era tudo.&#8221; 10Audio.com<\/p>\n<p><strong>SPECS<\/strong><\/p>\n<p>Corpo em Jacarand\u00e1 Laqueado Urushi<\/p>\n<p>Bobina Dupla &#8211; Fia\u00e7\u00e3o em Prata\/Cobre<\/p>\n<p>\u00cdm\u00e3 Permendur<\/p>\n<p>Cantilever de Boro<\/p>\n<p>Sa\u00edda de 0,2 mV<\/p>\n<p>Peso L\u00edquido de 9 g<\/p>\n<p>For\u00e7a de Rastreamento Recomendada: 1,8-2,0 g<\/p>\n<p>Carga Recomendada: 50-500 ohms<\/p>\n<p>&nbsp;<\/p>\n<p>&nbsp;<\/p>\n","protected":false},"excerpt":{"rendered":"<p>A arte japonesa do Urushi \u00e9 uma tradi\u00e7\u00e3o que remonta a 10.000 anos. Esta laca natural \u00e9 obtida da seiva c\u00e1ustica das \u00e1rvores ind\u00edgenas Urushi. O Urushi \u00e9 aplicado pelas m\u00e3os de artes\u00e3os japoneses selecionados. Uma vez curada, a laca endurece ao redor do corpo de jacarand\u00e1 natural, alterando sua frequ\u00eancia de resson\u00e2ncia. Todos os [&hellip;]<\/p>\n","protected":false},"featured_media":21531,"template":"","meta":{"_acf_changed":false},"product_brand":[],"product_cat":[78,99,260,168],"product_tag":[],"class_list":{"0":"post-21527","1":"product","2":"type-product","3":"status-publish","4":"has-post-thumbnail","6":"product_cat-analogico-audio","7":"product_cat-capsulas","8":"product_cat-koetsu","9":"product_cat-marcas","11":"first","12":"instock","13":"sold-individually","14":"shipping-taxable","15":"purchasable","16":"product-type-simple"},"acf":[],"aioseo_notices":[],"_links":{"self":[{"href":"https:\/\/hificlub.com.br\/loja\/wp-json\/wp\/v2\/product\/21527","targetHints":{"allow":["GET"]}}],"collection":[{"href":"https:\/\/hificlub.com.br\/loja\/wp-json\/wp\/v2\/product"}],"about":[{"href":"https:\/\/hificlub.com.br\/loja\/wp-json\/wp\/v2\/types\/product"}],"wp:featuredmedia":[{"embeddable":true,"href":"https:\/\/hificlub.com.br\/loja\/wp-json\/wp\/v2\/media\/21531"}],"wp:attachment":[{"href":"https:\/\/hificlub.com.br\/loja\/wp-json\/wp\/v2\/media?parent=21527"}],"wp:term":[{"taxonomy":"product_brand","embeddable":true,"href":"https:\/\/hificlub.com.br\/loja\/wp-json\/wp\/v2\/product_brand?post=21527"},{"taxonomy":"product_cat","embeddable":true,"href":"https:\/\/hificlub.com.br\/loja\/wp-json\/wp\/v2\/product_cat?post=21527"},{"taxonomy":"product_tag","embeddable":true,"href":"https:\/\/hificlub.com.br\/loja\/wp-json\/wp\/v2\/product_tag?post=21527"}],"curies":[{"name":"wp","href":"https:\/\/api.w.org\/{rel}","templated":true}]}}