{"id":21493,"date":"2025-05-21T06:17:02","date_gmt":"2025-05-21T09:17:02","guid":{"rendered":"https:\/\/hificlub.com.br\/loja\/?post_type=product&#038;p=21493"},"modified":"2025-10-05T21:28:38","modified_gmt":"2025-10-06T00:28:38","slug":"bw-lcr60-s3-caixa-central","status":"publish","type":"product","link":"https:\/\/hificlub.com.br\/loja\/produto\/bw-lcr60-s3-caixa-central\/","title":{"rendered":"B&#038;W LCR60 S3 Caixa Central"},"content":{"rendered":"<p>Os modelos LCR, como todas as caixas ac\u00fasticas destinadas ao uso no canal central, s\u00e3o blindadas magneticamente para evitar distor\u00e7\u00e3o da imagem da televis\u00e3o. Esse recurso \u00e9 essencial caso voc\u00ea precise montar a caixa ac\u00fastica frontal esquerda ou direita perto da televis\u00e3o. Normalmente, a orienta\u00e7\u00e3o horizontal \u00e9 usada em aplica\u00e7\u00f5es com caixa ac\u00fastica central, onde o perfil baixo se encaixa bem em cima ou diretamente abaixo de uma televis\u00e3o, ou se voc\u00ea precisar suspender a caixa ac\u00fastica inclinada para baixo no teto. Os drivers duplos de 130 mm (5,5 pol.) permitem que a LCR60 S3 corresponda \u00e0 capacidade de sa\u00edda dos modelos menores da linha.<\/p>\n<p><strong>SPECS<\/strong><\/p>\n<p>Descri\u00e7\u00e3o: Sistema central com caixa ventilada de 2,5 vias<br \/>\nFaixa de frequ\u00eancia (-6 dB): 55 Hz e 42 kHz<br \/>\nPot\u00eancia: 120 W em 8 \u03a9<br \/>\nSensibilidade: 88 dB spl (2,83 V, 1 m)<\/p>\n<p>Imped\u00e2ncia: 8 \u03a9 (m\u00ednimo 3,0 \u03a9)<br \/>\nDimens\u00f5es: A 175 mm L 460 mm P 305 mm<br \/>\nA 17,5 cm L 47,5 cm P 30,5 cm<br \/>\nPeso: 9 kg \/ 19,8 lbs<\/p>\n<p>&nbsp;<\/p>\n","protected":false},"excerpt":{"rendered":"<p>Os modelos LCR, como todas as caixas ac\u00fasticas destinadas ao uso no canal central, s\u00e3o blindadas magneticamente para evitar distor\u00e7\u00e3o da imagem da televis\u00e3o. Esse recurso \u00e9 essencial caso voc\u00ea precise montar a caixa ac\u00fastica frontal esquerda ou direita perto da televis\u00e3o. Normalmente, a orienta\u00e7\u00e3o horizontal \u00e9 usada em aplica\u00e7\u00f5es com caixa ac\u00fastica central, onde [&hellip;]<\/p>\n","protected":false},"featured_media":22404,"template":"","meta":{"_acf_changed":false},"product_brand":[],"product_cat":[19,35,17,168],"product_tag":[],"class_list":{"0":"post-21493","1":"product","2":"type-product","3":"status-publish","4":"has-post-thumbnail","6":"product_cat-bw","7":"product_cat-caixas-centrais","8":"product_cat-caixas","9":"product_cat-marcas","11":"first","12":"instock","13":"sold-individually","14":"shipping-taxable","15":"purchasable","16":"product-type-simple"},"acf":[],"aioseo_notices":[],"_links":{"self":[{"href":"https:\/\/hificlub.com.br\/loja\/wp-json\/wp\/v2\/product\/21493","targetHints":{"allow":["GET"]}}],"collection":[{"href":"https:\/\/hificlub.com.br\/loja\/wp-json\/wp\/v2\/product"}],"about":[{"href":"https:\/\/hificlub.com.br\/loja\/wp-json\/wp\/v2\/types\/product"}],"wp:featuredmedia":[{"embeddable":true,"href":"https:\/\/hificlub.com.br\/loja\/wp-json\/wp\/v2\/media\/22404"}],"wp:attachment":[{"href":"https:\/\/hificlub.com.br\/loja\/wp-json\/wp\/v2\/media?parent=21493"}],"wp:term":[{"taxonomy":"product_brand","embeddable":true,"href":"https:\/\/hificlub.com.br\/loja\/wp-json\/wp\/v2\/product_brand?post=21493"},{"taxonomy":"product_cat","embeddable":true,"href":"https:\/\/hificlub.com.br\/loja\/wp-json\/wp\/v2\/product_cat?post=21493"},{"taxonomy":"product_tag","embeddable":true,"href":"https:\/\/hificlub.com.br\/loja\/wp-json\/wp\/v2\/product_tag?post=21493"}],"curies":[{"name":"wp","href":"https:\/\/api.w.org\/{rel}","templated":true}]}}