{"id":21462,"date":"2025-05-16T15:29:35","date_gmt":"2025-05-16T18:29:35","guid":{"rendered":"https:\/\/hificlub.com.br\/loja\/?post_type=product&#038;p=21462"},"modified":"2025-11-12T21:53:35","modified_gmt":"2025-11-13T00:53:35","slug":"panasonic-pt-ar-100u","status":"publish","type":"product","link":"https:\/\/hificlub.com.br\/loja\/produto\/panasonic-pt-ar-100u\/","title":{"rendered":"PANASONIC PT-AR-100U &#8211; Projetor LCD Full HD, Resolu\u00e7\u00e3o Nativa 1920 x 1080 Pixels, 2800 Lumens"},"content":{"rendered":"<div class=\"productDescription_UbV5SNP5Eo\" data-selenium=\"overviewLongDescription\">\n<div class=\"js-injected-html text_UbV5SNP5Eo\">\n<p>O Projetor <strong>Full HD PT-AR100U<\/strong> produz imagens brilhantes e n\u00edtidas utilizando uma nova l\u00e2mpada vermelha de alta pot\u00eancia de 280 W e uma unidade \u00f3ptica que, combinadas, geram 2.800 l\u00famens de brilho para uma visualiza\u00e7\u00e3o confort\u00e1vel em diversas condi\u00e7\u00f5es de ilumina\u00e7\u00e3o.<\/p>\n<p>Juntamente com 2.800 l\u00famens de brilho, a tecnologia Light Harmonizer 3 da Panasonic auxilia no uso vers\u00e1til do projetor, ajustando automaticamente a qualidade da imagem para corresponder \u00e0s condi\u00e7\u00f5es da sala de estar ou do cinema. Isso \u00e9 poss\u00edvel gra\u00e7as \u00e0 utiliza\u00e7\u00e3o de sensores de luz ambiente e cor integrados que ajustam o balan\u00e7o de branco, a curva gama e as configura\u00e7\u00f5es de nitidez para manter imagens brilhantes e n\u00edtidas que se adaptam ao ambiente de visualiza\u00e7\u00e3o.<\/p>\n<p>O circuito de processamento digital de imagens proporciona maior clareza e nitidez aos detalhes, reproduzindo nuances finas que foram perdidas devido \u00e0 compress\u00e3o da imagem. Ap\u00f3s uma an\u00e1lise bidimensional da frequ\u00eancia do sinal de v\u00eddeo em cada cena, o novo circuito otimiza a nitidez de cada por\u00e7\u00e3o da imagem com base nas informa\u00e7\u00f5es extra\u00eddas.<\/p>\n<p>O PT-AR100 possui dois terminais de entrada HDMI para transmiss\u00e3o digital sem degrada\u00e7\u00e3o da imagem. Os terminais de entrada HDMI tamb\u00e9m suportam Deep Color e o espa\u00e7o de cores x.v.Color do padr\u00e3o 1.3. O Deep Color oferece profundidades de cor de 10 bits (mais de 1,07 bilh\u00e3o) e 12 bits (mais de 68,7 bilh\u00f5es) para uma grada\u00e7\u00e3o suave entre as cores, enquanto a compatibilidade com x.v.Color reproduz imagens naturais e realistas.<\/p>\n<p><strong>Lente com Zoom \u00d3ptico 2x e Amplo Alcance de Deslocamento da Lente<\/strong><\/p>\n<p>A lente com zoom \u00f3tico 2x oferece um amplo alcance de proje\u00e7\u00e3o, e a imagem pode ser deslocada \u00b165% verticalmente e \u00b126% horizontalmente. Este excelente n\u00edvel de flexibilidade de configura\u00e7\u00e3o permite que voc\u00ea desfrute de uma visualiza\u00e7\u00e3o em tela grande em salas de diferentes tamanhos. Posicione-o sobre uma mesa \u00e0 sua frente, pendure-o no teto ou coloque-o em uma estante atr\u00e1s de voc\u00ea.<\/p>\n<p><strong>HDMI com x.v.Color e Deep Color<\/strong><\/p>\n<p>O PT-AR100 possui dois terminais de entrada HDMI para transmiss\u00e3o digital sem degrada\u00e7\u00e3o da imagem. Os terminais de entrada HDMI tamb\u00e9m suportam Deep Color e o espa\u00e7o de cores x.v.Color do padr\u00e3o 1.3. O Deep Color oferece profundidades de cor de 10 bits (mais de 1,07 bilh\u00e3o) e 12 bits (mais de 68,7 bilh\u00f5es) para uma grada\u00e7\u00e3o suave entre as cores, enquanto a compatibilidade com x.v.Color reproduz imagens naturais e realistas.<\/p>\n<p><strong>Disparador Program\u00e1vel de 12 V para Configura\u00e7\u00e3o Automatizada de Cinema<\/strong><\/p>\n<p>Dois disparadores de 12 V s\u00e3o fornecidos. Como a entrada e a sa\u00edda podem ser configuradas independentemente (selecion\u00e1veis por menu), elas podem ser conectadas de forma flex\u00edvel a telas, luzes de ambiente e cortinas el\u00e9tricas.<\/p>\n<p><strong>VIERA Link<\/strong><\/p>\n<p>O PT-AR100 suporta VIERA Link. Se o seu sistema de home theater tiver equipamentos compat\u00edveis com VIERA Link, a proje\u00e7\u00e3o pode ser iniciada usando apenas o controle remoto do PT-AR100, independentemente de a fonte ser um disco Blu-ray ou um programa de TV armazenado em um gravador HD. Isso elimina a necessidade de lidar com v\u00e1rios controles remotos.<\/p>\n<p><strong>Bot\u00e3o de Fun\u00e7\u00e3o para Recupera\u00e7\u00e3o Instant\u00e2nea<\/strong><\/p>\n<p>Uma fun\u00e7\u00e3o usada com frequ\u00eancia pode ser atribu\u00edda ao bot\u00e3o de fun\u00e7\u00e3o localizado no controle remoto para recupera\u00e7\u00e3o instant\u00e2nea.<\/p>\n<p><strong>Fun\u00e7\u00f5es de Gerenciamento Ecol\u00f3gico<\/strong><\/p>\n<p>Diversas fun\u00e7\u00f5es s\u00e3o fornecidas para reduzir o consumo de energia. Elas ajustam o brilho de acordo com as condi\u00e7\u00f5es de luz ambiente e reduzem a pot\u00eancia da l\u00e2mpada quando n\u00e3o h\u00e1 sinal de entrada ou o projetor est\u00e1 no modo AV sem \u00e1udio. Voc\u00ea pode configurar facilmente as fun\u00e7\u00f5es de gerenciamento ecol\u00f3gico de acordo com as condi\u00e7\u00f5es de opera\u00e7\u00e3o usando o bot\u00e3o eco no controle remoto.<\/p>\n<p><strong>Controle Inteligente de Pot\u00eancia da L\u00e2mpada com Economia de Energia<\/strong><\/p>\n<p>O circuito digital avan\u00e7ado da Panasonic determina de forma inteligente a pot\u00eancia necess\u00e1ria da l\u00e2mpada, dependendo do conte\u00fado exibido, analisando mais de 3 bilh\u00f5es de padr\u00f5es de imagem diferentes. Este processo avan\u00e7ado de an\u00e1lise reduz o consumo de energia principal em at\u00e9 10% quando a fun\u00e7\u00e3o Dynamic Iris Pro est\u00e1 em opera\u00e7\u00e3o, economizando energia.<\/p>\n<p><strong>Ciclo de Substitui\u00e7\u00e3o da L\u00e2mpada de At\u00e9 3000 Horas e Manuten\u00e7\u00e3o Simples<\/strong><\/p>\n<p>O sistema de acionamento da l\u00e2mpada patenteado da Panasonic ajuda a manter o desempenho da l\u00e2mpada, resultando em um ciclo de substitui\u00e7\u00e3o de at\u00e9 3000 horas. Para facilitar a manuten\u00e7\u00e3o, voc\u00ea pode substituir o filtro de p\u00f3 pela lateral e a l\u00e2mpada pela parte superior do projetor. O filtro e a l\u00e2mpada s\u00e3o facilmente substitu\u00eddos, mesmo ap\u00f3s a instala\u00e7\u00e3o do PT-AR100 no teto.<\/p>\n<p><strong>O Cinema Color Management Premium permite um controle flex\u00edvel das cores<\/strong><\/p>\n<p>Este sistema de corre\u00e7\u00e3o de cores permite o controle livre das cores em dois modos diferentes. O modo de corre\u00e7\u00e3o de cores por ponto permite selecionar um ponto na imagem e ajustar essa cor sem afetar as cores vizinhas. O modo de corre\u00e7\u00e3o de seis cores permite o ajuste independente de vermelho, verde, azul, ciano, magenta e amarelo.<\/p>\n<p><strong>Fun\u00e7\u00e3o Avan\u00e7ada de Ajuste Gama<\/strong><\/p>\n<p>A curva gama pode ser controlada de forma flex\u00edvel, permitindo uma calibra\u00e7\u00e3o precisa de acordo com a fonte do sinal e o ambiente. O brilho (Y), R, G e B podem ser ajustados em qualquer um dos nove pontos. As posi\u00e7\u00f5es dos pontos de ajuste podem ser deslocadas horizontalmente e verticalmente para atingir o n\u00edvel de grada\u00e7\u00e3o desejado.<\/p>\n<p><strong>Modo de Ajuste Dividido para F\u00e1cil Ajuste da Imagem<\/strong><\/p>\n<p>Voc\u00ea pode congelar qualquer cena que desejar e, em seguida, fazer ajustes enquanto compara facilmente.<\/p>\n<\/div>\n<\/div>\n<p>&nbsp;<\/p>\n<p><a href=\"https:\/\/www-projectorcentral-com.translate.goog\/Panasonic-PT-AR100U.htm?_x_tr_sl=en&amp;_x_tr_tl=pt&amp;_x_tr_hl=pt&amp;_x_tr_pto=tc\" target=\"_blank\" rel=\"noopener\"><img loading=\"lazy\" decoding=\"async\" class=\"alignnone wp-image-24098\" src=\"https:\/\/hificlub.com.br\/loja\/wp-content\/uploads\/2025\/05\/Projetor-Central-award.jpg\" alt=\"\" width=\"326\" height=\"136\" srcset=\"https:\/\/hificlub.com.br\/loja\/wp-content\/uploads\/2025\/05\/Projetor-Central-award.jpg 305w, https:\/\/hificlub.com.br\/loja\/wp-content\/uploads\/2025\/05\/Projetor-Central-award-300x125.jpg 300w\" sizes=\"auto, (max-width: 326px) 100vw, 326px\" \/><\/a>\u00a0 \u00a0 <a href=\"https:\/\/www-projectorcentral-com.translate.goog\/Panasonic-PT-AR100U.htm?_x_tr_sl=en&amp;_x_tr_tl=pt&amp;_x_tr_hl=pt&amp;_x_tr_pto=tc\" target=\"_blank\" rel=\"noopener\"><img loading=\"lazy\" decoding=\"async\" class=\"alignnone wp-image-24099\" src=\"https:\/\/hificlub.com.br\/loja\/wp-content\/uploads\/2025\/05\/Projetor-Central-award-2.jpg\" alt=\"\" width=\"179\" height=\"128\" \/><\/a><\/p>\n<div><\/div>\n<div class=\"feature_UbV5SNP5Eo\">\n<div class=\"feature_UbV5SNP5Eo\">\n<div>\n<div class=\"title_PCPNqBQRJv\"><\/div>\n<div class=\"group_fDXOr6EpR9\"><\/div>\n<\/div>\n<\/div>\n<\/div>\n","protected":false},"excerpt":{"rendered":"<p>O Projetor Full HD PT-AR100U produz imagens brilhantes e n\u00edtidas utilizando uma nova l\u00e2mpada vermelha de alta pot\u00eancia de 280 W e uma unidade \u00f3ptica que, combinadas, geram 2.800 l\u00famens de brilho para uma visualiza\u00e7\u00e3o confort\u00e1vel em diversas condi\u00e7\u00f5es de ilumina\u00e7\u00e3o. Juntamente com 2.800 l\u00famens de brilho, a tecnologia Light Harmonizer 3 da Panasonic auxilia [&hellip;]<\/p>\n","protected":false},"featured_media":27439,"template":"","meta":{"_acf_changed":false},"product_brand":[],"product_cat":[258,86,259,85],"product_tag":[],"class_list":{"0":"post-21462","1":"product","2":"type-product","3":"status-publish","4":"has-post-thumbnail","6":"product_cat-panasonic","7":"product_cat-projetor","8":"product_cat-projetor-2","9":"product_cat-video","11":"first","12":"instock","13":"sold-individually","14":"shipping-taxable","15":"purchasable","16":"product-type-simple"},"acf":[],"aioseo_notices":[],"_links":{"self":[{"href":"https:\/\/hificlub.com.br\/loja\/wp-json\/wp\/v2\/product\/21462","targetHints":{"allow":["GET"]}}],"collection":[{"href":"https:\/\/hificlub.com.br\/loja\/wp-json\/wp\/v2\/product"}],"about":[{"href":"https:\/\/hificlub.com.br\/loja\/wp-json\/wp\/v2\/types\/product"}],"wp:featuredmedia":[{"embeddable":true,"href":"https:\/\/hificlub.com.br\/loja\/wp-json\/wp\/v2\/media\/27439"}],"wp:attachment":[{"href":"https:\/\/hificlub.com.br\/loja\/wp-json\/wp\/v2\/media?parent=21462"}],"wp:term":[{"taxonomy":"product_brand","embeddable":true,"href":"https:\/\/hificlub.com.br\/loja\/wp-json\/wp\/v2\/product_brand?post=21462"},{"taxonomy":"product_cat","embeddable":true,"href":"https:\/\/hificlub.com.br\/loja\/wp-json\/wp\/v2\/product_cat?post=21462"},{"taxonomy":"product_tag","embeddable":true,"href":"https:\/\/hificlub.com.br\/loja\/wp-json\/wp\/v2\/product_tag?post=21462"}],"curies":[{"name":"wp","href":"https:\/\/api.w.org\/{rel}","templated":true}]}}