{"id":21407,"date":"2025-05-10T05:30:06","date_gmt":"2025-05-10T08:30:06","guid":{"rendered":"https:\/\/hificlub.com.br\/loja\/?post_type=product&#038;p=21407"},"modified":"2025-05-26T19:46:51","modified_gmt":"2025-05-26T22:46:51","slug":"mcintosh-ms500-music-streamer-e-server","status":"publish","type":"product","link":"https:\/\/hificlub.com.br\/loja\/produto\/mcintosh-ms500-music-streamer-e-server\/","title":{"rendered":"MCINTOSH MS500 Music Streamer"},"content":{"rendered":"<p>O sofisticado e f\u00e1cil de usar MS500 Music Streamer integra perfeitamente suas m\u00fasicas transmitidas pela internet e m\u00fasicas digitais armazenadas localmente em um \u00fanico dispositivo completo. Ele permite que sua biblioteca digital seja apreciada com os lend\u00e1rios padr\u00f5es de \u00e1udio da McIntosh \u2013 incluindo arquivos descompactados e sem perdas com resolu\u00e7\u00e3o de at\u00e9 24 bits\/192 kHz.<\/p>\n<p>Com todo o seu armazenamento interno e recursos de conex\u00e3o externa, o MS500 pode facilmente servir como um hub central para todas as suas m\u00fasicas digitais. A porta de rede de alta velocidade conecta voc\u00ea aos principais servi\u00e7os de streaming, como Deezer, Murfie, Pandora\u00ae, Rhapsody\u00ae, SiriusXM\u00ae, Slacker, Spotify\u00ae, TIDAL e TuneIn (servi\u00e7os sujeitos a altera\u00e7\u00f5es). As interfaces para esses servi\u00e7os s\u00e3o integradas ao MS500, colocando todas as suas m\u00fasicas em streaming na ponta dos dedos. Esta\u00e7\u00f5es de r\u00e1dio da Internet tamb\u00e9m podem ser adicionadas como predefini\u00e7\u00f5es. Tr\u00eas portas USB permitem a conex\u00e3o de dispositivos de armazenamento em massa externos ou pen drives.<\/p>\n<p>O MS500 funciona de forma ultrassilenciosa gra\u00e7as a dois recursos principais. Primeiro, a m\u00fasica local e o sistema operacional s\u00e3o armazenados em uma unidade de estado s\u00f3lido (SSD) dur\u00e1vel de 500 GB, sem partes m\u00f3veis que criem ru\u00eddo; segundo, um processador sem ventoinha, combinado com ventila\u00e7\u00e3o aprimorada, significa que ventoinhas de resfriamento barulhentas n\u00e3o s\u00e3o necess\u00e1rias. A combina\u00e7\u00e3o desses dois fatores resulta na aus\u00eancia de ru\u00eddo para interferir na sua audi\u00e7\u00e3o de m\u00fasica.<\/p>\n<p>O MS500 pode sincronizar automaticamente o conte\u00fado armazenado em seus computadores em rede, tornando-o facilmente acess\u00edvel e reproduz\u00edvel. Todo o seu conte\u00fado pode ser salvo no Amazon Cloud Drive, Apple iCloud ou Google Drive. Isso tamb\u00e9m permite que suas m\u00fasicas sejam sincronizadas em v\u00e1rias resid\u00eancias ou locais quando um MS500 estiver instalado em cada local. Novas compras de m\u00fasicas de qualquer um desses servi\u00e7os de nuvem podem ser adicionadas automaticamente \u00e0 sua biblioteca para facilitar a reprodu\u00e7\u00e3o.<\/p>\n<p>Um conjunto de sa\u00eddas anal\u00f3gicas balanceadas e n\u00e3o balanceadas, al\u00e9m de duas sa\u00eddas digitais, conectam o MS500 ao seu pr\u00e9-amplificador, amplificador integrado ou outros componentes de \u00e1udio. O conversor digital-anal\u00f3gico (DAC) de alta qualidade do MS500 \u00e9 isolado da placa-m\u00e3e, garantindo que sua m\u00fasica seja reproduzida com extrema precis\u00e3o e eleg\u00e2ncia ao usar qualquer uma das sa\u00eddas anal\u00f3gicas. Qualquer uma das portas USB tamb\u00e9m pode ser usada para conectar um componente externo com um DAC integrado \u2013 incluindo produtos McIntosh selecionados; utilizando este DAC externo, uma zona de \u00e1udio independente adicional pode ser criada.<\/p>\n<p>O MS500 utiliza um sistema operacional baseado em Linux que proporciona estabilidade e \u00e9 extremamente responsivo \u00e0s entradas do usu\u00e1rio. Ele \u00e9 operado atrav\u00e9s do controle remoto incluso, de um navegador web ou de aplicativos gratuitos para dispositivos iPhone, iPad ou Android. A unidade \u00e9 compat\u00edvel com diversos sistemas de automa\u00e7\u00e3o residencial populares, permitindo f\u00e1cil integra\u00e7\u00e3o \u00e0 sua configura\u00e7\u00e3o atual. O painel frontal de vidro preto atemporal, o logotipo iluminado e as tampas de alum\u00ednio fazem do MS500 uma adi\u00e7\u00e3o bem-vinda a qualquer sistema de \u00e1udio e decora\u00e7\u00e3o de ambiente.<\/p>\n<p>O MS500 Music Streamer \u00e9 equipado com tecnologia Autonomic.<\/p>\n<p>ESPECIFICA\u00c7\u00d5ES<br \/>\nDistor\u00e7\u00e3o Harm\u00f4nica Total: 0,005%<br \/>\nResposta de frequ\u00eancia: 2 Hz a 22.000 Hz<br \/>\nTens\u00e3o m\u00e1xima de sa\u00edda (balanceada\/desbalanceada): 4\/2 V RMS<br \/>\nRela\u00e7\u00e3o sinal-ru\u00eddo: 102dB<br \/>\nImped\u00e2ncia de sa\u00edda: 600 ohms desbalanceada e balanceada<br \/>\nFaixa din\u00e2mica: 96dB<br \/>\nEntrada desbalanceada: 0<br \/>\nSa\u00eddas Desbalanceadas: 1<br \/>\nSa\u00eddas Balanceadas: 1<br \/>\nEntrada coaxial digital: 0<br \/>\nSa\u00edda coaxial digital: 1<br \/>\nEntrada \u00f3ptica digital: 0<br \/>\nSa\u00edda \u00f3ptica digital: 1<br \/>\nEntrada USB digital: 3 (2 USB 2.0 \/ 1 USB 3.0)<br \/>\nSa\u00edda de \u00e1udio USB digital: 3 (apenas 1 pode ser usado por vez)<br \/>\nConex\u00e3o de rede: 1 (10\/100\/1000)<br \/>\nSa\u00edda DVI: 0<br \/>\nSa\u00edda HDMI: 1 (somente para GUI)<br \/>\nSa\u00edda VGA: 1 (somente para GUI)<br \/>\nEntrada eSata: 0<br \/>\nFormato de entrada digital: N\/A<br \/>\nTaxa de amostragem de entrada digital: N\/A<br \/>\nFormato de sa\u00edda digital: SPDIF (PCM)<br \/>\nTaxa de amostragem de sa\u00edda digital: at\u00e9 24 bits\/192 kHz<br \/>\nEntrada de controle de pot\u00eancia: 1<br \/>\nSa\u00edda de controle de pot\u00eancia: 1<br \/>\nEntrada de dados do painel traseiro: 1<br \/>\nEntrada do sensor infravermelho do painel traseiro: 1<br \/>\nDimens\u00f5es (L x A x P): 44,45 cm (17,5&#8243;) x 9,8 cm (3-7\/8&#8243;) x 40,64 cm (16&#8243;)<br \/>\nPeso: 13,5 lbs (6,1 kg) L\u00edquido; 28 lbs (12,7 kg) Envio<\/p>\n","protected":false},"excerpt":{"rendered":"<p>O sofisticado e f\u00e1cil de usar MS500 Music Streamer integra perfeitamente suas m\u00fasicas transmitidas pela internet e m\u00fasicas digitais armazenadas localmente em um \u00fanico dispositivo completo. Ele permite que sua biblioteca digital seja apreciada com os lend\u00e1rios padr\u00f5es de \u00e1udio da McIntosh \u2013 incluindo arquivos descompactados e sem perdas com resolu\u00e7\u00e3o de at\u00e9 24 bits\/192 [&hellip;]<\/p>\n","protected":false},"featured_media":21411,"template":"","meta":{"_acf_changed":false},"product_brand":[],"product_cat":[41,39,142],"product_tag":[],"class_list":{"0":"post-21407","1":"product","2":"type-product","3":"status-publish","4":"has-post-thumbnail","6":"product_cat-digital","7":"product_cat-mcintosh","8":"product_cat-streamers","10":"first","11":"instock","12":"sold-individually","13":"shipping-taxable","14":"purchasable","15":"product-type-simple"},"acf":[],"aioseo_notices":[],"_links":{"self":[{"href":"https:\/\/hificlub.com.br\/loja\/wp-json\/wp\/v2\/product\/21407","targetHints":{"allow":["GET"]}}],"collection":[{"href":"https:\/\/hificlub.com.br\/loja\/wp-json\/wp\/v2\/product"}],"about":[{"href":"https:\/\/hificlub.com.br\/loja\/wp-json\/wp\/v2\/types\/product"}],"wp:featuredmedia":[{"embeddable":true,"href":"https:\/\/hificlub.com.br\/loja\/wp-json\/wp\/v2\/media\/21411"}],"wp:attachment":[{"href":"https:\/\/hificlub.com.br\/loja\/wp-json\/wp\/v2\/media?parent=21407"}],"wp:term":[{"taxonomy":"product_brand","embeddable":true,"href":"https:\/\/hificlub.com.br\/loja\/wp-json\/wp\/v2\/product_brand?post=21407"},{"taxonomy":"product_cat","embeddable":true,"href":"https:\/\/hificlub.com.br\/loja\/wp-json\/wp\/v2\/product_cat?post=21407"},{"taxonomy":"product_tag","embeddable":true,"href":"https:\/\/hificlub.com.br\/loja\/wp-json\/wp\/v2\/product_tag?post=21407"}],"curies":[{"name":"wp","href":"https:\/\/api.w.org\/{rel}","templated":true}]}}