{"id":21269,"date":"2025-05-03T05:51:18","date_gmt":"2025-05-03T08:51:18","guid":{"rendered":"https:\/\/hificlub.com.br\/loja\/?post_type=product&#038;p=21269"},"modified":"2025-05-26T19:51:57","modified_gmt":"2025-05-26T22:51:57","slug":"roksan-k3-dac","status":"publish","type":"product","link":"https:\/\/hificlub.com.br\/loja\/produto\/roksan-k3-dac\/","title":{"rendered":"ROKSAN K3 DAC"},"content":{"rendered":"<p>Projeto DAC Roksan K3<br \/>\nO K3 \u00e9 um excelente hub digital para audi\u00f3filos, com um chip DAC DSD1794A de alta qualidade da Texas Instruments. Este \u00e9 o cora\u00e7\u00e3o do DAC. O chip lida com PCM para 24 bits e 192 kHz e fluxos DSD gra\u00e7as ao jitter m\u00ednimo do clock. As entradas incluem uma entrada XLR e uma entrada coaxial, bem como uma entrada \u00f3ptica e duas entradas USB B, uma na parte traseira e uma convenientemente na parte frontal. O DAC Roksan K3 tamb\u00e9m apresenta sua nova conex\u00e3o sem fio K Link, que \u00e9 realmente muito boa. O dongle para o seu laptop permite streaming com qualidade de CD no estilo laptop. H\u00e1 tamb\u00e9m uma op\u00e7\u00e3o de transmissor sem fio anal\u00f3gico \u00e0 qual n\u00e3o tive acesso; isso presumivelmente pegar\u00e1 uma fonte de n\u00edvel de linha e a conectar\u00e1 sem fio ao DAC, um toca-discos, por exemplo.<\/p>\n<p>A sa\u00edda anal\u00f3gica \u00e9 para duas linhas RCA phono, al\u00e9m de uma sa\u00edda XLR. No geral, um design bonito e funcional, com a facilidade de uso como prioridade.<\/p>\n<p>Qualidade do DAC Roksan K3<br \/>\nA este pre\u00e7o, a qualidade \u00e9 padr\u00e3o e, com o painel frontal com acabamento manual combinando com o amplificador integrado, voc\u00ea se sente imediatamente em boas m\u00e3os. Os detalhes na inscri\u00e7\u00e3o frontal (imagem principal) s\u00e3o simplesmente lindos. No geral, o DAC parece ter o peso necess\u00e1rio para atender \u00e0s suas necessidades, e \u00e9 essa seguran\u00e7a que voc\u00ea leva para uma audi\u00e7\u00e3o cr\u00edtica.<\/p>\n<p>Desempenho<br \/>\nTestei o DAC K3 com seu amplificador integrado irm\u00e3o K3 em meus confi\u00e1veis \u200b\u200bB&amp;W CM7s com uma variedade de fontes, incluindo um Tidal de um laptop, DSDs e fontes de 24 bits de 192 kHz do laptop e meu (tamb\u00e9m bastante antigo, mas excelente) tocador de CD Yamaha, que agora \u00e9 oficialmente um transporte de CD.<\/p>\n<p>Entrada de CD coaxial<br \/>\nDesempenho verdadeiramente excelente do amplificador K3 e do DAC em conjunto<\/p>\n<p>USB Tipo B<br \/>\nO desempenho do USB tipo B \u00e9 excelente no DAC Roksan K3<\/p>\n<p>Para desempenho m\u00e1ximo, \u00e9 necess\u00e1rio um link USB tipo B da sua fonte digital, neste caso meu laptop usando o software licenciado de alta especifica\u00e7\u00e3o J River, que considero melhor para acessar e navegar do que o Foobar (algu\u00e9m tem alguma outra sugest\u00e3o aqui?). Baixei o driver para Windows 10 online, embora tenha acabado de notar um pendrive com o manual de instru\u00e7\u00f5es. A configura\u00e7\u00e3o levou no m\u00e1ximo 5 minutos. O desempenho do USB tipo B \u00e9 excelente com o DAC Roksan K3. Usando algumas faixas dos Beatles de 24 bits, todos os detalhes que voc\u00ea deseja est\u00e3o aqui. \u00c0s vezes, voc\u00ea pode pensar que ouvir os Beatles deveria acontecer em discos com ru\u00eddos em Mono, mas essas faixas e este DAC encerram o argumento com presen\u00e7a alegre, risos entre as faixas e performances animadas e animadas. Eu simplesmente indicaria todos os 5 minutos e 35 segundos de &#8220;Day in the Life&#8221;, como exemplo.<\/p>\n<p>Costumo ouvir uma c\u00f3pia de 24 bits e 192 kHz de &#8220;Hallelujah&#8221;, de Jeff Buckley, e ela \u00e9 apresentada perfeitamente por este DAC K3, realmente \u00f3timo. Outros g\u00eaneros se destacam, com algumas pe\u00e7as orquestrais brilhando, especialmente as delicadas &#8220;Dan\u00e7as Sinf\u00f4nicas&#8221; de Rachmaninov.<\/p>\n<p>O \u00fanico coment\u00e1rio que eu faria aqui \u00e9 que muitos DACs t\u00eam uma entrada USB Tipo A para um pendrive, o que, surpreendentemente, na minha opini\u00e3o, n\u00e3o existe no DAC K3. No entanto, gosto da entrada Tipo B na parte frontal, que \u00e9 muito \u00fatil e conveniente.<\/p>\n<p>\u00d3ptico<br \/>\nExperimentei um pouco, em streaming, com um Bluesound Node, conectado opticamente ao DAC K3. Foi muito agrad\u00e1vel, com o mesmo resultado (estabilidade, qualidade) do K Link, al\u00e9m de uma apresenta\u00e7\u00e3o musical muito boa do Tidal (o novo \u00e1lbum do Lumineer, ali\u00e1s, vale a pena ouvir).<\/p>\n<p>ESPECIFICA\u00c7\u00d5ES<br \/>\nEntradas Digitais 1x XLR AES3\/SPDIF balanceado com resolu\u00e7\u00e3o de at\u00e9 192 kHz<br \/>\n1x RCA\/Coaxial SPDIF com resolu\u00e7\u00e3o de at\u00e9 192 kHz*<br \/>\n1x TOSLINK \u00f3ptico com resolu\u00e7\u00e3o de at\u00e9 192 kHz*<br \/>\n1x Conector USB tipo &#8216;B&#8217; no painel frontal para computador<br \/>\n1x Conector USB tipo &#8216;B&#8217; no painel traseiro para computador<br \/>\nReceptor transmissor sem fio K-Link<br \/>\n(por meio do transmissor Roksan K-Link)<br \/>\nSa\u00eddas 1x n\u00edvel de linha RCA (phono)<br \/>\n1x n\u00edvel de linha XLR (balanceado)<br \/>\nImped\u00e2ncia de sa\u00edda 54.9R (RCA) e 2x 54.9R (XLR balanceado)<br \/>\nFrequ\u00eancias de amostra suportadas 44,1k e 48k (ambos x1, x2 e x4)<br \/>\nTHD @ 1kHz \u201320dBFs &lt; 0,003%, @ 20Hz -3dBFs &lt; 0,008%<br \/>\nTHD + N @ 20 kHz -20 dBFs &lt; 0,003%<br \/>\nDimens\u00f5es LxAxP (mm) 432 x 380 x 105 mm (incluindo p\u00e9s)<br \/>\nPeso 7 kg<\/p>\n","protected":false},"excerpt":{"rendered":"<p>Projeto DAC Roksan K3 O K3 \u00e9 um excelente hub digital para audi\u00f3filos, com um chip DAC DSD1794A de alta qualidade da Texas Instruments. Este \u00e9 o cora\u00e7\u00e3o do DAC. O chip lida com PCM para 24 bits e 192 kHz e fluxos DSD gra\u00e7as ao jitter m\u00ednimo do clock. As entradas incluem uma entrada [&hellip;]<\/p>\n","protected":false},"featured_media":21270,"template":"","meta":{"_acf_changed":false},"product_brand":[],"product_cat":[43,41],"product_tag":[],"class_list":{"0":"post-21269","1":"product","2":"type-product","3":"status-publish","4":"has-post-thumbnail","6":"product_cat-dac","7":"product_cat-digital","9":"first","10":"instock","11":"sold-individually","12":"shipping-taxable","13":"purchasable","14":"product-type-simple"},"acf":[],"aioseo_notices":[],"_links":{"self":[{"href":"https:\/\/hificlub.com.br\/loja\/wp-json\/wp\/v2\/product\/21269","targetHints":{"allow":["GET"]}}],"collection":[{"href":"https:\/\/hificlub.com.br\/loja\/wp-json\/wp\/v2\/product"}],"about":[{"href":"https:\/\/hificlub.com.br\/loja\/wp-json\/wp\/v2\/types\/product"}],"wp:featuredmedia":[{"embeddable":true,"href":"https:\/\/hificlub.com.br\/loja\/wp-json\/wp\/v2\/media\/21270"}],"wp:attachment":[{"href":"https:\/\/hificlub.com.br\/loja\/wp-json\/wp\/v2\/media?parent=21269"}],"wp:term":[{"taxonomy":"product_brand","embeddable":true,"href":"https:\/\/hificlub.com.br\/loja\/wp-json\/wp\/v2\/product_brand?post=21269"},{"taxonomy":"product_cat","embeddable":true,"href":"https:\/\/hificlub.com.br\/loja\/wp-json\/wp\/v2\/product_cat?post=21269"},{"taxonomy":"product_tag","embeddable":true,"href":"https:\/\/hificlub.com.br\/loja\/wp-json\/wp\/v2\/product_tag?post=21269"}],"curies":[{"name":"wp","href":"https:\/\/api.w.org\/{rel}","templated":true}]}}