{"id":21232,"date":"2025-05-01T19:34:09","date_gmt":"2025-05-01T22:34:09","guid":{"rendered":"https:\/\/hificlub.com.br\/loja\/?post_type=product&#038;p=21232"},"modified":"2026-03-03T22:18:06","modified_gmt":"2026-03-04T01:18:06","slug":"project-signature-12-toca-disco-belt-drive","status":"publish","type":"product","link":"https:\/\/hificlub.com.br\/loja\/produto\/project-signature-12-toca-disco-belt-drive\/","title":{"rendered":"PROJECT SIGNATURE 12 Toca Disco Belt Drive"},"content":{"rendered":"<p>O Pro-Ject Signature 12 \u00e9 uma maravilha audi\u00f3fila que representa o campeonato, a engenharia de precis\u00e3o e o nosso profundo amor pela m\u00fasica.<\/p>\n<p>P\u00e9s magn\u00e9ticos separam o chassi da superf\u00edcie, &#8220;almofadas de Sorbothane&#8221; e um prato flutuante magn\u00e9tico garantem um funcionamento absolutamente silencioso do toca-discos. <\/p>\n<p>Um sistema de transmiss\u00e3o por correia &#8220;flywheel&#8221; garante um funcionamento sem vibra\u00e7\u00f5es. O bra\u00e7o de piv\u00f4 \u00fanico \u00e9 um design genuinamente Pro-Ject. Com a sua ampla gama de possibilidades de ajuste e a escolha de contrapesos adequados, praticamente todas as c\u00e1psulas podem ser montadas.<\/p>\n<p>Uma maravilha audi\u00f3fila<br \/>\nProjeto de subchassi com carga em massa apresentando um prato superpesado de 10,55 kg<br \/>\nProjeto de transmiss\u00e3o por correia do volante<br \/>\nLiga otimizada para resson\u00e2ncia<br \/>\nMancal principal invertido com esferas de cer\u00e2mica<br \/>\nSistema de controle do motor com display LCD<br \/>\nBra\u00e7o de alum\u00ednio de precis\u00e3o com piv\u00f4 \u00fanico de 12&#8243;<br \/>\nSuperf\u00edcie met\u00e1lica de alto brilho<br \/>\nChassi lacado a piano com desacoplamento magn\u00e9tico<br \/>\nP\u00e9s com suporte magn\u00e9tico e altura ajust\u00e1vel para isolamento perfeito<br \/>\nConectores RCA fono banhados a ouro<\/p>\n<p>Descri\u00e7\u00e3o<br \/>\nO toca-discos Signature 12 \u00e9 a declara\u00e7\u00e3o da Pro-Ject para a comunidade de alto n\u00edvel. Esta abordagem imparcial \u00e0 reprodu\u00e7\u00e3o de vinil celebra d\u00e9cadas de excelente custo-benef\u00edcio. Cada toca-discos leva 3 meses para ser constru\u00eddo \u2013 um processo supervisionado por uma equipe de especialistas altamente qualificados. Ele emprega uma abordagem sofisticada, combinando os princ\u00edpios de carregamento em massa e desacoplamento magn\u00e9tico.<\/p>\n<p>O pedestal principal suporta um sistema de volante de in\u00e9rcia com dois motores, acionado por correia, que \u00e9 desacoplado, mas aciona o prato de alta massa amortecido em TPE. O pedestal principal tamb\u00e9m abriga a tela sens\u00edvel ao toque que permite o controle de todos os par\u00e2metros operacionais e o ajuste ultrapreciso da velocidade. O subchassi \u00e9 feito de alum\u00ednio usinado e fica abaixo do prato. Ele \u00e9 respons\u00e1vel por suportar a suspens\u00e3o magn\u00e9tica do prato. Almofadas de TPE isolam todo o conjunto e reduzem ainda mais a perturba\u00e7\u00e3o e a vibra\u00e7\u00e3o indesejadas. O sistema de acionamento por correia do volante emprega dois motores e garante uma opera\u00e7\u00e3o mec\u00e2nica sem vibra\u00e7\u00e3o e ru\u00eddo para todas as partes m\u00f3veis. O bra\u00e7o avan\u00e7ado de 12&#8243; com piv\u00f4 \u00fanico pode acomodar praticamente qualquer c\u00e1psula devido \u00e0 sua ampla gama de capacidades de ajuste e uma variedade de contrapesos (inclu\u00eddos). O ajuste VTA \u00e9 r\u00e1pido e pode ser feito enquanto voc\u00ea ouve!<\/p>\n<p>True Balanced \u2013 Fique impressionado<br \/>\nO que nos diferencia da concorr\u00eancia \u00e9 que todos os toca-discos Pro-Ject s\u00e3o configurados para opera\u00e7\u00e3o balanceada.* Mudar para o balanceado n\u00e3o \u00e9 uma atualiza\u00e7\u00e3o sutil e promete redefinir a qualidade sonora de &#8220;refer\u00eancia&#8221; no seu sistema de toca-discos. Para isso, s\u00e3o necess\u00e1rios a) uma c\u00e1psula de bobina m\u00f3vel, b) um toca-discos com sa\u00eddas phono balanceadas , c) um pr\u00e9-amplificador phono com entradas phono balanceadas e d) um cabo balanceado que transporta o sinal phono do toca-discos para o pr\u00e9-amplificador phono. Normalmente, um empreendimento muito mais caro, a Pro-Ject mudou esse cen\u00e1rio ao oferecer produtos que tornam a tecnologia acess\u00edvel a qualquer ouvinte s\u00e9rio.<\/p>\n<p>O Signature 12 vem equipado com uma sa\u00edda phono DIN balanceada de 5 pinos e pode ser usado balanceado com cabos phono DIN &gt; XLR ou DIN &gt; mini XLR e um est\u00e1gio phono balanceado. O toca-discos vem com um cabo phono DIN &gt; RCA para m\u00e1xima compatibilidade imediata (RCA\/terra duplo n\u00e3o balanceado de termina\u00e7\u00e3o \u00fanica \u00e9 de longe o tipo de conex\u00e3o mais comum em phono). Os complementos balanceados s\u00e3o vendidos separadamente. Confira as op\u00e7\u00f5es de pr\u00e9-amplificadores e cabos phono balanceados no v\u00eddeo abaixo!<\/p>\n<p>Especifica\u00e7\u00f5es<br \/>\nVelocidades: 33 e 45 rpm<br \/>\nMudan\u00e7a de velocidade: eletr\u00f4nica (display LCD)<br \/>\nVaria\u00e7\u00e3o de velocidade: 0,1%<br \/>\nUau e vibra\u00e7\u00e3o: 0,08%<br \/>\nRela\u00e7\u00e3o sinal-ru\u00eddo: 75dB<br \/>\nAcionamento: 3 correias de transmiss\u00e3o de silicone<br \/>\nMotor: 2 motores s\u00edncronos microprocessados<br \/>\nPrato: Liga de alum\u00ednio (\u00d8300mm)<br \/>\nFonte de alimenta\u00e7\u00e3o: modo comutado<br \/>\nConsumo de energia: 20 W DC<br \/>\nDimens\u00f5es (LxAxP): 570 x 234 x 440 mm<br \/>\nDimens\u00f5es (padr\u00e3o): 22,44 x 9,21 x 17,32\u2033<br \/>\nPeso: 34,6 kg (76,28 lbs)<br \/>\nComprimento efetivo do bra\u00e7o: 12\u201d (304,8 mm)<br \/>\nMassa efetiva do bra\u00e7o: 19,5g<br \/>\nDist\u00e2ncia de montagem: 291,6 mm<br \/>\nSali\u00eancia: 13,2 mm<br \/>\n\u00c2ngulo de deslocamento: 18\u00b0<br \/>\nPontos nulos: r= 62,5mm; r=125,85mm<br \/>\nFaixa de for\u00e7a de rastreamento vertical: 0-30mN (0-3g)<\/p>\n","protected":false},"excerpt":{"rendered":"<p>O Pro-Ject Signature 12 \u00e9 uma maravilha audi\u00f3fila que representa o campeonato, a engenharia de precis\u00e3o e o nosso profundo amor pela m\u00fasica. P\u00e9s magn\u00e9ticos separam o chassi da superf\u00edcie, &#8220;almofadas de Sorbothane&#8221; e um prato flutuante magn\u00e9tico garantem um funcionamento absolutamente silencioso do toca-discos. Um sistema de transmiss\u00e3o por correia &#8220;flywheel&#8221; garante um funcionamento [&hellip;]<\/p>\n","protected":false},"featured_media":21233,"template":"","meta":{"_acf_changed":false},"product_brand":[],"product_cat":[78,241,98],"product_tag":[],"class_list":{"0":"post-21232","1":"product","2":"type-product","3":"status-publish","4":"has-post-thumbnail","6":"product_cat-analogico-audio","7":"product_cat-project","8":"product_cat-toca-discos","10":"first","11":"instock","12":"sold-individually","13":"shipping-taxable","14":"purchasable","15":"product-type-simple"},"acf":[],"aioseo_notices":[],"_links":{"self":[{"href":"https:\/\/hificlub.com.br\/loja\/wp-json\/wp\/v2\/product\/21232","targetHints":{"allow":["GET"]}}],"collection":[{"href":"https:\/\/hificlub.com.br\/loja\/wp-json\/wp\/v2\/product"}],"about":[{"href":"https:\/\/hificlub.com.br\/loja\/wp-json\/wp\/v2\/types\/product"}],"wp:featuredmedia":[{"embeddable":true,"href":"https:\/\/hificlub.com.br\/loja\/wp-json\/wp\/v2\/media\/21233"}],"wp:attachment":[{"href":"https:\/\/hificlub.com.br\/loja\/wp-json\/wp\/v2\/media?parent=21232"}],"wp:term":[{"taxonomy":"product_brand","embeddable":true,"href":"https:\/\/hificlub.com.br\/loja\/wp-json\/wp\/v2\/product_brand?post=21232"},{"taxonomy":"product_cat","embeddable":true,"href":"https:\/\/hificlub.com.br\/loja\/wp-json\/wp\/v2\/product_cat?post=21232"},{"taxonomy":"product_tag","embeddable":true,"href":"https:\/\/hificlub.com.br\/loja\/wp-json\/wp\/v2\/product_tag?post=21232"}],"curies":[{"name":"wp","href":"https:\/\/api.w.org\/{rel}","templated":true}]}}