{"id":2123,"date":"2023-10-17T19:59:11","date_gmt":"2023-10-17T22:59:11","guid":{"rendered":"https:\/\/hificlub.com.br\/loja2\/produto\/monitor-audio-w10-10-220-watts\/"},"modified":"2024-10-07T17:08:39","modified_gmt":"2024-10-07T20:08:39","slug":"monitor-audio-w10-10-220-watts","status":"publish","type":"product","link":"https:\/\/hificlub.com.br\/loja\/produto\/monitor-audio-w10-10-220-watts\/","title":{"rendered":"MONITOR AUDIO W10  10&#8243; 220 Watts"},"content":{"rendered":"<p>Estado de Conserva\u00e7\u00e3o: <strong>9\/10<\/strong><\/p>\n<p><strong>DESCRI\u00c7\u00c3O DO PRODUTO:<br \/>\nToda a transpar\u00eancia que o audi\u00f3filo gosta da nova s\u00e9rie Bronze com design de baixa distor\u00e7\u00e3o \u00e9 concentrada no dom\u00ednio dos graves. Este \u00e9 o grave da nova Bronze, profundamente equipado, autenticamente proporcional e dinamicamente ligeiro, refeito a partir do zero para pontuar o som de todos os sistemas New Bronze com graves transientes incrivelmente naturais, cronometrados com perfei\u00e7\u00e3o. O sofisticado subwoofer W10 \u00e9 original da New Bronze, com uma trindade exclusiva de topologia de amplificador melhorada, um poderoso processador DSP e novo design de driver de longo alcance. T\u00e9cnicas avan\u00e7adas de convers\u00e3o de energia, ajuste personalizado DSP, e um dep\u00f3sito enorme de energia se combinam para gerar uma grande altura din\u00e2mica do power-pack Classe D, permitindo ao driver alcan\u00e7ar baixas frequ\u00eancias e bater forte sem distor\u00e7\u00e3o, para uma experi\u00eancia com graves verdadeiramente sensacional. Um down-firing de 10\u201d ABR (Auxiliary Bass Radiator) garante que, seguindo os passos do seu predecessor, o W10 ofere\u00e7a uma melhora incr\u00edvel de 6dB SPL a 40Hz. Escolha como desfrutar do incr\u00edvel baixo consumo de energia do W10, com configura\u00e7\u00f5es de equaliza\u00e7\u00e3o pr\u00e9-definidas para m\u00fasica, filme ou impacto.<\/strong><\/p>\n<p>TECNOLOGIA<\/p>\n<p>&#8211; Driver de alcance ultra-longo de 10\u201d, com cone C-CAM c\u00f4ncavo<br \/>\n&#8211; Flat panel ABR (driver auxiliar de graves) de 10\u201d montado na parte inferior, para aumentar a extens\u00e3o de baixa frequ\u00eancia e de pot\u00eancia.<br \/>\n&#8211; Amplificador poderoso Classe D oferecendo mais de 200W com baixa distor\u00e7\u00e3o.<br \/>\n&#8211; Interruptor de energia, projetado para oferecer alta classifica\u00e7\u00e3o cont\u00ednua e imediata alta corrente quando necess\u00e1rio.<br \/>\n&#8211; Processamento DSP, com todos os recursos de controle e cruzamento realizados de forma digital.<br \/>\n&#8211; Tr\u00eas configura\u00e7\u00f5es de EQ pr\u00e9-definidas (M\u00fasica, Filme e Impacto).<br \/>\n&#8211; Gatilho 12 volts &#8211; proporciona troca de controle do sistema de amplificador AV, processador ou sistema de controle autom\u00e1tico dom\u00e9stico.<br \/>\n&#8211; MDF 18mm de espessura.<br \/>\n&#8211; Gabinete forte e r\u00edgido, com baixa resson\u00e2ncia.<br \/>\n&#8211; Acabamento folheado vinil qualidade premium.<\/p>\n<p>ESPECIFICA\u00c7\u00d5ES<\/p>\n<p>&#8211; Caixa Acustica de Graves Subwoofer<br \/>\n&#8211; Falante de 10&#8243;<br \/>\n&#8211; Resposta de Frequencia: 40 Hz &#8211; 120 Hz<br \/>\n&#8211; Pot\u00eancia: 220 Watts RMS<br \/>\n&#8211; Dimens\u00f5es (AxLxP): 320 x 320 x 330 mm<br \/>\n&#8211; Peso: 12,9 Kg<\/p>\n<div class=\"product-page-description\">\n<hr \/>\n<p>If you love deep and refined bass notes, the Bronze W10 is a must-have addition to your speaker set-up as every soundscape is effortlessly reinforced by our beautifully designed subwoofer.<\/p>\n<p>The Bronze W10\u2019s long-throw 10&#8243; C-CAM subwoofer driver combines with the 10&#8243; auxiliary bass radiator to bring a vivid realism to any performance.<\/p>\n<p>Our engineers have acoustically improved the driver and bass radiator by reducing the moving masses and tuning the compliances in the system to improve the transient\u00a0response &#8211; kick drumsand explosions now have much more punch and precision.\u00a0Reduced moving mass and improved rubber feet allows more energy to be transmitted directly into the room rather than being lost through mechanical vibrations through the floor and walls.<\/p>\n<p>The Bronze W10 is a stunning addition to any room.<\/p>\n<p>&nbsp;<\/p>\n<h6>System Format<\/h6>\n<p>Long-throw 10&#8243; driver featuring \u2018dished\u2019 C-CAM cone. 10&#8243; flat panel ABR (Auxiliary Bass Radiator).<br \/>\n18 mm M.D.F. internally braced construction<\/p>\n<h6>Drive Unit Complement<\/h6>\n<p>1 x 250 mm (10&#8243;) C-CAM subwoofer driver featuring a 2&#8243; long throw voice coil<\/p>\n<h6>Amplifier Classification<\/h6>\n<p>Class D with high current Switch mode power supply (SMPSU)<\/p>\n<h6>Equalisation DSP<\/h6>\n<p>3 pre-set modes: Music, Movie, Impact<\/p>\n<h6>Input Impedance<\/h6>\n<p>20 kOhms input impedance<\/p>\n<h6>Lower Frequency Limit<\/h6>\n<p>-3 dB @ 33 Hz \/ -10 dB @ 28 Hz (Free Field) Default preset: Music, -3 dB @ 29 Hz \/ -10 dB @ 25 Hz (In Room)<\/p>\n<h6>Amplifier Output<\/h6>\n<p>220 Watts<\/p>\n<h6>External Dimensions (Including Amp, Drivers, Terminals and Feet (H x W x D))<\/h6>\n<p>366.5 x 321 x 364 mm<\/p>\n<h6>Weight (unpacked)<\/h6>\n<p>13.4 kg (29 lb 9 oz)<\/p>\n<\/div>\n","protected":false},"excerpt":{"rendered":"<p>Estado de Conserva\u00e7\u00e3o: 9\/10 DESCRI\u00c7\u00c3O DO PRODUTO: Toda a transpar\u00eancia que o audi\u00f3filo gosta da nova s\u00e9rie Bronze com design de baixa distor\u00e7\u00e3o \u00e9 concentrada no dom\u00ednio dos graves. Este \u00e9 o grave da nova Bronze, profundamente equipado, autenticamente proporcional e dinamicamente ligeiro, refeito a partir do zero para pontuar o som de todos os [&hellip;]<\/p>\n","protected":false},"featured_media":2121,"template":"","meta":{"_acf_changed":false},"product_brand":[],"product_cat":[17,109,36],"product_tag":[],"class_list":{"0":"post-2123","1":"product","2":"type-product","3":"status-publish","4":"has-post-thumbnail","6":"product_cat-caixas","7":"product_cat-monitor-audio","8":"product_cat-subwoofer","10":"first","11":"instock","12":"sold-individually","13":"shipping-taxable","14":"purchasable","15":"product-type-simple"},"acf":[],"aioseo_notices":[],"_links":{"self":[{"href":"https:\/\/hificlub.com.br\/loja\/wp-json\/wp\/v2\/product\/2123","targetHints":{"allow":["GET"]}}],"collection":[{"href":"https:\/\/hificlub.com.br\/loja\/wp-json\/wp\/v2\/product"}],"about":[{"href":"https:\/\/hificlub.com.br\/loja\/wp-json\/wp\/v2\/types\/product"}],"wp:featuredmedia":[{"embeddable":true,"href":"https:\/\/hificlub.com.br\/loja\/wp-json\/wp\/v2\/media\/2121"}],"wp:attachment":[{"href":"https:\/\/hificlub.com.br\/loja\/wp-json\/wp\/v2\/media?parent=2123"}],"wp:term":[{"taxonomy":"product_brand","embeddable":true,"href":"https:\/\/hificlub.com.br\/loja\/wp-json\/wp\/v2\/product_brand?post=2123"},{"taxonomy":"product_cat","embeddable":true,"href":"https:\/\/hificlub.com.br\/loja\/wp-json\/wp\/v2\/product_cat?post=2123"},{"taxonomy":"product_tag","embeddable":true,"href":"https:\/\/hificlub.com.br\/loja\/wp-json\/wp\/v2\/product_tag?post=2123"}],"curies":[{"name":"wp","href":"https:\/\/api.w.org\/{rel}","templated":true}]}}