{"id":21223,"date":"2025-05-01T08:15:37","date_gmt":"2025-05-01T11:15:37","guid":{"rendered":"https:\/\/hificlub.com.br\/loja\/?post_type=product&#038;p=21223"},"modified":"2026-03-03T22:18:07","modified_gmt":"2026-03-04T01:18:07","slug":"ps-audio-p15-directstream-power-plant-regenerador-de-energia-120-volts","status":"publish","type":"product","link":"https:\/\/hificlub.com.br\/loja\/produto\/ps-audio-p15-directstream-power-plant-regenerador-de-energia-120-volts\/","title":{"rendered":"PS AUDIO P15 DirectStream Power Plant  Regenerador de Energia 120 volts"},"content":{"rendered":"<p>Purifique, proteja, regule e reconstrua energia nova e irrestrita a partir da antiga com o P15, nosso segundo regenerador de CA mais potente.<br \/>\nO DirectStream P15 Power Plant \u00e9 o padr\u00e3o ouro em seguran\u00e7a, confiabilidade e regenera\u00e7\u00e3o de energia CA de alto desempenho. O P15 melhora a din\u00e2mica micro e macro, a pureza do \u00e1udio, a separa\u00e7\u00e3o instrumental, a amplitude e a profundidade do palco sonoro e reduz o ru\u00eddo de fundo para qualquer equipamento conectado. De amplificadores de m\u00e9dia a grande pot\u00eancia aos menores equipamentos de fonte, o P15 far\u00e1 m\u00e1gica no desempenho do seu sistema. N\u00e3o deixe sua m\u00fasica sem bateria ou corra o risco de danificar seu equipamento. Um P15 oferece desempenho e seguran\u00e7a muito melhores, bastando apenas conect\u00e1-lo \u00e0 tomada, al\u00e9m de din\u00e2mica, graves e um palco sonoro muito maior e mais aberto do que qualquer outro condicionador de energia do mercado.<\/p>\n<p>Projeto<br \/>\nO P15 possui um amplificador de pot\u00eancia anal\u00f3gico de ultrabaixa imped\u00e2ncia, um gerador de onda senoidal baseado em FPGA baseado em DSD anal\u00f3gico puro e limpo (PCM), 10 sa\u00eddas (vers\u00e3o americana) em 5 zonas regeneradas separadas e barramentos de cobre de 1\/4&#8243; de espessura que fornecem energia regenerada a cada tomada. Por meio da regenera\u00e7\u00e3o, o P15 cria uma forma de onda CA completamente nova que devolve a energia perdida \u00e0 linha de alimenta\u00e7\u00e3o para corrigir problemas s\u00e9rios.<\/p>\n<p>Aplicativo<br \/>\nCom uma pot\u00eancia m\u00e1xima de 1500 watts, o P15 regenera corrente alternada constante, regulada e pura, que n\u00e3o \u00e9 afetada pelas demandas de energia do seu equipamento. Alimentar seu sistema com as sa\u00eddas do P15 revelar\u00e1 novas vozes, novos harm\u00f4nicos e um renovado senso de musicalidade. Como padr\u00e3o ouro em seguran\u00e7a, confiabilidade e regenera\u00e7\u00e3o de energia CA de alto desempenho, o P15 garantir\u00e1 que voc\u00ea obtenha o mesmo desempenho excelente sempre que ouvir, fornecendo uma base s\u00f3lida para o seu sistema.<\/p>\n<p>O DirectStream Power Plant 15 \u00e9 a pr\u00f3xima gera\u00e7\u00e3o de regenera\u00e7\u00e3o de energia CA. Possui 5 zonas regeneradas separadas, sistema de distribui\u00e7\u00e3o por barramento e 1500 watts de pura energia regenerada. De amplificadores de pot\u00eancia m\u00e9dia a grande, at\u00e9 os menores equipamentos de fonte, o P15 far\u00e1 m\u00e1gica no desempenho do seu sistema. Espere uma din\u00e2mica micro e macro muito melhor, bem como um fundo de ru\u00eddo mais limpo e com menos ru\u00eddo. A regenera\u00e7\u00e3o de energia utiliza componentes ativos, como os encontrados em amplificadores de \u00e1udio grandes e potentes, para reconstruir a energia CA e produzir uma CA limpa, clara, sem distor\u00e7\u00e3o e regulada para o equipamento. Os resultados s\u00e3o impressionantes: din\u00e2mica irrestrita mesmo nas passagens mais altas, um palco sonoro aberto e amplo que n\u00e3o se rompe com o volume e uma naturalidade musical not\u00e1vel. O display colorido de 7 polegadas no painel frontal do P15 permite medir a distor\u00e7\u00e3o, tanto de entrada quanto de sa\u00edda, os n\u00edveis de melhoria e o consumo de energia. Voc\u00ea tamb\u00e9m pode ajustar suas configura\u00e7\u00f5es, como a sequ\u00eancia de ligar\/desligar e a tens\u00e3o de sa\u00edda, bem como ligar ou desligar zonas individuais e medir a qualidade da energia com o oscilosc\u00f3pio integrado ou o analisador THD.<\/p>\n<p>Caracter\u00edsticas<br \/>\nConstru\u00eddo em Boulder<br \/>\nSa\u00edda de 1500 VA<br \/>\nResfriado passivamente<br \/>\nImped\u00e2ncia 3X menor que P5<br \/>\n9 pontos de venda UE\/Reino Unido<br \/>\nEntrada CA de 10 amperes UE\/Reino Unido<br \/>\n230 volts regulamentado UE\/Reino Unido<br \/>\nFaixa de 200\u2013285 VCA UE\/Reino Unido<br \/>\n100% CA regenerado<br \/>\nMultiWave<br \/>\nOnda senoidal pura<br \/>\nOscilosc\u00f3pio integrado<br \/>\nMedidor THD<br \/>\nMedidor de melhoria<br \/>\nMedidor de pot\u00eancia<br \/>\nControle sobre LAN<br \/>\nTens\u00e3o de sa\u00edda ajust\u00e1vel<br \/>\nTela sens\u00edvel ao toque colorida<br \/>\nAtualiz\u00e1vel em campo<\/p>\n<p>Especifica\u00e7\u00f5es do P15<br \/>\nRegula\u00e7\u00e3o de tens\u00e3o para 1 V<br \/>\nDistor\u00e7\u00e3o de sa\u00edda EUA\/Jap\u00e3o: &lt;0,5%, 0,1% t\u00edpico<br \/>\nDistor\u00e7\u00e3o de sa\u00edda Europa\/\u00c1sia: &lt;0,9%, 0,2% t\u00edpico<br \/>\nImped\u00e2ncia de sa\u00edda: &lt;0,008 Ohms<br \/>\nCarga cont\u00ednua m\u00e1xima EUA\/Jap\u00e3o: 1200 VA<br \/>\nCarga cont\u00ednua m\u00e1xima Europa\/\u00c1sia: 1500 VA<br \/>\nCarga de pico m\u00e1xima: 3600<br \/>\nVA Consumo de energia em modo inativo e espera: 30 Watts nos EUA\/Jap\u00e3o e 35 Watts na Europa\/\u00c1sia<br \/>\nDimens\u00f5es: 17\u201d L x 14\u201d P x 8,5\u201d A (43 cm L x 36 cm P x 21,5 cm A)<br \/>\nPeso: 73 lbs (33 kg)<\/p>\n","protected":false},"excerpt":{"rendered":"<p>Purifique, proteja, regule e reconstrua energia nova e irrestrita a partir da antiga com o P15, nosso segundo regenerador de CA mais potente. O DirectStream P15 Power Plant \u00e9 o padr\u00e3o ouro em seguran\u00e7a, confiabilidade e regenera\u00e7\u00e3o de energia CA de alto desempenho. O P15 melhora a din\u00e2mica micro e macro, a pureza do \u00e1udio, [&hellip;]<\/p>\n","protected":false},"featured_media":21224,"template":"","meta":{"_acf_changed":false},"product_brand":[],"product_cat":[89,106,54],"product_tag":[],"class_list":{"0":"post-21223","1":"product","2":"type-product","3":"status-publish","4":"has-post-thumbnail","6":"product_cat-acessorios","7":"product_cat-energia","8":"product_cat-ps-audio","10":"first","11":"instock","12":"sold-individually","13":"shipping-taxable","14":"purchasable","15":"product-type-simple"},"acf":[],"aioseo_notices":[],"_links":{"self":[{"href":"https:\/\/hificlub.com.br\/loja\/wp-json\/wp\/v2\/product\/21223","targetHints":{"allow":["GET"]}}],"collection":[{"href":"https:\/\/hificlub.com.br\/loja\/wp-json\/wp\/v2\/product"}],"about":[{"href":"https:\/\/hificlub.com.br\/loja\/wp-json\/wp\/v2\/types\/product"}],"wp:featuredmedia":[{"embeddable":true,"href":"https:\/\/hificlub.com.br\/loja\/wp-json\/wp\/v2\/media\/21224"}],"wp:attachment":[{"href":"https:\/\/hificlub.com.br\/loja\/wp-json\/wp\/v2\/media?parent=21223"}],"wp:term":[{"taxonomy":"product_brand","embeddable":true,"href":"https:\/\/hificlub.com.br\/loja\/wp-json\/wp\/v2\/product_brand?post=21223"},{"taxonomy":"product_cat","embeddable":true,"href":"https:\/\/hificlub.com.br\/loja\/wp-json\/wp\/v2\/product_cat?post=21223"},{"taxonomy":"product_tag","embeddable":true,"href":"https:\/\/hificlub.com.br\/loja\/wp-json\/wp\/v2\/product_tag?post=21223"}],"curies":[{"name":"wp","href":"https:\/\/api.w.org\/{rel}","templated":true}]}}