{"id":21125,"date":"2025-04-22T07:27:11","date_gmt":"2025-04-22T10:27:11","guid":{"rendered":"https:\/\/hificlub.com.br\/loja\/?post_type=product&#038;p=21125"},"modified":"2026-03-03T22:18:07","modified_gmt":"2026-03-04T01:18:07","slug":"bw-702-s3-signature","status":"publish","type":"product","link":"https:\/\/hificlub.com.br\/loja\/produto\/bw-702-s3-signature\/","title":{"rendered":"B&#038;W 702 S3 Signature"},"content":{"rendered":"<p>A 702 S3 Signature eleva nossa caixa ac\u00fastica de piso topo de linha da S\u00e9rie 700, alcan\u00e7ando n\u00edveis de desempenho incompar\u00e1veis. Ela integra vers\u00f5es otimizadas de nossas tecnologias mais avan\u00e7adas, al\u00e9m de novas inova\u00e7\u00f5es. Projetada para proporcionar um som cristalino com qualidade de est\u00fadio em ambientes dom\u00e9sticos, a 702 S3 Signature incorpora sistemas de motor de m\u00e9dios e graves aprimorados, capacitores aprimorados, terminais de alto-falante revisados \u200b\u200be uma grade de tweeter mais aberta. Essas melhorias s\u00e3o resultado do desenvolvimento de nossas aclamadas caixas ac\u00fasticas Signature da S\u00e9rie 800.<\/p>\n<p>Assinatura da S\u00e9rie 700<br \/>\nCom a S\u00e9rie 700, o som de est\u00fadio chega em casa. A S\u00e9rie 700 Signature d\u00e1 continuidade a essa linhagem extraordin\u00e1ria, apresentando caixas ac\u00fasticas de ch\u00e3o e de pedestal, al\u00e9m da primeira caixa ac\u00fastica de canal central Signature. A cole\u00e7\u00e3o comp\u00f5e nossa linha Signature mais abrangente at\u00e9 o momento. Tecnologias otimizadas e acabamentos exclusivos e luxuosos se combinam para oferecer desempenho e eleg\u00e2ncia um n\u00edvel acima dos melhores.<\/p>\n<p>Suspens\u00e3o Biomim\u00e9tica<br \/>\n\u00c0s vezes, fazer uma grande diferen\u00e7a exige um pensamento n\u00e3o convencional. A transi\u00e7\u00e3o dos nossos famosos cones de m\u00e9dio alcance em fibra de aramida amarela para a nossa tecnologia de cone Continuum resultou numa melhoria significativa no desempenho dos m\u00e9dios. Agora, voltamos a nossa aten\u00e7\u00e3o para outro elemento crucial num cone de altifalante: a aranha de tecido. A nova Suspens\u00e3o Biomim\u00e9tica revoluciona o desempenho dos cones de m\u00e9dio alcance, reduzindo significativamente a press\u00e3o de ar e a colora\u00e7\u00e3o indesejadas que uma aranha de tecido convencional pode gerar. O resultado? Uma transpar\u00eancia nos m\u00e9dios que voc\u00ea nem imaginaria ser poss\u00edvel.<\/p>\n<p>Tweeter de corpo s\u00f3lido<br \/>\nOs modelos Signature da S\u00e9rie 700 apresentam a \u00faltima gera\u00e7\u00e3o do nosso ic\u00f4nico gabinete Solid Body Tweeter-on-Top. Seu novo formato mais alongado incorpora um sistema de carregamento de tubo mais longo para produzir um som ainda mais livre e aberto com altas frequ\u00eancias.<\/p>\n<p>O inv\u00f3lucro cuidadosamente desacoplado \u00e9 fresado a partir de um \u00fanico bloco s\u00f3lido de alum\u00ednio para melhor resistir \u00e0 resson\u00e2ncia.<\/p>\n<p>Crossovers atualizados<br \/>\nOs novos modelos Signature da S\u00e9rie 700 utilizam designs de crossover aprimorados, criados por nossos engenheiros especialistas. Desenvolvidos com base em testes rigorosos, os engenheiros da Bowers &amp; Wilkins otimizam cuidadosamente esses crossovers at\u00e9 a perfei\u00e7\u00e3o, maximizando o desempenho das caixas ac\u00fasticas. A 705 S3 Signature utiliza um sistema de motor de m\u00e9dios-graves aprimorado, capacitores aprimorados e terminais de alto-falante revisados \u200b\u200bpara um som ainda mais limpo e refinado.<\/p>\n<p>Acabamentos Elegantes<br \/>\nA S\u00e9rie 700 Signature \u00e9 t\u00e3o bonita quanto o pr\u00f3prio nome sugere. Com a op\u00e7\u00e3o de dois acabamentos luxuosos: pintura met\u00e1lica Azul Meia-Noite ou revestimento em madeira Datuk Gloss, cada modelo complementa o desempenho excepcional com um design elegante.<\/p>\n<p>Cone de baixo Aerofoil\u2122 Profile<br \/>\nDesenvolvido com t\u00e9cnicas avan\u00e7adas de modelagem computacional, o cone de graves Aerofoil\u2122 Profile possui espessura vari\u00e1vel, proporcionando rigidez onde \u00e9 mais necess\u00e1rio. O resultado s\u00e3o graves profundos e din\u00e2micos.<\/p>\n<p>ESPECIFICA\u00c7\u00d5ES<br \/>\nMarca\tBowers e Wilkins<br \/>\nTipo de alto-falante\tCaixa ac\u00fastica de ch\u00e3o<br \/>\nRecursos especiais do alto-falante\tDesign de alto-falante de 3 vias<br \/>\nResposta de frequ\u00eancia\t-6dB 28Hz &#8211; 33kHz<br \/>\nTamanho do woofer\t6,5&#8243;<br \/>\nTamanho do driver de graves do woofer (mm)\t165 Perfil Aerof\u00f3lio baixo<br \/>\nTamanho m\u00e9dio mm\t150 cone cont\u00ednuo FST m\u00e9dio alcance<br \/>\nTweeter\t25 Carbono Desacoplado Feito<br \/>\nImped\u00e2ncia (\u03a9)\t8 Ohm<br \/>\nSensibilidade\t90 dB<br \/>\nItem vendido como\tPar<br \/>\nGarantia\tGarantia do fabricante australiano<br \/>\nDimens\u00e3o<br \/>\nDimens\u00e3o do produto (A\u00d7L\u00d7P) mm\t1010 x 192 x 354 mm | 1138 (incluindo tweeter e pedestal) x 290 (incluindo pedestal) x 410 (incluindo pedestal) mm<br \/>\nPeso do produto (Kg)\t39,5 kg<\/p>\n","protected":false},"excerpt":{"rendered":"<p>A 702 S3 Signature eleva nossa caixa ac\u00fastica de piso topo de linha da S\u00e9rie 700, alcan\u00e7ando n\u00edveis de desempenho incompar\u00e1veis. Ela integra vers\u00f5es otimizadas de nossas tecnologias mais avan\u00e7adas, al\u00e9m de novas inova\u00e7\u00f5es. Projetada para proporcionar um som cristalino com qualidade de est\u00fadio em ambientes dom\u00e9sticos, a 702 S3 Signature incorpora sistemas de motor [&hellip;]<\/p>\n","protected":false},"featured_media":21126,"template":"","meta":{"_acf_changed":false},"product_brand":[],"product_cat":[19,17,18],"product_tag":[],"class_list":{"0":"post-21125","1":"product","2":"type-product","3":"status-publish","4":"has-post-thumbnail","6":"product_cat-bw","7":"product_cat-caixas","8":"product_cat-torres","10":"first","11":"instock","12":"sold-individually","13":"shipping-taxable","14":"purchasable","15":"product-type-simple"},"acf":[],"aioseo_notices":[],"_links":{"self":[{"href":"https:\/\/hificlub.com.br\/loja\/wp-json\/wp\/v2\/product\/21125","targetHints":{"allow":["GET"]}}],"collection":[{"href":"https:\/\/hificlub.com.br\/loja\/wp-json\/wp\/v2\/product"}],"about":[{"href":"https:\/\/hificlub.com.br\/loja\/wp-json\/wp\/v2\/types\/product"}],"wp:featuredmedia":[{"embeddable":true,"href":"https:\/\/hificlub.com.br\/loja\/wp-json\/wp\/v2\/media\/21126"}],"wp:attachment":[{"href":"https:\/\/hificlub.com.br\/loja\/wp-json\/wp\/v2\/media?parent=21125"}],"wp:term":[{"taxonomy":"product_brand","embeddable":true,"href":"https:\/\/hificlub.com.br\/loja\/wp-json\/wp\/v2\/product_brand?post=21125"},{"taxonomy":"product_cat","embeddable":true,"href":"https:\/\/hificlub.com.br\/loja\/wp-json\/wp\/v2\/product_cat?post=21125"},{"taxonomy":"product_tag","embeddable":true,"href":"https:\/\/hificlub.com.br\/loja\/wp-json\/wp\/v2\/product_tag?post=21125"}],"curies":[{"name":"wp","href":"https:\/\/api.w.org\/{rel}","templated":true}]}}