{"id":21112,"date":"2025-04-22T06:08:13","date_gmt":"2025-04-22T09:08:13","guid":{"rendered":"https:\/\/hificlub.com.br\/loja\/?post_type=product&#038;p=21112"},"modified":"2026-03-03T22:18:07","modified_gmt":"2026-03-04T01:18:07","slug":"bw-801-d4-signature","status":"publish","type":"product","link":"https:\/\/hificlub.com.br\/loja\/produto\/bw-801-d4-signature\/","title":{"rendered":"B&#038;W 801 D4 Signature"},"content":{"rendered":"<p>Um alto-falante completo, com uma heran\u00e7a.<br \/>\nAntes do lan\u00e7amento da Signature, a 801 padr\u00e3o era o modelo topo de linha da B&amp;W; &#8220;D4&#8221; indica a quarta gera\u00e7\u00e3o do design. As Signature Editions s\u00e3o lan\u00e7amentos especiais ocasionais com melhorias funcionais e est\u00e9ticas. A B&amp;W descreve as caixas ac\u00fasticas Signature como &#8220;o \u00e1pice da dedica\u00e7\u00e3o duradoura da Bowers &amp; Wilkins ao desempenho e \u00e0 eleg\u00e2ncia&#8221;.<\/p>\n<p>Em compara\u00e7\u00e3o com o 801 D4 padr\u00e3o, a Signature Edition utiliza refor\u00e7os mais refor\u00e7ados, sistemas de motor de graves aprimorados, uma porta de metal alargada para downfiring e pe\u00e7as de alta qualidade nas redes de crossover (nota de rodap\u00e9 1). Em termos est\u00e9ticos, h\u00e1 duas op\u00e7\u00f5es de acabamentos de alta qualidade: &#8220;Azul Mec\u00e2nico Meia-Noite&#8221; e &#8220;Burling Brilhante Calif\u00f3rnia&#8221;. O par que apreciei na minha sala de estar por dois meses foi o primeiro: um azul escuro intenso e profundo. Eles obtiveram alta pontua\u00e7\u00e3o no Fator de Aceita\u00e7\u00e3o da Esposa (WAF), mas o mais importante \u00e9 que ela realmente curtiu o som.<\/p>\n<p>As caixas ac\u00fasticas B&amp;W apareceram com frequ\u00eancia nesta revista (nota de rodap\u00e9 2), mas a \u00faltima vez que analisamos as caixas ac\u00fasticas principais da empresa foi em 2011; foi a an\u00e1lise de Kal Rubinson da 800 Diamond (nota de rodap\u00e9 3). A empresa tem uma longa hist\u00f3ria, que remonta ao servi\u00e7o brit\u00e2nico do MI6, durante a Segunda Guerra Mundial, de John Bowers e Roy Wilkins. Os dois amigos eram entusiastas do r\u00e1dio amador e, ap\u00f3s o Dia da Vit\u00f3ria na Europa, abriram uma loja de r\u00e1dio e \u00e1udio em Worthing, cidade natal de Bowers. Bowers era f\u00e3 de m\u00fasica cl\u00e1ssica e n\u00e3o estava satisfeito com o som das caixas ac\u00fasticas dos anos 1950. Ele modificou caixas ac\u00fasticas existentes, fabricou unidades personalizadas para os clientes da loja e conquistou reputa\u00e7\u00e3o entre os audi\u00f3filos brit\u00e2nicos. Um de seus clientes, um cantor de \u00f3pera, legou-lhe dinheiro suficiente para se dedicar integralmente ao design de caixas ac\u00fasticas, deixando Wilkins para administrar a loja. O filho de Wilkins, Paul, foi o primeiro diretor de vendas no Reino Unido <\/p>\n<p>O 801 tamb\u00e9m foi projetado para cumprir uma dupla fun\u00e7\u00e3o. Ele precisava ser preciso o suficiente para ser usado tanto como refer\u00eancia ideal para audi\u00f3filos em casa quanto como monitor em est\u00fadios de grava\u00e7\u00e3o.&#8221; As caixas ac\u00fasticas B&amp;W s\u00e3o famosas h\u00e1 muito tempo no Abbey Road Studios, que, ap\u00f3s muitos anos usando caixas ac\u00fasticas B&amp;W em est\u00fadio, firmou uma parceria formal com a B&amp;W em 2017.<\/p>\n<p>Especifica\u00e7\u00f5es<br \/>\nDescri\u00e7\u00e3o: Sistema de alto-falantes com caixa ventilada de 3 vias e porta inferior. Constru\u00e7\u00e3o interna e refor\u00e7o em alum\u00ednio. C\u00e2maras de alum\u00ednio separadas para driver de m\u00e9dios e tweeter. Unidades de acionamento: tweeter Diamond Dome de 1&#8243; (25 mm); cone FST de m\u00e9dios Continuum de 6&#8243; (150 mm); Dois woofers Aerofoil Profile de 10&#8243; (250 mm). Frequ\u00eancias de crossover: 400 Hz e 4 kHz. Faixa de frequ\u00eancia: 13 Hz\u201335 kHz, \u20136 dB. Resposta de frequ\u00eancia: 15 Hz\u201328 kHz, \u00b13 dB. Sensibilidade: 90 dB\/2,83 V\/m. Distor\u00e7\u00e3o harm\u00f4nica: 2\u00aa e 3\u00aa harm\u00f4nicas (90 dB a 1 m, no eixo) &lt;1%, 30 Hz\u201320 kHz; &lt;0,3%, 100 Hz\u201320 kHz. Imped\u00e2ncia nominal: 8 ohms (m\u00ednimo 3,0 ohms). Pot\u00eancia de amplificador recomendada: 50 W\u20131000 W em 8 ohms em programa sem clips. Imped\u00e2ncia m\u00e1xima recomendada do cabo: 0,1 ohm.<br \/>\nDimens\u00f5es: 48,1&quot; (1221 mm) A \u00d7 451 mm (17,8&quot;) L \u00d7 600 mm (23,6&quot;) P. Peso (cada alto-falante): 100,6 kg (221,8 lb).<br \/>\nAcabamentos: California Burl Gloss ou Midnight Blue Metallic, grade preta.<\/p>\n","protected":false},"excerpt":{"rendered":"<p>Um alto-falante completo, com uma heran\u00e7a. Antes do lan\u00e7amento da Signature, a 801 padr\u00e3o era o modelo topo de linha da B&amp;W; &#8220;D4&#8221; indica a quarta gera\u00e7\u00e3o do design. As Signature Editions s\u00e3o lan\u00e7amentos especiais ocasionais com melhorias funcionais e est\u00e9ticas. A B&amp;W descreve as caixas ac\u00fasticas Signature como &#8220;o \u00e1pice da dedica\u00e7\u00e3o duradoura da [&hellip;]<\/p>\n","protected":false},"featured_media":21113,"template":"","meta":{"_acf_changed":false},"product_brand":[],"product_cat":[19,17,18],"product_tag":[],"class_list":{"0":"post-21112","1":"product","2":"type-product","3":"status-publish","4":"has-post-thumbnail","6":"product_cat-bw","7":"product_cat-caixas","8":"product_cat-torres","10":"first","11":"instock","12":"sold-individually","13":"shipping-taxable","14":"purchasable","15":"product-type-simple"},"acf":[],"aioseo_notices":[],"_links":{"self":[{"href":"https:\/\/hificlub.com.br\/loja\/wp-json\/wp\/v2\/product\/21112","targetHints":{"allow":["GET"]}}],"collection":[{"href":"https:\/\/hificlub.com.br\/loja\/wp-json\/wp\/v2\/product"}],"about":[{"href":"https:\/\/hificlub.com.br\/loja\/wp-json\/wp\/v2\/types\/product"}],"wp:featuredmedia":[{"embeddable":true,"href":"https:\/\/hificlub.com.br\/loja\/wp-json\/wp\/v2\/media\/21113"}],"wp:attachment":[{"href":"https:\/\/hificlub.com.br\/loja\/wp-json\/wp\/v2\/media?parent=21112"}],"wp:term":[{"taxonomy":"product_brand","embeddable":true,"href":"https:\/\/hificlub.com.br\/loja\/wp-json\/wp\/v2\/product_brand?post=21112"},{"taxonomy":"product_cat","embeddable":true,"href":"https:\/\/hificlub.com.br\/loja\/wp-json\/wp\/v2\/product_cat?post=21112"},{"taxonomy":"product_tag","embeddable":true,"href":"https:\/\/hificlub.com.br\/loja\/wp-json\/wp\/v2\/product_tag?post=21112"}],"curies":[{"name":"wp","href":"https:\/\/api.w.org\/{rel}","templated":true}]}}