{"id":21043,"date":"2025-04-20T21:35:07","date_gmt":"2025-04-21T00:35:07","guid":{"rendered":"https:\/\/hificlub.com.br\/loja\/?post_type=product&#038;p=21043"},"modified":"2025-05-26T19:53:21","modified_gmt":"2025-05-26T22:53:21","slug":"peachtree-idecco-amplificador-integrado-hibrido-com-dac-40-watts","status":"publish","type":"product","link":"https:\/\/hificlub.com.br\/loja\/produto\/peachtree-idecco-amplificador-integrado-hibrido-com-dac-40-watts\/","title":{"rendered":"PEACHTREE IDECCO Amplificador Integrado Hibrido com DAC 40 watts"},"content":{"rendered":"<p>1\u00ba amplificador integrado h\u00edbrido valvulado do mundo com dock para iPod PURE DIGITAL<br \/>\nFeito para iPod<br \/>\nO Peachtree Audio iDecco extrai o \u00e1udio digital do seu iPod e o envia diretamente para o DAC ESS Sabre de alto desempenho integrado ao iDecco. Ap\u00f3s a convers\u00e3o do fluxo de bits digital em um sinal de m\u00fasica anal\u00f3gico, ele passa pelo est\u00e1gio pr\u00e9-amplificador valvulado classe A do iDecco at\u00e9 um amplificador de alta corrente de 40 watts por canal, pronto para acionar os alto-falantes de sua escolha.<\/p>\n<p>O iDecco \u00e9 na verdade CINCO produtos em um&#8230;<\/p>\n<p>Base para iPod PURE DIGITAL<br \/>\nAmplificador Integrado<br \/>\nPr\u00e9-amplificador valvulado classe A<br \/>\nDAC aut\u00f4nomo de m\u00faltiplas entradas<br \/>\nAmplificador de fone de ouvido classe A<br \/>\nAl\u00e9m disso, o iDecco fornece uma conex\u00e3o de sa\u00edda de v\u00eddeo componente para que voc\u00ea possa usar seu iPod como um \u201cvideocassete do Novo Mil\u00eanio\u201d e assistir a filmes, programas de TV e podcasts em sua TV de tela plana ou monitor.<\/p>\n<p>iDecco<br \/>\nA solu\u00e7\u00e3o perfeita de \u00e1udio para desktop<\/p>\n<p>Se voc\u00ea fica sentado \u00e0 sua mesa ouvindo caixas de som de pl\u00e1stico por longos per\u00edodos, o iDecco transformar\u00e1 seu espa\u00e7o de trabalho em um para\u00edso de \u00e1udio de alta qualidade. Basta conectar seu computador ao iDecco com um cabo USB e usar um par de caixas de som Peachtree Audio. Vamos fazer voc\u00ea se apaixonar pelo seu espa\u00e7o de trabalho!<\/p>\n<p>Base para iPod PURE DIGITAL<\/p>\n<p>A maioria dos docks para iPod possui sa\u00eddas anal\u00f3gicas , for\u00e7ando voc\u00ea a usar a fonte de alimenta\u00e7\u00e3o interna, o DAC e a se\u00e7\u00e3o de sa\u00edda do iPod. Com o iDecco, isso n\u00e3o acontece. Enviamos os &#8220;1s e 0s&#8221; PUROS DIGITAIS do seu iPod diretamente para o nosso Super DAC \u2014 assim, pela primeira vez, seu iPod pode realmente funcionar como um CD player de \u00faltima gera\u00e7\u00e3o.<\/p>\n<p>O DAC<\/p>\n<p>O cora\u00e7\u00e3o do iDecco \u2013 e o que leva o iPod e suas outras fontes digitais a um novo patamar de desempenho \u2013 \u00e9 seu excelente conversor digital-anal\u00f3gico. Este DAC \u00e9 o resultado de dois anos de desenvolvimento e muitas horas de audi\u00e7\u00e3o cr\u00edtica. Utilizamos o DAC ESS 9006 Sabre para processamento digital. Nosso design utiliza uma placa DAC multicamadas com mais de 450 componentes e 11 fontes de alimenta\u00e7\u00e3o reguladas.<\/p>\n<p>Ambiente hostil<\/p>\n<p>O circuito patenteado de redu\u00e7\u00e3o de jitter do DAC ESS Sabre re-clocka o sinal digital antes de pass\u00e1-lo por um processador de upsampling de alta resolu\u00e7\u00e3o de 24 bits\/96 kHz. Isso \u00e9 perfeito para computadores e a maioria dos servidores de m\u00fasica baseados em streaming ou disco r\u00edgido, pois a maioria deles apresenta altos n\u00edveis de jitter. Jitter, em termos simples, \u00e9 um erro de temporiza\u00e7\u00e3o digital entre a fonte e o DAC. Quanto menor o jitter, melhor o som do DAC. Nosso DAC pega o sinal re-clockado e o upsampling para atingir a resolu\u00e7\u00e3o de 24\/96. Isso transforma seu iPod ou praticamente qualquer fonte digital no desempenho de um CD player de \u00faltima gera\u00e7\u00e3o. At\u00e9 mesmo transportes baratos e fontes com alto jitter, como computadores e iPods, agora soam muito bem porque o iDecco acredita que todos eles s\u00e3o transportes digitais de \u00faltima gera\u00e7\u00e3o! O iDecco pode fornecer uma impressionante rela\u00e7\u00e3o sinal-ru\u00eddo de 118 dB, ampliando significativamente a faixa din\u00e2mica e sua experi\u00eancia musical geral com praticamente todas as fontes digitais.<\/p>\n<p>Cada entrada digital \u00e9 acoplada a um transformador, eliminando o ru\u00eddo associado a problemas de aterramento e fontes de alimenta\u00e7\u00e3o chaveadas de computadores. A conex\u00e3o USB \u00e9 isolada galvanicamente, eliminando o ru\u00eddo gerado pela fonte de alimenta\u00e7\u00e3o chaveada do seu computador e melhorando significativamente a qualidade do som.<\/p>\n<p>O pr\u00e9-amplificador<\/p>\n<p>A se\u00e7\u00e3o de pr\u00e9-amplificador do iDecco utiliza um buffer valvulado classe A com imped\u00e2ncia de sa\u00edda de 30 ohms. Portanto, se 40 watts por canal n\u00e3o forem suficientes, voc\u00ea pode conectar um amplificador separado e mais potente. O pr\u00e9-amplificador mant\u00e9m um alto n\u00edvel de detalhes, ao mesmo tempo em que controla m\u00fasica digital \u00e1spera e comprimida. O iDecco possui uma entrada USB para o seu computador, al\u00e9m de 1 entrada coaxial e 1 entrada \u00f3ptica para outras fontes digitais, como Squeezebox, Apple TV ou Airport Express, Sonos e sintonizadores XM ou Sirius. Ele tamb\u00e9m possui 1 entrada anal\u00f3gica para um deck de fita ou pr\u00e9-amplificador phono. O iDecco cobre tudo!<\/p>\n<p>Quieto!<\/p>\n<p>Para quem usa fones de ouvido, o iDecco possui uma se\u00e7\u00e3o de fones de ouvido valvulados classe A que rivaliza com alguns dos melhores amplificadores de fones de ouvido dispon\u00edveis atualmente. Quando os fones de ouvido est\u00e3o conectados, os alto-falantes ficam sem som para que voc\u00ea possa curtir quando o sil\u00eancio for essencial. Fones de ouvido nunca soaram t\u00e3o bem quanto com o iDecco!<\/p>\n<p>Passe para os bastidores<\/p>\n<p>Ainda mais recursos e flexibilidade:<\/p>\n<p>Filtro digital Sharp\/Slow para ajustar suas prefer\u00eancias de audi\u00e7\u00e3o<br \/>\nSa\u00edda pr\u00e9-amplificada vari\u00e1vel e sa\u00edda de linha de n\u00edvel fixo<br \/>\nSa\u00edda de v\u00eddeo componente<br \/>\nInterruptor multivoltagem<br \/>\nCabo de alimenta\u00e7\u00e3o remov\u00edvel caso voc\u00ea queira fazer um upgrade<br \/>\nFeito para:<br \/>\niPod touch (1\u00aa e 2\u00aa gera\u00e7\u00e3o)<br \/>\niPod classic (apenas 80 GB, 120 GB e 160 GB)<br \/>\niPod nano (2\u00aa, 3\u00aa, 4\u00aa e 5\u00aa gera\u00e7\u00e3o)<\/p>\n<p>&#8220;Feito para iPod&#8221; significa que um acess\u00f3rio eletr\u00f4nico foi projetado para se conectar especificamente ao iPod e foi certificado pelo desenvolvedor para atender aos padr\u00f5es de desempenho da Apple. A Apple n\u00e3o se responsabiliza pela opera\u00e7\u00e3o deste dispositivo nem por sua conformidade com os padr\u00f5es de seguran\u00e7a e regulat\u00f3rios.<br \/>\niPod, iPod classic, iPod nano e iPod touch s\u00e3o marcas comerciais da Apple Inc., registradas nos EUA e em outros pa\u00edses.<\/p>\n<p>Especifica\u00e7\u00f5es do iDecco<br \/>\nAmplificador<br \/>\n40 Watts por canal &lt;1% de distor\u00e7\u00e3o em<br \/>\nm\u00f3dulos de amplificador MOSFET ST de 6 Ohms<\/p>\n<p>Pr\u00e9-amplificador<br \/>\nClasse A Est\u00e1gio de sa\u00edda do pr\u00e9-amplificador<br \/>\n&lt;30 Ohms Imped\u00e2ncia de sa\u00edda<br \/>\nProjeto de tubo h\u00edbrido usando triodo (est\u00e9reo 6n1p)<br \/>\nSa\u00edda de 6,5 V a 2,0 V<br \/>\nCapacitores de polipropileno no caminho do sinal<br \/>\n1 entrada auxiliar<\/p>\n<p>Amplificador de fone<br \/>\nde ouvido Sa\u00edda classe A com tubo 6n1p no circuito<br \/>\nAdequado para todos os fones de ouvido eletrodin\u00e2micos<br \/>\nResposta de frequ\u00eancia: DC ~ 100 kHz +\/- 0,1 dB<br \/>\nGanho de tens\u00e3o: 10 dB<br \/>\nTens\u00e3o m\u00e1xima de sa\u00edda: 7 Vrms<br \/>\nImped\u00e2ncia de sa\u00edda: 118 dB S\/N<br \/>\n&lt;1 picossegundo Jitter medido no clock mestre (super clock)<br \/>\nCA 115 V\/230 V Comut\u00e1vel no painel traseiro<\/p>\n<p>Dimens\u00f5es: 5 x 14,75 x 14 (polegadas)<br \/>\nPeso: 23 lbs<br \/>\nAcabamento: Preto alto brilho<\/p>\n","protected":false},"excerpt":{"rendered":"<p>1\u00ba amplificador integrado h\u00edbrido valvulado do mundo com dock para iPod PURE DIGITAL Feito para iPod O Peachtree Audio iDecco extrai o \u00e1udio digital do seu iPod e o envia diretamente para o DAC ESS Sabre de alto desempenho integrado ao iDecco. Ap\u00f3s a convers\u00e3o do fluxo de bits digital em um sinal de m\u00fasica [&hellip;]<\/p>\n","protected":false},"featured_media":21044,"template":"","meta":{"_acf_changed":false},"product_brand":[],"product_cat":[27,51,128],"product_tag":[],"class_list":{"0":"post-21043","1":"product","2":"type-product","3":"status-publish","4":"has-post-thumbnail","6":"product_cat-amplificador","7":"product_cat-integrado","8":"product_cat-peachtree","10":"first","11":"instock","12":"sold-individually","13":"shipping-taxable","14":"purchasable","15":"product-type-simple"},"acf":[],"aioseo_notices":[],"_links":{"self":[{"href":"https:\/\/hificlub.com.br\/loja\/wp-json\/wp\/v2\/product\/21043","targetHints":{"allow":["GET"]}}],"collection":[{"href":"https:\/\/hificlub.com.br\/loja\/wp-json\/wp\/v2\/product"}],"about":[{"href":"https:\/\/hificlub.com.br\/loja\/wp-json\/wp\/v2\/types\/product"}],"wp:featuredmedia":[{"embeddable":true,"href":"https:\/\/hificlub.com.br\/loja\/wp-json\/wp\/v2\/media\/21044"}],"wp:attachment":[{"href":"https:\/\/hificlub.com.br\/loja\/wp-json\/wp\/v2\/media?parent=21043"}],"wp:term":[{"taxonomy":"product_brand","embeddable":true,"href":"https:\/\/hificlub.com.br\/loja\/wp-json\/wp\/v2\/product_brand?post=21043"},{"taxonomy":"product_cat","embeddable":true,"href":"https:\/\/hificlub.com.br\/loja\/wp-json\/wp\/v2\/product_cat?post=21043"},{"taxonomy":"product_tag","embeddable":true,"href":"https:\/\/hificlub.com.br\/loja\/wp-json\/wp\/v2\/product_tag?post=21043"}],"curies":[{"name":"wp","href":"https:\/\/api.w.org\/{rel}","templated":true}]}}