{"id":20941,"date":"2025-04-17T00:48:12","date_gmt":"2025-04-17T03:48:12","guid":{"rendered":"https:\/\/hificlub.com.br\/loja\/?post_type=product&#038;p=20941"},"modified":"2026-03-03T22:18:07","modified_gmt":"2026-03-04T01:18:07","slug":"hegel-h400-amplificador-integrado-com-streamer-dac-250-watts","status":"publish","type":"product","link":"https:\/\/hificlub.com.br\/loja\/produto\/hegel-h400-amplificador-integrado-com-streamer-dac-250-watts\/","title":{"rendered":"HEGEL H400 Amplificador Integrado com Streamer DAC 250 watts"},"content":{"rendered":"<p>O amplificador Hegel H400, carinhosamente apelidado de Streamliner, \u00e9 uma obra-prima de design e desempenho otimizados. O H400 foi projetado para oferecer qualidade de \u00e1udio excepcional, maximizando a efici\u00eancia e aprimorando a experi\u00eancia do usu\u00e1rio. Seja voc\u00ea um audi\u00f3filo ou um ouvinte casual, o H400 promete uma jornada auditiva extraordin\u00e1ria.<\/p>\n<p>O H400 \u00e9 um amplificador Classe AB, que fornece 250 W de pot\u00eancia em 8 ohms e \u00e9 est\u00e1vel em cargas de at\u00e9 2 ohms. Com um not\u00e1vel fator de amortecimento de 4000, o H400 garante um controle preciso sobre seus alto-falantes, proporcionando um som preciso e din\u00e2mico. A constru\u00e7\u00e3o dual mono e o layout sim\u00e9trico do H400 garantem uma qualidade sonora superior. A aus\u00eancia de um equalizador preserva a integridade do sinal, enquanto nossa tecnologia SoundEngine 2 oferece corre\u00e7\u00e3o instant\u00e2nea de distor\u00e7\u00e3o durante a amplifica\u00e7\u00e3o. Isso resulta em um som detalhado e \u00e1gil, com impacto e sutileza, maximizando a efici\u00eancia energ\u00e9tica. Experimente sua m\u00fasica favorita com um novo n\u00edvel de clareza e riqueza, enquanto o H400 reproduz fielmente cada nuance e detalhe.<\/p>\n<p>O H400 incorpora muitos dos mesmos recursos avan\u00e7ados encontrados em nosso amplificador integrado de refer\u00eancia, garantindo alto desempenho e valor agregado. Inclui o mesmo design Dual Mono, a mesma plataforma de streaming robusta e um DAC bit-perfect de alta qualidade baseado no do H600. Esses recursos compartilhados significam que o H400 oferece altos padr\u00f5es semelhantes de qualidade sonora e versatilidade, tornando-o uma escolha not\u00e1vel para ouvintes exigentes.<\/p>\n<p>Cada aspecto do H400 foi meticulosamente desenvolvido internamente, garantindo um controle de qualidade incompar\u00e1vel e um design coeso. Essa abordagem otimizada elimina etapas e complica\u00e7\u00f5es desnecess\u00e1rias, permitindo que nossos engenheiros se concentrem em inova\u00e7\u00e3o e desempenho. Ao manter o desenvolvimento em um \u00fanico local, garantimos que todos os componentes e recursos estejam perfeitamente integrados, aumentando a efici\u00eancia e a confiabilidade gerais. Essa estrat\u00e9gia de desenvolvimento interno tamb\u00e9m permite uma implementa\u00e7\u00e3o mais r\u00e1pida de novos recursos e melhorias, garantindo que o H400 permane\u00e7a na vanguarda da tecnologia de \u00e1udio.<\/p>\n<p>Constru\u00eddo com materiais e componentes de alta qualidade, o H400 foi projetado para oferecer durabilidade e confiabilidade, garantindo uma longa vida \u00fatil e minimizando a necessidade de manuten\u00e7\u00e3o frequente. A tecnologia SoundEngine 2 torna o H400 energeticamente eficiente, consumindo o m\u00ednimo de energia e oferecendo desempenho de ponta. Essa tecnologia, aliada ao recurso de espera autom\u00e1tica do amplificador, reduz o desperd\u00edcio de energia e o impacto ambiental sem comprometer a qualidade do som.<\/p>\n<p>Projetado com simplicidade e opera\u00e7\u00e3o intuitiva em mente, o H400 apresenta uma frente elegante e minimalista com dois bot\u00f5es multifuncionais para sele\u00e7\u00e3o de fonte e controle de volume. Os bot\u00f5es tamb\u00e9m podem ser pressionados para silenciar, pausar ou navegar pelo menu do dispositivo. O visor central \u00e9 claro e f\u00e1cil de ler \u00e0 dist\u00e2ncia, exibindo apenas as informa\u00e7\u00f5es essenciais. Para manter uma apar\u00eancia limpa e organizada, o bot\u00e3o liga\/desliga est\u00e1 discretamente localizado abaixo do amplificador. Este design cuidadoso garante que nada distraia a beleza do seu sistema de \u00e1udio.<\/p>\n<p>O H400 oferece uma gama abrangente de entradas anal\u00f3gicas e digitais, garantindo compatibilidade perfeita com diversas fontes de \u00e1udio. Sua pot\u00eancia, detalhes e controle impressionantes permitem conectar qualquer caixa de som, mesmo aquelas muito dif\u00edceis de operar. Com detec\u00e7\u00e3o autom\u00e1tica de sinal, o H400 reconhece instantaneamente as fontes de \u00e1udio digitais conectadas e alterna para a entrada correta, eliminando a necessidade de sele\u00e7\u00e3o manual. Todas as entradas podem ser configuradas em um volume alto fixo, permitindo o uso de pr\u00e9-amplificadores de home theater e dispositivos multiroom. Ele ainda possui uma fun\u00e7\u00e3o de controle remoto da TV que permite usar o controle remoto da TV para controlar o amplificador, tornando a configura\u00e7\u00e3o do seu entretenimento dom\u00e9stico mais intuitiva e f\u00e1cil de usar.<\/p>\n<p>O H400 foi otimizado para simplicidade, suportando plataformas de streaming populares como AirPlay, Spotify Connect, Roon Ready, Tidal Connect, Google Cast\u2122 e UPnP. Os usu\u00e1rios podem controlar o amplificador diretamente por meio desses servi\u00e7os. Al\u00e9m disso, nosso aplicativo Hegel Control oferece controle de volume e entrada, al\u00e9m de acesso a r\u00e1dio online, podcasts e reprodu\u00e7\u00e3o em servidores de m\u00eddia, aprimorando a experi\u00eancia geral do usu\u00e1rio. Seja para transmitir sua playlist favorita ou explorar novos podcasts, o H400 torna tudo f\u00e1cil e agrad\u00e1vel.<\/p>\n<p>O H400 suporta \u00e1udio multiroom via Roon, AirPlay e Google Cast, permitindo a reprodu\u00e7\u00e3o sincronizada de m\u00fasica em diferentes c\u00f4modos da sua casa. Imagine ter o mesmo \u00e1udio de alta qualidade em todos os c\u00f4modos, perfeitamente integrado ao seu sistema de casa inteligente. Aprimore sua experi\u00eancia de entretenimento dom\u00e9stico com a flexibilidade e a conveni\u00eancia do H400.<\/p>\n<p>O Hegel H400 exemplifica um design otimizado, oferecendo uma experi\u00eancia de \u00e1udio excepcional, com facilidade de uso e alto valor agregado. Descubra a combina\u00e7\u00e3o perfeita de forma e fun\u00e7\u00e3o com o H400, onde cada detalhe \u00e9 projetado para aprimorar sua experi\u00eancia musical.<\/p>\n<p>Amplificador de streaming EISA Premium 2024 &#8211; 2025<\/p>\n<p>Especifica\u00e7\u00f5es t\u00e9cnicas<br \/>\nPot\u00eancia de sa\u00edda: 2 x 250 W em 8 \u03a9 a 1 kHz 1% THD, 100\/120\/230 V CA, Dual Mono<br \/>\nCarga m\u00ednima: 2 \u03a9<br \/>\nEntradas anal\u00f3gicas: 1 x balanceada (XLR), 2 x desbalanceada (RCA)<br \/>\nSa\u00eddas digitais: 1 x coaxial (BNC) S\/PDIF 24\/192<br \/>\nEntradas digitais: 1 x coaxial (BNC,  S\/PDIF 24\/192, DSD64 (DoP), MQA 8x) , 1 x coaxial (RCA, S\/PDIF 24\/192, DSD64 (DoP), MQA 8x)), 3 x \u00f3pticos ( S\/PDIF 24\/96, MQA 8x), 1 x USB (32\/384, DSD256 (DoP), MQA 8x, 1 x Rede ( 24\/192, DSD64 (DoP), MQA 8x)<br \/>\nSa\u00edda de n\u00edvel de linha: 1 x fixo desbalanceado (RCA), 1 x vari\u00e1vel desbalanceado (RCA)<br \/>\nStreaming: Spotify Connect, Roon Ready, Tidal Connect, Google Cast, AirPlay, r\u00e1dio e podcast na Internet, UPnP<br \/>\nFormatos de streaming:  MP3, WAV, FLAC, ALAC, AIFF, DSF, DFF, AAC, PCM, MQA, Ogg<br \/>\nResposta de frequ\u00eancia: 5 Hz &#8211; 180 kHz<br \/>\nRela\u00e7\u00e3o sinal-ru\u00eddo: Mais de 100 dB<br \/>\nDiafonia: Menos de -100 dB<br \/>\nDistor\u00e7\u00e3o: Menos de 0,005% a 50 W\/8 \u03a9\/1 kHz<br \/>\nIntermodula\u00e7\u00e3o: Menos de 0,01% (19 kHz + 20 kHz)<br \/>\nFator de amortecimento: Mais de 4000 (est\u00e1gio de sa\u00edda de energia principal)<br \/>\nDimens\u00f5es incluindo p\u00e9s:  15 cm x 43 cm x 44 cm (AxLxP), peso unit\u00e1rio de 20 kg<\/p>\n<p>H400 Reviews<br \/>\nSoundStage HiFi (USA)<br \/>\nA British Audiophile (YouTube)<br \/>\nArea DVD (Germany)<br \/>\nAudio &amp; Cinema en Casa (Portugal)<br \/>\nCE Critic (USA)<br \/>\nEnjoy the Music (USA)<br \/>\nfeverSound.com (Hong Kong)<br \/>\nHi-Fi News (UK)<br \/>\nHi-Fi Review (Hong Kong)<br \/>\nHi-Fi Voice (Czechia)<br \/>\nHi-Files (Serbia)<br \/>\nHiFi Live (Spain)<br \/>\nLyd &amp; Bilde (Norway)<br \/>\nStereo (Germany)<br \/>\nStereo.net (Australia)<br \/>\nStereophile (USA)<br \/>\nStereopluss (Norway)<br \/>\nThe Ear (UK)<\/p>\n","protected":false},"excerpt":{"rendered":"<p>O amplificador Hegel H400, carinhosamente apelidado de Streamliner, \u00e9 uma obra-prima de design e desempenho otimizados. O H400 foi projetado para oferecer qualidade de \u00e1udio excepcional, maximizando a efici\u00eancia e aprimorando a experi\u00eancia do usu\u00e1rio. Seja voc\u00ea um audi\u00f3filo ou um ouvinte casual, o H400 promete uma jornada auditiva extraordin\u00e1ria. O H400 \u00e9 um amplificador [&hellip;]<\/p>\n","protected":false},"featured_media":20942,"template":"","meta":{"_acf_changed":false},"product_brand":[],"product_cat":[27,93,51],"product_tag":[],"class_list":{"0":"post-20941","1":"product","2":"type-product","3":"status-publish","4":"has-post-thumbnail","6":"product_cat-amplificador","7":"product_cat-hegel","8":"product_cat-integrado","10":"first","11":"instock","12":"sold-individually","13":"shipping-taxable","14":"purchasable","15":"product-type-simple"},"acf":[],"aioseo_notices":[],"_links":{"self":[{"href":"https:\/\/hificlub.com.br\/loja\/wp-json\/wp\/v2\/product\/20941","targetHints":{"allow":["GET"]}}],"collection":[{"href":"https:\/\/hificlub.com.br\/loja\/wp-json\/wp\/v2\/product"}],"about":[{"href":"https:\/\/hificlub.com.br\/loja\/wp-json\/wp\/v2\/types\/product"}],"wp:featuredmedia":[{"embeddable":true,"href":"https:\/\/hificlub.com.br\/loja\/wp-json\/wp\/v2\/media\/20942"}],"wp:attachment":[{"href":"https:\/\/hificlub.com.br\/loja\/wp-json\/wp\/v2\/media?parent=20941"}],"wp:term":[{"taxonomy":"product_brand","embeddable":true,"href":"https:\/\/hificlub.com.br\/loja\/wp-json\/wp\/v2\/product_brand?post=20941"},{"taxonomy":"product_cat","embeddable":true,"href":"https:\/\/hificlub.com.br\/loja\/wp-json\/wp\/v2\/product_cat?post=20941"},{"taxonomy":"product_tag","embeddable":true,"href":"https:\/\/hificlub.com.br\/loja\/wp-json\/wp\/v2\/product_tag?post=20941"}],"curies":[{"name":"wp","href":"https:\/\/api.w.org\/{rel}","templated":true}]}}