{"id":20898,"date":"2025-04-13T21:58:36","date_gmt":"2025-04-14T00:58:36","guid":{"rendered":"https:\/\/hificlub.com.br\/loja\/?post_type=product&#038;p=20898"},"modified":"2025-05-26T19:53:41","modified_gmt":"2025-05-26T22:53:41","slug":"unison-research-triode-25-amplificador-integrado-triodo-25-watts-pentodo-45-watts","status":"publish","type":"product","link":"https:\/\/hificlub.com.br\/loja\/produto\/unison-research-triode-25-amplificador-integrado-triodo-25-watts-pentodo-45-watts\/","title":{"rendered":"UNISON RESEARCH TRIODE 25 Amplificador Integrado Triodo 25 watts Pentodo 45 watts"},"content":{"rendered":"<p>Tr\u00eas amplificadores simbolizam o sucesso da Unison Research: o Simply Two, o Triode 20 e o lend\u00e1rio Absolute. Por ocasi\u00e3o do 25\u00ba anivers\u00e1rio da Unison Research, prestamos homenagem a esses dispositivos hist\u00f3ricos oferecendo o Simply Two e o Absolute em uma edi\u00e7\u00e3o limitada e numerada &#8220;Anniversary&#8221;. Tamb\u00e9m decidimos oferecer uma vers\u00e3o completamente nova do Triode 20, batizada, apropriadamente, de Triode 25.<\/p>\n<p>O novo amplificador Triode 25 passou por um longo e meticuloso per\u00edodo de projeto e testes, apesar da consider\u00e1vel experi\u00eancia j\u00e1 adquirida na constru\u00e7\u00e3o de seu antecessor, o Triode 20. O Triode 25 pode operar em dois modos: triodo e pentodo. Este \u00faltimo \u00e9 capaz de fornecer uma pot\u00eancia m\u00e1xima de sa\u00edda de mais de 45 watts por canal com uma carga de 6 ohms, com distor\u00e7\u00e3o harm\u00f4nica extremamente contida em toda a banda de \u00e1udio.<\/p>\n<p>Especifica\u00e7\u00f5es t\u00e9cnicas<br \/>\nEst\u00e1gio de sa\u00edda: Push-pull, ultralinear, Classe AB<br \/>\nPot\u00eancia de sa\u00edda: modo pentodo de 45 watts, modo triodo de 25 watts<br \/>\nImped\u00e2ncia de sa\u00edda: 6 Ohm<br \/>\nEntrada: 4 linhas (1 fita), 1 DAC USB<br \/>\nImped\u00e2ncia de entrada: 47 kOhm \/ 50 pF<br \/>\nSa\u00edda: 1 sa\u00edda de fita, 1 sa\u00edda de subwoofer RCA est\u00e9reo<br \/>\nFeedback negativo: 5 dB ou 1,8 dB<br \/>\nVi\u00e9s ajust\u00e1vel<br \/>\nComplemento de v\u00e1lvulas: 2 x ECC83, 1 x ECC82, 4 x EL34<br \/>\nConsumo de energia: 300 watts m\u00e1x.<br \/>\nDimens\u00f5es: 30 cm x 45 cm x A. 20 cm<br \/>\nPeso l\u00edquido: 20 Kg<\/p>\n","protected":false},"excerpt":{"rendered":"<p>Tr\u00eas amplificadores simbolizam o sucesso da Unison Research: o Simply Two, o Triode 20 e o lend\u00e1rio Absolute. Por ocasi\u00e3o do 25\u00ba anivers\u00e1rio da Unison Research, prestamos homenagem a esses dispositivos hist\u00f3ricos oferecendo o Simply Two e o Absolute em uma edi\u00e7\u00e3o limitada e numerada &#8220;Anniversary&#8221;. Tamb\u00e9m decidimos oferecer uma vers\u00e3o completamente nova do Triode [&hellip;]<\/p>\n","protected":false},"featured_media":20899,"template":"","meta":{"_acf_changed":false},"product_brand":[],"product_cat":[27,51,227],"product_tag":[],"class_list":{"0":"post-20898","1":"product","2":"type-product","3":"status-publish","4":"has-post-thumbnail","6":"product_cat-amplificador","7":"product_cat-integrado","8":"product_cat-unison-research","10":"first","11":"instock","12":"sold-individually","13":"shipping-taxable","14":"purchasable","15":"product-type-simple"},"acf":[],"aioseo_notices":[],"_links":{"self":[{"href":"https:\/\/hificlub.com.br\/loja\/wp-json\/wp\/v2\/product\/20898","targetHints":{"allow":["GET"]}}],"collection":[{"href":"https:\/\/hificlub.com.br\/loja\/wp-json\/wp\/v2\/product"}],"about":[{"href":"https:\/\/hificlub.com.br\/loja\/wp-json\/wp\/v2\/types\/product"}],"wp:featuredmedia":[{"embeddable":true,"href":"https:\/\/hificlub.com.br\/loja\/wp-json\/wp\/v2\/media\/20899"}],"wp:attachment":[{"href":"https:\/\/hificlub.com.br\/loja\/wp-json\/wp\/v2\/media?parent=20898"}],"wp:term":[{"taxonomy":"product_brand","embeddable":true,"href":"https:\/\/hificlub.com.br\/loja\/wp-json\/wp\/v2\/product_brand?post=20898"},{"taxonomy":"product_cat","embeddable":true,"href":"https:\/\/hificlub.com.br\/loja\/wp-json\/wp\/v2\/product_cat?post=20898"},{"taxonomy":"product_tag","embeddable":true,"href":"https:\/\/hificlub.com.br\/loja\/wp-json\/wp\/v2\/product_tag?post=20898"}],"curies":[{"name":"wp","href":"https:\/\/api.w.org\/{rel}","templated":true}]}}