{"id":20892,"date":"2025-04-13T21:38:24","date_gmt":"2025-04-14T00:38:24","guid":{"rendered":"https:\/\/hificlub.com.br\/loja\/?post_type=product&#038;p=20892"},"modified":"2025-05-26T19:55:18","modified_gmt":"2025-05-26T22:55:18","slug":"hsu-research-vtf-15h-subwoofer-15-1400-watts","status":"publish","type":"product","link":"https:\/\/hificlub.com.br\/loja\/produto\/hsu-research-vtf-15h-subwoofer-15-1400-watts\/","title":{"rendered":"HSU RESEARCH VTF-15H Subwoofer 15&#8243; 1400 watts"},"content":{"rendered":"<p>O Hsu Research VTF-15H pode ter o mesmo efeito disruptivo no mercado de supersubwoofers que o netbook Eee PC teve no mercado de laptops. O VTF-15H \u00e9 um subwoofer grande e potente com um driver de 15 polegadas e um amplificador BASH de alta efici\u00eancia com pot\u00eancia de 350 watts cont\u00ednuos e 1.400 watts de pico. O gabinete r\u00edgido e pesado contribui para um peso impressionante de 59 kg. E o VTF-15H oferece mais possibilidades de ajustes do que quase qualquer outro subwoofer que j\u00e1 encontrei.<\/p>\n<p>A Hsu fornece dois plugues de espuma que podem ser usados \u200b\u200bpara tapar as portas triangulares. Voc\u00ea pode usar um plugue para reduzir a resposta da porta (e alterar a afina\u00e7\u00e3o da caixa) ou ambos os plugues para converter efetivamente o subwoofer para uma afina\u00e7\u00e3o de caixa selada. O interruptor EQ oferece duas posi\u00e7\u00f5es, EQ1 e EQ2; o primeiro fornece uma resposta de graves mais profunda, enquanto o \u00faltimo fornece uma sa\u00edda mais de m\u00e9dios-graves. A combina\u00e7\u00e3o dessas duas op\u00e7\u00f5es oferece um total de cinco modos de afina\u00e7\u00e3o diferentes, todos bem explicados no manual. (Usar o modo EQ1 com ambas as portas abertas \u00e9 estritamente proibido e anular\u00e1 a garantia.)<\/p>\n<p>H\u00e1 tamb\u00e9m um bot\u00e3o Q, que ajusta a largura de banda ressonante do subwoofer. O Q m\u00ednimo de 0,3 proporciona um som mais compacto (pense em Chris Squire, do Yes, ou Geddy Lee, do Rush); uma configura\u00e7\u00e3o de Q m\u00e9dio de 0,5 proporciona a resposta mais plana (pense nos baixistas de est\u00fadio de Los Angeles nos discos do Steely Dan); e a configura\u00e7\u00e3o m\u00e1xima de 0,7 proporciona um som mais encorpado (pense em Dusty Hill, do ZZ Top, ou em Duck Dunn, do Booker T. and the MG).<\/p>\n<p>As mudan\u00e7as que todos esses ajustes facilitam n\u00e3o s\u00e3o sutis. Para encontrar o que funciona melhor para voc\u00ea, voc\u00ea ter\u00e1 que experimentar todas as op\u00e7\u00f5es com uma variedade de materiais, uma tarefa que me levou uma ou duas horas. \u00c9 quase como comprar seis subwoofers diferentes, lev\u00e1-los para casa e decidir qual deles voc\u00ea mais gosta. A maneira mais f\u00e1cil de encontrar minhas configura\u00e7\u00f5es preferidas era colocar pequenos trechos de DVDs e CDs no repeat, depois girar os interruptores, ajustar os plugues e observar quais op\u00e7\u00f5es soavam melhor com o qu\u00ea.<\/p>\n<p>Em algumas configura\u00e7\u00f5es, a for\u00e7a bruta do VTF-15H me sobrecarregou de uma forma que n\u00e3o me lembro de ter experimentado com outros subwoofers. Para ser mais espec\u00edfico, algumas configura\u00e7\u00f5es produziram tanta for\u00e7a e impacto que come\u00e7aram a me dar dor de cabe\u00e7a. A configura\u00e7\u00e3o de 0,3 Q em combina\u00e7\u00e3o com o modo de portas abertas produziu graves firmes que pareciam levar uma pancada na cabe\u00e7a com um travesseiro. Por outro lado, voc\u00ea pode girar o Q para 0,7, ativar o modo EQ2 e obter graves grandes, encorpados e ultraextensos que fazem voc\u00ea se sentir como se estivesse sentado em uma enorme pilha de l\u00e3 rec\u00e9m-tosquiada.<\/p>\n<p>Fabricante HSU Research<br \/>\nTipo de gabinete Portado<br \/>\nDriver 15&#8243; Propriet\u00e1rio do sistema<br \/>\nDimens\u00f5es (largura, altura, profundidade) 27,75 pol. , 26 pol. , 18 pol .,<br \/>\nVolume total 7,52 p\u00e9s 3<br \/>\nPeso 59 Kg<br \/>\nFrequ\u00eancia de sintonia Vari\u00e1vel: 24 Hz , 17 Hz<br \/>\nAmplificador Interno<br \/>\nPot\u00eancia 1400 Watts<\/p>\n","protected":false},"excerpt":{"rendered":"<p>O Hsu Research VTF-15H pode ter o mesmo efeito disruptivo no mercado de supersubwoofers que o netbook Eee PC teve no mercado de laptops. O VTF-15H \u00e9 um subwoofer grande e potente com um driver de 15 polegadas e um amplificador BASH de alta efici\u00eancia com pot\u00eancia de 350 watts cont\u00ednuos e 1.400 watts de [&hellip;]<\/p>\n","protected":false},"featured_media":20893,"template":"","meta":{"_acf_changed":false},"product_brand":[],"product_cat":[17,36],"product_tag":[],"class_list":{"0":"post-20892","1":"product","2":"type-product","3":"status-publish","4":"has-post-thumbnail","6":"product_cat-caixas","7":"product_cat-subwoofer","9":"first","10":"instock","11":"sold-individually","12":"shipping-taxable","13":"purchasable","14":"product-type-simple"},"acf":[],"aioseo_notices":[],"_links":{"self":[{"href":"https:\/\/hificlub.com.br\/loja\/wp-json\/wp\/v2\/product\/20892","targetHints":{"allow":["GET"]}}],"collection":[{"href":"https:\/\/hificlub.com.br\/loja\/wp-json\/wp\/v2\/product"}],"about":[{"href":"https:\/\/hificlub.com.br\/loja\/wp-json\/wp\/v2\/types\/product"}],"wp:featuredmedia":[{"embeddable":true,"href":"https:\/\/hificlub.com.br\/loja\/wp-json\/wp\/v2\/media\/20893"}],"wp:attachment":[{"href":"https:\/\/hificlub.com.br\/loja\/wp-json\/wp\/v2\/media?parent=20892"}],"wp:term":[{"taxonomy":"product_brand","embeddable":true,"href":"https:\/\/hificlub.com.br\/loja\/wp-json\/wp\/v2\/product_brand?post=20892"},{"taxonomy":"product_cat","embeddable":true,"href":"https:\/\/hificlub.com.br\/loja\/wp-json\/wp\/v2\/product_cat?post=20892"},{"taxonomy":"product_tag","embeddable":true,"href":"https:\/\/hificlub.com.br\/loja\/wp-json\/wp\/v2\/product_tag?post=20892"}],"curies":[{"name":"wp","href":"https:\/\/api.w.org\/{rel}","templated":true}]}}