{"id":2086,"date":"2023-10-17T19:58:58","date_gmt":"2023-10-17T22:58:58","guid":{"rendered":"https:\/\/hificlub.com.br\/loja2\/produto\/xindak-xa6950-fet-dual-mono-100-watts-class-a\/"},"modified":"2025-06-27T07:34:53","modified_gmt":"2025-06-27T10:34:53","slug":"xindak-xa6950-fet-dual-mono-100-watts-class-a","status":"publish","type":"product","link":"https:\/\/hificlub.com.br\/loja\/produto\/xindak-xa6950-fet-dual-mono-100-watts-class-a\/","title":{"rendered":"XINDAK XA6950 Amplificador Integrado FET Dual Mono 100 watts Class A\/AB"},"content":{"rendered":"<p>Estado de conserva\u00e7\u00e3o: <strong>9\/10<\/strong><\/p>\n<p><strong>Xindak XA6950 Integrated Amplifier<\/strong><\/p>\n<p><strong>FEATURE:<\/strong><\/p>\n<p>This unit adopts dual differential complementary symmetrical pushpull amplifying. FET (field effect transistor) is put to good use for the track amplifier while the following stage adopts symmetric current negative feedback circuit with wide frequency response range and low distortion.<\/p>\n<p>For each channel, there are two stages for impulse, with four pairs of well-selected high-quality HI-FI high-power geminate transistors as field effect tube output with wide dynamic range and strong controlling ability in low frequency.<\/p>\n<p>The two high-power annual transformer supply power for the left and right channels, as well as preceding and following stages independently with the following stage equipped with fast rectifying bridge and low impedance servo power supply for the preceding stage.<\/p>\n<p>The volume control adopts the blue large-size ALPS motor potentiometer and operated by the unique method of \u00a1\u00b0analog potentiometer by indirectly digital control\u00a1\u00b1 of our company which ensures the shortest delivering path and lower signal distortion. With VFD displaying screen, the whole screen looks superb and generous, as well as being equipped with a full functional remote control board.<\/p>\n<p>The complete unit is controlled by microcomputer with varied protecting functions to provide safety and convenient use.<\/p>\n<p data-spm-anchor-id=\"a2g0o.detail.1000023.i0.274856c4weHzAE\">XA6950 adota circuito de amplifica\u00e7\u00e3o feedback negativo corrente com grande freq\u00fc\u00eancia tocou, alta velocidade e baixa distor\u00e7\u00e3o.<br \/>\n1. fase anterior adota o circuito do bem-avaliado XA8200 fundamental da nossa empresa, sucedendo O caracter\u00edsticas de XA8200.<br \/>\n2. Following fase adota assim\u00e9trica atual circuito de feedback negativo, que tem ampla faixa de resposta de freq\u00fc\u00eancia e baixa distor\u00e7\u00e3o.<br \/>\n3. cada canal tem dois est\u00e1gios de impulso, E a fase final adotar quatro pares de alta qualidade de alta pot\u00eancia Hi-Fi transistor Como sa\u00edda, que tem grande gama din\u00e2mica e forte baixa freq\u00fc\u00eancia de controle Capacidade.<br \/>\n4. Dois anel de transformadores de pot\u00eancia de alta pot\u00eancia fonte de alimenta\u00e7\u00e3o para o canal esquerdo e canal direito, Bem como a fase anterior e o seguinte palco individualmente. O seguinte fase \u00e9 fornecido com alta velocidade pendulares ponte, Enquanto anteriores utiliza\u00e7\u00e3o em palco baixa resist\u00eancia interna para o servo de tens\u00e3o constante fonte de alimenta\u00e7\u00e3o.<br \/>\n5. ALPS potenci\u00f4metro do motor \u00e9 adotado para controle de volume, que usar o &#8220;analogia potenci\u00f4metro d\u00edgitos controle indireta&#8221; M\u00e9todo de nossa cria\u00e7\u00e3o original para controle, e pode Encurtar o caminho de transmiss\u00e3o de sinal e reduzir o vitiation de Sinais.<br \/>\n6. Screen Display \u00e9 display VFD, que \u00e9 de bom gosto, Como bem como equipado com controle remoto totalmente funcional.<br \/>\n7. Complete m\u00e1quina adota o microcomputador controle, que tem v\u00e1rias fun\u00e7\u00f5es de prote\u00e7\u00e3o, garante seguran\u00e7a, bem como facilidade para uso.<br \/>\n8. Interface de entrada de equil\u00edbrio \u00e9 tamb\u00e9m equipado, que pode entrada de sinais de equil\u00edbrio.<\/p>\n<p>&nbsp;<\/p>\n<p>Especifica\u00e7\u00f5es<\/p>\n<p>Pot\u00eancia de sa\u00edda: 2 \u00d7 100 W (8\u03a9)<br \/>\nDistor\u00e7\u00e3o harm\u00f4nica total: 0,04%<br \/>\nResposta de freq\u00fc\u00eancia: 10 Hz-100 KHz (0,-3dB)<br \/>\nRela\u00e7\u00e3o sinal-ru\u00eddo: 95dB (a)<br \/>\nConsumo de energia: 336 W<br \/>\nDimens\u00f5es: D455xH157xW430 (mm)<br \/>\nPeso: 26 kg<\/p>\n<p>&nbsp;<\/p>\n","protected":false},"excerpt":{"rendered":"<p>Estado de conserva\u00e7\u00e3o: 9\/10 Xindak XA6950 Integrated Amplifier FEATURE: This unit adopts dual differential complementary symmetrical pushpull amplifying. FET (field effect transistor) is put to good use for the track amplifier while the following stage adopts symmetric current negative feedback circuit with wide frequency response range and low distortion. For each channel, there are two [&hellip;]<\/p>\n","protected":false},"featured_media":2081,"template":"","meta":{"_acf_changed":false},"product_brand":[],"product_cat":[27,51],"product_tag":[],"class_list":{"0":"post-2086","1":"product","2":"type-product","3":"status-publish","4":"has-post-thumbnail","6":"product_cat-amplificador","7":"product_cat-integrado","9":"first","10":"instock","11":"sold-individually","12":"shipping-taxable","13":"purchasable","14":"product-type-simple"},"acf":[],"aioseo_notices":[],"_links":{"self":[{"href":"https:\/\/hificlub.com.br\/loja\/wp-json\/wp\/v2\/product\/2086","targetHints":{"allow":["GET"]}}],"collection":[{"href":"https:\/\/hificlub.com.br\/loja\/wp-json\/wp\/v2\/product"}],"about":[{"href":"https:\/\/hificlub.com.br\/loja\/wp-json\/wp\/v2\/types\/product"}],"wp:featuredmedia":[{"embeddable":true,"href":"https:\/\/hificlub.com.br\/loja\/wp-json\/wp\/v2\/media\/2081"}],"wp:attachment":[{"href":"https:\/\/hificlub.com.br\/loja\/wp-json\/wp\/v2\/media?parent=2086"}],"wp:term":[{"taxonomy":"product_brand","embeddable":true,"href":"https:\/\/hificlub.com.br\/loja\/wp-json\/wp\/v2\/product_brand?post=2086"},{"taxonomy":"product_cat","embeddable":true,"href":"https:\/\/hificlub.com.br\/loja\/wp-json\/wp\/v2\/product_cat?post=2086"},{"taxonomy":"product_tag","embeddable":true,"href":"https:\/\/hificlub.com.br\/loja\/wp-json\/wp\/v2\/product_tag?post=2086"}],"curies":[{"name":"wp","href":"https:\/\/api.w.org\/{rel}","templated":true}]}}