{"id":20831,"date":"2025-04-11T05:37:52","date_gmt":"2025-04-11T08:37:52","guid":{"rendered":"https:\/\/hificlub.com.br\/loja\/?post_type=product&#038;p=20831"},"modified":"2025-05-27T16:03:32","modified_gmt":"2025-05-27T19:03:32","slug":"mark-levinson-38s-preamplificador-dual-mono-full-balanced","status":"publish","type":"product","link":"https:\/\/hificlub.com.br\/loja\/produto\/mark-levinson-38s-preamplificador-dual-mono-full-balanced\/","title":{"rendered":"MARK LEVINSON 38S Preamplificador Dual Mono Full Balanced"},"content":{"rendered":"<p>O No.38S apresenta mais de tr\u00eas d\u00fazias de refinamentos, todos os quais supostamente melhoram seu desempenho sonoro. A grande mudan\u00e7a \u00e9 o uso de uma placa de circuito impresso de quatro camadas no lugar da placa de duas camadas do &#8217;38. Embora o diel\u00e9trico da placa n\u00e3o seja o Teflon de som soberbo usado no Levinson No.26S \u2014 n\u00e3o \u00e9 poss\u00edvel encontrar PCBs de Teflon multicamadas \u2014, ele \u00e9 feito de um material n\u00e3o identificado, desenvolvido para uso em comunica\u00e7\u00f5es VHF, e supostamente compartilha algumas das caracter\u00edsticas el\u00e9tricas do Teflon. As duas camadas internas do PCB s\u00e3o &#8220;planos de energia&#8221;, enquanto a camada superior parece ser um plano de aterramento, conferindo aos trilhos de tens\u00e3o e \u00e0 refer\u00eancia de aterramento imped\u00e2ncias de fonte muito baixas \u2014 como se, diz Madrigal, &#8220;houvesse um capacitor de bypass muito r\u00e1pido em cada pino de alimenta\u00e7\u00e3o do CI&#8221;.<\/p>\n<p>Como resultado de extensos testes de audi\u00e7\u00e3o com componentes passivos, os engenheiros da Madrigal se concentraram em um pequeno n\u00famero de componentes cr\u00edticos no circuito de 1938 que se beneficiariam da substitui\u00e7\u00e3o por pe\u00e7as premium (nota de rodap\u00e9 2). Quatorze resistores em cada canal foram substitu\u00eddos por resistores de folha met\u00e1lica de toler\u00e2ncia pr\u00f3xima, e um capacitor por canal foi substitu\u00eddo por um capacitor diel\u00e9trico de Teflon.<\/p>\n<p>Curiosamente, os elementos de ganho reais do &#8217;38S s\u00e3o circuitos integrados de amplificador operacional Burr-Brown OPA2604, dois por canal, combinados com um est\u00e1gio de modo de corrente para formar um amplificador de instrumenta\u00e7\u00e3o semidiscreto. O OPA2604 \u00e9 um chip premium, amplamente respeitado no mundo do design de \u00e1udio anal\u00f3gico.<\/p>\n<p>Tecnologia<br \/>\nPara uma descri\u00e7\u00e3o funcional detalhada, remeto os leitores \u00e0 an\u00e1lise do n\u00ba 38 feita por Bob Harley em agosto de 1994. Mas, basicamente, os circuitos para os dois canais s\u00e3o separados pelos circuitos de alimenta\u00e7\u00e3o e controle, estes protegidos por uma blindagem interna. Isso, juntamente com o uso de optoisoladores para conectar as informa\u00e7\u00f5es de controle aos rel\u00e9s de controle de volume e seletor, resulta em um ru\u00eddo de fundo muito baixo. Os rel\u00e9s de sele\u00e7\u00e3o de entrada s\u00e3o adjacentes aos conectores de entrada, minimizando o comprimento do circuito impresso que o sinal precisa percorrer, enquanto o controle de volume utiliza um chip MDAC de dois canais, um por canal.<\/p>\n<p>O &#8220;M&#8221; em MDAC significa &#8220;multiplicador&#8221;; vi pela primeira vez o uso de um conversor D\/A como um controle de volume controlado por palavra digital em um amplificador ReVox no in\u00edcio da d\u00e9cada de 1980. Normalmente, para converter dados digitais em anal\u00f3gicos, as palavras de dados s\u00e3o alimentadas na entrada de dados do MDAC e controlam o arranjo de uma cadeia de resistores de precis\u00e3o. Uma tens\u00e3o CC de refer\u00eancia muito est\u00e1vel \u00e9 alimentada no pino de refer\u00eancia do chip e \u00e9 dividida por essa escada de resistores para produzir uma tens\u00e3o de sa\u00edda proporcional \u00e0 palavra de dados de entrada. O MDAC pode, portanto, ser visto como uma resist\u00eancia vari\u00e1vel controlada por palavra digital. N\u00e3o \u00e9 preciso um grande salto de imagina\u00e7\u00e3o para imaginar alimentar um sinal de \u00e1udio no pino de tens\u00e3o de refer\u00eancia do MDAC e usar o MDAC como um resistor vari\u00e1vel em uma cadeia divisora \u200b\u200bde tens\u00e3o, por exemplo, ou no circuito de realimenta\u00e7\u00e3o negativa de um circuito amplificador. Alterar as palavras digitais para o MDAC resultar\u00e1 na produ\u00e7\u00e3o do sinal anal\u00f3gico em diferentes n\u00edveis de sa\u00edda \u2014 o que n\u00f3s, leigos, chamamos de &#8220;controle de volume&#8221;.<\/p>\n<p>Embora usar um MDAC dessa forma exija que o projetista tenha cuidado com problemas imprevistos \u2014 o antigo amplificador ReVox soava bem ruim \u2014 as vantagens s\u00e3o: 1) correspond\u00eancia muito pr\u00f3xima entre os canais \u2014 os resistores do DAC precisam ter uma toler\u00e2ncia inerentemente menor do que at\u00e9 mesmo os tipos caros que voc\u00ea encontra em uma caixa de pe\u00e7as; 2) \u00e9 uma quest\u00e3o trivial para o projetista implementar controles de silenciamento e balanceamento ou programar entradas diferentes para terem sensibilidades diferentes; e 3) o projetista pode produzir qualquer tipo de &#8220;lei&#8221; de controle de volume que desejar simplesmente selecionando qual conjunto de palavras de dados ser\u00e1 enviado ao DAC.<\/p>\n<p>O MDAC usado pela Madrigal nos modelos &#8217;38 e &#8217;38S \u00e9, acredito eu, um dispositivo de 12 bits \u2014 o que significa que pode produzir 4096 passos de n\u00edvel igual. Os engenheiros da Madrigal optaram por fornecer uma faixa de controle de 92 dB em passos precisos de 0,1 dB. Abaixo de &#8220;73,2&#8221; indicado no painel frontal do &#8217;38S, o controle de volume atua como um atenuador; acima desse n\u00edvel, um est\u00e1gio de ganho ativo fornece at\u00e9 18,9 dB de ganho de tens\u00e3o.<\/p>\n<p>Os dados de controle s\u00e3o fornecidos por um codificador de eixo \u00f3ptico conectado ao bot\u00e3o girat\u00f3rio grande no painel frontal. Este foi programado para ter uma a\u00e7\u00e3o \u00fatil: gire-o rapidamente e o volume muda muito rapidamente; gire-o lentamente e o volume muda muito gradualmente. \u00d3timo!<\/p>\n<p>Som<br \/>\n: Considere a semelhan\u00e7a entre tubar\u00f5es e golfinhos em sua forma. No entanto, um deles \u00e9 uma das esp\u00e9cies de peixes mais antigas, enquanto o outro \u00e9 descendente de um mam\u00edfero terrestre semelhante ao urso que retornou ao mar. Esse processo de organismos muito diferentes desenvolverem qualidades f\u00edsicas superficiais quase id\u00eanticas \u00e9 denominado evolu\u00e7\u00e3o convergente.<\/p>\n<p>O mesmo fen\u00f4meno pode ser observado no \u00e1udio: no n\u00edvel mais avan\u00e7ado do projeto de pr\u00e9-amplificadores, n\u00e3o importa se o projetista opta por usar v\u00e1lvulas, FETs ou mesmo chips de amplificador operacional \u2014 o objetivo \u00e9 produzir um centro de controle sem nenhuma caracter\u00edstica pr\u00f3pria. \u00c0 medida que o desempenho do pr\u00e9-amplificador melhora, torna-se mais dif\u00edcil caracterizar um produto como tendo um som espec\u00edfico. Foi o que aconteceu com o No. 38S.<\/p>\n<p>Ao longo do per\u00edodo de an\u00e1lise, as diferen\u00e7as entre grava\u00e7\u00f5es e processadores D\/A pareceram muito maiores em magnitude do que qualquer coisa que eu pudesse atribuir ao pr\u00e9-amplificador Levinson. Em vez de discutir sua assinatura sonora em termos absolutos, portanto, vou compar\u00e1-lo com o No. 38 e dois outros est\u00e1gios de linha de ponta e deixar que o que ele realmente faz emerja das compara\u00e7\u00f5es<\/p>\n<p>Especifica\u00e7\u00f5es<br \/>\nPr\u00e9-amplificador de est\u00e1gio de linha mono duplo controlado remotamente com offsets de n\u00edvel de entrada program\u00e1veis, r\u00f3tulos de entrada e silenciador. Ganho: \u201373,1 dB a +18,9 dB mais &#8220;off&#8221;. Entradas: duas est\u00e9reo balanceadas (XLR), quatro single-ended (RCA), um conector de comunica\u00e7\u00e3o Mark Levinson Link, um minijack de 1\/8&#8243; para repetidor IR externo. Sa\u00eddas: um par de sa\u00eddas principais est\u00e9reo balanceadas (XLR), um par de sa\u00eddas principais est\u00e9reo single-ended (RCA), duas sa\u00eddas de grava\u00e7\u00e3o est\u00e9reo (RCA), um conector de comunica\u00e7\u00e3o Mark Levinson Link. Imped\u00e2ncia de entrada: 100k ohms. Imped\u00e2ncia de sa\u00edda: 16V. Sa\u00edda m\u00e1xima: 16V RMS, balanceada. Consumo de energia: 40W.<br \/>\nDimens\u00f5es: 15,75&#8243; (400mm) L x 14,3&#8243; (363,2mm) P x 3,84&#8243; (97,5mm) A. Peso: 35 lbs (16kg).<\/p>\n","protected":false},"excerpt":{"rendered":"<p>O No.38S apresenta mais de tr\u00eas d\u00fazias de refinamentos, todos os quais supostamente melhoram seu desempenho sonoro. A grande mudan\u00e7a \u00e9 o uso de uma placa de circuito impresso de quatro camadas no lugar da placa de duas camadas do &#8217;38. Embora o diel\u00e9trico da placa n\u00e3o seja o Teflon de som soberbo usado no [&hellip;]<\/p>\n","protected":false},"featured_media":20833,"template":"","meta":{"_acf_changed":false},"product_brand":[],"product_cat":[90,38,26],"product_tag":[],"class_list":{"0":"post-20831","1":"product","2":"type-product","3":"status-publish","4":"has-post-thumbnail","6":"product_cat-mark-levinson","7":"product_cat-pre-amplificador","8":"product_cat-vintage","10":"first","11":"instock","12":"sold-individually","13":"shipping-taxable","14":"purchasable","15":"product-type-simple"},"acf":[],"aioseo_notices":[],"_links":{"self":[{"href":"https:\/\/hificlub.com.br\/loja\/wp-json\/wp\/v2\/product\/20831","targetHints":{"allow":["GET"]}}],"collection":[{"href":"https:\/\/hificlub.com.br\/loja\/wp-json\/wp\/v2\/product"}],"about":[{"href":"https:\/\/hificlub.com.br\/loja\/wp-json\/wp\/v2\/types\/product"}],"wp:featuredmedia":[{"embeddable":true,"href":"https:\/\/hificlub.com.br\/loja\/wp-json\/wp\/v2\/media\/20833"}],"wp:attachment":[{"href":"https:\/\/hificlub.com.br\/loja\/wp-json\/wp\/v2\/media?parent=20831"}],"wp:term":[{"taxonomy":"product_brand","embeddable":true,"href":"https:\/\/hificlub.com.br\/loja\/wp-json\/wp\/v2\/product_brand?post=20831"},{"taxonomy":"product_cat","embeddable":true,"href":"https:\/\/hificlub.com.br\/loja\/wp-json\/wp\/v2\/product_cat?post=20831"},{"taxonomy":"product_tag","embeddable":true,"href":"https:\/\/hificlub.com.br\/loja\/wp-json\/wp\/v2\/product_tag?post=20831"}],"curies":[{"name":"wp","href":"https:\/\/api.w.org\/{rel}","templated":true}]}}