{"id":2080,"date":"2023-10-17T19:58:58","date_gmt":"2023-10-17T22:58:58","guid":{"rendered":"https:\/\/hificlub.com.br\/loja2\/produto\/krell-s300i-150-watts\/"},"modified":"2025-12-21T17:34:45","modified_gmt":"2025-12-21T20:34:45","slug":"krell-s300i-150-watts","status":"publish","type":"product","link":"https:\/\/hificlub.com.br\/loja\/produto\/krell-s300i-150-watts\/","title":{"rendered":"KRELL S300i Amplificador Integrado Full Balanced 150 watts"},"content":{"rendered":"<p>Estado de conserva\u00e7\u00e3o: <strong>9\/10<\/strong><\/p>\n<p class=\"MdRemovedH1\">Amplificador integrado Krell S-300i<\/p>\n<p class=\"MdRemovedH2\">Uma pot\u00eancia musical com delicadeza e finesse: um enorme transformador e classifica\u00e7\u00f5es de 150Wpc em 8 Ohms, 300Wpc em 4 Ohms<\/p>\n<p class=\"MdRemovedH2\"><em>O Krell S-300i, vencedor do pr\u00eamio Absolute Sound<\/em>\u00a0Editors&#8217; Choice, foi um roubo no pre\u00e7o original &#8211; agora obtenha toda a extens\u00e3o, recupera\u00e7\u00e3o extrema de detalhes e sons de ponta com uma enorme economia<\/p>\n<p><strong>Os eletr\u00f4nicos Krell<\/strong>\u00a0atingem audi\u00f3filos e amantes da m\u00fasica em todo o mundo, proporcionando imensa satisfa\u00e7\u00e3o para aqueles que os possuem e intenso ci\u00fame para aqueles que n\u00e3o os possuem.\u00a0Baseado na tecnologia do carro-chefe da\u00a0<strong>Krell<\/strong>\u00a0Evolution Series of separa, o\u00a0amplificador integrado\u00a0<strong>S-300i\u00a0<\/strong><strong>de 43 libras tem uma tonelada de m\u00fasculo, fornecendo 150 watts\/canal em 8 Ohms e 300 em 4 Ohms.\u00a0<\/strong>Vencedor do Pr\u00eamio Escolha\u00a0dos\u00a0<strong>Editores da\u00a0<\/strong><strong><em>Absolute Sound<\/em><\/strong>\u00a0, o\u00a0<strong>S-300i emprega uma se\u00e7\u00e3o de Pr\u00e9-\u00a0<\/strong><strong>amplificador de Modo de Corrente Krell<\/strong>\u00a0totalmente balanceada Classe-A\u00a0que fornece largura de banda inigual\u00e1vel.\u00a0Este knockout integrado ainda vem completo com\u00a0<strong>postes de liga\u00e7\u00e3o WBT reais<\/strong>para garantir uma conex\u00e3o de cabo forte e segura.\u00a0Como sempre,\u00a0<strong>Music Direct oferece sua garantia de satisfa\u00e7\u00e3o de 100%<\/strong>\u00a0no\u00a0<strong>S-300i<\/strong>\u00a0.<\/p>\n<p>\u201c\u00a0<em><strong>Tal wallop!\u00a0Essa extens\u00e3o!\u00a0Tanta massa!\u00a0&#8230;E o S300i flexiona seus m\u00fasculos em outra \u00e1rea: recupera\u00e7\u00e3o de detalhes.\u00a0O espa\u00e7o sonoro \u00e9 t\u00e3o grande, de parede a parede e se estendendo at\u00e9 o ponto de fuga s\u00f4nico atr\u00e1s dos alto-falantes.\u00a0Eu simplesmente n\u00e3o esperava isso de uma unidade t\u00e3o compacta e t\u00e3o relativamente acess\u00edvel.\u00a0O S-300i se comporta como um combo pr\u00e9-energia de US$ 10.000.\u00a0Esta \u00e9 uma oferta inexplic\u00e1vel e insana.\u00a0Eu amo isso!\u00a0<\/strong><\/em>\u201d<br \/>\n\u2013 Ken Kessler,\u00a0<em>Hi-Fi News<\/em><\/p>\n<p><strong>Inigual\u00e1vel em sua classe de pre\u00e7o: Recupera\u00e7\u00e3o de detalhes fenomenal, extens\u00e3o e liquidez<\/strong><br \/>\nSem um amplificador comum, o\u00a0<strong>S-300i<\/strong>\u00a0mira em produtos muito mais caros e supera todas as expectativas.\u00a0Os n\u00edveis de recupera\u00e7\u00e3o de detalhes, extens\u00e3o de frequ\u00eancia e liquidez s\u00e3o superlativos e, assim como todos os\u00a0amplificadores\u00a0<strong>Krell , o\u00a0<\/strong><strong>S-300i<\/strong>\u00a0lida com praticamente qualquer carga de alto-falante.\u00a0Este overachiever estabelece um novo padr\u00e3o n\u00e3o apenas para amplificadores integrados, mas para todos os componentes em qualquer lugar pr\u00f3ximo \u00e0 sua faixa de pre\u00e7o.\u00a0Na verdade, este amplificador integrado \u00e9 uma pechincha, um termo que n\u00e3o usamos de \u00e2nimo leve.\u00a0Experimente este amplificador em sua casa e em seu sistema.\u00a0N\u00f3s sabemos que voc\u00ea vai se surpreender!<\/p>\n<p><strong><em>&#8220;Levando tudo em considera\u00e7\u00e3o &#8211; grande pot\u00eancia, boa movimenta\u00e7\u00e3o de carga, precis\u00e3o t\u00e9cnica, constru\u00e7\u00e3o e acabamento inspiradores de confian\u00e7a, o equil\u00edbrio do canal e a facilidade de compensa\u00e7\u00e3o de volume da fonte, al\u00e9m do controle de volume de precis\u00e3o &#8211; est\u00e1 no caminho certo para recomenda\u00e7\u00e3o. &#8211; qualidade de som l\u00edder (para pot\u00eancia e pre\u00e7o), com uma entrega focada e muscular, boa clareza e profundidade de imagem &#8230; e este \u00e9 um design totalmente recomend\u00e1vel e para todos os fins.&#8221;<\/em><\/strong><br \/>\n\u2013 Martin Colloms, Aprecie a M\u00fasica<\/p>\n<p><strong>Tecnologia e circuitos de primeira linha da linha principal da Krell<\/strong><br \/>\nO\u00a0<strong>S-300i combina um\u00a0<\/strong><strong>circuito pr\u00e9-amplificador Classe A<\/strong>\u00a0totalmente balanceado\u00a0com um amplificador est\u00e9reo avaliado em 150 watts por canal em 8 ohms e 300 watts por canal em 4 ohms.\u00a0Seu design de circuito empresta a\u00a0<strong>tecnologia Current Mode<\/strong>\u00a0usada nos amplificadores e pr\u00e9-amplificadores Evolution top de linha da Krell.\u00a0Essa tecnologia oferece largura de banda de sinal inigual\u00e1vel, garantindo uma resposta clara e poderosa desde as notas graves mais profundas at\u00e9 o topo da largura de banda de frequ\u00eancia.\u00a0Um enorme transformador toroidal de 750VA e 38.000 microfarads de capacit\u00e2ncia de armazenamento tornam a\u00a0 se\u00e7\u00e3o\u00a0<strong>de amplificador do S-300i\u00a0<\/strong>\u00a0uma das mais robustas j\u00e1 incorporadas a um amplificador integrado.<\/p>\n<p>\u201c\u00a0<em><strong>Este amplificador integrado tem pouco mais de dez cent\u00edmetros de altura, mas esta pot\u00eancia \u00e9 pura Krell por completo.\u00a0Eu tive que me lembrar continuamente de que o S-300i custa apenas US$ 2.500;\u00a0mas eu estava comparando com amplificadores duas vezes o pre\u00e7o e muito mais!\u00a0O que me surpreendeu foi o equil\u00edbrio que Krell alcan\u00e7ou entre as expectativas sonoras dos audi\u00f3filos tradicionais e uma nova gera\u00e7\u00e3o de amadores cujas prioridades tamb\u00e9m incluem funcionalidades e recursos modernos.\u00a0<\/strong><\/em>&#8221;<br \/>\n\u2013 Neil Gader,\u00a0<em>O Som Absoluto<\/em><\/p>\n<p><strong><em>&#8220;Voc\u00ea obt\u00e9m o m\u00e1ximo de audi\u00f3filos pelo seu dinheiro sem seguir a rota do amplificador digital enquanto fornece pot\u00eancia audi\u00f3fila com o estilo Krell. Em um mundo onde posso obter equipamentos de gra\u00e7a ou emprestados, fiz um cheque para o Krell S-300i. t\u00e3o bom.&#8221;<\/em><\/strong><br \/>\n\u2013 Jerry Del Colliano, HomeTheaterReview.com<\/p>\n<p><strong>N\u00e3o h\u00e1 raz\u00e3o para n\u00e3o ouvir este aclamado integrado<\/strong><br \/>\nA linha de fundo no S-300i?\u00a0A qualidade e o desempenho da Krell est\u00e3o ao alcance de muitos mais amantes da m\u00fasica.\u00a0Dado seu n\u00edvel de desempenho e pre\u00e7o com desconto recente, al\u00e9m da Garantia de Devolu\u00e7\u00e3o do Dinheiro da Music Direct, o\u00a0<strong>S-300i n\u00e3o pode ser superado!<\/strong><\/p>\n<p>&nbsp;<\/p>\n<p><strong>Krell\u00a0<\/strong>electronics strike a chord with audiophiles and music lovers the world over by delivering immense satisfaction in those who own them and intense jealousy in those who don\u2019t. Based on technology from\u00a0<strong>Krell<\/strong>\u2019s flagship Evolution Series of separates, the\u00a0<strong>43-pound<\/strong>\u00a0<strong>S-300i<\/strong>\u00a0integrated amp packs a ton of muscle, delivering 150 watts\/channel into 8 Ohms and 300 into 4 Ohms. Winner of\u00a0<strong><em>The Absolute Sound<\/em><\/strong>&#8216;<strong>s Editors&#8217; Choice Award<\/strong>, the\u00a0<strong>S-300i<\/strong>\u00a0employs a Class-A, fully balanced\u00a0<strong>Krell Current Mode Preamplifier\u00a0<\/strong>section that provides unequaled bandwidth. This knockout integrated even comes complete with real\u00a0<strong>WBT binding posts\u00a0<\/strong>to ensure a strong secure cable connection. As always,\u00a0<strong>Music Direct offers its 100% Satisfaction Guarantee<\/strong>\u00a0on the\u00a0<strong>S-300i<\/strong>.<\/p>\n<p>Power Output:150Wpc into 8 ohms, 300Wpc into 4 ohms<br \/>\nInputs:Three RCA, one XLR (all line inputs)<br \/>\nDimensions:17.25\u201d x 4.20\u201d x 17.50\u201d<br \/>\nWeight:43 lbs.<\/p>\n","protected":false},"excerpt":{"rendered":"<p>Estado de conserva\u00e7\u00e3o: 9\/10 Amplificador integrado Krell S-300i Uma pot\u00eancia musical com delicadeza e finesse: um enorme transformador e classifica\u00e7\u00f5es de 150Wpc em 8 Ohms, 300Wpc em 4 Ohms O Krell S-300i, vencedor do pr\u00eamio Absolute Sound\u00a0Editors&#8217; Choice, foi um roubo no pre\u00e7o original &#8211; agora obtenha toda a extens\u00e3o, recupera\u00e7\u00e3o extrema de detalhes e [&hellip;]<\/p>\n","protected":false},"featured_media":2072,"template":"","meta":{"_acf_changed":false},"product_brand":[],"product_cat":[27,51,34],"product_tag":[],"class_list":{"0":"post-2080","1":"product","2":"type-product","3":"status-publish","4":"has-post-thumbnail","6":"product_cat-amplificador","7":"product_cat-integrado","8":"product_cat-krell","10":"first","11":"instock","12":"sold-individually","13":"shipping-taxable","14":"purchasable","15":"product-type-simple"},"acf":[],"aioseo_notices":[],"_links":{"self":[{"href":"https:\/\/hificlub.com.br\/loja\/wp-json\/wp\/v2\/product\/2080","targetHints":{"allow":["GET"]}}],"collection":[{"href":"https:\/\/hificlub.com.br\/loja\/wp-json\/wp\/v2\/product"}],"about":[{"href":"https:\/\/hificlub.com.br\/loja\/wp-json\/wp\/v2\/types\/product"}],"wp:featuredmedia":[{"embeddable":true,"href":"https:\/\/hificlub.com.br\/loja\/wp-json\/wp\/v2\/media\/2072"}],"wp:attachment":[{"href":"https:\/\/hificlub.com.br\/loja\/wp-json\/wp\/v2\/media?parent=2080"}],"wp:term":[{"taxonomy":"product_brand","embeddable":true,"href":"https:\/\/hificlub.com.br\/loja\/wp-json\/wp\/v2\/product_brand?post=2080"},{"taxonomy":"product_cat","embeddable":true,"href":"https:\/\/hificlub.com.br\/loja\/wp-json\/wp\/v2\/product_cat?post=2080"},{"taxonomy":"product_tag","embeddable":true,"href":"https:\/\/hificlub.com.br\/loja\/wp-json\/wp\/v2\/product_tag?post=2080"}],"curies":[{"name":"wp","href":"https:\/\/api.w.org\/{rel}","templated":true}]}}