{"id":20786,"date":"2025-04-09T07:16:01","date_gmt":"2025-04-09T10:16:01","guid":{"rendered":"https:\/\/hificlub.com.br\/loja\/?post_type=product&#038;p=20786"},"modified":"2026-03-02T14:38:08","modified_gmt":"2026-03-02T17:38:08","slug":"jbl-es150p-subwoofer-10-300-watts","status":"publish","type":"product","link":"https:\/\/hificlub.com.br\/loja\/produto\/jbl-es150p-subwoofer-10-300-watts\/","title":{"rendered":"JBL ES150P  Subwoofer 10&#8243; 300 watts"},"content":{"rendered":"<p>Caixa Jbl ES150P<\/p>\n<p>Subwoofer potente de 300 watts RMS (500 watts de pico) e 10 pol.<\/p>\n<p>O potente subwoofer ES150P \u00e9 simplesmente o in\u00edciopara trazer o sistema de home theater \u00e0 vida. Funciona como um profissional, com tecnologia desenvolvida pela divis\u00e3o profissional da JBL. Equipado com um woofer JBL PolyPlas\u2122 , o ES150P oferece um desempenho de baixas frequ\u00eancias insuper\u00e1vel. Os efeitos especiais nos seus filmes favoritos s\u00e3o altos e n\u00edtidos, sem distor\u00e7\u00e3o e ru\u00eddo indesej\u00e1veis. Um poderoso amplificador oferece at\u00e9 500 watts de energia de pico. Entradas de n\u00edvel de linha e LFE oferecem uma flexibilidade de conex\u00e3o m\u00e1xima. E controles de frequ\u00eancia cruzada e de n\u00edvel conveniente, e um interruptor de fase permitem que voc\u00ea personalize o desempenho do ES150P de acordo com a ac\u00fastica da sua sala<\/p>\n<p>ESPECIFICA\u00c7\u00d5ES T\u00c9CNICAS:<\/p>\n<p>DescriptionPowered Subwoofer<br \/>\nSeriesES<br \/>\nFinishBlack Ash<br \/>\nFrequency Response 27Hz \u2013 150Hz<br \/>\nAmplifier RMS Power300 Watts<br \/>\nAmplifier Peak Dynamic Power500 Watts<br \/>\nCrossover Frequencies 50Hz \u2013 150Hz; 24dB\/octave, continuously variable<br \/>\nDriver 250mm (10&#8243;) PolyPlas\u2122<br \/>\nDimensions (H x W x D) 457mm x 337mm x 387mm \/ 18&#8243; x 13-1\/4&#8243; x 15-1\/4&#8243;<br \/>\nWeight 17.7kg \/ 39 lb<\/p>\n","protected":false},"excerpt":{"rendered":"<p>Caixa Jbl ES150P Subwoofer potente de 300 watts RMS (500 watts de pico) e 10 pol. O potente subwoofer ES150P \u00e9 simplesmente o in\u00edciopara trazer o sistema de home theater \u00e0 vida. Funciona como um profissional, com tecnologia desenvolvida pela divis\u00e3o profissional da JBL. Equipado com um woofer JBL PolyPlas\u2122 , o ES150P oferece um [&hellip;]<\/p>\n","protected":false},"featured_media":20787,"template":"","meta":{"_acf_changed":false},"product_brand":[],"product_cat":[17,46,36],"product_tag":[],"class_list":{"0":"post-20786","1":"product","2":"type-product","3":"status-publish","4":"has-post-thumbnail","6":"product_cat-caixas","7":"product_cat-jbl","8":"product_cat-subwoofer","10":"first","11":"instock","12":"sold-individually","13":"shipping-taxable","14":"purchasable","15":"product-type-simple"},"acf":[],"aioseo_notices":[],"_links":{"self":[{"href":"https:\/\/hificlub.com.br\/loja\/wp-json\/wp\/v2\/product\/20786","targetHints":{"allow":["GET"]}}],"collection":[{"href":"https:\/\/hificlub.com.br\/loja\/wp-json\/wp\/v2\/product"}],"about":[{"href":"https:\/\/hificlub.com.br\/loja\/wp-json\/wp\/v2\/types\/product"}],"wp:featuredmedia":[{"embeddable":true,"href":"https:\/\/hificlub.com.br\/loja\/wp-json\/wp\/v2\/media\/20787"}],"wp:attachment":[{"href":"https:\/\/hificlub.com.br\/loja\/wp-json\/wp\/v2\/media?parent=20786"}],"wp:term":[{"taxonomy":"product_brand","embeddable":true,"href":"https:\/\/hificlub.com.br\/loja\/wp-json\/wp\/v2\/product_brand?post=20786"},{"taxonomy":"product_cat","embeddable":true,"href":"https:\/\/hificlub.com.br\/loja\/wp-json\/wp\/v2\/product_cat?post=20786"},{"taxonomy":"product_tag","embeddable":true,"href":"https:\/\/hificlub.com.br\/loja\/wp-json\/wp\/v2\/product_tag?post=20786"}],"curies":[{"name":"wp","href":"https:\/\/api.w.org\/{rel}","templated":true}]}}