{"id":20721,"date":"2025-04-07T07:00:09","date_gmt":"2025-04-07T10:00:09","guid":{"rendered":"https:\/\/hificlub.com.br\/loja\/?post_type=product&#038;p=20721"},"modified":"2026-03-03T22:18:08","modified_gmt":"2026-03-04T01:18:08","slug":"akg-k371-fone-de-ouvido-profissional-over-ear","status":"publish","type":"product","link":"https:\/\/hificlub.com.br\/loja\/produto\/akg-k371-fone-de-ouvido-profissional-over-ear\/","title":{"rendered":"AKG K371 Fone de Ouvido Profissional Over Ear"},"content":{"rendered":"<p>Descri\u00e7\u00e3o<br \/>\nOver-ear, closed-back, foldable studio headphones<\/p>\n<p>O Headphone Profissional AKG K371 combina desempenho de ponta, resposta de frequ\u00eancia estendida (5 Hz a 40 kHz) e conforto extremo em um modelo dobr\u00e1vel,over-ear de fundo fechado, ideal para o monitoramento no est\u00fadio, esta\u00e7\u00e3o de trabalho ou momentos de lazer. O Headphone K371 foi projetado para alcan\u00e7ar o padr\u00e3o da curva de Resposta de refer\u00eancia da AKG, um par\u00e2metro ac\u00fastico baseado em uma pesquisa pioneira destinada a definir o novo indicador de precis\u00e3o para uma complexa utiliza\u00e7\u00e3o. Drivers de 50 mm (os maiores da categoria) revestidos de tit\u00e2nio oferecem alto alcance de reprodu\u00e7\u00e3o de graves, m\u00e9dios e agudos de forma clara e detalhada. Com haste ergonomicamente delineada e um design leve e dobr\u00e1vel oferece conforto para extensas horas de utiliza\u00e7\u00e3o,,controle desliz\u00e1vel,articula\u00e7\u00f5es meticulosamente desenvolvidas garante,encaixe perfeito e f\u00e1cil armazenamento.<\/p>\n<p>Especifica\u00e7\u00f5es Gerais<br \/>\nLargura de banda da frequ\u00eancia de \u00e1udio (Hz)<br \/>\n5 &#8211; 40000<br \/>\nComprimento do cabo (m)<br \/>\n1.2, 3 &amp; 3<br \/>\nTamanho do driver (mm)<br \/>\n50<br \/>\nImped\u00e2ncia nominal (\u03a9)<br \/>\n32<br \/>\nSensibilidade (dB SPL\/V @ 1 kHz)<br \/>\n114<\/p>\n<p>Especifica\u00e7\u00f5es de \u00c1udio<br \/>\nLargura de banda da frequ\u00eancia de \u00e1udio<br \/>\n5 &#8211; 40000 Hz<br \/>\nDimens\u00f5es<br \/>\nPeso (g)<br \/>\n255<br \/>\nPeso (oz)<br \/>\n8.9<\/p>\n<p>Estilo de uso<br \/>\nOver-ear<br \/>\nUso<br \/>\nMonitoramento do est\u00fadio<br \/>\nSom de alta-fidelidade<br \/>\nDispositivos m\u00f3veis<br \/>\nBateristas<br \/>\nDobr\u00e1vel<br \/>\nFoldable<br \/>\nTipo de fone<br \/>\nFechado<\/p>\n<p>Caracter\u00edsticas<br \/>\nFechado, oval<br \/>\nSim<br \/>\nCabo remov\u00edvel<br \/>\nSim<br \/>\nOver-ear<br \/>\nSim<br \/>\nBobina de OFC<br \/>\nSim<br \/>\nFoldable<br \/>\nSim<\/p>\n","protected":false},"excerpt":{"rendered":"<p>Descri\u00e7\u00e3o Over-ear, closed-back, foldable studio headphones O Headphone Profissional AKG K371 combina desempenho de ponta, resposta de frequ\u00eancia estendida (5 Hz a 40 kHz) e conforto extremo em um modelo dobr\u00e1vel,over-ear de fundo fechado, ideal para o monitoramento no est\u00fadio, esta\u00e7\u00e3o de trabalho ou momentos de lazer. O Headphone K371 foi projetado para alcan\u00e7ar o [&hellip;]<\/p>\n","protected":false},"featured_media":20722,"template":"","meta":{"_acf_changed":false},"product_brand":[],"product_cat":[89,254,107],"product_tag":[],"class_list":{"0":"post-20721","1":"product","2":"type-product","3":"status-publish","4":"has-post-thumbnail","6":"product_cat-acessorios","7":"product_cat-akg","8":"product_cat-fones-de-ouvido","10":"first","11":"instock","12":"sold-individually","13":"shipping-taxable","14":"purchasable","15":"product-type-simple"},"acf":[],"aioseo_notices":[],"_links":{"self":[{"href":"https:\/\/hificlub.com.br\/loja\/wp-json\/wp\/v2\/product\/20721","targetHints":{"allow":["GET"]}}],"collection":[{"href":"https:\/\/hificlub.com.br\/loja\/wp-json\/wp\/v2\/product"}],"about":[{"href":"https:\/\/hificlub.com.br\/loja\/wp-json\/wp\/v2\/types\/product"}],"wp:featuredmedia":[{"embeddable":true,"href":"https:\/\/hificlub.com.br\/loja\/wp-json\/wp\/v2\/media\/20722"}],"wp:attachment":[{"href":"https:\/\/hificlub.com.br\/loja\/wp-json\/wp\/v2\/media?parent=20721"}],"wp:term":[{"taxonomy":"product_brand","embeddable":true,"href":"https:\/\/hificlub.com.br\/loja\/wp-json\/wp\/v2\/product_brand?post=20721"},{"taxonomy":"product_cat","embeddable":true,"href":"https:\/\/hificlub.com.br\/loja\/wp-json\/wp\/v2\/product_cat?post=20721"},{"taxonomy":"product_tag","embeddable":true,"href":"https:\/\/hificlub.com.br\/loja\/wp-json\/wp\/v2\/product_tag?post=20721"}],"curies":[{"name":"wp","href":"https:\/\/api.w.org\/{rel}","templated":true}]}}