{"id":20701,"date":"2025-04-05T05:29:14","date_gmt":"2025-04-05T08:29:14","guid":{"rendered":"https:\/\/hificlub.com.br\/loja\/?post_type=product&#038;p=20701"},"modified":"2026-03-03T22:18:08","modified_gmt":"2026-03-04T01:18:08","slug":"akg-k361-fone-de-ouvido-profissional-over-ear","status":"publish","type":"product","link":"https:\/\/hificlub.com.br\/loja\/produto\/akg-k361-fone-de-ouvido-profissional-over-ear\/","title":{"rendered":"AKG K361  Fone De Ouvido Profissional Over Ear"},"content":{"rendered":"<p>Descri\u00e7\u00e3o<br \/>\nOver-ear, closed-back, foldable studio headphones<\/p>\n<p>\u200b\u200bO Headphone Profissional AKG K361 combina desempenho de ponta, conforto extremo em um modelo dobr\u00e1vel,over-ear de fundo fechado, ideal para o monitoramento no est\u00fadio, audi\u00e7\u00e3o na esta\u00e7\u00e3o de trabalho ou momentos de lazer. Headphone K361 foi projetado para alcan\u00e7ar o padr\u00e3o da curva de resposta de refer\u00eancia da AKG, um par\u00e2metro ac\u00fastico baseado em uma pesquisa pioneira destinada a definir o novo indicador de precis\u00e3o para uma complexa utiliza\u00e7\u00e3o. Artistas, produtores e audi\u00f3filos podem confiar no K361 para reproduzir um \u00e1udio de forma natural e balanceada. Drivers de alta sensibilidade de 50 mm oferecem alto alcance de reprodu\u00e7\u00e3o de graves, m\u00e9dios e agudos, de forma clara e detalhada. Com haste ergonomicamente delineada de design leve oferece conforto duradouro mesmo durante longas sess\u00f5es.<\/p>\n<p>Especifica\u00e7\u00f5es Gerais<br \/>\nLargura de banda da frequ\u00eancia de \u00e1udio (Hz)<br \/>\n15 &#8211; 28000<br \/>\nComprimento do cabo (m)<br \/>\n1.2 &amp; 3<br \/>\nTamanho do driver (mm)<br \/>\n50<br \/>\nImped\u00e2ncia nominal (\u03a9)<br \/>\n32<br \/>\nSensibilidade (dB SPL\/V @ 1 kHz)<br \/>\n114<br \/>\nEspecifica\u00e7\u00f5es de \u00c1udio<br \/>\nLargura de banda da frequ\u00eancia de \u00e1udio<br \/>\n15 &#8211; 28000 Hz<br \/>\nDimens\u00f5es<br \/>\nPeso (g)<br \/>\n219<br \/>\nPeso (oz)<br \/>\n7.7<\/p>\n","protected":false},"excerpt":{"rendered":"<p>Descri\u00e7\u00e3o Over-ear, closed-back, foldable studio headphones \u200b\u200bO Headphone Profissional AKG K361 combina desempenho de ponta, conforto extremo em um modelo dobr\u00e1vel,over-ear de fundo fechado, ideal para o monitoramento no est\u00fadio, audi\u00e7\u00e3o na esta\u00e7\u00e3o de trabalho ou momentos de lazer. Headphone K361 foi projetado para alcan\u00e7ar o padr\u00e3o da curva de resposta de refer\u00eancia da AKG, [&hellip;]<\/p>\n","protected":false},"featured_media":20702,"template":"","meta":{"_acf_changed":false},"product_brand":[],"product_cat":[89,254,107],"product_tag":[],"class_list":{"0":"post-20701","1":"product","2":"type-product","3":"status-publish","4":"has-post-thumbnail","6":"product_cat-acessorios","7":"product_cat-akg","8":"product_cat-fones-de-ouvido","10":"first","11":"instock","12":"sold-individually","13":"shipping-taxable","14":"purchasable","15":"product-type-simple"},"acf":[],"aioseo_notices":[],"_links":{"self":[{"href":"https:\/\/hificlub.com.br\/loja\/wp-json\/wp\/v2\/product\/20701","targetHints":{"allow":["GET"]}}],"collection":[{"href":"https:\/\/hificlub.com.br\/loja\/wp-json\/wp\/v2\/product"}],"about":[{"href":"https:\/\/hificlub.com.br\/loja\/wp-json\/wp\/v2\/types\/product"}],"wp:featuredmedia":[{"embeddable":true,"href":"https:\/\/hificlub.com.br\/loja\/wp-json\/wp\/v2\/media\/20702"}],"wp:attachment":[{"href":"https:\/\/hificlub.com.br\/loja\/wp-json\/wp\/v2\/media?parent=20701"}],"wp:term":[{"taxonomy":"product_brand","embeddable":true,"href":"https:\/\/hificlub.com.br\/loja\/wp-json\/wp\/v2\/product_brand?post=20701"},{"taxonomy":"product_cat","embeddable":true,"href":"https:\/\/hificlub.com.br\/loja\/wp-json\/wp\/v2\/product_cat?post=20701"},{"taxonomy":"product_tag","embeddable":true,"href":"https:\/\/hificlub.com.br\/loja\/wp-json\/wp\/v2\/product_tag?post=20701"}],"curies":[{"name":"wp","href":"https:\/\/api.w.org\/{rel}","templated":true}]}}