{"id":2069,"date":"2023-10-17T19:58:57","date_gmt":"2023-10-17T22:58:57","guid":{"rendered":"https:\/\/hificlub.com.br\/loja2\/produto\/bw-asw610xp-10-500-watts\/"},"modified":"2026-03-03T22:20:56","modified_gmt":"2026-03-04T01:20:56","slug":"bw-asw610xp-10-500-watts","status":"publish","type":"product","link":"https:\/\/hificlub.com.br\/loja\/produto\/bw-asw610xp-10-500-watts\/","title":{"rendered":"B&#038;W ASW610XP Subwoofer 10&#8243; 500 watts"},"content":{"rendered":"<div class=\"row\">\n<div class=\"overview-body col-12\">\n<div class=\"row\">\n<div class=\"col-12 col-md-8 header\">\n<div class=\"tabs-header\">\n<h3><span>Sobre o Bowers &amp; Wilkins ASW610XP<\/span><\/h3>\n<\/div>\n<\/div>\n<div class=\" col-12\">\n<div class=\"row\">\n<div class=\"col-12 read-more-toggle js-readMoreToggle overviewText mb-loose mb-lg-loose\">\n<div id=\"readMoreOverview\" class=\"read-more-text js-readMoreText overviewCopy expanded\" aria-hidden=\"true\" data-cf-track-value-part=\"Keep Reading\">\n<div>\n<h4><span>Excelente baixo para seu sistema Bowers &amp; Wilkins<\/span><\/h4>\n<p><span>Montando um sistema de som est\u00e9reo ou home theater da Bowers &amp; Wilkins? O ASW610XP \u00e9 o subwoofer mais potente da linha S\u00e9rie 600 da empresa. \u00c9 uma excelente op\u00e7\u00e3o para salas de m\u00e9dio porte, onde voc\u00ea precisa de graves firmes e precisos para m\u00fasica e filmes.<\/span><\/p>\n<div class=\"containerImageCaptionMedium floatRight\">\n<p><span>Use o ASW610XP como parte de um home theater ou sistema de m\u00fasica est\u00e9reo Bowers &amp; Wilkins de alta qualidade.<\/span><\/p>\n<\/div>\n<h4><span>Cuidadosamente elaborado para desempenho de alto n\u00edvel<\/span><\/h4>\n<p><span>O ASW610XP possui um woofer frontal de 10&#8243; feito de polpa de papel, fibra de aramida e resina. Essa combina\u00e7\u00e3o de materiais cria um cone r\u00edgido, por\u00e9m leve, que se move \u2014 e para \u2014 com rapidez e precis\u00e3o.<\/span><\/p>\n<p><span>Um potente amplificador de 500 watts fornece bastante pot\u00eancia para aqueles momentos de alta demanda em que voc\u00ea quer ouvir e sentir os graves.<\/span><\/p>\n<h4><span>Uma rica hist\u00f3ria de excel\u00eancia em \u00e1udio<\/span><\/h4>\n<p><span>Fundada na Inglaterra na d\u00e9cada de 1960, a Bowers &amp; Wilkins \u00e9 mundialmente conhecida por seus designs inovadores de alto-falantes de alta fidelidade e fones de ouvido premium. A Crutchfield orgulha-se de oferecer uma sele\u00e7\u00e3o diversificada de produtos desta lend\u00e1ria marca de \u00e1udio.<\/span><\/p>\n<\/div>\n<\/div>\n<\/div>\n<\/div>\n<\/div>\n<\/div>\n<\/div>\n<\/div>\n<div class=\"row mb-loose\">\n<div class=\"col-12 col-lg-7 pr-lg-loose\">\n<div id=\"highlightWrapper\">\n<div class=\"highlight-wrapper\">\n<h4><span>Destaques do produto:<\/span><\/h4>\n<ul>\n<li><span>Amplificador ICEpower\u00ae de 500 watts<\/span><\/li>\n<li><span>Woofer h\u00edbrido de papel\/fibra de aramida de 10&#8243;<\/span><\/li>\n<li><span>resposta de frequ\u00eancia: 25-140 Hz (\u00b13dB)<\/span><\/li>\n<li><span>crossover continuamente vari\u00e1vel de 25-140 Hz<\/span><\/li>\n<li><span>gabinete de suspens\u00e3o ac\u00fastica (selado)<\/span><\/li>\n<li><span>entradas RCA est\u00e9reo de n\u00edvel de alto-falante e n\u00edvel de linha<\/span>\n<ul>\n<li><span>bot\u00f5es de controle de volume independentes para cada fonte de entrada<\/span><\/li>\n<li><span>interruptor de filtro passa-baixa para uso com entradas de n\u00edvel de linha<\/span><\/li>\n<\/ul>\n<\/li>\n<li><span>Interruptor de extens\u00e3o de graves de 3 posi\u00e7\u00f5es<\/span><\/li>\n<li><span>O interruptor de equaliza\u00e7\u00e3o de graves ajuda voc\u00ea a ajustar o som para combinar com o seu ambiente<\/span><\/li>\n<li><span>o interruptor de fase ajuda a combinar o subwoofer com os alto-falantes principais<\/span><\/li>\n<li><span>ligar\/desligar automaticamente<\/span><\/li>\n<\/ul>\n<\/div>\n<\/div>\n<\/div>\n<\/div>\n<p>&nbsp;<\/p>\n<p>&nbsp;<\/p>\n","protected":false},"excerpt":{"rendered":"<p>Sobre o Bowers &amp; Wilkins ASW610XP Excelente baixo para seu sistema Bowers &amp; Wilkins Montando um sistema de som est\u00e9reo ou home theater da Bowers &amp; Wilkins? O ASW610XP \u00e9 o subwoofer mais potente da linha S\u00e9rie 600 da empresa. \u00c9 uma excelente op\u00e7\u00e3o para salas de m\u00e9dio porte, onde voc\u00ea precisa de graves firmes [&hellip;]<\/p>\n","protected":false},"featured_media":23338,"template":"","meta":{"_acf_changed":false},"product_brand":[],"product_cat":[19,17,36],"product_tag":[],"class_list":{"0":"post-2069","1":"product","2":"type-product","3":"status-publish","4":"has-post-thumbnail","6":"product_cat-bw","7":"product_cat-caixas","8":"product_cat-subwoofer","10":"first","11":"instock","12":"sold-individually","13":"shipping-taxable","14":"product-type-simple"},"acf":[],"aioseo_notices":[],"_links":{"self":[{"href":"https:\/\/hificlub.com.br\/loja\/wp-json\/wp\/v2\/product\/2069","targetHints":{"allow":["GET"]}}],"collection":[{"href":"https:\/\/hificlub.com.br\/loja\/wp-json\/wp\/v2\/product"}],"about":[{"href":"https:\/\/hificlub.com.br\/loja\/wp-json\/wp\/v2\/types\/product"}],"wp:featuredmedia":[{"embeddable":true,"href":"https:\/\/hificlub.com.br\/loja\/wp-json\/wp\/v2\/media\/23338"}],"wp:attachment":[{"href":"https:\/\/hificlub.com.br\/loja\/wp-json\/wp\/v2\/media?parent=2069"}],"wp:term":[{"taxonomy":"product_brand","embeddable":true,"href":"https:\/\/hificlub.com.br\/loja\/wp-json\/wp\/v2\/product_brand?post=2069"},{"taxonomy":"product_cat","embeddable":true,"href":"https:\/\/hificlub.com.br\/loja\/wp-json\/wp\/v2\/product_cat?post=2069"},{"taxonomy":"product_tag","embeddable":true,"href":"https:\/\/hificlub.com.br\/loja\/wp-json\/wp\/v2\/product_tag?post=2069"}],"curies":[{"name":"wp","href":"https:\/\/api.w.org\/{rel}","templated":true}]}}