{"id":2065,"date":"2023-10-17T19:58:56","date_gmt":"2023-10-17T22:58:56","guid":{"rendered":"https:\/\/hificlub.com.br\/loja2\/produto\/mcintosh-mx121-7-1-full-balanced\/"},"modified":"2026-03-13T10:31:10","modified_gmt":"2026-03-13T13:31:10","slug":"mcintosh-mx121-7-1-full-balanced","status":"publish","type":"product","link":"https:\/\/hificlub.com.br\/loja\/produto\/mcintosh-mx121-7-1-full-balanced\/","title":{"rendered":"MCINTOSH MX121 7.1 Full Balanced"},"content":{"rendered":"<p>Estado de conserva\u00e7\u00e3o: <strong>9\/10<\/strong><\/p>\n<p>N\u00daMERO DE CANAIS: 7.1<br \/>\nCODECS DE \u00c1UDIO: DOLBY TRUEHD e DTS-HD MA<br \/>\nENTRADAS HDMI: 6<br \/>\nSA\u00cdDAS HDMI: 1<br \/>\n3D: sim<br \/>\nCONEXAO BALANCEADA XLR: SIM<\/p>\n<p>TUNER: Internet Radio<br \/>\nCONEXAO RS232: SIM<br \/>\nDIMENSOES 44.5 CM X 19.3 CM X 49.5 CM<\/p>\n<p>&nbsp;<\/p>\n<p>The MX121 home theater processor is the\u00a0<img decoding=\"async\" src=\"http:\/\/www.mcintoshlabs.com\/Assets\/Images\/Products\/MX121\/Made_For_iPod_iPhone_AirPlay.png\" alt=\"\" align=\"right\" \/>control hub of some of the finest home theater systems in the world. An extensive yet easy to use feature set allows MX121 based systems to be configured to meet your exact needs.<\/p>\n<p>All current and legacy audio and video sources \u2013 such as\u00a0<a href=\"http:\/\/www.mcintoshlabs.com\/us\/Products\/pages\/categorylanding.aspx?CatId=BluRayPlayers\">Blu-ray<\/a>, DVD,\u00a0<a href=\"http:\/\/www.mcintoshlabs.com\/us\/Products\/pages\/categorylanding.aspx?CatId=CDPlayers\">CD<\/a>\u00a0and Laser Disc players along with\u00a0<a href=\"http:\/\/www.mcintoshlabs.com\/us\/Products\/pages\/categorylanding.aspx?CatId=Turntables\">turntables<\/a>and\u00a0<a href=\"http:\/\/www.mcintoshlabs.com\/us\/Products\/pages\/categorylanding.aspx?CatId=Tuners\">tuners<\/a>\u00a0\u2013 may be controlled, processed and operated through the MX121. A vast array of inputs, including six HDMI that support 1080P resolution and 3D video pass-through, ensures you\u2019ll be able to connect all your source components. The 3D video pass-through will allow you to enjoy everything current 3D Blu-ray discs\u2122 and broadcasts have to offer. And with built in Dolby<sup>\u00ae<\/sup>\u00a0TrueHD and DTS-HD Master Audio\u2122 decoding, you\u2019ll hear \u2013 and feel \u2013 everything too.<\/p>\n<p>The MX121 outputs a discrete signal to each of your\u00a0<a href=\"http:\/\/www.mcintoshlabs.com\/us\/Products\/pages\/categorylanding.aspx?CatId=Speakers\">speakers<\/a>, whether you have a traditional 5.1 home theater setup or a newer 7.1 configuration. Provisions for Front Height or Width channels are also offered, depending upon your listening preference. Up to two additional zones are available for expansion into other listening areas of your home, with independent source selection and volume adjustment in each area.<\/p>\n<p>Home network communication is supported so you can stream audio and photos directly from your computer or the internet, including Pandora<sup>\u00ae<\/sup>\u00a0radio. Built in AirPlay<sup>\u00ae<\/sup>\u00a0allows you to wirelessly stream music via your Wi-Fi network* from your Mac or PC based iTunes<sup>\u00ae<\/sup>\u00a0library, as well as music stored on your iPad,<sup>\u00ae<\/sup>\u00a0iPhone<sup>\u00ae<\/sup>\u00a0or iPod touch.<sup>\u00ae<\/sup>\u00a0Utilizing a USB cable, iPod classic and select iPod nanos can also be connected; you can also connect your iPhone or iPod touch for charging. (see Specifications for complete list of compatible Apple devices).<\/p>\n<p>Audyssey MultEQ<sup>\u00ae<\/sup>\u00a0XT will calibrate your MX121 to compensate for your home theater\u2019s unique acoustical properties, delivering the clearest and most balanced sound possible. For easy system startup and shutdown, the MX121 has the ability to automatically turn McIntosh source components and\u00a0<a href=\"http:\/\/www.mcintoshlabs.com\/us\/Products\/pages\/categorylanding.aspx?CatId=Amplifiers\">amplifiers<\/a>\u00a0on and off.<\/p>\n<p>&nbsp;<\/p>\n<h2>7.1 OUTPUTS BALANCED<\/h2>\n<p>1<br \/>\n(6th &amp; 7th channels can be SBL &amp; SBR or FHL &amp; FHR or FWL &amp; FWR)<\/p>\n<h2>7.1 INPUTS UNBALANCED<\/h2>\n<p>1<\/p>\n<h2>7.1 OUTPUTS UNBALANCED<\/h2>\n<p>1<br \/>\n(6th &amp; 7th channels can be SBL &amp; SBR or FHL &amp; FHR or FWL &amp; FWR)<\/p>\n<h2>STEREO INPUTS BALANCED<\/h2>\n<p>1<\/p>\n<h2>STEREO OUTPUTS BALANCED<\/h2>\n<p>0<\/p>\n<h2>STEREO INPUTS UNBALANCED<\/h2>\n<p>8<br \/>\n(including Moving Magnet Phono)<\/p>\n<h2>STEREO OUTPUTS UNBALANCED<\/h2>\n<p>4<\/p>\n<h2>DIGITAL COAXIAL INPUT<\/h2>\n<p>2<\/p>\n<h2>DIGITAL OPTICAL INPUT<\/h2>\n<p>3<\/p>\n<h2>DIGITAL OPTICAL OUTPUT<\/h2>\n<p>1<\/p>\n<h2>AES\/EBU BALANCED INPUT<\/h2>\n<p>0<\/p>\n<h2>HDMI INPUT<\/h2>\n<p>6<br \/>\n3D Video Pass-Through, ARC, CEC, Deep Color, x.v.Color, Auto Lip Sync, Advanced HD Audio<\/p>\n<p>&nbsp;<\/p>\n<h2>HDMI OUTPUT<\/h2>\n<p>2<br \/>\n(both for Zone A, 1 with and 1 without ARC, only 1 active at a time &#8211; ideal for flat screen and large projector in same room) 3D Video Pass-Through, CEC, Deep Color, x.v.Color, Auto Lip-sync<\/p>\n<h2>COMPONENT INPUT<\/h2>\n<p>4<\/p>\n<h2>COMPONENT OUTPUT<\/h2>\n<p>2<\/p>\n<h2>COMPOSITE INPUT<\/h2>\n<p>5<\/p>\n<h2>COMPOSITE OUTPUT<\/h2>\n<p>3<\/p>\n<h2>S-VIDEO INPUT<\/h2>\n<p>0<\/p>\n<h2>S-VIDEO OUTPUT<\/h2>\n<p>0<\/p>\n<h2>SUBWOOFER 2 OUTPUT<\/h2>\n<p>1<\/p>\n<h2>MAX # OF AUDIO CHANNELS IN ZONE A<\/h2>\n<p>8<\/p>\n<h2>ADDITIONAL ZONE OUTPUTS<\/h2>\n<p>Zone B: Analog stereo audio and component video<br \/>\nZone C: Analog stereo audio<\/p>\n<h2>ADVANCED CONNECTIONS<\/h2>\n<p>Ethernet Web interface and update, IP-based control, Web Data Streaming, Apple AirPlay<\/p>\n<p>&nbsp;<\/p>\n<div class=\"lft\">\n<h2>ULTRA LOW DISTORTION (DSP BYPASS)<\/h2>\n<p>0.005%<\/p>\n<h2>DOLBY PROCESSING<\/h2>\n<p>True HD\/Digital Plus&amp;EX\/Pro Logic IIz, IIx<\/p>\n<h2>DTS PROCESSING<\/h2>\n<p>HD Master &amp; High Res. Audio\/ES\/96\/24, Discrete &amp; Matrix6.1\/Neo:6\/Express\/Neural<\/p>\n<\/div>\n<div class=\"rgt\">\n<h2>PURE STEREO DSP BYPASS MODE<\/h2>\n<p>Yes<\/p>\n<h2>VIDEO SCALING<\/h2>\n<p>Yes, up to 1080P HDMI<\/p>\n<div><\/div>\n<\/div>\n<p>&nbsp;<\/p>\n","protected":false},"excerpt":{"rendered":"<p>Estado de conserva\u00e7\u00e3o: 9\/10 N\u00daMERO DE CANAIS: 7.1 CODECS DE \u00c1UDIO: DOLBY TRUEHD e DTS-HD MA ENTRADAS HDMI: 6 SA\u00cdDAS HDMI: 1 3D: sim CONEXAO BALANCEADA XLR: SIM TUNER: Internet Radio CONEXAO RS232: SIM DIMENSOES 44.5 CM X 19.3 CM X 49.5 CM &nbsp; The MX121 home theater processor is the\u00a0control hub of some of [&hellip;]<\/p>\n","protected":false},"featured_media":2059,"template":"","meta":{"_acf_changed":false},"product_brand":[],"product_cat":[21,39,23],"product_tag":[],"class_list":{"0":"post-2065","1":"product","2":"type-product","3":"status-publish","4":"has-post-thumbnail","6":"product_cat-home-theater","7":"product_cat-mcintosh","8":"product_cat-processador","10":"first","11":"instock","12":"sold-individually","13":"shipping-taxable","14":"purchasable","15":"product-type-simple"},"acf":[],"aioseo_notices":[],"_links":{"self":[{"href":"https:\/\/hificlub.com.br\/loja\/wp-json\/wp\/v2\/product\/2065","targetHints":{"allow":["GET"]}}],"collection":[{"href":"https:\/\/hificlub.com.br\/loja\/wp-json\/wp\/v2\/product"}],"about":[{"href":"https:\/\/hificlub.com.br\/loja\/wp-json\/wp\/v2\/types\/product"}],"wp:featuredmedia":[{"embeddable":true,"href":"https:\/\/hificlub.com.br\/loja\/wp-json\/wp\/v2\/media\/2059"}],"wp:attachment":[{"href":"https:\/\/hificlub.com.br\/loja\/wp-json\/wp\/v2\/media?parent=2065"}],"wp:term":[{"taxonomy":"product_brand","embeddable":true,"href":"https:\/\/hificlub.com.br\/loja\/wp-json\/wp\/v2\/product_brand?post=2065"},{"taxonomy":"product_cat","embeddable":true,"href":"https:\/\/hificlub.com.br\/loja\/wp-json\/wp\/v2\/product_cat?post=2065"},{"taxonomy":"product_tag","embeddable":true,"href":"https:\/\/hificlub.com.br\/loja\/wp-json\/wp\/v2\/product_tag?post=2065"}],"curies":[{"name":"wp","href":"https:\/\/api.w.org\/{rel}","templated":true}]}}